{"id":978,"date":"2026-03-06T17:35:27","date_gmt":"2026-03-06T16:35:27","guid":{"rendered":"https:\/\/animalwelfare.iph-multisite.berta-bewegt.ch\/?page_id=978"},"modified":"2026-03-09T15:03:03","modified_gmt":"2026-03-09T14:03:03","slug":"4-ethique-et-entreprise","status":"publish","type":"page","link":"https:\/\/animalwelfare.interpharma.ch\/fr\/sujets\/tierwohl\/culture-of-care\/4-ethique-et-entreprise\/","title":{"rendered":"4. \u00c9thique et entreprise"},"content":{"rendered":"\n<h2 class=\"wp-block-heading\">4. \u00c9thique et entreprise<\/h2>\n\n\n\n<p>Informer dans l\u2019ensemble de l\u2019organisation et sensibiliser enpermanence sont les souffles qui font vivre la Culture of Care.Mise en oeuvre de mani\u00e8re durable, elle repr\u00e9sente un processusqu\u2019il faut en permanence faire avancer et poursuivre et quin\u2019est jamais achev\u00e9. Ainsi, les processus sont remis en questionet perfectionn\u00e9s en permanence. Utiliser des technologiesmodernes qui fournissent de meilleures donn\u00e9es et am\u00e9liorentla compr\u00e9hension des besoins des animaux est bon pour lebien-\u00eatre animal. Ainsi, la Culture of Care agit \u00e0 deux niveaux:elle permet d\u2019une part une direction d\u2019entreprise forte et uncadre de travail \u00e9thique. D\u2019autre part, elle a un effet positif surles r\u00e9sultats de l\u2019entreprise. Les exp\u00e9riences s\u2019am\u00e9liorent,ce qui m\u00e8ne \u00e0 des m\u00e9dicaments plus s\u00fbrs et plus efficaces.<\/p>\n\n\n\n            <section class=\"highlighted-text-block block-margins block-paddings-v2 secondary-1-light scrollMagic-block visibleInBackend\" data-uid=\"69e9d65dd4e83\">\n             <div class=\"highlighted-text-block-inner-container\">\n                                    <h2 class=\"\">Les dimensions \u00e9thiques de la Culture of Care<\/h2>\n                \n                <div class=\"texteditor-medium-headings\">\n                    <ol>\n<li>Responsabilit\u00e9: la communaut\u00e9 scientifique a la responsabilit\u00e9 culturelle, \u00e9thique et juridique de s\u2019occuper du bien-\u00eatre animal.<\/li>\n<li>Pr\u00e9venance: le personnel et la direction doivent percevoir et estimer les besoins des animaux et de leurs coll\u00e8gues.<\/li>\n<li>Comp\u00e9tence: les institutions de recherche sont responsables de la mise en place de comp\u00e9tences pour pouvoir accomplir des progr\u00e8s r\u00e9els dans le domaine du bien-\u00eatre animal sans porter atteinte \u00e0 la qualit\u00e9 de la recherche.<\/li>\n<li>Empathie: le principal enjeu \u00e9thique de la recherche impliquant des animaux est de d\u00e9velopper une empathie vis-\u00e0-vis des animaux et personnes impliqu\u00e9s, qui permette n\u00e9anmoins de continuer \u00e0 accomplir des progr\u00e8s m\u00e9dicaux.<\/li>\n<\/ol>\n                <\/div>\n            <\/div>\n        <\/section>\n    \n\n\n\n","protected":false},"excerpt":{"rendered":"<p>4. \u00c9thique et entreprise Informer dans l\u2019ensemble de l\u2019organisation et sensibiliser enpermanence sont les souffles qui font vivre la Culture of Care.Mise en oeuvre de mani\u00e8re durable, elle repr\u00e9sente un processusqu\u2019il faut en permanence faire avancer et poursuivre et quin\u2019est jamais achev\u00e9. Ainsi, les processus sont remis en questionet perfectionn\u00e9s en permanence. Utiliser des technologiesmodernes [&hellip;]<\/p>\n","protected":false},"author":1,"featured_media":0,"parent":984,"menu_order":3,"comment_status":"closed","ping_status":"closed","template":"page-templates\/unterthema.php","meta":{"_acf_changed":false,"inline_featured_image":false,"footnotes":""},"class_list":["post-978","page","type-page","status-publish","hentry"],"acf":[],"yoast_head":"<!-- This site is optimized with the Yoast SEO Premium plugin v27.2 (Yoast SEO v27.2) - https:\/\/yoast.com\/product\/yoast-seo-premium-wordpress\/ -->\n<title>4. \u00c9thique et entreprise - animalwelfare<\/title>\n<meta name=\"robots\" content=\"index, follow, max-snippet:-1, max-image-preview:large, max-video-preview:-1\" \/>\n<link rel=\"canonical\" href=\"https:\/\/animalwelfare.interpharma.ch\/themen\/tierwohl\/culture-of-care\/4-ethisch-und-unternehmerisch\/\" \/>\n<meta property=\"og:locale\" content=\"fr_FR\" \/>\n<meta property=\"og:type\" content=\"article\" \/>\n<meta property=\"og:title\" content=\"4. \u00c9thique et entreprise\" \/>\n<meta property=\"og:description\" content=\"4. \u00c9thique et entreprise Informer dans l\u2019ensemble de l\u2019organisation et sensibiliser enpermanence sont les souffles qui font vivre la Culture of Care.Mise en oeuvre de mani\u00e8re durable, elle repr\u00e9sente un processusqu\u2019il faut en permanence faire avancer et poursuivre et quin\u2019est jamais achev\u00e9. Ainsi, les processus sont remis en questionet perfectionn\u00e9s en permanence. Utiliser des technologiesmodernes [&hellip;]\" \/>\n<meta property=\"og:url\" content=\"https:\/\/animalwelfare.interpharma.ch\/themen\/tierwohl\/culture-of-care\/4-ethisch-und-unternehmerisch\/\" \/>\n<meta property=\"og:site_name\" content=\"animalwelfare\" \/>\n<meta property=\"article:modified_time\" content=\"2026-03-09T14:03:03+00:00\" \/>\n<meta name=\"twitter:card\" content=\"summary_large_image\" \/>\n<meta name=\"twitter:label1\" content=\"Dur\u00e9e de lecture estim\u00e9e\" \/>\n\t<meta name=\"twitter:data1\" content=\"1 minute\" \/>\n<script type=\"application\/ld+json\" class=\"yoast-schema-graph\">{\"@context\":\"https:\/\/schema.org\",\"@graph\":[{\"@type\":\"WebPage\",\"@id\":\"https:\/\/animalwelfare.interpharma.ch\/themen\/tierwohl\/culture-of-care\/4-ethisch-und-unternehmerisch\/\",\"url\":\"https:\/\/animalwelfare.interpharma.ch\/themen\/tierwohl\/culture-of-care\/4-ethisch-und-unternehmerisch\/\",\"name\":\"4. \u00c9thique et entreprise - animalwelfare\",\"isPartOf\":{\"@id\":\"https:\/\/animalwelfare.interpharma.ch\/#website\"},\"datePublished\":\"2026-03-06T16:35:27+00:00\",\"dateModified\":\"2026-03-09T14:03:03+00:00\",\"breadcrumb\":{\"@id\":\"https:\/\/animalwelfare.interpharma.ch\/themen\/tierwohl\/culture-of-care\/4-ethisch-und-unternehmerisch\/#breadcrumb\"},\"inLanguage\":\"fr-FR\",\"potentialAction\":[{\"@type\":\"ReadAction\",\"target\":[\"https:\/\/animalwelfare.interpharma.ch\/themen\/tierwohl\/culture-of-care\/4-ethisch-und-unternehmerisch\/\"]}]},{\"@type\":\"BreadcrumbList\",\"@id\":\"https:\/\/animalwelfare.interpharma.ch\/themen\/tierwohl\/culture-of-care\/4-ethisch-und-unternehmerisch\/#breadcrumb\",\"itemListElement\":[{\"@type\":\"ListItem\",\"position\":1,\"name\":\"Start\",\"item\":\"https:\/\/animalwelfare.interpharma.ch\/fr\/\"},{\"@type\":\"ListItem\",\"position\":2,\"name\":\"Contenus\",\"item\":\"https:\/\/animalwelfare.interpharma.ch\/fr\/sujets\/\"},{\"@type\":\"ListItem\",\"position\":3,\"name\":\"Bien-\u00eatre animal\",\"item\":\"https:\/\/animalwelfare.interpharma.ch\/fr\/sujets\/tierwohl\/\"},{\"@type\":\"ListItem\",\"position\":4,\"name\":\"Culture of Care\",\"item\":\"https:\/\/animalwelfare.interpharma.ch\/themen\/tierwohl\/culture-of-care\/\"},{\"@type\":\"ListItem\",\"position\":5,\"name\":\"4. \u00c9thique et entreprise\"}]},{\"@type\":\"WebSite\",\"@id\":\"https:\/\/animalwelfare.interpharma.ch\/#website\",\"url\":\"https:\/\/animalwelfare.interpharma.ch\/\",\"name\":\"animalwelfare\",\"description\":\"\",\"potentialAction\":[{\"@type\":\"SearchAction\",\"target\":{\"@type\":\"EntryPoint\",\"urlTemplate\":\"https:\/\/animalwelfare.interpharma.ch\/?s={search_term_string}\"},\"query-input\":{\"@type\":\"PropertyValueSpecification\",\"valueRequired\":true,\"valueName\":\"search_term_string\"}}],\"inLanguage\":\"fr-FR\"}]}<\/script>\n<!-- \/ Yoast SEO Premium plugin. -->","yoast_head_json":{"title":"4. \u00c9thique et entreprise - animalwelfare","robots":{"index":"index","follow":"follow","max-snippet":"max-snippet:-1","max-image-preview":"max-image-preview:large","max-video-preview":"max-video-preview:-1"},"canonical":"https:\/\/animalwelfare.interpharma.ch\/themen\/tierwohl\/culture-of-care\/4-ethisch-und-unternehmerisch\/","og_locale":"fr_FR","og_type":"article","og_title":"4. \u00c9thique et entreprise","og_description":"4. \u00c9thique et entreprise Informer dans l\u2019ensemble de l\u2019organisation et sensibiliser enpermanence sont les souffles qui font vivre la Culture of Care.Mise en oeuvre de mani\u00e8re durable, elle repr\u00e9sente un processusqu\u2019il faut en permanence faire avancer et poursuivre et quin\u2019est jamais achev\u00e9. Ainsi, les processus sont remis en questionet perfectionn\u00e9s en permanence. Utiliser des technologiesmodernes [&hellip;]","og_url":"https:\/\/animalwelfare.interpharma.ch\/themen\/tierwohl\/culture-of-care\/4-ethisch-und-unternehmerisch\/","og_site_name":"animalwelfare","article_modified_time":"2026-03-09T14:03:03+00:00","twitter_card":"summary_large_image","twitter_misc":{"Dur\u00e9e de lecture estim\u00e9e":"1 minute"},"schema":{"@context":"https:\/\/schema.org","@graph":[{"@type":"WebPage","@id":"https:\/\/animalwelfare.interpharma.ch\/themen\/tierwohl\/culture-of-care\/4-ethisch-und-unternehmerisch\/","url":"https:\/\/animalwelfare.interpharma.ch\/themen\/tierwohl\/culture-of-care\/4-ethisch-und-unternehmerisch\/","name":"4. \u00c9thique et entreprise - animalwelfare","isPartOf":{"@id":"https:\/\/animalwelfare.interpharma.ch\/#website"},"datePublished":"2026-03-06T16:35:27+00:00","dateModified":"2026-03-09T14:03:03+00:00","breadcrumb":{"@id":"https:\/\/animalwelfare.interpharma.ch\/themen\/tierwohl\/culture-of-care\/4-ethisch-und-unternehmerisch\/#breadcrumb"},"inLanguage":"fr-FR","potentialAction":[{"@type":"ReadAction","target":["https:\/\/animalwelfare.interpharma.ch\/themen\/tierwohl\/culture-of-care\/4-ethisch-und-unternehmerisch\/"]}]},{"@type":"BreadcrumbList","@id":"https:\/\/animalwelfare.interpharma.ch\/themen\/tierwohl\/culture-of-care\/4-ethisch-und-unternehmerisch\/#breadcrumb","itemListElement":[{"@type":"ListItem","position":1,"name":"Start","item":"https:\/\/animalwelfare.interpharma.ch\/fr\/"},{"@type":"ListItem","position":2,"name":"Contenus","item":"https:\/\/animalwelfare.interpharma.ch\/fr\/sujets\/"},{"@type":"ListItem","position":3,"name":"Bien-\u00eatre animal","item":"https:\/\/animalwelfare.interpharma.ch\/fr\/sujets\/tierwohl\/"},{"@type":"ListItem","position":4,"name":"Culture of Care","item":"https:\/\/animalwelfare.interpharma.ch\/themen\/tierwohl\/culture-of-care\/"},{"@type":"ListItem","position":5,"name":"4. \u00c9thique et entreprise"}]},{"@type":"WebSite","@id":"https:\/\/animalwelfare.interpharma.ch\/#website","url":"https:\/\/animalwelfare.interpharma.ch\/","name":"animalwelfare","description":"","potentialAction":[{"@type":"SearchAction","target":{"@type":"EntryPoint","urlTemplate":"https:\/\/animalwelfare.interpharma.ch\/?s={search_term_string}"},"query-input":{"@type":"PropertyValueSpecification","valueRequired":true,"valueName":"search_term_string"}}],"inLanguage":"fr-FR"}]}},"_links":{"self":[{"href":"https:\/\/animalwelfare.interpharma.ch\/fr\/wp-json\/wp\/v2\/pages\/978","targetHints":{"allow":["GET"]}}],"collection":[{"href":"https:\/\/animalwelfare.interpharma.ch\/fr\/wp-json\/wp\/v2\/pages"}],"about":[{"href":"https:\/\/animalwelfare.interpharma.ch\/fr\/wp-json\/wp\/v2\/types\/page"}],"author":[{"embeddable":true,"href":"https:\/\/animalwelfare.interpharma.ch\/fr\/wp-json\/wp\/v2\/users\/1"}],"replies":[{"embeddable":true,"href":"https:\/\/animalwelfare.interpharma.ch\/fr\/wp-json\/wp\/v2\/comments?post=978"}],"version-history":[{"count":2,"href":"https:\/\/animalwelfare.interpharma.ch\/fr\/wp-json\/wp\/v2\/pages\/978\/revisions"}],"predecessor-version":[{"id":2869,"href":"https:\/\/animalwelfare.interpharma.ch\/fr\/wp-json\/wp\/v2\/pages\/978\/revisions\/2869"}],"up":[{"embeddable":true,"href":"https:\/\/animalwelfare.interpharma.ch\/fr\/wp-json\/wp\/v2\/pages\/984"}],"wp:attachment":[{"href":"https:\/\/animalwelfare.interpharma.ch\/fr\/wp-json\/wp\/v2\/media?parent=978"}],"curies":[{"name":"wp","href":"https:\/\/api.w.org\/{rel}","templated":true}]}}