{"id":966,"date":"2026-03-06T17:35:26","date_gmt":"2026-03-06T16:35:26","guid":{"rendered":"https:\/\/animalwelfare.iph-multisite.berta-bewegt.ch\/?page_id=966"},"modified":"2026-03-09T15:00:40","modified_gmt":"2026-03-09T14:00:40","slug":"1-tout-le-monde-est-concerne","status":"publish","type":"page","link":"https:\/\/animalwelfare.interpharma.ch\/fr\/sujets\/tierwohl\/culture-of-care\/1-tout-le-monde-est-concerne\/","title":{"rendered":"1. Tout le monde est concern\u00e9"},"content":{"rendered":"\n<h2 class=\"wp-block-heading\">1. Tout le monde est concern\u00e9<\/h2>\n\n\n\n<p>Depuis des ann\u00e9es, les entreprises pharmaceutiques pratiquantla recherche s\u2019efforcent d\u2019am\u00e9liorer le bien-\u00eatre animaldans la recherche. Pour cela, il est important de ne pas oublierle personnel, les cadres et la direction dans l\u2019ensemble del\u2019entreprise. Culture of Care (culture des soins) d\u00e9signe unevision globale de l\u2019estime, de la r\u00e9silience et du bien-\u00eatre del\u2019animal et de l\u2019\u00eatre humain. Elle doit \u00eatre profond\u00e9ment ancr\u00e9edans la culture de l\u2019entreprise et, dans l\u2019id\u00e9al, se refl\u00e9ter danstoutes les activit\u00e9s. La Culture of Care v\u00e9cue dans le domainedu bien-\u00eatre animal est l\u2019affaire de toute personne ayant uneinfluence sur ce bien-\u00eatre. Cela va de la direction, qui cr\u00e9e lesconditions cadres, aux gardien-ne-s d\u2019animaux et aux chercheurset chercheuses en contact direct avec les animaux.Elle concerne en outre les ateliers qui assurent la maintenancedes dispositifs et d\u2019autres parties de l\u2019organisation qui n\u2019ont,\u00e0 premi\u00e8re vue, rien \u00e0 voir avec la recherche in vivo.<\/p>\n","protected":false},"excerpt":{"rendered":"<p>1. Tout le monde est concern\u00e9 Depuis des ann\u00e9es, les entreprises pharmaceutiques pratiquantla recherche s\u2019efforcent d\u2019am\u00e9liorer le bien-\u00eatre animaldans la recherche. Pour cela, il est important de ne pas oublierle personnel, les cadres et la direction dans l\u2019ensemble del\u2019entreprise. Culture of Care (culture des soins) d\u00e9signe unevision globale de l\u2019estime, de la r\u00e9silience et du [&hellip;]<\/p>\n","protected":false},"author":1,"featured_media":0,"parent":984,"menu_order":0,"comment_status":"closed","ping_status":"closed","template":"page-templates\/unterthema.php","meta":{"_acf_changed":false,"inline_featured_image":false,"footnotes":""},"class_list":["post-966","page","type-page","status-publish","hentry"],"acf":[],"yoast_head":"<!-- This site is optimized with the Yoast SEO Premium plugin v27.2 (Yoast SEO v27.2) - https:\/\/yoast.com\/product\/yoast-seo-premium-wordpress\/ -->\n<title>1. Tout le monde est concern\u00e9 - animalwelfare<\/title>\n<meta name=\"robots\" content=\"index, follow, max-snippet:-1, max-image-preview:large, max-video-preview:-1\" \/>\n<link rel=\"canonical\" href=\"https:\/\/animalwelfare.interpharma.ch\/themen\/tierwohl\/culture-of-care\/1-es-geht-jeden-und-jede-an\/\" \/>\n<meta property=\"og:locale\" content=\"fr_FR\" \/>\n<meta property=\"og:type\" content=\"article\" \/>\n<meta property=\"og:title\" content=\"1. Tout le monde est concern\u00e9\" \/>\n<meta property=\"og:description\" content=\"1. Tout le monde est concern\u00e9 Depuis des ann\u00e9es, les entreprises pharmaceutiques pratiquantla recherche s\u2019efforcent d\u2019am\u00e9liorer le bien-\u00eatre animaldans la recherche. Pour cela, il est important de ne pas oublierle personnel, les cadres et la direction dans l\u2019ensemble del\u2019entreprise. Culture of Care (culture des soins) d\u00e9signe unevision globale de l\u2019estime, de la r\u00e9silience et du [&hellip;]\" \/>\n<meta property=\"og:url\" content=\"https:\/\/animalwelfare.interpharma.ch\/themen\/tierwohl\/culture-of-care\/1-es-geht-jeden-und-jede-an\/\" \/>\n<meta property=\"og:site_name\" content=\"animalwelfare\" \/>\n<meta property=\"article:modified_time\" content=\"2026-03-09T14:00:40+00:00\" \/>\n<meta name=\"twitter:card\" content=\"summary_large_image\" \/>\n<meta name=\"twitter:label1\" content=\"Dur\u00e9e de lecture estim\u00e9e\" \/>\n\t<meta name=\"twitter:data1\" content=\"1 minute\" \/>\n<script type=\"application\/ld+json\" class=\"yoast-schema-graph\">{\"@context\":\"https:\/\/schema.org\",\"@graph\":[{\"@type\":\"WebPage\",\"@id\":\"https:\/\/animalwelfare.interpharma.ch\/themen\/tierwohl\/culture-of-care\/1-es-geht-jeden-und-jede-an\/\",\"url\":\"https:\/\/animalwelfare.interpharma.ch\/themen\/tierwohl\/culture-of-care\/1-es-geht-jeden-und-jede-an\/\",\"name\":\"1. Tout le monde est concern\u00e9 - animalwelfare\",\"isPartOf\":{\"@id\":\"https:\/\/animalwelfare.interpharma.ch\/#website\"},\"datePublished\":\"2026-03-06T16:35:26+00:00\",\"dateModified\":\"2026-03-09T14:00:40+00:00\",\"breadcrumb\":{\"@id\":\"https:\/\/animalwelfare.interpharma.ch\/themen\/tierwohl\/culture-of-care\/1-es-geht-jeden-und-jede-an\/#breadcrumb\"},\"inLanguage\":\"fr-FR\",\"potentialAction\":[{\"@type\":\"ReadAction\",\"target\":[\"https:\/\/animalwelfare.interpharma.ch\/themen\/tierwohl\/culture-of-care\/1-es-geht-jeden-und-jede-an\/\"]}]},{\"@type\":\"BreadcrumbList\",\"@id\":\"https:\/\/animalwelfare.interpharma.ch\/themen\/tierwohl\/culture-of-care\/1-es-geht-jeden-und-jede-an\/#breadcrumb\",\"itemListElement\":[{\"@type\":\"ListItem\",\"position\":1,\"name\":\"Start\",\"item\":\"https:\/\/animalwelfare.interpharma.ch\/fr\/\"},{\"@type\":\"ListItem\",\"position\":2,\"name\":\"Contenus\",\"item\":\"https:\/\/animalwelfare.interpharma.ch\/fr\/sujets\/\"},{\"@type\":\"ListItem\",\"position\":3,\"name\":\"Bien-\u00eatre animal\",\"item\":\"https:\/\/animalwelfare.interpharma.ch\/fr\/sujets\/tierwohl\/\"},{\"@type\":\"ListItem\",\"position\":4,\"name\":\"Culture of Care\",\"item\":\"https:\/\/animalwelfare.interpharma.ch\/themen\/tierwohl\/culture-of-care\/\"},{\"@type\":\"ListItem\",\"position\":5,\"name\":\"1. Tout le monde est concern\u00e9\"}]},{\"@type\":\"WebSite\",\"@id\":\"https:\/\/animalwelfare.interpharma.ch\/#website\",\"url\":\"https:\/\/animalwelfare.interpharma.ch\/\",\"name\":\"animalwelfare\",\"description\":\"\",\"potentialAction\":[{\"@type\":\"SearchAction\",\"target\":{\"@type\":\"EntryPoint\",\"urlTemplate\":\"https:\/\/animalwelfare.interpharma.ch\/?s={search_term_string}\"},\"query-input\":{\"@type\":\"PropertyValueSpecification\",\"valueRequired\":true,\"valueName\":\"search_term_string\"}}],\"inLanguage\":\"fr-FR\"}]}<\/script>\n<!-- \/ Yoast SEO Premium plugin. -->","yoast_head_json":{"title":"1. Tout le monde est concern\u00e9 - animalwelfare","robots":{"index":"index","follow":"follow","max-snippet":"max-snippet:-1","max-image-preview":"max-image-preview:large","max-video-preview":"max-video-preview:-1"},"canonical":"https:\/\/animalwelfare.interpharma.ch\/themen\/tierwohl\/culture-of-care\/1-es-geht-jeden-und-jede-an\/","og_locale":"fr_FR","og_type":"article","og_title":"1. Tout le monde est concern\u00e9","og_description":"1. Tout le monde est concern\u00e9 Depuis des ann\u00e9es, les entreprises pharmaceutiques pratiquantla recherche s\u2019efforcent d\u2019am\u00e9liorer le bien-\u00eatre animaldans la recherche. Pour cela, il est important de ne pas oublierle personnel, les cadres et la direction dans l\u2019ensemble del\u2019entreprise. Culture of Care (culture des soins) d\u00e9signe unevision globale de l\u2019estime, de la r\u00e9silience et du [&hellip;]","og_url":"https:\/\/animalwelfare.interpharma.ch\/themen\/tierwohl\/culture-of-care\/1-es-geht-jeden-und-jede-an\/","og_site_name":"animalwelfare","article_modified_time":"2026-03-09T14:00:40+00:00","twitter_card":"summary_large_image","twitter_misc":{"Dur\u00e9e de lecture estim\u00e9e":"1 minute"},"schema":{"@context":"https:\/\/schema.org","@graph":[{"@type":"WebPage","@id":"https:\/\/animalwelfare.interpharma.ch\/themen\/tierwohl\/culture-of-care\/1-es-geht-jeden-und-jede-an\/","url":"https:\/\/animalwelfare.interpharma.ch\/themen\/tierwohl\/culture-of-care\/1-es-geht-jeden-und-jede-an\/","name":"1. Tout le monde est concern\u00e9 - animalwelfare","isPartOf":{"@id":"https:\/\/animalwelfare.interpharma.ch\/#website"},"datePublished":"2026-03-06T16:35:26+00:00","dateModified":"2026-03-09T14:00:40+00:00","breadcrumb":{"@id":"https:\/\/animalwelfare.interpharma.ch\/themen\/tierwohl\/culture-of-care\/1-es-geht-jeden-und-jede-an\/#breadcrumb"},"inLanguage":"fr-FR","potentialAction":[{"@type":"ReadAction","target":["https:\/\/animalwelfare.interpharma.ch\/themen\/tierwohl\/culture-of-care\/1-es-geht-jeden-und-jede-an\/"]}]},{"@type":"BreadcrumbList","@id":"https:\/\/animalwelfare.interpharma.ch\/themen\/tierwohl\/culture-of-care\/1-es-geht-jeden-und-jede-an\/#breadcrumb","itemListElement":[{"@type":"ListItem","position":1,"name":"Start","item":"https:\/\/animalwelfare.interpharma.ch\/fr\/"},{"@type":"ListItem","position":2,"name":"Contenus","item":"https:\/\/animalwelfare.interpharma.ch\/fr\/sujets\/"},{"@type":"ListItem","position":3,"name":"Bien-\u00eatre animal","item":"https:\/\/animalwelfare.interpharma.ch\/fr\/sujets\/tierwohl\/"},{"@type":"ListItem","position":4,"name":"Culture of Care","item":"https:\/\/animalwelfare.interpharma.ch\/themen\/tierwohl\/culture-of-care\/"},{"@type":"ListItem","position":5,"name":"1. Tout le monde est concern\u00e9"}]},{"@type":"WebSite","@id":"https:\/\/animalwelfare.interpharma.ch\/#website","url":"https:\/\/animalwelfare.interpharma.ch\/","name":"animalwelfare","description":"","potentialAction":[{"@type":"SearchAction","target":{"@type":"EntryPoint","urlTemplate":"https:\/\/animalwelfare.interpharma.ch\/?s={search_term_string}"},"query-input":{"@type":"PropertyValueSpecification","valueRequired":true,"valueName":"search_term_string"}}],"inLanguage":"fr-FR"}]}},"_links":{"self":[{"href":"https:\/\/animalwelfare.interpharma.ch\/fr\/wp-json\/wp\/v2\/pages\/966","targetHints":{"allow":["GET"]}}],"collection":[{"href":"https:\/\/animalwelfare.interpharma.ch\/fr\/wp-json\/wp\/v2\/pages"}],"about":[{"href":"https:\/\/animalwelfare.interpharma.ch\/fr\/wp-json\/wp\/v2\/types\/page"}],"author":[{"embeddable":true,"href":"https:\/\/animalwelfare.interpharma.ch\/fr\/wp-json\/wp\/v2\/users\/1"}],"replies":[{"embeddable":true,"href":"https:\/\/animalwelfare.interpharma.ch\/fr\/wp-json\/wp\/v2\/comments?post=966"}],"version-history":[{"count":2,"href":"https:\/\/animalwelfare.interpharma.ch\/fr\/wp-json\/wp\/v2\/pages\/966\/revisions"}],"predecessor-version":[{"id":2864,"href":"https:\/\/animalwelfare.interpharma.ch\/fr\/wp-json\/wp\/v2\/pages\/966\/revisions\/2864"}],"up":[{"embeddable":true,"href":"https:\/\/animalwelfare.interpharma.ch\/fr\/wp-json\/wp\/v2\/pages\/984"}],"wp:attachment":[{"href":"https:\/\/animalwelfare.interpharma.ch\/fr\/wp-json\/wp\/v2\/media?parent=966"}],"curies":[{"name":"wp","href":"https:\/\/api.w.org\/{rel}","templated":true}]}}