{"id":960,"date":"2026-03-06T17:35:26","date_gmt":"2026-03-06T16:35:26","guid":{"rendered":"https:\/\/animalwelfare.iph-multisite.berta-bewegt.ch\/?page_id=960"},"modified":"2026-03-09T15:00:57","modified_gmt":"2026-03-09T14:00:57","slug":"2-les-cinq-piliers","status":"publish","type":"page","link":"https:\/\/animalwelfare.interpharma.ch\/fr\/sujets\/tierwohl\/culture-of-care\/2-les-cinq-piliers\/","title":{"rendered":"2. Les cinq piliers"},"content":{"rendered":"\n<h2 class=\"wp-block-heading\">2. Les cinq piliers<\/h2>\n\n\n\n<p>Concr\u00e8tement, la Culture of Care repose sur cinq piliers. Lepremier pilier comprend les valeurs de l\u2019entreprise. La Cultureof Care a besoin d\u2019une politique d\u2019entreprise qui esquissecomment aborder l\u2019exp\u00e9rimentation animale de mani\u00e8re responsable.Elle doit consid\u00e9rer la protection des animaux etles soins comme une priorit\u00e9 et soutenir en interne comme enexterne la franchise au sujet des activit\u00e9s d\u2019exp\u00e9rimentationanimale. En d\u00e9coule le deuxi\u00e8me pilier: une approche strat\u00e9gique.Tout d\u2019abord, la direction donne des instructions deCulture of Care et responsabilise les membres du personnelqui travaillent avec des animaux. Pour cela, la direction fixeles diff\u00e9rents r\u00f4les au sein de l\u2019entreprise et r\u00e9partit les responsabilit\u00e9s.<\/p>\n","protected":false},"excerpt":{"rendered":"<p>2. Les cinq piliers Concr\u00e8tement, la Culture of Care repose sur cinq piliers. Lepremier pilier comprend les valeurs de l\u2019entreprise. La Cultureof Care a besoin d\u2019une politique d\u2019entreprise qui esquissecomment aborder l\u2019exp\u00e9rimentation animale de mani\u00e8re responsable.Elle doit consid\u00e9rer la protection des animaux etles soins comme une priorit\u00e9 et soutenir en interne comme enexterne la franchise [&hellip;]<\/p>\n","protected":false},"author":1,"featured_media":0,"parent":984,"menu_order":1,"comment_status":"closed","ping_status":"closed","template":"page-templates\/unterthema.php","meta":{"_acf_changed":false,"inline_featured_image":false,"footnotes":""},"class_list":["post-960","page","type-page","status-publish","hentry"],"acf":[],"yoast_head":"<!-- This site is optimized with the Yoast SEO Premium plugin v27.2 (Yoast SEO v27.2) - https:\/\/yoast.com\/product\/yoast-seo-premium-wordpress\/ -->\n<title>2. Les cinq piliers - animalwelfare<\/title>\n<meta name=\"robots\" content=\"index, follow, max-snippet:-1, max-image-preview:large, max-video-preview:-1\" \/>\n<link rel=\"canonical\" href=\"https:\/\/animalwelfare.interpharma.ch\/themen\/tierwohl\/culture-of-care\/2-die-funf-pfeiler\/\" \/>\n<meta property=\"og:locale\" content=\"fr_FR\" \/>\n<meta property=\"og:type\" content=\"article\" \/>\n<meta property=\"og:title\" content=\"2. Les cinq piliers\" \/>\n<meta property=\"og:description\" content=\"2. Les cinq piliers Concr\u00e8tement, la Culture of Care repose sur cinq piliers. Lepremier pilier comprend les valeurs de l\u2019entreprise. La Cultureof Care a besoin d\u2019une politique d\u2019entreprise qui esquissecomment aborder l\u2019exp\u00e9rimentation animale de mani\u00e8re responsable.Elle doit consid\u00e9rer la protection des animaux etles soins comme une priorit\u00e9 et soutenir en interne comme enexterne la franchise [&hellip;]\" \/>\n<meta property=\"og:url\" content=\"https:\/\/animalwelfare.interpharma.ch\/themen\/tierwohl\/culture-of-care\/2-die-funf-pfeiler\/\" \/>\n<meta property=\"og:site_name\" content=\"animalwelfare\" \/>\n<meta property=\"article:modified_time\" content=\"2026-03-09T14:00:57+00:00\" \/>\n<meta name=\"twitter:card\" content=\"summary_large_image\" \/>\n<meta name=\"twitter:label1\" content=\"Dur\u00e9e de lecture estim\u00e9e\" \/>\n\t<meta name=\"twitter:data1\" content=\"1 minute\" \/>\n<script type=\"application\/ld+json\" class=\"yoast-schema-graph\">{\"@context\":\"https:\/\/schema.org\",\"@graph\":[{\"@type\":\"WebPage\",\"@id\":\"https:\/\/animalwelfare.interpharma.ch\/themen\/tierwohl\/culture-of-care\/2-die-funf-pfeiler\/\",\"url\":\"https:\/\/animalwelfare.interpharma.ch\/themen\/tierwohl\/culture-of-care\/2-die-funf-pfeiler\/\",\"name\":\"2. Les cinq piliers - animalwelfare\",\"isPartOf\":{\"@id\":\"https:\/\/animalwelfare.interpharma.ch\/#website\"},\"datePublished\":\"2026-03-06T16:35:26+00:00\",\"dateModified\":\"2026-03-09T14:00:57+00:00\",\"breadcrumb\":{\"@id\":\"https:\/\/animalwelfare.interpharma.ch\/themen\/tierwohl\/culture-of-care\/2-die-funf-pfeiler\/#breadcrumb\"},\"inLanguage\":\"fr-FR\",\"potentialAction\":[{\"@type\":\"ReadAction\",\"target\":[\"https:\/\/animalwelfare.interpharma.ch\/themen\/tierwohl\/culture-of-care\/2-die-funf-pfeiler\/\"]}]},{\"@type\":\"BreadcrumbList\",\"@id\":\"https:\/\/animalwelfare.interpharma.ch\/themen\/tierwohl\/culture-of-care\/2-die-funf-pfeiler\/#breadcrumb\",\"itemListElement\":[{\"@type\":\"ListItem\",\"position\":1,\"name\":\"Start\",\"item\":\"https:\/\/animalwelfare.interpharma.ch\/fr\/\"},{\"@type\":\"ListItem\",\"position\":2,\"name\":\"Contenus\",\"item\":\"https:\/\/animalwelfare.interpharma.ch\/fr\/sujets\/\"},{\"@type\":\"ListItem\",\"position\":3,\"name\":\"Bien-\u00eatre animal\",\"item\":\"https:\/\/animalwelfare.interpharma.ch\/fr\/sujets\/tierwohl\/\"},{\"@type\":\"ListItem\",\"position\":4,\"name\":\"Culture of Care\",\"item\":\"https:\/\/animalwelfare.interpharma.ch\/themen\/tierwohl\/culture-of-care\/\"},{\"@type\":\"ListItem\",\"position\":5,\"name\":\"2. Les cinq piliers\"}]},{\"@type\":\"WebSite\",\"@id\":\"https:\/\/animalwelfare.interpharma.ch\/#website\",\"url\":\"https:\/\/animalwelfare.interpharma.ch\/\",\"name\":\"animalwelfare\",\"description\":\"\",\"potentialAction\":[{\"@type\":\"SearchAction\",\"target\":{\"@type\":\"EntryPoint\",\"urlTemplate\":\"https:\/\/animalwelfare.interpharma.ch\/?s={search_term_string}\"},\"query-input\":{\"@type\":\"PropertyValueSpecification\",\"valueRequired\":true,\"valueName\":\"search_term_string\"}}],\"inLanguage\":\"fr-FR\"}]}<\/script>\n<!-- \/ Yoast SEO Premium plugin. -->","yoast_head_json":{"title":"2. Les cinq piliers - animalwelfare","robots":{"index":"index","follow":"follow","max-snippet":"max-snippet:-1","max-image-preview":"max-image-preview:large","max-video-preview":"max-video-preview:-1"},"canonical":"https:\/\/animalwelfare.interpharma.ch\/themen\/tierwohl\/culture-of-care\/2-die-funf-pfeiler\/","og_locale":"fr_FR","og_type":"article","og_title":"2. Les cinq piliers","og_description":"2. Les cinq piliers Concr\u00e8tement, la Culture of Care repose sur cinq piliers. Lepremier pilier comprend les valeurs de l\u2019entreprise. La Cultureof Care a besoin d\u2019une politique d\u2019entreprise qui esquissecomment aborder l\u2019exp\u00e9rimentation animale de mani\u00e8re responsable.Elle doit consid\u00e9rer la protection des animaux etles soins comme une priorit\u00e9 et soutenir en interne comme enexterne la franchise [&hellip;]","og_url":"https:\/\/animalwelfare.interpharma.ch\/themen\/tierwohl\/culture-of-care\/2-die-funf-pfeiler\/","og_site_name":"animalwelfare","article_modified_time":"2026-03-09T14:00:57+00:00","twitter_card":"summary_large_image","twitter_misc":{"Dur\u00e9e de lecture estim\u00e9e":"1 minute"},"schema":{"@context":"https:\/\/schema.org","@graph":[{"@type":"WebPage","@id":"https:\/\/animalwelfare.interpharma.ch\/themen\/tierwohl\/culture-of-care\/2-die-funf-pfeiler\/","url":"https:\/\/animalwelfare.interpharma.ch\/themen\/tierwohl\/culture-of-care\/2-die-funf-pfeiler\/","name":"2. Les cinq piliers - animalwelfare","isPartOf":{"@id":"https:\/\/animalwelfare.interpharma.ch\/#website"},"datePublished":"2026-03-06T16:35:26+00:00","dateModified":"2026-03-09T14:00:57+00:00","breadcrumb":{"@id":"https:\/\/animalwelfare.interpharma.ch\/themen\/tierwohl\/culture-of-care\/2-die-funf-pfeiler\/#breadcrumb"},"inLanguage":"fr-FR","potentialAction":[{"@type":"ReadAction","target":["https:\/\/animalwelfare.interpharma.ch\/themen\/tierwohl\/culture-of-care\/2-die-funf-pfeiler\/"]}]},{"@type":"BreadcrumbList","@id":"https:\/\/animalwelfare.interpharma.ch\/themen\/tierwohl\/culture-of-care\/2-die-funf-pfeiler\/#breadcrumb","itemListElement":[{"@type":"ListItem","position":1,"name":"Start","item":"https:\/\/animalwelfare.interpharma.ch\/fr\/"},{"@type":"ListItem","position":2,"name":"Contenus","item":"https:\/\/animalwelfare.interpharma.ch\/fr\/sujets\/"},{"@type":"ListItem","position":3,"name":"Bien-\u00eatre animal","item":"https:\/\/animalwelfare.interpharma.ch\/fr\/sujets\/tierwohl\/"},{"@type":"ListItem","position":4,"name":"Culture of Care","item":"https:\/\/animalwelfare.interpharma.ch\/themen\/tierwohl\/culture-of-care\/"},{"@type":"ListItem","position":5,"name":"2. Les cinq piliers"}]},{"@type":"WebSite","@id":"https:\/\/animalwelfare.interpharma.ch\/#website","url":"https:\/\/animalwelfare.interpharma.ch\/","name":"animalwelfare","description":"","potentialAction":[{"@type":"SearchAction","target":{"@type":"EntryPoint","urlTemplate":"https:\/\/animalwelfare.interpharma.ch\/?s={search_term_string}"},"query-input":{"@type":"PropertyValueSpecification","valueRequired":true,"valueName":"search_term_string"}}],"inLanguage":"fr-FR"}]}},"_links":{"self":[{"href":"https:\/\/animalwelfare.interpharma.ch\/fr\/wp-json\/wp\/v2\/pages\/960","targetHints":{"allow":["GET"]}}],"collection":[{"href":"https:\/\/animalwelfare.interpharma.ch\/fr\/wp-json\/wp\/v2\/pages"}],"about":[{"href":"https:\/\/animalwelfare.interpharma.ch\/fr\/wp-json\/wp\/v2\/types\/page"}],"author":[{"embeddable":true,"href":"https:\/\/animalwelfare.interpharma.ch\/fr\/wp-json\/wp\/v2\/users\/1"}],"replies":[{"embeddable":true,"href":"https:\/\/animalwelfare.interpharma.ch\/fr\/wp-json\/wp\/v2\/comments?post=960"}],"version-history":[{"count":2,"href":"https:\/\/animalwelfare.interpharma.ch\/fr\/wp-json\/wp\/v2\/pages\/960\/revisions"}],"predecessor-version":[{"id":2865,"href":"https:\/\/animalwelfare.interpharma.ch\/fr\/wp-json\/wp\/v2\/pages\/960\/revisions\/2865"}],"up":[{"embeddable":true,"href":"https:\/\/animalwelfare.interpharma.ch\/fr\/wp-json\/wp\/v2\/pages\/984"}],"wp:attachment":[{"href":"https:\/\/animalwelfare.interpharma.ch\/fr\/wp-json\/wp\/v2\/media?parent=960"}],"curies":[{"name":"wp","href":"https:\/\/api.w.org\/{rel}","templated":true}]}}