{"id":936,"date":"2026-03-06T17:35:25","date_gmt":"2026-03-06T16:35:25","guid":{"rendered":"https:\/\/animalwelfare.iph-multisite.berta-bewegt.ch\/?page_id=936"},"modified":"2026-03-09T15:09:22","modified_gmt":"2026-03-09T14:09:22","slug":"2-rassembler-les-savoirs-et-les-ressources","status":"publish","type":"page","link":"https:\/\/animalwelfare.interpharma.ch\/fr\/sujets\/beispiele\/ensemble-contre-la-covid-19\/2-rassembler-les-savoirs-et-les-ressources\/","title":{"rendered":"2. Rassembler les savoirs et les ressources"},"content":{"rendered":"\n<h2 class=\"wp-block-heading\">2. Rassembler les savoirs et les ressources<\/h2>\n\n\n\n<p>Les entreprises pharmaceutiques suisses pratiquant la recherche participent elles aussi activement \u00e0 la lutte contre la COVID-19 et sont impliqu\u00e9es dans de nombreux projets et coop\u00e9rations internationaux. D\u00e8s le d\u00e9but de la pand\u00e9mie, de nombreux membres d\u2019Interpharma ont par exemple rejoint la Fondation Bill &amp; Melinda Gates dans un consortium copr\u00e9sid\u00e9 par le CEO de Novartis, Vas Narasimhan, et Bill Gates, afin de rassembler leurs savoirs et ressources et d\u2019acc\u00e9l\u00e9rer le d\u00e9veloppement et la production de vaccins, produits diagnostiques et m\u00e9dicaments. Dans le domaine des diagnostics, Roche a \u00e9t\u00e9 l\u2019une des premi\u00e8res entreprises \u00e0 fournir d\u00e8s la mi-mars un test de d\u00e9pistage du coronavirus hautement automatis\u00e9, qui permet de tester jusqu\u2019\u00e0 4 000 \u00e9chantillons en l\u2019espace de 24 heures pour y d\u00e9pister le virus SARS-CoV-2. En mai, Roche a obtenu aux \u00c9tats-Unis l\u2019autorisation de mise sur le march\u00e9 d\u2019un test de d\u00e9pistage des anticorps et a rapidement accru ses capacit\u00e9s pour pouvoir produire plusieurs dizaines de millions de tests et approvisionner les syst\u00e8mes de sant\u00e9 du monde entier.<\/p>\n","protected":false},"excerpt":{"rendered":"<p>2. Rassembler les savoirs et les ressources Les entreprises pharmaceutiques suisses pratiquant la recherche participent elles aussi activement \u00e0 la lutte contre la COVID-19 et sont impliqu\u00e9es dans de nombreux projets et coop\u00e9rations internationaux. D\u00e8s le d\u00e9but de la pand\u00e9mie, de nombreux membres d\u2019Interpharma ont par exemple rejoint la Fondation Bill &amp; Melinda Gates dans [&hellip;]<\/p>\n","protected":false},"author":1,"featured_media":0,"parent":930,"menu_order":1,"comment_status":"closed","ping_status":"closed","template":"page-templates\/unterthema.php","meta":{"_acf_changed":false,"inline_featured_image":false,"footnotes":""},"class_list":["post-936","page","type-page","status-publish","hentry"],"acf":[],"yoast_head":"<!-- This site is optimized with the Yoast SEO Premium plugin v27.2 (Yoast SEO v27.2) - https:\/\/yoast.com\/product\/yoast-seo-premium-wordpress\/ -->\n<title>2. Rassembler les savoirs et les ressources - animalwelfare<\/title>\n<meta name=\"robots\" content=\"index, follow, max-snippet:-1, max-image-preview:large, max-video-preview:-1\" \/>\n<link rel=\"canonical\" href=\"https:\/\/animalwelfare.interpharma.ch\/themen\/beispiele\/gemeinsam-gegen-covid-19\/2-expertise-und-ressourcen-bundeln\/\" \/>\n<meta property=\"og:locale\" content=\"fr_FR\" \/>\n<meta property=\"og:type\" content=\"article\" \/>\n<meta property=\"og:title\" content=\"2. Rassembler les savoirs et les ressources\" \/>\n<meta property=\"og:description\" content=\"2. Rassembler les savoirs et les ressources Les entreprises pharmaceutiques suisses pratiquant la recherche participent elles aussi activement \u00e0 la lutte contre la COVID-19 et sont impliqu\u00e9es dans de nombreux projets et coop\u00e9rations internationaux. D\u00e8s le d\u00e9but de la pand\u00e9mie, de nombreux membres d\u2019Interpharma ont par exemple rejoint la Fondation Bill &amp; Melinda Gates dans [&hellip;]\" \/>\n<meta property=\"og:url\" content=\"https:\/\/animalwelfare.interpharma.ch\/themen\/beispiele\/gemeinsam-gegen-covid-19\/2-expertise-und-ressourcen-bundeln\/\" \/>\n<meta property=\"og:site_name\" content=\"animalwelfare\" \/>\n<meta property=\"article:modified_time\" content=\"2026-03-09T14:09:22+00:00\" \/>\n<meta name=\"twitter:card\" content=\"summary_large_image\" \/>\n<meta name=\"twitter:label1\" content=\"Dur\u00e9e de lecture estim\u00e9e\" \/>\n\t<meta name=\"twitter:data1\" content=\"1 minute\" \/>\n<script type=\"application\/ld+json\" class=\"yoast-schema-graph\">{\"@context\":\"https:\/\/schema.org\",\"@graph\":[{\"@type\":\"WebPage\",\"@id\":\"https:\/\/animalwelfare.interpharma.ch\/themen\/beispiele\/gemeinsam-gegen-covid-19\/2-expertise-und-ressourcen-bundeln\/\",\"url\":\"https:\/\/animalwelfare.interpharma.ch\/themen\/beispiele\/gemeinsam-gegen-covid-19\/2-expertise-und-ressourcen-bundeln\/\",\"name\":\"2. Rassembler les savoirs et les ressources - animalwelfare\",\"isPartOf\":{\"@id\":\"https:\/\/animalwelfare.interpharma.ch\/#website\"},\"datePublished\":\"2026-03-06T16:35:25+00:00\",\"dateModified\":\"2026-03-09T14:09:22+00:00\",\"breadcrumb\":{\"@id\":\"https:\/\/animalwelfare.interpharma.ch\/themen\/beispiele\/gemeinsam-gegen-covid-19\/2-expertise-und-ressourcen-bundeln\/#breadcrumb\"},\"inLanguage\":\"fr-FR\",\"potentialAction\":[{\"@type\":\"ReadAction\",\"target\":[\"https:\/\/animalwelfare.interpharma.ch\/themen\/beispiele\/gemeinsam-gegen-covid-19\/2-expertise-und-ressourcen-bundeln\/\"]}]},{\"@type\":\"BreadcrumbList\",\"@id\":\"https:\/\/animalwelfare.interpharma.ch\/themen\/beispiele\/gemeinsam-gegen-covid-19\/2-expertise-und-ressourcen-bundeln\/#breadcrumb\",\"itemListElement\":[{\"@type\":\"ListItem\",\"position\":1,\"name\":\"Start\",\"item\":\"https:\/\/animalwelfare.interpharma.ch\/fr\/\"},{\"@type\":\"ListItem\",\"position\":2,\"name\":\"Contenus\",\"item\":\"https:\/\/animalwelfare.interpharma.ch\/fr\/sujets\/\"},{\"@type\":\"ListItem\",\"position\":3,\"name\":\"Exemple\",\"item\":\"https:\/\/animalwelfare.interpharma.ch\/fr\/sujets\/beispiele\/\"},{\"@type\":\"ListItem\",\"position\":4,\"name\":\"Ensemble contre la COVID-19\",\"item\":\"https:\/\/animalwelfare.interpharma.ch\/themen\/beispiele\/gemeinsam-gegen-covid-19\/\"},{\"@type\":\"ListItem\",\"position\":5,\"name\":\"2. Rassembler les savoirs et les ressources\"}]},{\"@type\":\"WebSite\",\"@id\":\"https:\/\/animalwelfare.interpharma.ch\/#website\",\"url\":\"https:\/\/animalwelfare.interpharma.ch\/\",\"name\":\"animalwelfare\",\"description\":\"\",\"potentialAction\":[{\"@type\":\"SearchAction\",\"target\":{\"@type\":\"EntryPoint\",\"urlTemplate\":\"https:\/\/animalwelfare.interpharma.ch\/?s={search_term_string}\"},\"query-input\":{\"@type\":\"PropertyValueSpecification\",\"valueRequired\":true,\"valueName\":\"search_term_string\"}}],\"inLanguage\":\"fr-FR\"}]}<\/script>\n<!-- \/ Yoast SEO Premium plugin. -->","yoast_head_json":{"title":"2. Rassembler les savoirs et les ressources - animalwelfare","robots":{"index":"index","follow":"follow","max-snippet":"max-snippet:-1","max-image-preview":"max-image-preview:large","max-video-preview":"max-video-preview:-1"},"canonical":"https:\/\/animalwelfare.interpharma.ch\/themen\/beispiele\/gemeinsam-gegen-covid-19\/2-expertise-und-ressourcen-bundeln\/","og_locale":"fr_FR","og_type":"article","og_title":"2. Rassembler les savoirs et les ressources","og_description":"2. Rassembler les savoirs et les ressources Les entreprises pharmaceutiques suisses pratiquant la recherche participent elles aussi activement \u00e0 la lutte contre la COVID-19 et sont impliqu\u00e9es dans de nombreux projets et coop\u00e9rations internationaux. D\u00e8s le d\u00e9but de la pand\u00e9mie, de nombreux membres d\u2019Interpharma ont par exemple rejoint la Fondation Bill &amp; Melinda Gates dans [&hellip;]","og_url":"https:\/\/animalwelfare.interpharma.ch\/themen\/beispiele\/gemeinsam-gegen-covid-19\/2-expertise-und-ressourcen-bundeln\/","og_site_name":"animalwelfare","article_modified_time":"2026-03-09T14:09:22+00:00","twitter_card":"summary_large_image","twitter_misc":{"Dur\u00e9e de lecture estim\u00e9e":"1 minute"},"schema":{"@context":"https:\/\/schema.org","@graph":[{"@type":"WebPage","@id":"https:\/\/animalwelfare.interpharma.ch\/themen\/beispiele\/gemeinsam-gegen-covid-19\/2-expertise-und-ressourcen-bundeln\/","url":"https:\/\/animalwelfare.interpharma.ch\/themen\/beispiele\/gemeinsam-gegen-covid-19\/2-expertise-und-ressourcen-bundeln\/","name":"2. Rassembler les savoirs et les ressources - animalwelfare","isPartOf":{"@id":"https:\/\/animalwelfare.interpharma.ch\/#website"},"datePublished":"2026-03-06T16:35:25+00:00","dateModified":"2026-03-09T14:09:22+00:00","breadcrumb":{"@id":"https:\/\/animalwelfare.interpharma.ch\/themen\/beispiele\/gemeinsam-gegen-covid-19\/2-expertise-und-ressourcen-bundeln\/#breadcrumb"},"inLanguage":"fr-FR","potentialAction":[{"@type":"ReadAction","target":["https:\/\/animalwelfare.interpharma.ch\/themen\/beispiele\/gemeinsam-gegen-covid-19\/2-expertise-und-ressourcen-bundeln\/"]}]},{"@type":"BreadcrumbList","@id":"https:\/\/animalwelfare.interpharma.ch\/themen\/beispiele\/gemeinsam-gegen-covid-19\/2-expertise-und-ressourcen-bundeln\/#breadcrumb","itemListElement":[{"@type":"ListItem","position":1,"name":"Start","item":"https:\/\/animalwelfare.interpharma.ch\/fr\/"},{"@type":"ListItem","position":2,"name":"Contenus","item":"https:\/\/animalwelfare.interpharma.ch\/fr\/sujets\/"},{"@type":"ListItem","position":3,"name":"Exemple","item":"https:\/\/animalwelfare.interpharma.ch\/fr\/sujets\/beispiele\/"},{"@type":"ListItem","position":4,"name":"Ensemble contre la COVID-19","item":"https:\/\/animalwelfare.interpharma.ch\/themen\/beispiele\/gemeinsam-gegen-covid-19\/"},{"@type":"ListItem","position":5,"name":"2. Rassembler les savoirs et les ressources"}]},{"@type":"WebSite","@id":"https:\/\/animalwelfare.interpharma.ch\/#website","url":"https:\/\/animalwelfare.interpharma.ch\/","name":"animalwelfare","description":"","potentialAction":[{"@type":"SearchAction","target":{"@type":"EntryPoint","urlTemplate":"https:\/\/animalwelfare.interpharma.ch\/?s={search_term_string}"},"query-input":{"@type":"PropertyValueSpecification","valueRequired":true,"valueName":"search_term_string"}}],"inLanguage":"fr-FR"}]}},"_links":{"self":[{"href":"https:\/\/animalwelfare.interpharma.ch\/fr\/wp-json\/wp\/v2\/pages\/936","targetHints":{"allow":["GET"]}}],"collection":[{"href":"https:\/\/animalwelfare.interpharma.ch\/fr\/wp-json\/wp\/v2\/pages"}],"about":[{"href":"https:\/\/animalwelfare.interpharma.ch\/fr\/wp-json\/wp\/v2\/types\/page"}],"author":[{"embeddable":true,"href":"https:\/\/animalwelfare.interpharma.ch\/fr\/wp-json\/wp\/v2\/users\/1"}],"replies":[{"embeddable":true,"href":"https:\/\/animalwelfare.interpharma.ch\/fr\/wp-json\/wp\/v2\/comments?post=936"}],"version-history":[{"count":2,"href":"https:\/\/animalwelfare.interpharma.ch\/fr\/wp-json\/wp\/v2\/pages\/936\/revisions"}],"predecessor-version":[{"id":2881,"href":"https:\/\/animalwelfare.interpharma.ch\/fr\/wp-json\/wp\/v2\/pages\/936\/revisions\/2881"}],"up":[{"embeddable":true,"href":"https:\/\/animalwelfare.interpharma.ch\/fr\/wp-json\/wp\/v2\/pages\/930"}],"wp:attachment":[{"href":"https:\/\/animalwelfare.interpharma.ch\/fr\/wp-json\/wp\/v2\/media?parent=936"}],"curies":[{"name":"wp","href":"https:\/\/api.w.org\/{rel}","templated":true}]}}