{"id":906,"date":"2026-03-06T17:35:23","date_gmt":"2026-03-06T16:35:23","guid":{"rendered":"https:\/\/animalwelfare.iph-multisite.berta-bewegt.ch\/?page_id=906"},"modified":"2026-03-09T15:27:21","modified_gmt":"2026-03-09T14:27:21","slug":"1-ameliorer-la-qualite-de-vie-pour-letre-humain-et-lanimal","status":"publish","type":"page","link":"https:\/\/animalwelfare.interpharma.ch\/fr\/sujets\/3r\/la-charte-pour-la-protection-des-animaux-a-dix-ans\/1-ameliorer-la-qualite-de-vie-pour-letre-humain-et-lanimal\/","title":{"rendered":"1. Am\u00e9liorer la qualit\u00e9 de vie pour l\u2019\u00eatre humain et l\u2019animal"},"content":{"rendered":"\n<h2 class=\"wp-block-heading\">1. Am\u00e9liorer la qualit\u00e9 de vie pour l\u2019\u00eatre humain et l\u2019animal<\/h2>\n\n\n\n<p>Les entreprises pharmaceutiques suisses pratiquant la recherche ont pour mission de d\u00e9velopper de nouveaux m\u00e9dicaments qui am\u00e9liorent la vie des patient-e-s et, dans toute la mesure du possible, gu\u00e9rissent des maladies graves et complexes. En m\u00eame temps, il faut assurer la s\u00e9curit\u00e9 des m\u00e9dicaments. De nombreuses ann\u00e9es s\u2019\u00e9coulent avant qu\u2019un nouveau m\u00e9dicament n\u2019arrive \u00e0 ce stade et puisse donc \u00eatre utilis\u00e9 en m\u00e9decine au quotidien. Le cheminement est long et complexe, arriver au but requiert du travail de pr\u00e9cision et des connaissances interdisciplinaires. \u00c0 diff\u00e9rentes \u00e9tapes de ce processus de d\u00e9veloppement, la recherche impliquant des animaux reste incontournable. La recherche fondamentale ne peut pas se passer de mod\u00e8les animaux et, en phase de d\u00e9veloppement pr\u00e9clinique et clinique, les chercheuses et chercheurs travaillent aussi avec des animaux, par exemple pour exclure des malformations du foetus ou un effet canc\u00e9rog\u00e8ne du m\u00e9dicament. Le recours aux animaux de laboratoire permet d\u2019acqu\u00e9rir des connaissances importantes sur la gen\u00e8se et les m\u00e9canismes de maladies graves et assure la s\u00e9curit\u00e9, l\u2019efficacit\u00e9 et l\u2019innocuit\u00e9 des m\u00e9dicaments. Sans cette base importante pour la recherche et le d\u00e9veloppement, bon nombre des m\u00e9dicaments et traitements dont la soci\u00e9t\u00e9 et les patient-e-s b\u00e9n\u00e9ficient aujourd\u2019hui n\u2019existeraient pas. Mais les entreprises pharmaceutiques pratiquant la recherche en Suisse ont conscience des obligations l\u00e9gales et \u00e9thiques qui accompagnent la recherche sur les animaux et de la n\u00e9cessit\u00e9 d\u2019observer les normes les plus strictes en mati\u00e8re d\u2019exp\u00e9rience sur les animaux.<\/p>\n","protected":false},"excerpt":{"rendered":"<p>1. Am\u00e9liorer la qualit\u00e9 de vie pour l\u2019\u00eatre humain et l\u2019animal Les entreprises pharmaceutiques suisses pratiquant la recherche ont pour mission de d\u00e9velopper de nouveaux m\u00e9dicaments qui am\u00e9liorent la vie des patient-e-s et, dans toute la mesure du possible, gu\u00e9rissent des maladies graves et complexes. En m\u00eame temps, il faut assurer la s\u00e9curit\u00e9 des m\u00e9dicaments. [&hellip;]<\/p>\n","protected":false},"author":1,"featured_media":0,"parent":1248,"menu_order":0,"comment_status":"closed","ping_status":"closed","template":"page-templates\/unterthema.php","meta":{"_acf_changed":false,"inline_featured_image":false,"footnotes":""},"class_list":["post-906","page","type-page","status-publish","hentry"],"acf":[],"yoast_head":"<!-- This site is optimized with the Yoast SEO Premium plugin v27.2 (Yoast SEO v27.2) - https:\/\/yoast.com\/product\/yoast-seo-premium-wordpress\/ -->\n<title>1. Am\u00e9liorer la qualit\u00e9 de vie pour l\u2019\u00eatre humain et l\u2019animal - animalwelfare<\/title>\n<meta name=\"robots\" content=\"index, follow, max-snippet:-1, max-image-preview:large, max-video-preview:-1\" \/>\n<link rel=\"canonical\" href=\"https:\/\/animalwelfare.interpharma.ch\/themen\/3r\/zehn-jahre-animal-welfare-charta\/1-lebensqualitat-fur-mensch-und-tier-verbessern\/\" \/>\n<meta property=\"og:locale\" content=\"fr_FR\" \/>\n<meta property=\"og:type\" content=\"article\" \/>\n<meta property=\"og:title\" content=\"1. Am\u00e9liorer la qualit\u00e9 de vie pour l\u2019\u00eatre humain et l\u2019animal\" \/>\n<meta property=\"og:description\" content=\"1. Am\u00e9liorer la qualit\u00e9 de vie pour l\u2019\u00eatre humain et l\u2019animal Les entreprises pharmaceutiques suisses pratiquant la recherche ont pour mission de d\u00e9velopper de nouveaux m\u00e9dicaments qui am\u00e9liorent la vie des patient-e-s et, dans toute la mesure du possible, gu\u00e9rissent des maladies graves et complexes. En m\u00eame temps, il faut assurer la s\u00e9curit\u00e9 des m\u00e9dicaments. [&hellip;]\" \/>\n<meta property=\"og:url\" content=\"https:\/\/animalwelfare.interpharma.ch\/themen\/3r\/zehn-jahre-animal-welfare-charta\/1-lebensqualitat-fur-mensch-und-tier-verbessern\/\" \/>\n<meta property=\"og:site_name\" content=\"animalwelfare\" \/>\n<meta property=\"article:modified_time\" content=\"2026-03-09T14:27:21+00:00\" \/>\n<meta name=\"twitter:card\" content=\"summary_large_image\" \/>\n<meta name=\"twitter:label1\" content=\"Dur\u00e9e de lecture estim\u00e9e\" \/>\n\t<meta name=\"twitter:data1\" content=\"2 minutes\" \/>\n<script type=\"application\/ld+json\" class=\"yoast-schema-graph\">{\"@context\":\"https:\/\/schema.org\",\"@graph\":[{\"@type\":\"WebPage\",\"@id\":\"https:\/\/animalwelfare.interpharma.ch\/themen\/3r\/zehn-jahre-animal-welfare-charta\/1-lebensqualitat-fur-mensch-und-tier-verbessern\/\",\"url\":\"https:\/\/animalwelfare.interpharma.ch\/themen\/3r\/zehn-jahre-animal-welfare-charta\/1-lebensqualitat-fur-mensch-und-tier-verbessern\/\",\"name\":\"1. Am\u00e9liorer la qualit\u00e9 de vie pour l\u2019\u00eatre humain et l\u2019animal - animalwelfare\",\"isPartOf\":{\"@id\":\"https:\/\/animalwelfare.interpharma.ch\/#website\"},\"datePublished\":\"2026-03-06T16:35:23+00:00\",\"dateModified\":\"2026-03-09T14:27:21+00:00\",\"breadcrumb\":{\"@id\":\"https:\/\/animalwelfare.interpharma.ch\/themen\/3r\/zehn-jahre-animal-welfare-charta\/1-lebensqualitat-fur-mensch-und-tier-verbessern\/#breadcrumb\"},\"inLanguage\":\"fr-FR\",\"potentialAction\":[{\"@type\":\"ReadAction\",\"target\":[\"https:\/\/animalwelfare.interpharma.ch\/themen\/3r\/zehn-jahre-animal-welfare-charta\/1-lebensqualitat-fur-mensch-und-tier-verbessern\/\"]}]},{\"@type\":\"BreadcrumbList\",\"@id\":\"https:\/\/animalwelfare.interpharma.ch\/themen\/3r\/zehn-jahre-animal-welfare-charta\/1-lebensqualitat-fur-mensch-und-tier-verbessern\/#breadcrumb\",\"itemListElement\":[{\"@type\":\"ListItem\",\"position\":1,\"name\":\"Start\",\"item\":\"https:\/\/animalwelfare.interpharma.ch\/fr\/\"},{\"@type\":\"ListItem\",\"position\":2,\"name\":\"Contenus\",\"item\":\"https:\/\/animalwelfare.interpharma.ch\/fr\/sujets\/\"},{\"@type\":\"ListItem\",\"position\":3,\"name\":\"3R\",\"item\":\"https:\/\/animalwelfare.interpharma.ch\/fr\/sujets\/3r\/\"},{\"@type\":\"ListItem\",\"position\":4,\"name\":\"La Charte pour la protection des animaux a dix ans\",\"item\":\"https:\/\/animalwelfare.interpharma.ch\/themen\/3r\/zehn-jahre-animal-welfare-charta\/\"},{\"@type\":\"ListItem\",\"position\":5,\"name\":\"1. Am\u00e9liorer la qualit\u00e9 de vie pour l\u2019\u00eatre humain et l\u2019animal\"}]},{\"@type\":\"WebSite\",\"@id\":\"https:\/\/animalwelfare.interpharma.ch\/#website\",\"url\":\"https:\/\/animalwelfare.interpharma.ch\/\",\"name\":\"animalwelfare\",\"description\":\"\",\"potentialAction\":[{\"@type\":\"SearchAction\",\"target\":{\"@type\":\"EntryPoint\",\"urlTemplate\":\"https:\/\/animalwelfare.interpharma.ch\/?s={search_term_string}\"},\"query-input\":{\"@type\":\"PropertyValueSpecification\",\"valueRequired\":true,\"valueName\":\"search_term_string\"}}],\"inLanguage\":\"fr-FR\"}]}<\/script>\n<!-- \/ Yoast SEO Premium plugin. -->","yoast_head_json":{"title":"1. Am\u00e9liorer la qualit\u00e9 de vie pour l\u2019\u00eatre humain et l\u2019animal - animalwelfare","robots":{"index":"index","follow":"follow","max-snippet":"max-snippet:-1","max-image-preview":"max-image-preview:large","max-video-preview":"max-video-preview:-1"},"canonical":"https:\/\/animalwelfare.interpharma.ch\/themen\/3r\/zehn-jahre-animal-welfare-charta\/1-lebensqualitat-fur-mensch-und-tier-verbessern\/","og_locale":"fr_FR","og_type":"article","og_title":"1. Am\u00e9liorer la qualit\u00e9 de vie pour l\u2019\u00eatre humain et l\u2019animal","og_description":"1. Am\u00e9liorer la qualit\u00e9 de vie pour l\u2019\u00eatre humain et l\u2019animal Les entreprises pharmaceutiques suisses pratiquant la recherche ont pour mission de d\u00e9velopper de nouveaux m\u00e9dicaments qui am\u00e9liorent la vie des patient-e-s et, dans toute la mesure du possible, gu\u00e9rissent des maladies graves et complexes. En m\u00eame temps, il faut assurer la s\u00e9curit\u00e9 des m\u00e9dicaments. [&hellip;]","og_url":"https:\/\/animalwelfare.interpharma.ch\/themen\/3r\/zehn-jahre-animal-welfare-charta\/1-lebensqualitat-fur-mensch-und-tier-verbessern\/","og_site_name":"animalwelfare","article_modified_time":"2026-03-09T14:27:21+00:00","twitter_card":"summary_large_image","twitter_misc":{"Dur\u00e9e de lecture estim\u00e9e":"2 minutes"},"schema":{"@context":"https:\/\/schema.org","@graph":[{"@type":"WebPage","@id":"https:\/\/animalwelfare.interpharma.ch\/themen\/3r\/zehn-jahre-animal-welfare-charta\/1-lebensqualitat-fur-mensch-und-tier-verbessern\/","url":"https:\/\/animalwelfare.interpharma.ch\/themen\/3r\/zehn-jahre-animal-welfare-charta\/1-lebensqualitat-fur-mensch-und-tier-verbessern\/","name":"1. Am\u00e9liorer la qualit\u00e9 de vie pour l\u2019\u00eatre humain et l\u2019animal - animalwelfare","isPartOf":{"@id":"https:\/\/animalwelfare.interpharma.ch\/#website"},"datePublished":"2026-03-06T16:35:23+00:00","dateModified":"2026-03-09T14:27:21+00:00","breadcrumb":{"@id":"https:\/\/animalwelfare.interpharma.ch\/themen\/3r\/zehn-jahre-animal-welfare-charta\/1-lebensqualitat-fur-mensch-und-tier-verbessern\/#breadcrumb"},"inLanguage":"fr-FR","potentialAction":[{"@type":"ReadAction","target":["https:\/\/animalwelfare.interpharma.ch\/themen\/3r\/zehn-jahre-animal-welfare-charta\/1-lebensqualitat-fur-mensch-und-tier-verbessern\/"]}]},{"@type":"BreadcrumbList","@id":"https:\/\/animalwelfare.interpharma.ch\/themen\/3r\/zehn-jahre-animal-welfare-charta\/1-lebensqualitat-fur-mensch-und-tier-verbessern\/#breadcrumb","itemListElement":[{"@type":"ListItem","position":1,"name":"Start","item":"https:\/\/animalwelfare.interpharma.ch\/fr\/"},{"@type":"ListItem","position":2,"name":"Contenus","item":"https:\/\/animalwelfare.interpharma.ch\/fr\/sujets\/"},{"@type":"ListItem","position":3,"name":"3R","item":"https:\/\/animalwelfare.interpharma.ch\/fr\/sujets\/3r\/"},{"@type":"ListItem","position":4,"name":"La Charte pour la protection des animaux a dix ans","item":"https:\/\/animalwelfare.interpharma.ch\/themen\/3r\/zehn-jahre-animal-welfare-charta\/"},{"@type":"ListItem","position":5,"name":"1. Am\u00e9liorer la qualit\u00e9 de vie pour l\u2019\u00eatre humain et l\u2019animal"}]},{"@type":"WebSite","@id":"https:\/\/animalwelfare.interpharma.ch\/#website","url":"https:\/\/animalwelfare.interpharma.ch\/","name":"animalwelfare","description":"","potentialAction":[{"@type":"SearchAction","target":{"@type":"EntryPoint","urlTemplate":"https:\/\/animalwelfare.interpharma.ch\/?s={search_term_string}"},"query-input":{"@type":"PropertyValueSpecification","valueRequired":true,"valueName":"search_term_string"}}],"inLanguage":"fr-FR"}]}},"_links":{"self":[{"href":"https:\/\/animalwelfare.interpharma.ch\/fr\/wp-json\/wp\/v2\/pages\/906","targetHints":{"allow":["GET"]}}],"collection":[{"href":"https:\/\/animalwelfare.interpharma.ch\/fr\/wp-json\/wp\/v2\/pages"}],"about":[{"href":"https:\/\/animalwelfare.interpharma.ch\/fr\/wp-json\/wp\/v2\/types\/page"}],"author":[{"embeddable":true,"href":"https:\/\/animalwelfare.interpharma.ch\/fr\/wp-json\/wp\/v2\/users\/1"}],"replies":[{"embeddable":true,"href":"https:\/\/animalwelfare.interpharma.ch\/fr\/wp-json\/wp\/v2\/comments?post=906"}],"version-history":[{"count":2,"href":"https:\/\/animalwelfare.interpharma.ch\/fr\/wp-json\/wp\/v2\/pages\/906\/revisions"}],"predecessor-version":[{"id":2888,"href":"https:\/\/animalwelfare.interpharma.ch\/fr\/wp-json\/wp\/v2\/pages\/906\/revisions\/2888"}],"up":[{"embeddable":true,"href":"https:\/\/animalwelfare.interpharma.ch\/fr\/wp-json\/wp\/v2\/pages\/1248"}],"wp:attachment":[{"href":"https:\/\/animalwelfare.interpharma.ch\/fr\/wp-json\/wp\/v2\/media?parent=906"}],"curies":[{"name":"wp","href":"https:\/\/api.w.org\/{rel}","templated":true}]}}