{"id":900,"date":"2026-03-06T17:35:23","date_gmt":"2026-03-06T16:35:23","guid":{"rendered":"https:\/\/animalwelfare.iph-multisite.berta-bewegt.ch\/?page_id=900"},"modified":"2026-03-09T15:30:38","modified_gmt":"2026-03-09T14:30:38","slug":"1-moins-de-3-5-des-experiences-sur-animaux-sont-tres-contraignantes","status":"publish","type":"page","link":"https:\/\/animalwelfare.interpharma.ch\/fr\/sujets\/grundlagen\/experiences-du-degre-de-gravite-3\/1-moins-de-3-5-des-experiences-sur-animaux-sont-tres-contraignantes\/","title":{"rendered":"1. Moins de 3.5% des exp\u00e9riences sur animaux sont tr\u00e8s contraignantes"},"content":{"rendered":"\n<h2 class=\"wp-block-heading\">1. Moins de 3.5% des exp\u00e9riences sur animaux sont tr\u00e8s contraignantes<\/h2>\n\n\n\n<p>L\u2019industrie pharmaceutique, les chercheurs, les sp\u00e9cialistesdes animaux de laboratoire, la Conf\u00e9d\u00e9ration, les organisationsde protection des animaux et les cercles politiques s\u2019engagentdepuis plus de 30 ans pour l\u2019application des principes des 3R.Notamment gr\u00e2ce \u00e0 l\u2019encouragement syst\u00e9matique des 3R,le nombre d\u2019animaux d\u2019exp\u00e9rience est pass\u00e9 d\u2019environ 2 millionsen 1983 \u00e0 moins de 575 000 en 2019 et les contraintes impos\u00e9esaux animaux ont r\u00e9guli\u00e8rement diminu\u00e9. Moins de 3.5%des exp\u00e9riences sur animaux r\u00e9alis\u00e9es en 2019 ont \u00e9t\u00e9 class\u00e9escomme tr\u00e8s contraignantes. L\u2019industrie pharmaceutiques\u2019engage \u00e0 poursuivre syst\u00e9matiquement ses efforts actuelspour r\u00e9duire l\u2019exp\u00e9rimentation animale au strict minimum.<\/p>\n","protected":false},"excerpt":{"rendered":"<p>1. Moins de 3.5% des exp\u00e9riences sur animaux sont tr\u00e8s contraignantes L\u2019industrie pharmaceutique, les chercheurs, les sp\u00e9cialistesdes animaux de laboratoire, la Conf\u00e9d\u00e9ration, les organisationsde protection des animaux et les cercles politiques s\u2019engagentdepuis plus de 30 ans pour l\u2019application des principes des 3R.Notamment gr\u00e2ce \u00e0 l\u2019encouragement syst\u00e9matique des 3R,le nombre d\u2019animaux d\u2019exp\u00e9rience est pass\u00e9 d\u2019environ 2 [&hellip;]<\/p>\n","protected":false},"author":1,"featured_media":0,"parent":894,"menu_order":0,"comment_status":"closed","ping_status":"closed","template":"page-templates\/unterthema.php","meta":{"_acf_changed":false,"inline_featured_image":false,"footnotes":""},"class_list":["post-900","page","type-page","status-publish","hentry"],"acf":[],"yoast_head":"<!-- This site is optimized with the Yoast SEO Premium plugin v27.2 (Yoast SEO v27.2) - https:\/\/yoast.com\/product\/yoast-seo-premium-wordpress\/ -->\n<title>1. Moins de 3.5% des exp\u00e9riences sur animaux sont tr\u00e8s contraignantes - animalwelfare<\/title>\n<meta name=\"robots\" content=\"index, follow, max-snippet:-1, max-image-preview:large, max-video-preview:-1\" \/>\n<link rel=\"canonical\" href=\"https:\/\/animalwelfare.interpharma.ch\/themen\/grundlagen\/schweregrad-3-versuche\/1-weniger-als-3-5-aller-tierversuche-sind-schwer-belastend\/\" \/>\n<meta property=\"og:locale\" content=\"fr_FR\" \/>\n<meta property=\"og:type\" content=\"article\" \/>\n<meta property=\"og:title\" content=\"1. Moins de 3.5% des exp\u00e9riences sur animaux sont tr\u00e8s contraignantes\" \/>\n<meta property=\"og:description\" content=\"1. Moins de 3.5% des exp\u00e9riences sur animaux sont tr\u00e8s contraignantes L\u2019industrie pharmaceutique, les chercheurs, les sp\u00e9cialistesdes animaux de laboratoire, la Conf\u00e9d\u00e9ration, les organisationsde protection des animaux et les cercles politiques s\u2019engagentdepuis plus de 30 ans pour l\u2019application des principes des 3R.Notamment gr\u00e2ce \u00e0 l\u2019encouragement syst\u00e9matique des 3R,le nombre d\u2019animaux d\u2019exp\u00e9rience est pass\u00e9 d\u2019environ 2 [&hellip;]\" \/>\n<meta property=\"og:url\" content=\"https:\/\/animalwelfare.interpharma.ch\/themen\/grundlagen\/schweregrad-3-versuche\/1-weniger-als-3-5-aller-tierversuche-sind-schwer-belastend\/\" \/>\n<meta property=\"og:site_name\" content=\"animalwelfare\" \/>\n<meta property=\"article:modified_time\" content=\"2026-03-09T14:30:38+00:00\" \/>\n<meta name=\"twitter:card\" content=\"summary_large_image\" \/>\n<meta name=\"twitter:label1\" content=\"Dur\u00e9e de lecture estim\u00e9e\" \/>\n\t<meta name=\"twitter:data1\" content=\"1 minute\" \/>\n<script type=\"application\/ld+json\" class=\"yoast-schema-graph\">{\"@context\":\"https:\/\/schema.org\",\"@graph\":[{\"@type\":\"WebPage\",\"@id\":\"https:\/\/animalwelfare.interpharma.ch\/themen\/grundlagen\/schweregrad-3-versuche\/1-weniger-als-3-5-aller-tierversuche-sind-schwer-belastend\/\",\"url\":\"https:\/\/animalwelfare.interpharma.ch\/themen\/grundlagen\/schweregrad-3-versuche\/1-weniger-als-3-5-aller-tierversuche-sind-schwer-belastend\/\",\"name\":\"1. Moins de 3.5% des exp\u00e9riences sur animaux sont tr\u00e8s contraignantes - animalwelfare\",\"isPartOf\":{\"@id\":\"https:\/\/animalwelfare.interpharma.ch\/#website\"},\"datePublished\":\"2026-03-06T16:35:23+00:00\",\"dateModified\":\"2026-03-09T14:30:38+00:00\",\"breadcrumb\":{\"@id\":\"https:\/\/animalwelfare.interpharma.ch\/themen\/grundlagen\/schweregrad-3-versuche\/1-weniger-als-3-5-aller-tierversuche-sind-schwer-belastend\/#breadcrumb\"},\"inLanguage\":\"fr-FR\",\"potentialAction\":[{\"@type\":\"ReadAction\",\"target\":[\"https:\/\/animalwelfare.interpharma.ch\/themen\/grundlagen\/schweregrad-3-versuche\/1-weniger-als-3-5-aller-tierversuche-sind-schwer-belastend\/\"]}]},{\"@type\":\"BreadcrumbList\",\"@id\":\"https:\/\/animalwelfare.interpharma.ch\/themen\/grundlagen\/schweregrad-3-versuche\/1-weniger-als-3-5-aller-tierversuche-sind-schwer-belastend\/#breadcrumb\",\"itemListElement\":[{\"@type\":\"ListItem\",\"position\":1,\"name\":\"Start\",\"item\":\"https:\/\/animalwelfare.interpharma.ch\/fr\/\"},{\"@type\":\"ListItem\",\"position\":2,\"name\":\"Contenus\",\"item\":\"https:\/\/animalwelfare.interpharma.ch\/fr\/sujets\/\"},{\"@type\":\"ListItem\",\"position\":3,\"name\":\"Fondements\",\"item\":\"https:\/\/animalwelfare.interpharma.ch\/fr\/sujets\/grundlagen\/\"},{\"@type\":\"ListItem\",\"position\":4,\"name\":\"Exp\u00e9riences du degr\u00e9 de gravit\u00e9 3\",\"item\":\"https:\/\/animalwelfare.interpharma.ch\/fr\/sujets\/grundlagen\/experiences-du-degre-de-gravite-3\/\"},{\"@type\":\"ListItem\",\"position\":5,\"name\":\"1. Moins de 3.5% des exp\u00e9riences sur animaux sont tr\u00e8s contraignantes\"}]},{\"@type\":\"WebSite\",\"@id\":\"https:\/\/animalwelfare.interpharma.ch\/#website\",\"url\":\"https:\/\/animalwelfare.interpharma.ch\/\",\"name\":\"animalwelfare\",\"description\":\"\",\"potentialAction\":[{\"@type\":\"SearchAction\",\"target\":{\"@type\":\"EntryPoint\",\"urlTemplate\":\"https:\/\/animalwelfare.interpharma.ch\/?s={search_term_string}\"},\"query-input\":{\"@type\":\"PropertyValueSpecification\",\"valueRequired\":true,\"valueName\":\"search_term_string\"}}],\"inLanguage\":\"fr-FR\"}]}<\/script>\n<!-- \/ Yoast SEO Premium plugin. -->","yoast_head_json":{"title":"1. Moins de 3.5% des exp\u00e9riences sur animaux sont tr\u00e8s contraignantes - animalwelfare","robots":{"index":"index","follow":"follow","max-snippet":"max-snippet:-1","max-image-preview":"max-image-preview:large","max-video-preview":"max-video-preview:-1"},"canonical":"https:\/\/animalwelfare.interpharma.ch\/themen\/grundlagen\/schweregrad-3-versuche\/1-weniger-als-3-5-aller-tierversuche-sind-schwer-belastend\/","og_locale":"fr_FR","og_type":"article","og_title":"1. Moins de 3.5% des exp\u00e9riences sur animaux sont tr\u00e8s contraignantes","og_description":"1. Moins de 3.5% des exp\u00e9riences sur animaux sont tr\u00e8s contraignantes L\u2019industrie pharmaceutique, les chercheurs, les sp\u00e9cialistesdes animaux de laboratoire, la Conf\u00e9d\u00e9ration, les organisationsde protection des animaux et les cercles politiques s\u2019engagentdepuis plus de 30 ans pour l\u2019application des principes des 3R.Notamment gr\u00e2ce \u00e0 l\u2019encouragement syst\u00e9matique des 3R,le nombre d\u2019animaux d\u2019exp\u00e9rience est pass\u00e9 d\u2019environ 2 [&hellip;]","og_url":"https:\/\/animalwelfare.interpharma.ch\/themen\/grundlagen\/schweregrad-3-versuche\/1-weniger-als-3-5-aller-tierversuche-sind-schwer-belastend\/","og_site_name":"animalwelfare","article_modified_time":"2026-03-09T14:30:38+00:00","twitter_card":"summary_large_image","twitter_misc":{"Dur\u00e9e de lecture estim\u00e9e":"1 minute"},"schema":{"@context":"https:\/\/schema.org","@graph":[{"@type":"WebPage","@id":"https:\/\/animalwelfare.interpharma.ch\/themen\/grundlagen\/schweregrad-3-versuche\/1-weniger-als-3-5-aller-tierversuche-sind-schwer-belastend\/","url":"https:\/\/animalwelfare.interpharma.ch\/themen\/grundlagen\/schweregrad-3-versuche\/1-weniger-als-3-5-aller-tierversuche-sind-schwer-belastend\/","name":"1. Moins de 3.5% des exp\u00e9riences sur animaux sont tr\u00e8s contraignantes - animalwelfare","isPartOf":{"@id":"https:\/\/animalwelfare.interpharma.ch\/#website"},"datePublished":"2026-03-06T16:35:23+00:00","dateModified":"2026-03-09T14:30:38+00:00","breadcrumb":{"@id":"https:\/\/animalwelfare.interpharma.ch\/themen\/grundlagen\/schweregrad-3-versuche\/1-weniger-als-3-5-aller-tierversuche-sind-schwer-belastend\/#breadcrumb"},"inLanguage":"fr-FR","potentialAction":[{"@type":"ReadAction","target":["https:\/\/animalwelfare.interpharma.ch\/themen\/grundlagen\/schweregrad-3-versuche\/1-weniger-als-3-5-aller-tierversuche-sind-schwer-belastend\/"]}]},{"@type":"BreadcrumbList","@id":"https:\/\/animalwelfare.interpharma.ch\/themen\/grundlagen\/schweregrad-3-versuche\/1-weniger-als-3-5-aller-tierversuche-sind-schwer-belastend\/#breadcrumb","itemListElement":[{"@type":"ListItem","position":1,"name":"Start","item":"https:\/\/animalwelfare.interpharma.ch\/fr\/"},{"@type":"ListItem","position":2,"name":"Contenus","item":"https:\/\/animalwelfare.interpharma.ch\/fr\/sujets\/"},{"@type":"ListItem","position":3,"name":"Fondements","item":"https:\/\/animalwelfare.interpharma.ch\/fr\/sujets\/grundlagen\/"},{"@type":"ListItem","position":4,"name":"Exp\u00e9riences du degr\u00e9 de gravit\u00e9 3","item":"https:\/\/animalwelfare.interpharma.ch\/fr\/sujets\/grundlagen\/experiences-du-degre-de-gravite-3\/"},{"@type":"ListItem","position":5,"name":"1. Moins de 3.5% des exp\u00e9riences sur animaux sont tr\u00e8s contraignantes"}]},{"@type":"WebSite","@id":"https:\/\/animalwelfare.interpharma.ch\/#website","url":"https:\/\/animalwelfare.interpharma.ch\/","name":"animalwelfare","description":"","potentialAction":[{"@type":"SearchAction","target":{"@type":"EntryPoint","urlTemplate":"https:\/\/animalwelfare.interpharma.ch\/?s={search_term_string}"},"query-input":{"@type":"PropertyValueSpecification","valueRequired":true,"valueName":"search_term_string"}}],"inLanguage":"fr-FR"}]}},"_links":{"self":[{"href":"https:\/\/animalwelfare.interpharma.ch\/fr\/wp-json\/wp\/v2\/pages\/900","targetHints":{"allow":["GET"]}}],"collection":[{"href":"https:\/\/animalwelfare.interpharma.ch\/fr\/wp-json\/wp\/v2\/pages"}],"about":[{"href":"https:\/\/animalwelfare.interpharma.ch\/fr\/wp-json\/wp\/v2\/types\/page"}],"author":[{"embeddable":true,"href":"https:\/\/animalwelfare.interpharma.ch\/fr\/wp-json\/wp\/v2\/users\/1"}],"replies":[{"embeddable":true,"href":"https:\/\/animalwelfare.interpharma.ch\/fr\/wp-json\/wp\/v2\/comments?post=900"}],"version-history":[{"count":2,"href":"https:\/\/animalwelfare.interpharma.ch\/fr\/wp-json\/wp\/v2\/pages\/900\/revisions"}],"predecessor-version":[{"id":2896,"href":"https:\/\/animalwelfare.interpharma.ch\/fr\/wp-json\/wp\/v2\/pages\/900\/revisions\/2896"}],"up":[{"embeddable":true,"href":"https:\/\/animalwelfare.interpharma.ch\/fr\/wp-json\/wp\/v2\/pages\/894"}],"wp:attachment":[{"href":"https:\/\/animalwelfare.interpharma.ch\/fr\/wp-json\/wp\/v2\/media?parent=900"}],"curies":[{"name":"wp","href":"https:\/\/api.w.org\/{rel}","templated":true}]}}