{"id":882,"date":"2026-03-06T17:35:22","date_gmt":"2026-03-06T16:35:22","guid":{"rendered":"https:\/\/animalwelfare.iph-multisite.berta-bewegt.ch\/?page_id=882"},"modified":"2026-03-09T15:31:01","modified_gmt":"2026-03-09T14:31:01","slug":"2-interdire-la-recherche-a-des-consequences-negatives-pour-les-patient-e-s","status":"publish","type":"page","link":"https:\/\/animalwelfare.interpharma.ch\/fr\/sujets\/grundlagen\/experiences-du-degre-de-gravite-3\/2-interdire-la-recherche-a-des-consequences-negatives-pour-les-patient-e-s\/","title":{"rendered":"2. Interdire la recherche a des cons\u00e9quences n\u00e9gatives pour les patient-e-s"},"content":{"rendered":"\n<h2 class=\"wp-block-heading\">2. Interdire la recherche a des cons\u00e9quences n\u00e9gatives pour les patient-e-s<\/h2>\n\n\n\n<p>M\u00eame si les exp\u00e9riences sur animaux tr\u00e8s contraignantes(degr\u00e9 de gravit\u00e9 3) ne repr\u00e9sentent qu\u2019une petite partiede la recherche impliquant des animaux, les interdire auraitde lourdes cons\u00e9quences n\u00e9gatives. Cela mettrait nonseulement en danger la place de recherche qu\u2019est la Suisse,mais emp\u00eacherait aussi le d\u00e9veloppement de nouveauxtraitements plus efficaces contre des maladies graves commele cancer, la polyarthrite rhumato\u00efde ou la scl\u00e9rose en plaques.Ce sont pr\u00e9cis\u00e9ment les mod\u00e8les animaux permettant dechercher de nouvelles approches th\u00e9rapeutiques contre desmaladies graves telles que celles-ci qui sont souvent class\u00e9sdans le degr\u00e9 de gravit\u00e9 3. L\u2019interdiction de la recherchetoucherait donc non seulement les chercheuses et chercheursdes hautes \u00e9coles, universit\u00e9s et de l\u2019industrie pharmaceutique,mais aussi et surtout les patient-e-s qui ont grand besoin detraitements plus efficaces.<\/p>\n","protected":false},"excerpt":{"rendered":"<p>2. Interdire la recherche a des cons\u00e9quences n\u00e9gatives pour les patient-e-s M\u00eame si les exp\u00e9riences sur animaux tr\u00e8s contraignantes(degr\u00e9 de gravit\u00e9 3) ne repr\u00e9sentent qu\u2019une petite partiede la recherche impliquant des animaux, les interdire auraitde lourdes cons\u00e9quences n\u00e9gatives. Cela mettrait nonseulement en danger la place de recherche qu\u2019est la Suisse,mais emp\u00eacherait aussi le d\u00e9veloppement de [&hellip;]<\/p>\n","protected":false},"author":1,"featured_media":0,"parent":894,"menu_order":1,"comment_status":"closed","ping_status":"closed","template":"page-templates\/unterthema.php","meta":{"_acf_changed":false,"inline_featured_image":false,"footnotes":""},"class_list":["post-882","page","type-page","status-publish","hentry"],"acf":[],"yoast_head":"<!-- This site is optimized with the Yoast SEO Premium plugin v27.2 (Yoast SEO v27.2) - https:\/\/yoast.com\/product\/yoast-seo-premium-wordpress\/ -->\n<title>2. Interdire la recherche a des cons\u00e9quences n\u00e9gatives pour les patient-e-s - animalwelfare<\/title>\n<meta name=\"robots\" content=\"index, follow, max-snippet:-1, max-image-preview:large, max-video-preview:-1\" \/>\n<link rel=\"canonical\" href=\"https:\/\/animalwelfare.interpharma.ch\/fr\/sujets\/grundlagen\/experiences-du-degre-de-gravite-3\/2-interdire-la-recherche-a-des-consequences-negatives-pour-les-patient-e-s\/\" \/>\n<meta property=\"og:locale\" content=\"fr_FR\" \/>\n<meta property=\"og:type\" content=\"article\" \/>\n<meta property=\"og:title\" content=\"2. Interdire la recherche a des cons\u00e9quences n\u00e9gatives pour les patient-e-s\" \/>\n<meta property=\"og:description\" content=\"2. Interdire la recherche a des cons\u00e9quences n\u00e9gatives pour les patient-e-s M\u00eame si les exp\u00e9riences sur animaux tr\u00e8s contraignantes(degr\u00e9 de gravit\u00e9 3) ne repr\u00e9sentent qu\u2019une petite partiede la recherche impliquant des animaux, les interdire auraitde lourdes cons\u00e9quences n\u00e9gatives. Cela mettrait nonseulement en danger la place de recherche qu\u2019est la Suisse,mais emp\u00eacherait aussi le d\u00e9veloppement de [&hellip;]\" \/>\n<meta property=\"og:url\" content=\"https:\/\/animalwelfare.interpharma.ch\/fr\/sujets\/grundlagen\/experiences-du-degre-de-gravite-3\/2-interdire-la-recherche-a-des-consequences-negatives-pour-les-patient-e-s\/\" \/>\n<meta property=\"og:site_name\" content=\"animalwelfare\" \/>\n<meta property=\"article:modified_time\" content=\"2026-03-09T14:31:01+00:00\" \/>\n<meta name=\"twitter:card\" content=\"summary_large_image\" \/>\n<meta name=\"twitter:label1\" content=\"Dur\u00e9e de lecture estim\u00e9e\" \/>\n\t<meta name=\"twitter:data1\" content=\"1 minute\" \/>\n<script type=\"application\/ld+json\" class=\"yoast-schema-graph\">{\"@context\":\"https:\/\/schema.org\",\"@graph\":[{\"@type\":\"WebPage\",\"@id\":\"https:\/\/animalwelfare.interpharma.ch\/fr\/sujets\/grundlagen\/experiences-du-degre-de-gravite-3\/2-interdire-la-recherche-a-des-consequences-negatives-pour-les-patient-e-s\/\",\"url\":\"https:\/\/animalwelfare.interpharma.ch\/fr\/sujets\/grundlagen\/experiences-du-degre-de-gravite-3\/2-interdire-la-recherche-a-des-consequences-negatives-pour-les-patient-e-s\/\",\"name\":\"2. Interdire la recherche a des cons\u00e9quences n\u00e9gatives pour les patient-e-s - animalwelfare\",\"isPartOf\":{\"@id\":\"https:\/\/animalwelfare.interpharma.ch\/#website\"},\"datePublished\":\"2026-03-06T16:35:22+00:00\",\"dateModified\":\"2026-03-09T14:31:01+00:00\",\"breadcrumb\":{\"@id\":\"https:\/\/animalwelfare.interpharma.ch\/fr\/sujets\/grundlagen\/experiences-du-degre-de-gravite-3\/2-interdire-la-recherche-a-des-consequences-negatives-pour-les-patient-e-s\/#breadcrumb\"},\"inLanguage\":\"fr-FR\",\"potentialAction\":[{\"@type\":\"ReadAction\",\"target\":[\"https:\/\/animalwelfare.interpharma.ch\/fr\/sujets\/grundlagen\/experiences-du-degre-de-gravite-3\/2-interdire-la-recherche-a-des-consequences-negatives-pour-les-patient-e-s\/\"]}]},{\"@type\":\"BreadcrumbList\",\"@id\":\"https:\/\/animalwelfare.interpharma.ch\/fr\/sujets\/grundlagen\/experiences-du-degre-de-gravite-3\/2-interdire-la-recherche-a-des-consequences-negatives-pour-les-patient-e-s\/#breadcrumb\",\"itemListElement\":[{\"@type\":\"ListItem\",\"position\":1,\"name\":\"Start\",\"item\":\"https:\/\/animalwelfare.interpharma.ch\/fr\/\"},{\"@type\":\"ListItem\",\"position\":2,\"name\":\"Contenus\",\"item\":\"https:\/\/animalwelfare.interpharma.ch\/fr\/sujets\/\"},{\"@type\":\"ListItem\",\"position\":3,\"name\":\"Fondements\",\"item\":\"https:\/\/animalwelfare.interpharma.ch\/fr\/sujets\/grundlagen\/\"},{\"@type\":\"ListItem\",\"position\":4,\"name\":\"Exp\u00e9riences du degr\u00e9 de gravit\u00e9 3\",\"item\":\"https:\/\/animalwelfare.interpharma.ch\/fr\/sujets\/grundlagen\/experiences-du-degre-de-gravite-3\/\"},{\"@type\":\"ListItem\",\"position\":5,\"name\":\"2. Interdire la recherche a des cons\u00e9quences n\u00e9gatives pour les patient-e-s\"}]},{\"@type\":\"WebSite\",\"@id\":\"https:\/\/animalwelfare.interpharma.ch\/#website\",\"url\":\"https:\/\/animalwelfare.interpharma.ch\/\",\"name\":\"animalwelfare\",\"description\":\"\",\"potentialAction\":[{\"@type\":\"SearchAction\",\"target\":{\"@type\":\"EntryPoint\",\"urlTemplate\":\"https:\/\/animalwelfare.interpharma.ch\/?s={search_term_string}\"},\"query-input\":{\"@type\":\"PropertyValueSpecification\",\"valueRequired\":true,\"valueName\":\"search_term_string\"}}],\"inLanguage\":\"fr-FR\"}]}<\/script>\n<!-- \/ Yoast SEO Premium plugin. -->","yoast_head_json":{"title":"2. Interdire la recherche a des cons\u00e9quences n\u00e9gatives pour les patient-e-s - animalwelfare","robots":{"index":"index","follow":"follow","max-snippet":"max-snippet:-1","max-image-preview":"max-image-preview:large","max-video-preview":"max-video-preview:-1"},"canonical":"https:\/\/animalwelfare.interpharma.ch\/fr\/sujets\/grundlagen\/experiences-du-degre-de-gravite-3\/2-interdire-la-recherche-a-des-consequences-negatives-pour-les-patient-e-s\/","og_locale":"fr_FR","og_type":"article","og_title":"2. Interdire la recherche a des cons\u00e9quences n\u00e9gatives pour les patient-e-s","og_description":"2. Interdire la recherche a des cons\u00e9quences n\u00e9gatives pour les patient-e-s M\u00eame si les exp\u00e9riences sur animaux tr\u00e8s contraignantes(degr\u00e9 de gravit\u00e9 3) ne repr\u00e9sentent qu\u2019une petite partiede la recherche impliquant des animaux, les interdire auraitde lourdes cons\u00e9quences n\u00e9gatives. Cela mettrait nonseulement en danger la place de recherche qu\u2019est la Suisse,mais emp\u00eacherait aussi le d\u00e9veloppement de [&hellip;]","og_url":"https:\/\/animalwelfare.interpharma.ch\/fr\/sujets\/grundlagen\/experiences-du-degre-de-gravite-3\/2-interdire-la-recherche-a-des-consequences-negatives-pour-les-patient-e-s\/","og_site_name":"animalwelfare","article_modified_time":"2026-03-09T14:31:01+00:00","twitter_card":"summary_large_image","twitter_misc":{"Dur\u00e9e de lecture estim\u00e9e":"1 minute"},"schema":{"@context":"https:\/\/schema.org","@graph":[{"@type":"WebPage","@id":"https:\/\/animalwelfare.interpharma.ch\/fr\/sujets\/grundlagen\/experiences-du-degre-de-gravite-3\/2-interdire-la-recherche-a-des-consequences-negatives-pour-les-patient-e-s\/","url":"https:\/\/animalwelfare.interpharma.ch\/fr\/sujets\/grundlagen\/experiences-du-degre-de-gravite-3\/2-interdire-la-recherche-a-des-consequences-negatives-pour-les-patient-e-s\/","name":"2. Interdire la recherche a des cons\u00e9quences n\u00e9gatives pour les patient-e-s - animalwelfare","isPartOf":{"@id":"https:\/\/animalwelfare.interpharma.ch\/#website"},"datePublished":"2026-03-06T16:35:22+00:00","dateModified":"2026-03-09T14:31:01+00:00","breadcrumb":{"@id":"https:\/\/animalwelfare.interpharma.ch\/fr\/sujets\/grundlagen\/experiences-du-degre-de-gravite-3\/2-interdire-la-recherche-a-des-consequences-negatives-pour-les-patient-e-s\/#breadcrumb"},"inLanguage":"fr-FR","potentialAction":[{"@type":"ReadAction","target":["https:\/\/animalwelfare.interpharma.ch\/fr\/sujets\/grundlagen\/experiences-du-degre-de-gravite-3\/2-interdire-la-recherche-a-des-consequences-negatives-pour-les-patient-e-s\/"]}]},{"@type":"BreadcrumbList","@id":"https:\/\/animalwelfare.interpharma.ch\/fr\/sujets\/grundlagen\/experiences-du-degre-de-gravite-3\/2-interdire-la-recherche-a-des-consequences-negatives-pour-les-patient-e-s\/#breadcrumb","itemListElement":[{"@type":"ListItem","position":1,"name":"Start","item":"https:\/\/animalwelfare.interpharma.ch\/fr\/"},{"@type":"ListItem","position":2,"name":"Contenus","item":"https:\/\/animalwelfare.interpharma.ch\/fr\/sujets\/"},{"@type":"ListItem","position":3,"name":"Fondements","item":"https:\/\/animalwelfare.interpharma.ch\/fr\/sujets\/grundlagen\/"},{"@type":"ListItem","position":4,"name":"Exp\u00e9riences du degr\u00e9 de gravit\u00e9 3","item":"https:\/\/animalwelfare.interpharma.ch\/fr\/sujets\/grundlagen\/experiences-du-degre-de-gravite-3\/"},{"@type":"ListItem","position":5,"name":"2. Interdire la recherche a des cons\u00e9quences n\u00e9gatives pour les patient-e-s"}]},{"@type":"WebSite","@id":"https:\/\/animalwelfare.interpharma.ch\/#website","url":"https:\/\/animalwelfare.interpharma.ch\/","name":"animalwelfare","description":"","potentialAction":[{"@type":"SearchAction","target":{"@type":"EntryPoint","urlTemplate":"https:\/\/animalwelfare.interpharma.ch\/?s={search_term_string}"},"query-input":{"@type":"PropertyValueSpecification","valueRequired":true,"valueName":"search_term_string"}}],"inLanguage":"fr-FR"}]}},"_links":{"self":[{"href":"https:\/\/animalwelfare.interpharma.ch\/fr\/wp-json\/wp\/v2\/pages\/882","targetHints":{"allow":["GET"]}}],"collection":[{"href":"https:\/\/animalwelfare.interpharma.ch\/fr\/wp-json\/wp\/v2\/pages"}],"about":[{"href":"https:\/\/animalwelfare.interpharma.ch\/fr\/wp-json\/wp\/v2\/types\/page"}],"author":[{"embeddable":true,"href":"https:\/\/animalwelfare.interpharma.ch\/fr\/wp-json\/wp\/v2\/users\/1"}],"replies":[{"embeddable":true,"href":"https:\/\/animalwelfare.interpharma.ch\/fr\/wp-json\/wp\/v2\/comments?post=882"}],"version-history":[{"count":2,"href":"https:\/\/animalwelfare.interpharma.ch\/fr\/wp-json\/wp\/v2\/pages\/882\/revisions"}],"predecessor-version":[{"id":2897,"href":"https:\/\/animalwelfare.interpharma.ch\/fr\/wp-json\/wp\/v2\/pages\/882\/revisions\/2897"}],"up":[{"embeddable":true,"href":"https:\/\/animalwelfare.interpharma.ch\/fr\/wp-json\/wp\/v2\/pages\/894"}],"wp:attachment":[{"href":"https:\/\/animalwelfare.interpharma.ch\/fr\/wp-json\/wp\/v2\/media?parent=882"}],"curies":[{"name":"wp","href":"https:\/\/api.w.org\/{rel}","templated":true}]}}