{"id":876,"date":"2026-03-06T17:35:21","date_gmt":"2026-03-06T16:35:21","guid":{"rendered":"https:\/\/animalwelfare.iph-multisite.berta-bewegt.ch\/?page_id=876"},"modified":"2026-03-09T15:31:18","modified_gmt":"2026-03-09T14:31:18","slug":"3-une-legislation-severe-protege-la-dignite-animale","status":"publish","type":"page","link":"https:\/\/animalwelfare.interpharma.ch\/fr\/sujets\/grundlagen\/experiences-du-degre-de-gravite-3\/3-une-legislation-severe-protege-la-dignite-animale\/","title":{"rendered":"3. Une l\u00e9gislation s\u00e9v\u00e8re prot\u00e8ge la dignit\u00e9 animale"},"content":{"rendered":"\n<h2 class=\"wp-block-heading\">3. Une l\u00e9gislation s\u00e9v\u00e8re prot\u00e8ge la dignit\u00e9 animale<\/h2>\n\n\n\n<p>La Suisse dispose de l\u2019une des lois sur la protection des animauxles plus s\u00e9v\u00e8res au monde. Une exp\u00e9rience sur animauxn\u2019est autoris\u00e9e que s\u2019il n\u2019y a pas d\u2019alternative reconnue. Lapes\u00e9e \u00e9thique des int\u00e9r\u00eats est obligatoire et doit pencher duc\u00f4t\u00e9 du b\u00e9n\u00e9fice attendu par rapport aux contraintes impos\u00e9esaux animaux. Dans le cas contraire, l\u2019exp\u00e9rience n\u2019estpas autoris\u00e9e. La loi prot\u00e8ge ainsi le bien-\u00eatre et la dignit\u00e9 del\u2019animal. La plupart des questions peuvent \u00eatre trait\u00e9es \u00e0l\u2019aide d\u2019exp\u00e9riences sur la souris ou le rat. En 2019, ils repr\u00e9sentaientenviron 80% de l\u2019ensemble des animaux de laboratoireen Suisse (cf. graphique \u00e0 la page suivante). Pour unepetite partie des exp\u00e9riences et en fonction de la questionpos\u00e9e, on utilise aussi des moutons, des porcs, des volailles,des poissons, des chiens ou des primates non hominid\u00e9s.Les \u00e9tudes sur des primates non hominid\u00e9s ne sont autoris\u00e9esque si les connaissances attendues ne peuvent pas \u00eatreobtenues par des m\u00e9thodes de substitution n\u2019utilisant pasd\u2019animaux ou avec d\u2019autres esp\u00e8ces animales.<\/p>\n","protected":false},"excerpt":{"rendered":"<p>3. Une l\u00e9gislation s\u00e9v\u00e8re prot\u00e8ge la dignit\u00e9 animale La Suisse dispose de l\u2019une des lois sur la protection des animauxles plus s\u00e9v\u00e8res au monde. Une exp\u00e9rience sur animauxn\u2019est autoris\u00e9e que s\u2019il n\u2019y a pas d\u2019alternative reconnue. Lapes\u00e9e \u00e9thique des int\u00e9r\u00eats est obligatoire et doit pencher duc\u00f4t\u00e9 du b\u00e9n\u00e9fice attendu par rapport aux contraintes impos\u00e9esaux animaux. [&hellip;]<\/p>\n","protected":false},"author":1,"featured_media":0,"parent":894,"menu_order":2,"comment_status":"closed","ping_status":"closed","template":"page-templates\/unterthema.php","meta":{"_acf_changed":false,"inline_featured_image":false,"footnotes":""},"class_list":["post-876","page","type-page","status-publish","hentry"],"acf":[],"yoast_head":"<!-- This site is optimized with the Yoast SEO Premium plugin v27.2 (Yoast SEO v27.2) - https:\/\/yoast.com\/product\/yoast-seo-premium-wordpress\/ -->\n<title>3. Une l\u00e9gislation s\u00e9v\u00e8re prot\u00e8ge la dignit\u00e9 animale - animalwelfare<\/title>\n<meta name=\"robots\" content=\"index, follow, max-snippet:-1, max-image-preview:large, max-video-preview:-1\" \/>\n<link rel=\"canonical\" href=\"https:\/\/animalwelfare.interpharma.ch\/fr\/sujets\/grundlagen\/experiences-du-degre-de-gravite-3\/3-une-legislation-severe-protege-la-dignite-animale\/\" \/>\n<meta property=\"og:locale\" content=\"fr_FR\" \/>\n<meta property=\"og:type\" content=\"article\" \/>\n<meta property=\"og:title\" content=\"3. Une l\u00e9gislation s\u00e9v\u00e8re prot\u00e8ge la dignit\u00e9 animale\" \/>\n<meta property=\"og:description\" content=\"3. Une l\u00e9gislation s\u00e9v\u00e8re prot\u00e8ge la dignit\u00e9 animale La Suisse dispose de l\u2019une des lois sur la protection des animauxles plus s\u00e9v\u00e8res au monde. Une exp\u00e9rience sur animauxn\u2019est autoris\u00e9e que s\u2019il n\u2019y a pas d\u2019alternative reconnue. Lapes\u00e9e \u00e9thique des int\u00e9r\u00eats est obligatoire et doit pencher duc\u00f4t\u00e9 du b\u00e9n\u00e9fice attendu par rapport aux contraintes impos\u00e9esaux animaux. [&hellip;]\" \/>\n<meta property=\"og:url\" content=\"https:\/\/animalwelfare.interpharma.ch\/fr\/sujets\/grundlagen\/experiences-du-degre-de-gravite-3\/3-une-legislation-severe-protege-la-dignite-animale\/\" \/>\n<meta property=\"og:site_name\" content=\"animalwelfare\" \/>\n<meta property=\"article:modified_time\" content=\"2026-03-09T14:31:18+00:00\" \/>\n<meta name=\"twitter:card\" content=\"summary_large_image\" \/>\n<meta name=\"twitter:label1\" content=\"Dur\u00e9e de lecture estim\u00e9e\" \/>\n\t<meta name=\"twitter:data1\" content=\"1 minute\" \/>\n<script type=\"application\/ld+json\" class=\"yoast-schema-graph\">{\"@context\":\"https:\/\/schema.org\",\"@graph\":[{\"@type\":\"WebPage\",\"@id\":\"https:\/\/animalwelfare.interpharma.ch\/fr\/sujets\/grundlagen\/experiences-du-degre-de-gravite-3\/3-une-legislation-severe-protege-la-dignite-animale\/\",\"url\":\"https:\/\/animalwelfare.interpharma.ch\/fr\/sujets\/grundlagen\/experiences-du-degre-de-gravite-3\/3-une-legislation-severe-protege-la-dignite-animale\/\",\"name\":\"3. Une l\u00e9gislation s\u00e9v\u00e8re prot\u00e8ge la dignit\u00e9 animale - animalwelfare\",\"isPartOf\":{\"@id\":\"https:\/\/animalwelfare.interpharma.ch\/#website\"},\"datePublished\":\"2026-03-06T16:35:21+00:00\",\"dateModified\":\"2026-03-09T14:31:18+00:00\",\"breadcrumb\":{\"@id\":\"https:\/\/animalwelfare.interpharma.ch\/fr\/sujets\/grundlagen\/experiences-du-degre-de-gravite-3\/3-une-legislation-severe-protege-la-dignite-animale\/#breadcrumb\"},\"inLanguage\":\"fr-FR\",\"potentialAction\":[{\"@type\":\"ReadAction\",\"target\":[\"https:\/\/animalwelfare.interpharma.ch\/fr\/sujets\/grundlagen\/experiences-du-degre-de-gravite-3\/3-une-legislation-severe-protege-la-dignite-animale\/\"]}]},{\"@type\":\"BreadcrumbList\",\"@id\":\"https:\/\/animalwelfare.interpharma.ch\/fr\/sujets\/grundlagen\/experiences-du-degre-de-gravite-3\/3-une-legislation-severe-protege-la-dignite-animale\/#breadcrumb\",\"itemListElement\":[{\"@type\":\"ListItem\",\"position\":1,\"name\":\"Start\",\"item\":\"https:\/\/animalwelfare.interpharma.ch\/fr\/\"},{\"@type\":\"ListItem\",\"position\":2,\"name\":\"Contenus\",\"item\":\"https:\/\/animalwelfare.interpharma.ch\/fr\/sujets\/\"},{\"@type\":\"ListItem\",\"position\":3,\"name\":\"Fondements\",\"item\":\"https:\/\/animalwelfare.interpharma.ch\/fr\/sujets\/grundlagen\/\"},{\"@type\":\"ListItem\",\"position\":4,\"name\":\"Exp\u00e9riences du degr\u00e9 de gravit\u00e9 3\",\"item\":\"https:\/\/animalwelfare.interpharma.ch\/fr\/sujets\/grundlagen\/experiences-du-degre-de-gravite-3\/\"},{\"@type\":\"ListItem\",\"position\":5,\"name\":\"3. Une l\u00e9gislation s\u00e9v\u00e8re prot\u00e8ge la dignit\u00e9 animale\"}]},{\"@type\":\"WebSite\",\"@id\":\"https:\/\/animalwelfare.interpharma.ch\/#website\",\"url\":\"https:\/\/animalwelfare.interpharma.ch\/\",\"name\":\"animalwelfare\",\"description\":\"\",\"potentialAction\":[{\"@type\":\"SearchAction\",\"target\":{\"@type\":\"EntryPoint\",\"urlTemplate\":\"https:\/\/animalwelfare.interpharma.ch\/?s={search_term_string}\"},\"query-input\":{\"@type\":\"PropertyValueSpecification\",\"valueRequired\":true,\"valueName\":\"search_term_string\"}}],\"inLanguage\":\"fr-FR\"}]}<\/script>\n<!-- \/ Yoast SEO Premium plugin. -->","yoast_head_json":{"title":"3. Une l\u00e9gislation s\u00e9v\u00e8re prot\u00e8ge la dignit\u00e9 animale - animalwelfare","robots":{"index":"index","follow":"follow","max-snippet":"max-snippet:-1","max-image-preview":"max-image-preview:large","max-video-preview":"max-video-preview:-1"},"canonical":"https:\/\/animalwelfare.interpharma.ch\/fr\/sujets\/grundlagen\/experiences-du-degre-de-gravite-3\/3-une-legislation-severe-protege-la-dignite-animale\/","og_locale":"fr_FR","og_type":"article","og_title":"3. Une l\u00e9gislation s\u00e9v\u00e8re prot\u00e8ge la dignit\u00e9 animale","og_description":"3. Une l\u00e9gislation s\u00e9v\u00e8re prot\u00e8ge la dignit\u00e9 animale La Suisse dispose de l\u2019une des lois sur la protection des animauxles plus s\u00e9v\u00e8res au monde. Une exp\u00e9rience sur animauxn\u2019est autoris\u00e9e que s\u2019il n\u2019y a pas d\u2019alternative reconnue. Lapes\u00e9e \u00e9thique des int\u00e9r\u00eats est obligatoire et doit pencher duc\u00f4t\u00e9 du b\u00e9n\u00e9fice attendu par rapport aux contraintes impos\u00e9esaux animaux. [&hellip;]","og_url":"https:\/\/animalwelfare.interpharma.ch\/fr\/sujets\/grundlagen\/experiences-du-degre-de-gravite-3\/3-une-legislation-severe-protege-la-dignite-animale\/","og_site_name":"animalwelfare","article_modified_time":"2026-03-09T14:31:18+00:00","twitter_card":"summary_large_image","twitter_misc":{"Dur\u00e9e de lecture estim\u00e9e":"1 minute"},"schema":{"@context":"https:\/\/schema.org","@graph":[{"@type":"WebPage","@id":"https:\/\/animalwelfare.interpharma.ch\/fr\/sujets\/grundlagen\/experiences-du-degre-de-gravite-3\/3-une-legislation-severe-protege-la-dignite-animale\/","url":"https:\/\/animalwelfare.interpharma.ch\/fr\/sujets\/grundlagen\/experiences-du-degre-de-gravite-3\/3-une-legislation-severe-protege-la-dignite-animale\/","name":"3. Une l\u00e9gislation s\u00e9v\u00e8re prot\u00e8ge la dignit\u00e9 animale - animalwelfare","isPartOf":{"@id":"https:\/\/animalwelfare.interpharma.ch\/#website"},"datePublished":"2026-03-06T16:35:21+00:00","dateModified":"2026-03-09T14:31:18+00:00","breadcrumb":{"@id":"https:\/\/animalwelfare.interpharma.ch\/fr\/sujets\/grundlagen\/experiences-du-degre-de-gravite-3\/3-une-legislation-severe-protege-la-dignite-animale\/#breadcrumb"},"inLanguage":"fr-FR","potentialAction":[{"@type":"ReadAction","target":["https:\/\/animalwelfare.interpharma.ch\/fr\/sujets\/grundlagen\/experiences-du-degre-de-gravite-3\/3-une-legislation-severe-protege-la-dignite-animale\/"]}]},{"@type":"BreadcrumbList","@id":"https:\/\/animalwelfare.interpharma.ch\/fr\/sujets\/grundlagen\/experiences-du-degre-de-gravite-3\/3-une-legislation-severe-protege-la-dignite-animale\/#breadcrumb","itemListElement":[{"@type":"ListItem","position":1,"name":"Start","item":"https:\/\/animalwelfare.interpharma.ch\/fr\/"},{"@type":"ListItem","position":2,"name":"Contenus","item":"https:\/\/animalwelfare.interpharma.ch\/fr\/sujets\/"},{"@type":"ListItem","position":3,"name":"Fondements","item":"https:\/\/animalwelfare.interpharma.ch\/fr\/sujets\/grundlagen\/"},{"@type":"ListItem","position":4,"name":"Exp\u00e9riences du degr\u00e9 de gravit\u00e9 3","item":"https:\/\/animalwelfare.interpharma.ch\/fr\/sujets\/grundlagen\/experiences-du-degre-de-gravite-3\/"},{"@type":"ListItem","position":5,"name":"3. Une l\u00e9gislation s\u00e9v\u00e8re prot\u00e8ge la dignit\u00e9 animale"}]},{"@type":"WebSite","@id":"https:\/\/animalwelfare.interpharma.ch\/#website","url":"https:\/\/animalwelfare.interpharma.ch\/","name":"animalwelfare","description":"","potentialAction":[{"@type":"SearchAction","target":{"@type":"EntryPoint","urlTemplate":"https:\/\/animalwelfare.interpharma.ch\/?s={search_term_string}"},"query-input":{"@type":"PropertyValueSpecification","valueRequired":true,"valueName":"search_term_string"}}],"inLanguage":"fr-FR"}]}},"_links":{"self":[{"href":"https:\/\/animalwelfare.interpharma.ch\/fr\/wp-json\/wp\/v2\/pages\/876","targetHints":{"allow":["GET"]}}],"collection":[{"href":"https:\/\/animalwelfare.interpharma.ch\/fr\/wp-json\/wp\/v2\/pages"}],"about":[{"href":"https:\/\/animalwelfare.interpharma.ch\/fr\/wp-json\/wp\/v2\/types\/page"}],"author":[{"embeddable":true,"href":"https:\/\/animalwelfare.interpharma.ch\/fr\/wp-json\/wp\/v2\/users\/1"}],"replies":[{"embeddable":true,"href":"https:\/\/animalwelfare.interpharma.ch\/fr\/wp-json\/wp\/v2\/comments?post=876"}],"version-history":[{"count":2,"href":"https:\/\/animalwelfare.interpharma.ch\/fr\/wp-json\/wp\/v2\/pages\/876\/revisions"}],"predecessor-version":[{"id":2898,"href":"https:\/\/animalwelfare.interpharma.ch\/fr\/wp-json\/wp\/v2\/pages\/876\/revisions\/2898"}],"up":[{"embeddable":true,"href":"https:\/\/animalwelfare.interpharma.ch\/fr\/wp-json\/wp\/v2\/pages\/894"}],"wp:attachment":[{"href":"https:\/\/animalwelfare.interpharma.ch\/fr\/wp-json\/wp\/v2\/media?parent=876"}],"curies":[{"name":"wp","href":"https:\/\/api.w.org\/{rel}","templated":true}]}}