{"id":870,"date":"2026-03-06T17:35:21","date_gmt":"2026-03-06T16:35:21","guid":{"rendered":"https:\/\/animalwelfare.iph-multisite.berta-bewegt.ch\/?page_id=870"},"modified":"2026-03-09T15:31:51","modified_gmt":"2026-03-09T14:31:51","slug":"5-classement-dans-un-degre-de-gravite","status":"publish","type":"page","link":"https:\/\/animalwelfare.interpharma.ch\/fr\/sujets\/grundlagen\/experiences-du-degre-de-gravite-3\/5-classement-dans-un-degre-de-gravite\/","title":{"rendered":"5. Classement dans un degr\u00e9 de gravit\u00e9"},"content":{"rendered":"\n<h2 class=\"wp-block-heading\">5. Classement dans un degr\u00e9 de gravit\u00e9<\/h2>\n\n\n\n<p>Le classement dans un degr\u00e9 de gravit\u00e9 est toujours effectu\u00e9avant le d\u00e9but de l\u2019exp\u00e9rience (classement prospectif).Les chercheurs doivent indiquer le degr\u00e9 de gravit\u00e9 maximalanticip\u00e9 au cours de l\u2019exp\u00e9rience. Or, l\u2019\u00e9l\u00e9ment d\u00e9cisif pourla contrainte subie par les animaux n\u2019est pas le classementprospectif mais la mani\u00e8re dont les animaux r\u00e9agissent \u00e0un processus. C\u2019est pourquoi, une fois l\u2019exp\u00e9rience finie, elleest \u00e9valu\u00e9e et chaque animal est class\u00e9 dans le degr\u00e9 degravit\u00e9 qu\u2019il a effectivement subi au cours de l\u2019exp\u00e9rience(classement r\u00e9trospectif).Si un animal meurt pendant une exp\u00e9rience, celle-ci estautomatiquement class\u00e9e dans le degr\u00e9 de gravit\u00e9 3, ycompris si un animal meurt de sa belle mort pendant uneexp\u00e9rience de degr\u00e9 de gravit\u00e9 0. \u00c9tant donn\u00e9 que celapeut toujours se produire, interdire les exp\u00e9riences dudegr\u00e9 de gravit\u00e9 3 reviendrait \u00e0 les interdire toutes, et donc\u00e0 interdire la recherche.<\/p>\n","protected":false},"excerpt":{"rendered":"<p>5. Classement dans un degr\u00e9 de gravit\u00e9 Le classement dans un degr\u00e9 de gravit\u00e9 est toujours effectu\u00e9avant le d\u00e9but de l\u2019exp\u00e9rience (classement prospectif).Les chercheurs doivent indiquer le degr\u00e9 de gravit\u00e9 maximalanticip\u00e9 au cours de l\u2019exp\u00e9rience. Or, l\u2019\u00e9l\u00e9ment d\u00e9cisif pourla contrainte subie par les animaux n\u2019est pas le classementprospectif mais la mani\u00e8re dont les animaux r\u00e9agissent [&hellip;]<\/p>\n","protected":false},"author":1,"featured_media":0,"parent":894,"menu_order":4,"comment_status":"closed","ping_status":"closed","template":"page-templates\/unterthema.php","meta":{"_acf_changed":false,"inline_featured_image":false,"footnotes":""},"class_list":["post-870","page","type-page","status-publish","hentry"],"acf":[],"yoast_head":"<!-- This site is optimized with the Yoast SEO Premium plugin v27.2 (Yoast SEO v27.2) - https:\/\/yoast.com\/product\/yoast-seo-premium-wordpress\/ -->\n<title>5. Classement dans un degr\u00e9 de gravit\u00e9 - animalwelfare<\/title>\n<meta name=\"robots\" content=\"index, follow, max-snippet:-1, max-image-preview:large, max-video-preview:-1\" \/>\n<link rel=\"canonical\" href=\"https:\/\/animalwelfare.interpharma.ch\/fr\/sujets\/grundlagen\/experiences-du-degre-de-gravite-3\/5-classement-dans-un-degre-de-gravite\/\" \/>\n<meta property=\"og:locale\" content=\"fr_FR\" \/>\n<meta property=\"og:type\" content=\"article\" \/>\n<meta property=\"og:title\" content=\"5. Classement dans un degr\u00e9 de gravit\u00e9\" \/>\n<meta property=\"og:description\" content=\"5. Classement dans un degr\u00e9 de gravit\u00e9 Le classement dans un degr\u00e9 de gravit\u00e9 est toujours effectu\u00e9avant le d\u00e9but de l\u2019exp\u00e9rience (classement prospectif).Les chercheurs doivent indiquer le degr\u00e9 de gravit\u00e9 maximalanticip\u00e9 au cours de l\u2019exp\u00e9rience. Or, l\u2019\u00e9l\u00e9ment d\u00e9cisif pourla contrainte subie par les animaux n\u2019est pas le classementprospectif mais la mani\u00e8re dont les animaux r\u00e9agissent [&hellip;]\" \/>\n<meta property=\"og:url\" content=\"https:\/\/animalwelfare.interpharma.ch\/fr\/sujets\/grundlagen\/experiences-du-degre-de-gravite-3\/5-classement-dans-un-degre-de-gravite\/\" \/>\n<meta property=\"og:site_name\" content=\"animalwelfare\" \/>\n<meta property=\"article:modified_time\" content=\"2026-03-09T14:31:51+00:00\" \/>\n<meta name=\"twitter:card\" content=\"summary_large_image\" \/>\n<meta name=\"twitter:label1\" content=\"Dur\u00e9e de lecture estim\u00e9e\" \/>\n\t<meta name=\"twitter:data1\" content=\"1 minute\" \/>\n<script type=\"application\/ld+json\" class=\"yoast-schema-graph\">{\"@context\":\"https:\/\/schema.org\",\"@graph\":[{\"@type\":\"WebPage\",\"@id\":\"https:\/\/animalwelfare.interpharma.ch\/fr\/sujets\/grundlagen\/experiences-du-degre-de-gravite-3\/5-classement-dans-un-degre-de-gravite\/\",\"url\":\"https:\/\/animalwelfare.interpharma.ch\/fr\/sujets\/grundlagen\/experiences-du-degre-de-gravite-3\/5-classement-dans-un-degre-de-gravite\/\",\"name\":\"5. Classement dans un degr\u00e9 de gravit\u00e9 - animalwelfare\",\"isPartOf\":{\"@id\":\"https:\/\/animalwelfare.interpharma.ch\/#website\"},\"datePublished\":\"2026-03-06T16:35:21+00:00\",\"dateModified\":\"2026-03-09T14:31:51+00:00\",\"breadcrumb\":{\"@id\":\"https:\/\/animalwelfare.interpharma.ch\/fr\/sujets\/grundlagen\/experiences-du-degre-de-gravite-3\/5-classement-dans-un-degre-de-gravite\/#breadcrumb\"},\"inLanguage\":\"fr-FR\",\"potentialAction\":[{\"@type\":\"ReadAction\",\"target\":[\"https:\/\/animalwelfare.interpharma.ch\/fr\/sujets\/grundlagen\/experiences-du-degre-de-gravite-3\/5-classement-dans-un-degre-de-gravite\/\"]}]},{\"@type\":\"BreadcrumbList\",\"@id\":\"https:\/\/animalwelfare.interpharma.ch\/fr\/sujets\/grundlagen\/experiences-du-degre-de-gravite-3\/5-classement-dans-un-degre-de-gravite\/#breadcrumb\",\"itemListElement\":[{\"@type\":\"ListItem\",\"position\":1,\"name\":\"Start\",\"item\":\"https:\/\/animalwelfare.interpharma.ch\/fr\/\"},{\"@type\":\"ListItem\",\"position\":2,\"name\":\"Contenus\",\"item\":\"https:\/\/animalwelfare.interpharma.ch\/fr\/sujets\/\"},{\"@type\":\"ListItem\",\"position\":3,\"name\":\"Fondements\",\"item\":\"https:\/\/animalwelfare.interpharma.ch\/fr\/sujets\/grundlagen\/\"},{\"@type\":\"ListItem\",\"position\":4,\"name\":\"Exp\u00e9riences du degr\u00e9 de gravit\u00e9 3\",\"item\":\"https:\/\/animalwelfare.interpharma.ch\/fr\/sujets\/grundlagen\/experiences-du-degre-de-gravite-3\/\"},{\"@type\":\"ListItem\",\"position\":5,\"name\":\"5. Classement dans un degr\u00e9 de gravit\u00e9\"}]},{\"@type\":\"WebSite\",\"@id\":\"https:\/\/animalwelfare.interpharma.ch\/#website\",\"url\":\"https:\/\/animalwelfare.interpharma.ch\/\",\"name\":\"animalwelfare\",\"description\":\"\",\"potentialAction\":[{\"@type\":\"SearchAction\",\"target\":{\"@type\":\"EntryPoint\",\"urlTemplate\":\"https:\/\/animalwelfare.interpharma.ch\/?s={search_term_string}\"},\"query-input\":{\"@type\":\"PropertyValueSpecification\",\"valueRequired\":true,\"valueName\":\"search_term_string\"}}],\"inLanguage\":\"fr-FR\"}]}<\/script>\n<!-- \/ Yoast SEO Premium plugin. -->","yoast_head_json":{"title":"5. Classement dans un degr\u00e9 de gravit\u00e9 - animalwelfare","robots":{"index":"index","follow":"follow","max-snippet":"max-snippet:-1","max-image-preview":"max-image-preview:large","max-video-preview":"max-video-preview:-1"},"canonical":"https:\/\/animalwelfare.interpharma.ch\/fr\/sujets\/grundlagen\/experiences-du-degre-de-gravite-3\/5-classement-dans-un-degre-de-gravite\/","og_locale":"fr_FR","og_type":"article","og_title":"5. Classement dans un degr\u00e9 de gravit\u00e9","og_description":"5. Classement dans un degr\u00e9 de gravit\u00e9 Le classement dans un degr\u00e9 de gravit\u00e9 est toujours effectu\u00e9avant le d\u00e9but de l\u2019exp\u00e9rience (classement prospectif).Les chercheurs doivent indiquer le degr\u00e9 de gravit\u00e9 maximalanticip\u00e9 au cours de l\u2019exp\u00e9rience. Or, l\u2019\u00e9l\u00e9ment d\u00e9cisif pourla contrainte subie par les animaux n\u2019est pas le classementprospectif mais la mani\u00e8re dont les animaux r\u00e9agissent [&hellip;]","og_url":"https:\/\/animalwelfare.interpharma.ch\/fr\/sujets\/grundlagen\/experiences-du-degre-de-gravite-3\/5-classement-dans-un-degre-de-gravite\/","og_site_name":"animalwelfare","article_modified_time":"2026-03-09T14:31:51+00:00","twitter_card":"summary_large_image","twitter_misc":{"Dur\u00e9e de lecture estim\u00e9e":"1 minute"},"schema":{"@context":"https:\/\/schema.org","@graph":[{"@type":"WebPage","@id":"https:\/\/animalwelfare.interpharma.ch\/fr\/sujets\/grundlagen\/experiences-du-degre-de-gravite-3\/5-classement-dans-un-degre-de-gravite\/","url":"https:\/\/animalwelfare.interpharma.ch\/fr\/sujets\/grundlagen\/experiences-du-degre-de-gravite-3\/5-classement-dans-un-degre-de-gravite\/","name":"5. Classement dans un degr\u00e9 de gravit\u00e9 - animalwelfare","isPartOf":{"@id":"https:\/\/animalwelfare.interpharma.ch\/#website"},"datePublished":"2026-03-06T16:35:21+00:00","dateModified":"2026-03-09T14:31:51+00:00","breadcrumb":{"@id":"https:\/\/animalwelfare.interpharma.ch\/fr\/sujets\/grundlagen\/experiences-du-degre-de-gravite-3\/5-classement-dans-un-degre-de-gravite\/#breadcrumb"},"inLanguage":"fr-FR","potentialAction":[{"@type":"ReadAction","target":["https:\/\/animalwelfare.interpharma.ch\/fr\/sujets\/grundlagen\/experiences-du-degre-de-gravite-3\/5-classement-dans-un-degre-de-gravite\/"]}]},{"@type":"BreadcrumbList","@id":"https:\/\/animalwelfare.interpharma.ch\/fr\/sujets\/grundlagen\/experiences-du-degre-de-gravite-3\/5-classement-dans-un-degre-de-gravite\/#breadcrumb","itemListElement":[{"@type":"ListItem","position":1,"name":"Start","item":"https:\/\/animalwelfare.interpharma.ch\/fr\/"},{"@type":"ListItem","position":2,"name":"Contenus","item":"https:\/\/animalwelfare.interpharma.ch\/fr\/sujets\/"},{"@type":"ListItem","position":3,"name":"Fondements","item":"https:\/\/animalwelfare.interpharma.ch\/fr\/sujets\/grundlagen\/"},{"@type":"ListItem","position":4,"name":"Exp\u00e9riences du degr\u00e9 de gravit\u00e9 3","item":"https:\/\/animalwelfare.interpharma.ch\/fr\/sujets\/grundlagen\/experiences-du-degre-de-gravite-3\/"},{"@type":"ListItem","position":5,"name":"5. Classement dans un degr\u00e9 de gravit\u00e9"}]},{"@type":"WebSite","@id":"https:\/\/animalwelfare.interpharma.ch\/#website","url":"https:\/\/animalwelfare.interpharma.ch\/","name":"animalwelfare","description":"","potentialAction":[{"@type":"SearchAction","target":{"@type":"EntryPoint","urlTemplate":"https:\/\/animalwelfare.interpharma.ch\/?s={search_term_string}"},"query-input":{"@type":"PropertyValueSpecification","valueRequired":true,"valueName":"search_term_string"}}],"inLanguage":"fr-FR"}]}},"_links":{"self":[{"href":"https:\/\/animalwelfare.interpharma.ch\/fr\/wp-json\/wp\/v2\/pages\/870","targetHints":{"allow":["GET"]}}],"collection":[{"href":"https:\/\/animalwelfare.interpharma.ch\/fr\/wp-json\/wp\/v2\/pages"}],"about":[{"href":"https:\/\/animalwelfare.interpharma.ch\/fr\/wp-json\/wp\/v2\/types\/page"}],"author":[{"embeddable":true,"href":"https:\/\/animalwelfare.interpharma.ch\/fr\/wp-json\/wp\/v2\/users\/1"}],"replies":[{"embeddable":true,"href":"https:\/\/animalwelfare.interpharma.ch\/fr\/wp-json\/wp\/v2\/comments?post=870"}],"version-history":[{"count":2,"href":"https:\/\/animalwelfare.interpharma.ch\/fr\/wp-json\/wp\/v2\/pages\/870\/revisions"}],"predecessor-version":[{"id":2900,"href":"https:\/\/animalwelfare.interpharma.ch\/fr\/wp-json\/wp\/v2\/pages\/870\/revisions\/2900"}],"up":[{"embeddable":true,"href":"https:\/\/animalwelfare.interpharma.ch\/fr\/wp-json\/wp\/v2\/pages\/894"}],"wp:attachment":[{"href":"https:\/\/animalwelfare.interpharma.ch\/fr\/wp-json\/wp\/v2\/media?parent=870"}],"curies":[{"name":"wp","href":"https:\/\/api.w.org\/{rel}","templated":true}]}}