{"id":852,"date":"2026-03-06T17:35:20","date_gmt":"2026-03-06T16:35:20","guid":{"rendered":"https:\/\/animalwelfare.iph-multisite.berta-bewegt.ch\/?page_id=852"},"modified":"2026-03-09T15:33:01","modified_gmt":"2026-03-09T14:33:01","slug":"2-la-recherche-fondamentale-a-besoin-de-modeles-animaux","status":"publish","type":"page","link":"https:\/\/animalwelfare.interpharma.ch\/fr\/sujets\/grundlagen\/le-long-chemin-vers-un-medicament\/2-la-recherche-fondamentale-a-besoin-de-modeles-animaux\/","title":{"rendered":"2. La recherche fondamentale a besoin de mod\u00e8les animaux"},"content":{"rendered":"\n<h2 class=\"wp-block-heading\">2. La recherche fondamentale a besoin de mod\u00e8les animaux<\/h2>\n\n\n\n<p>\u00c0 la base de tout nouveau m\u00e9dicament ou produit de diagnosticpermettant de reconna\u00eetre et d\u00e9terminer une maladie, se trouvela recherche biom\u00e9dicale fondamentale. Celle-ci recherche lesm\u00e9canismes qui sous-tendent les maladies au niveau cellulaire,subcellulaire, voire mol\u00e9culaire. \u00c0 cet effet, les scientifiquesutilisent toute une gamme de m\u00e9thodes modernes, dont desmod\u00e8les animaux. Ceux-ci permettent d\u2019observer des processusvitaux qui se d\u00e9roulent \u00e9galement chez l\u2019\u00eatre humain et decomprendre les maladies. Par ses d\u00e9couvertes, la recherchefournit les conditions sans lesquelles on ne pourrait m\u00eame pasrechercher de nouvelles substances actives m\u00e9dicales. En effet, il faut avoir un point d\u2019attaque (en g\u00e9n\u00e9ral,une mol\u00e9cule cible ) pour pouvoir chercher une substancesusceptible d\u2019intervenir efficacement dans le d\u00e9roulement dela maladie. La recherche et la \u00ab construction \u00bb d\u2019une substancead\u00e9quate sont en g\u00e9n\u00e9ral un processus qui dure des ann\u00e9es etse compose de centaines d\u2019\u00e9tapes. On \u00e9tudie un grand nombrede substances pour d\u00e9terminer si elles ont les caract\u00e9ristiquesrequises pour une substance active. Des processus informatiquessont une aide pr\u00e9cieuse qui remplace aujourd\u2019hui ungrand nombre d\u2019exp\u00e9riences sur animaux.<\/p>\n","protected":false},"excerpt":{"rendered":"<p>2. La recherche fondamentale a besoin de mod\u00e8les animaux \u00c0 la base de tout nouveau m\u00e9dicament ou produit de diagnosticpermettant de reconna\u00eetre et d\u00e9terminer une maladie, se trouvela recherche biom\u00e9dicale fondamentale. Celle-ci recherche lesm\u00e9canismes qui sous-tendent les maladies au niveau cellulaire,subcellulaire, voire mol\u00e9culaire. \u00c0 cet effet, les scientifiquesutilisent toute une gamme de m\u00e9thodes modernes, dont [&hellip;]<\/p>\n","protected":false},"author":1,"featured_media":0,"parent":864,"menu_order":1,"comment_status":"closed","ping_status":"closed","template":"page-templates\/unterthema.php","meta":{"_acf_changed":false,"inline_featured_image":false,"footnotes":""},"class_list":["post-852","page","type-page","status-publish","hentry"],"acf":[],"yoast_head":"<!-- This site is optimized with the Yoast SEO Premium plugin v27.2 (Yoast SEO v27.2) - https:\/\/yoast.com\/product\/yoast-seo-premium-wordpress\/ -->\n<title>2. La recherche fondamentale a besoin de mod\u00e8les animaux - animalwelfare<\/title>\n<meta name=\"robots\" content=\"index, follow, max-snippet:-1, max-image-preview:large, max-video-preview:-1\" \/>\n<link rel=\"canonical\" href=\"https:\/\/animalwelfare.interpharma.ch\/themen\/grundlagen\/der-lange-weg-zum-medikament\/2-grundlagenforschung-braucht-tiermodelle\/\" \/>\n<meta property=\"og:locale\" content=\"fr_FR\" \/>\n<meta property=\"og:type\" content=\"article\" \/>\n<meta property=\"og:title\" content=\"2. La recherche fondamentale a besoin de mod\u00e8les animaux\" \/>\n<meta property=\"og:description\" content=\"2. La recherche fondamentale a besoin de mod\u00e8les animaux \u00c0 la base de tout nouveau m\u00e9dicament ou produit de diagnosticpermettant de reconna\u00eetre et d\u00e9terminer une maladie, se trouvela recherche biom\u00e9dicale fondamentale. Celle-ci recherche lesm\u00e9canismes qui sous-tendent les maladies au niveau cellulaire,subcellulaire, voire mol\u00e9culaire. \u00c0 cet effet, les scientifiquesutilisent toute une gamme de m\u00e9thodes modernes, dont [&hellip;]\" \/>\n<meta property=\"og:url\" content=\"https:\/\/animalwelfare.interpharma.ch\/themen\/grundlagen\/der-lange-weg-zum-medikament\/2-grundlagenforschung-braucht-tiermodelle\/\" \/>\n<meta property=\"og:site_name\" content=\"animalwelfare\" \/>\n<meta property=\"article:modified_time\" content=\"2026-03-09T14:33:01+00:00\" \/>\n<meta name=\"twitter:card\" content=\"summary_large_image\" \/>\n<meta name=\"twitter:label1\" content=\"Dur\u00e9e de lecture estim\u00e9e\" \/>\n\t<meta name=\"twitter:data1\" content=\"1 minute\" \/>\n<script type=\"application\/ld+json\" class=\"yoast-schema-graph\">{\"@context\":\"https:\/\/schema.org\",\"@graph\":[{\"@type\":\"WebPage\",\"@id\":\"https:\/\/animalwelfare.interpharma.ch\/themen\/grundlagen\/der-lange-weg-zum-medikament\/2-grundlagenforschung-braucht-tiermodelle\/\",\"url\":\"https:\/\/animalwelfare.interpharma.ch\/themen\/grundlagen\/der-lange-weg-zum-medikament\/2-grundlagenforschung-braucht-tiermodelle\/\",\"name\":\"2. La recherche fondamentale a besoin de mod\u00e8les animaux - animalwelfare\",\"isPartOf\":{\"@id\":\"https:\/\/animalwelfare.interpharma.ch\/#website\"},\"datePublished\":\"2026-03-06T16:35:20+00:00\",\"dateModified\":\"2026-03-09T14:33:01+00:00\",\"breadcrumb\":{\"@id\":\"https:\/\/animalwelfare.interpharma.ch\/themen\/grundlagen\/der-lange-weg-zum-medikament\/2-grundlagenforschung-braucht-tiermodelle\/#breadcrumb\"},\"inLanguage\":\"fr-FR\",\"potentialAction\":[{\"@type\":\"ReadAction\",\"target\":[\"https:\/\/animalwelfare.interpharma.ch\/themen\/grundlagen\/der-lange-weg-zum-medikament\/2-grundlagenforschung-braucht-tiermodelle\/\"]}]},{\"@type\":\"BreadcrumbList\",\"@id\":\"https:\/\/animalwelfare.interpharma.ch\/themen\/grundlagen\/der-lange-weg-zum-medikament\/2-grundlagenforschung-braucht-tiermodelle\/#breadcrumb\",\"itemListElement\":[{\"@type\":\"ListItem\",\"position\":1,\"name\":\"Start\",\"item\":\"https:\/\/animalwelfare.interpharma.ch\/fr\/\"},{\"@type\":\"ListItem\",\"position\":2,\"name\":\"Contenus\",\"item\":\"https:\/\/animalwelfare.interpharma.ch\/fr\/sujets\/\"},{\"@type\":\"ListItem\",\"position\":3,\"name\":\"Fondements\",\"item\":\"https:\/\/animalwelfare.interpharma.ch\/fr\/sujets\/grundlagen\/\"},{\"@type\":\"ListItem\",\"position\":4,\"name\":\"Le long chemin vers un medicament\",\"item\":\"https:\/\/animalwelfare.interpharma.ch\/themen\/grundlagen\/der-lange-weg-zum-medikament\/\"},{\"@type\":\"ListItem\",\"position\":5,\"name\":\"2. La recherche fondamentale a besoin de mod\u00e8les animaux\"}]},{\"@type\":\"WebSite\",\"@id\":\"https:\/\/animalwelfare.interpharma.ch\/#website\",\"url\":\"https:\/\/animalwelfare.interpharma.ch\/\",\"name\":\"animalwelfare\",\"description\":\"\",\"potentialAction\":[{\"@type\":\"SearchAction\",\"target\":{\"@type\":\"EntryPoint\",\"urlTemplate\":\"https:\/\/animalwelfare.interpharma.ch\/?s={search_term_string}\"},\"query-input\":{\"@type\":\"PropertyValueSpecification\",\"valueRequired\":true,\"valueName\":\"search_term_string\"}}],\"inLanguage\":\"fr-FR\"}]}<\/script>\n<!-- \/ Yoast SEO Premium plugin. -->","yoast_head_json":{"title":"2. La recherche fondamentale a besoin de mod\u00e8les animaux - animalwelfare","robots":{"index":"index","follow":"follow","max-snippet":"max-snippet:-1","max-image-preview":"max-image-preview:large","max-video-preview":"max-video-preview:-1"},"canonical":"https:\/\/animalwelfare.interpharma.ch\/themen\/grundlagen\/der-lange-weg-zum-medikament\/2-grundlagenforschung-braucht-tiermodelle\/","og_locale":"fr_FR","og_type":"article","og_title":"2. La recherche fondamentale a besoin de mod\u00e8les animaux","og_description":"2. La recherche fondamentale a besoin de mod\u00e8les animaux \u00c0 la base de tout nouveau m\u00e9dicament ou produit de diagnosticpermettant de reconna\u00eetre et d\u00e9terminer une maladie, se trouvela recherche biom\u00e9dicale fondamentale. Celle-ci recherche lesm\u00e9canismes qui sous-tendent les maladies au niveau cellulaire,subcellulaire, voire mol\u00e9culaire. \u00c0 cet effet, les scientifiquesutilisent toute une gamme de m\u00e9thodes modernes, dont [&hellip;]","og_url":"https:\/\/animalwelfare.interpharma.ch\/themen\/grundlagen\/der-lange-weg-zum-medikament\/2-grundlagenforschung-braucht-tiermodelle\/","og_site_name":"animalwelfare","article_modified_time":"2026-03-09T14:33:01+00:00","twitter_card":"summary_large_image","twitter_misc":{"Dur\u00e9e de lecture estim\u00e9e":"1 minute"},"schema":{"@context":"https:\/\/schema.org","@graph":[{"@type":"WebPage","@id":"https:\/\/animalwelfare.interpharma.ch\/themen\/grundlagen\/der-lange-weg-zum-medikament\/2-grundlagenforschung-braucht-tiermodelle\/","url":"https:\/\/animalwelfare.interpharma.ch\/themen\/grundlagen\/der-lange-weg-zum-medikament\/2-grundlagenforschung-braucht-tiermodelle\/","name":"2. La recherche fondamentale a besoin de mod\u00e8les animaux - animalwelfare","isPartOf":{"@id":"https:\/\/animalwelfare.interpharma.ch\/#website"},"datePublished":"2026-03-06T16:35:20+00:00","dateModified":"2026-03-09T14:33:01+00:00","breadcrumb":{"@id":"https:\/\/animalwelfare.interpharma.ch\/themen\/grundlagen\/der-lange-weg-zum-medikament\/2-grundlagenforschung-braucht-tiermodelle\/#breadcrumb"},"inLanguage":"fr-FR","potentialAction":[{"@type":"ReadAction","target":["https:\/\/animalwelfare.interpharma.ch\/themen\/grundlagen\/der-lange-weg-zum-medikament\/2-grundlagenforschung-braucht-tiermodelle\/"]}]},{"@type":"BreadcrumbList","@id":"https:\/\/animalwelfare.interpharma.ch\/themen\/grundlagen\/der-lange-weg-zum-medikament\/2-grundlagenforschung-braucht-tiermodelle\/#breadcrumb","itemListElement":[{"@type":"ListItem","position":1,"name":"Start","item":"https:\/\/animalwelfare.interpharma.ch\/fr\/"},{"@type":"ListItem","position":2,"name":"Contenus","item":"https:\/\/animalwelfare.interpharma.ch\/fr\/sujets\/"},{"@type":"ListItem","position":3,"name":"Fondements","item":"https:\/\/animalwelfare.interpharma.ch\/fr\/sujets\/grundlagen\/"},{"@type":"ListItem","position":4,"name":"Le long chemin vers un medicament","item":"https:\/\/animalwelfare.interpharma.ch\/themen\/grundlagen\/der-lange-weg-zum-medikament\/"},{"@type":"ListItem","position":5,"name":"2. La recherche fondamentale a besoin de mod\u00e8les animaux"}]},{"@type":"WebSite","@id":"https:\/\/animalwelfare.interpharma.ch\/#website","url":"https:\/\/animalwelfare.interpharma.ch\/","name":"animalwelfare","description":"","potentialAction":[{"@type":"SearchAction","target":{"@type":"EntryPoint","urlTemplate":"https:\/\/animalwelfare.interpharma.ch\/?s={search_term_string}"},"query-input":{"@type":"PropertyValueSpecification","valueRequired":true,"valueName":"search_term_string"}}],"inLanguage":"fr-FR"}]}},"_links":{"self":[{"href":"https:\/\/animalwelfare.interpharma.ch\/fr\/wp-json\/wp\/v2\/pages\/852","targetHints":{"allow":["GET"]}}],"collection":[{"href":"https:\/\/animalwelfare.interpharma.ch\/fr\/wp-json\/wp\/v2\/pages"}],"about":[{"href":"https:\/\/animalwelfare.interpharma.ch\/fr\/wp-json\/wp\/v2\/types\/page"}],"author":[{"embeddable":true,"href":"https:\/\/animalwelfare.interpharma.ch\/fr\/wp-json\/wp\/v2\/users\/1"}],"replies":[{"embeddable":true,"href":"https:\/\/animalwelfare.interpharma.ch\/fr\/wp-json\/wp\/v2\/comments?post=852"}],"version-history":[{"count":2,"href":"https:\/\/animalwelfare.interpharma.ch\/fr\/wp-json\/wp\/v2\/pages\/852\/revisions"}],"predecessor-version":[{"id":2904,"href":"https:\/\/animalwelfare.interpharma.ch\/fr\/wp-json\/wp\/v2\/pages\/852\/revisions\/2904"}],"up":[{"embeddable":true,"href":"https:\/\/animalwelfare.interpharma.ch\/fr\/wp-json\/wp\/v2\/pages\/864"}],"wp:attachment":[{"href":"https:\/\/animalwelfare.interpharma.ch\/fr\/wp-json\/wp\/v2\/media?parent=852"}],"curies":[{"name":"wp","href":"https:\/\/api.w.org\/{rel}","templated":true}]}}