{"id":846,"date":"2026-03-06T17:35:20","date_gmt":"2026-03-06T16:35:20","guid":{"rendered":"https:\/\/animalwelfare.iph-multisite.berta-bewegt.ch\/?page_id=846"},"modified":"2026-03-09T15:33:18","modified_gmt":"2026-03-09T14:33:18","slug":"3-tests-precliniques-dans-lorganisme-vivant","status":"publish","type":"page","link":"https:\/\/animalwelfare.interpharma.ch\/fr\/sujets\/grundlagen\/le-long-chemin-vers-un-medicament\/3-tests-precliniques-dans-lorganisme-vivant\/","title":{"rendered":"3. Tests pr\u00e9cliniques dans l\u2019organisme vivant"},"content":{"rendered":"\n<h2 class=\"wp-block-heading\">3. Tests pr\u00e9cliniques dans l\u2019organisme vivant<\/h2>\n\n\n\n<p>Au bout de la cha\u00eene, on trouve des substances susceptiblesde servir de m\u00e9dicaments. Ces substances actives candidatesfont l\u2019objet d\u2019essais pr\u00e9cliniques pour en tester l\u2019efficacit\u00e9 et latol\u00e9rance. Des toxicologues et autres sp\u00e9cialistes analysent leurtoxicit\u00e9 pour s\u2019assurer qu\u2019elles ne risquent pas de d\u00e9clencherdes maladies comme le cancer ou de porter atteinte au patrimoineg\u00e9n\u00e9tique. Pour ces examens, on utilise des simulationsinformatiques, des bact\u00e9ries, des cultures cellulaires ettissulaires, ainsi que des organes isol\u00e9s. Des exp\u00e9riences surle rat et la souris ou, plus rarement, sur des animaux autres quedes rongeurs, sont n\u00e9cessaires pour \u00e9tudier les interactions desubstances actives prometteuses avec les cellules et organesde l\u2019organisme vivant. Ces exp\u00e9riences sont par exemple indispensablespour d\u00e9terminer si une substance reste suffisammentlongtemps dans l\u2019organisme pour d\u00e9ployer l\u2019effet m\u00e9dicalsouhait\u00e9. Pour certaines questions, des essais sur au moinsdeux esp\u00e8ces animales (p. ex. rat et chien) sont prescrites parla loi. Toutes ces exp\u00e9riences sont toujours r\u00e9alis\u00e9es conform\u00e9mentaux normes internationales reconnues.<\/p>\n","protected":false},"excerpt":{"rendered":"<p>3. Tests pr\u00e9cliniques dans l\u2019organisme vivant Au bout de la cha\u00eene, on trouve des substances susceptiblesde servir de m\u00e9dicaments. Ces substances actives candidatesfont l\u2019objet d\u2019essais pr\u00e9cliniques pour en tester l\u2019efficacit\u00e9 et latol\u00e9rance. Des toxicologues et autres sp\u00e9cialistes analysent leurtoxicit\u00e9 pour s\u2019assurer qu\u2019elles ne risquent pas de d\u00e9clencherdes maladies comme le cancer ou de porter atteinte [&hellip;]<\/p>\n","protected":false},"author":1,"featured_media":0,"parent":864,"menu_order":2,"comment_status":"closed","ping_status":"closed","template":"page-templates\/unterthema.php","meta":{"_acf_changed":false,"inline_featured_image":false,"footnotes":""},"class_list":["post-846","page","type-page","status-publish","hentry"],"acf":[],"yoast_head":"<!-- This site is optimized with the Yoast SEO Premium plugin v27.2 (Yoast SEO v27.2) - https:\/\/yoast.com\/product\/yoast-seo-premium-wordpress\/ -->\n<title>3. Tests pr\u00e9cliniques dans l\u2019organisme vivant - animalwelfare<\/title>\n<meta name=\"robots\" content=\"index, follow, max-snippet:-1, max-image-preview:large, max-video-preview:-1\" \/>\n<link rel=\"canonical\" href=\"https:\/\/animalwelfare.interpharma.ch\/themen\/grundlagen\/der-lange-weg-zum-medikament\/3-vorklinische-prufung-im-lebenden-organismus\/\" \/>\n<meta property=\"og:locale\" content=\"fr_FR\" \/>\n<meta property=\"og:type\" content=\"article\" \/>\n<meta property=\"og:title\" content=\"3. Tests pr\u00e9cliniques dans l\u2019organisme vivant\" \/>\n<meta property=\"og:description\" content=\"3. Tests pr\u00e9cliniques dans l\u2019organisme vivant Au bout de la cha\u00eene, on trouve des substances susceptiblesde servir de m\u00e9dicaments. Ces substances actives candidatesfont l\u2019objet d\u2019essais pr\u00e9cliniques pour en tester l\u2019efficacit\u00e9 et latol\u00e9rance. Des toxicologues et autres sp\u00e9cialistes analysent leurtoxicit\u00e9 pour s\u2019assurer qu\u2019elles ne risquent pas de d\u00e9clencherdes maladies comme le cancer ou de porter atteinte [&hellip;]\" \/>\n<meta property=\"og:url\" content=\"https:\/\/animalwelfare.interpharma.ch\/themen\/grundlagen\/der-lange-weg-zum-medikament\/3-vorklinische-prufung-im-lebenden-organismus\/\" \/>\n<meta property=\"og:site_name\" content=\"animalwelfare\" \/>\n<meta property=\"article:modified_time\" content=\"2026-03-09T14:33:18+00:00\" \/>\n<meta name=\"twitter:card\" content=\"summary_large_image\" \/>\n<meta name=\"twitter:label1\" content=\"Dur\u00e9e de lecture estim\u00e9e\" \/>\n\t<meta name=\"twitter:data1\" content=\"1 minute\" \/>\n<script type=\"application\/ld+json\" class=\"yoast-schema-graph\">{\"@context\":\"https:\/\/schema.org\",\"@graph\":[{\"@type\":\"WebPage\",\"@id\":\"https:\/\/animalwelfare.interpharma.ch\/themen\/grundlagen\/der-lange-weg-zum-medikament\/3-vorklinische-prufung-im-lebenden-organismus\/\",\"url\":\"https:\/\/animalwelfare.interpharma.ch\/themen\/grundlagen\/der-lange-weg-zum-medikament\/3-vorklinische-prufung-im-lebenden-organismus\/\",\"name\":\"3. Tests pr\u00e9cliniques dans l\u2019organisme vivant - animalwelfare\",\"isPartOf\":{\"@id\":\"https:\/\/animalwelfare.interpharma.ch\/#website\"},\"datePublished\":\"2026-03-06T16:35:20+00:00\",\"dateModified\":\"2026-03-09T14:33:18+00:00\",\"breadcrumb\":{\"@id\":\"https:\/\/animalwelfare.interpharma.ch\/themen\/grundlagen\/der-lange-weg-zum-medikament\/3-vorklinische-prufung-im-lebenden-organismus\/#breadcrumb\"},\"inLanguage\":\"fr-FR\",\"potentialAction\":[{\"@type\":\"ReadAction\",\"target\":[\"https:\/\/animalwelfare.interpharma.ch\/themen\/grundlagen\/der-lange-weg-zum-medikament\/3-vorklinische-prufung-im-lebenden-organismus\/\"]}]},{\"@type\":\"BreadcrumbList\",\"@id\":\"https:\/\/animalwelfare.interpharma.ch\/themen\/grundlagen\/der-lange-weg-zum-medikament\/3-vorklinische-prufung-im-lebenden-organismus\/#breadcrumb\",\"itemListElement\":[{\"@type\":\"ListItem\",\"position\":1,\"name\":\"Start\",\"item\":\"https:\/\/animalwelfare.interpharma.ch\/fr\/\"},{\"@type\":\"ListItem\",\"position\":2,\"name\":\"Contenus\",\"item\":\"https:\/\/animalwelfare.interpharma.ch\/fr\/sujets\/\"},{\"@type\":\"ListItem\",\"position\":3,\"name\":\"Fondements\",\"item\":\"https:\/\/animalwelfare.interpharma.ch\/fr\/sujets\/grundlagen\/\"},{\"@type\":\"ListItem\",\"position\":4,\"name\":\"Le long chemin vers un medicament\",\"item\":\"https:\/\/animalwelfare.interpharma.ch\/themen\/grundlagen\/der-lange-weg-zum-medikament\/\"},{\"@type\":\"ListItem\",\"position\":5,\"name\":\"3. Tests pr\u00e9cliniques dans l\u2019organisme vivant\"}]},{\"@type\":\"WebSite\",\"@id\":\"https:\/\/animalwelfare.interpharma.ch\/#website\",\"url\":\"https:\/\/animalwelfare.interpharma.ch\/\",\"name\":\"animalwelfare\",\"description\":\"\",\"potentialAction\":[{\"@type\":\"SearchAction\",\"target\":{\"@type\":\"EntryPoint\",\"urlTemplate\":\"https:\/\/animalwelfare.interpharma.ch\/?s={search_term_string}\"},\"query-input\":{\"@type\":\"PropertyValueSpecification\",\"valueRequired\":true,\"valueName\":\"search_term_string\"}}],\"inLanguage\":\"fr-FR\"}]}<\/script>\n<!-- \/ Yoast SEO Premium plugin. -->","yoast_head_json":{"title":"3. Tests pr\u00e9cliniques dans l\u2019organisme vivant - animalwelfare","robots":{"index":"index","follow":"follow","max-snippet":"max-snippet:-1","max-image-preview":"max-image-preview:large","max-video-preview":"max-video-preview:-1"},"canonical":"https:\/\/animalwelfare.interpharma.ch\/themen\/grundlagen\/der-lange-weg-zum-medikament\/3-vorklinische-prufung-im-lebenden-organismus\/","og_locale":"fr_FR","og_type":"article","og_title":"3. Tests pr\u00e9cliniques dans l\u2019organisme vivant","og_description":"3. Tests pr\u00e9cliniques dans l\u2019organisme vivant Au bout de la cha\u00eene, on trouve des substances susceptiblesde servir de m\u00e9dicaments. Ces substances actives candidatesfont l\u2019objet d\u2019essais pr\u00e9cliniques pour en tester l\u2019efficacit\u00e9 et latol\u00e9rance. Des toxicologues et autres sp\u00e9cialistes analysent leurtoxicit\u00e9 pour s\u2019assurer qu\u2019elles ne risquent pas de d\u00e9clencherdes maladies comme le cancer ou de porter atteinte [&hellip;]","og_url":"https:\/\/animalwelfare.interpharma.ch\/themen\/grundlagen\/der-lange-weg-zum-medikament\/3-vorklinische-prufung-im-lebenden-organismus\/","og_site_name":"animalwelfare","article_modified_time":"2026-03-09T14:33:18+00:00","twitter_card":"summary_large_image","twitter_misc":{"Dur\u00e9e de lecture estim\u00e9e":"1 minute"},"schema":{"@context":"https:\/\/schema.org","@graph":[{"@type":"WebPage","@id":"https:\/\/animalwelfare.interpharma.ch\/themen\/grundlagen\/der-lange-weg-zum-medikament\/3-vorklinische-prufung-im-lebenden-organismus\/","url":"https:\/\/animalwelfare.interpharma.ch\/themen\/grundlagen\/der-lange-weg-zum-medikament\/3-vorklinische-prufung-im-lebenden-organismus\/","name":"3. Tests pr\u00e9cliniques dans l\u2019organisme vivant - animalwelfare","isPartOf":{"@id":"https:\/\/animalwelfare.interpharma.ch\/#website"},"datePublished":"2026-03-06T16:35:20+00:00","dateModified":"2026-03-09T14:33:18+00:00","breadcrumb":{"@id":"https:\/\/animalwelfare.interpharma.ch\/themen\/grundlagen\/der-lange-weg-zum-medikament\/3-vorklinische-prufung-im-lebenden-organismus\/#breadcrumb"},"inLanguage":"fr-FR","potentialAction":[{"@type":"ReadAction","target":["https:\/\/animalwelfare.interpharma.ch\/themen\/grundlagen\/der-lange-weg-zum-medikament\/3-vorklinische-prufung-im-lebenden-organismus\/"]}]},{"@type":"BreadcrumbList","@id":"https:\/\/animalwelfare.interpharma.ch\/themen\/grundlagen\/der-lange-weg-zum-medikament\/3-vorklinische-prufung-im-lebenden-organismus\/#breadcrumb","itemListElement":[{"@type":"ListItem","position":1,"name":"Start","item":"https:\/\/animalwelfare.interpharma.ch\/fr\/"},{"@type":"ListItem","position":2,"name":"Contenus","item":"https:\/\/animalwelfare.interpharma.ch\/fr\/sujets\/"},{"@type":"ListItem","position":3,"name":"Fondements","item":"https:\/\/animalwelfare.interpharma.ch\/fr\/sujets\/grundlagen\/"},{"@type":"ListItem","position":4,"name":"Le long chemin vers un medicament","item":"https:\/\/animalwelfare.interpharma.ch\/themen\/grundlagen\/der-lange-weg-zum-medikament\/"},{"@type":"ListItem","position":5,"name":"3. Tests pr\u00e9cliniques dans l\u2019organisme vivant"}]},{"@type":"WebSite","@id":"https:\/\/animalwelfare.interpharma.ch\/#website","url":"https:\/\/animalwelfare.interpharma.ch\/","name":"animalwelfare","description":"","potentialAction":[{"@type":"SearchAction","target":{"@type":"EntryPoint","urlTemplate":"https:\/\/animalwelfare.interpharma.ch\/?s={search_term_string}"},"query-input":{"@type":"PropertyValueSpecification","valueRequired":true,"valueName":"search_term_string"}}],"inLanguage":"fr-FR"}]}},"_links":{"self":[{"href":"https:\/\/animalwelfare.interpharma.ch\/fr\/wp-json\/wp\/v2\/pages\/846","targetHints":{"allow":["GET"]}}],"collection":[{"href":"https:\/\/animalwelfare.interpharma.ch\/fr\/wp-json\/wp\/v2\/pages"}],"about":[{"href":"https:\/\/animalwelfare.interpharma.ch\/fr\/wp-json\/wp\/v2\/types\/page"}],"author":[{"embeddable":true,"href":"https:\/\/animalwelfare.interpharma.ch\/fr\/wp-json\/wp\/v2\/users\/1"}],"replies":[{"embeddable":true,"href":"https:\/\/animalwelfare.interpharma.ch\/fr\/wp-json\/wp\/v2\/comments?post=846"}],"version-history":[{"count":2,"href":"https:\/\/animalwelfare.interpharma.ch\/fr\/wp-json\/wp\/v2\/pages\/846\/revisions"}],"predecessor-version":[{"id":2905,"href":"https:\/\/animalwelfare.interpharma.ch\/fr\/wp-json\/wp\/v2\/pages\/846\/revisions\/2905"}],"up":[{"embeddable":true,"href":"https:\/\/animalwelfare.interpharma.ch\/fr\/wp-json\/wp\/v2\/pages\/864"}],"wp:attachment":[{"href":"https:\/\/animalwelfare.interpharma.ch\/fr\/wp-json\/wp\/v2\/media?parent=846"}],"curies":[{"name":"wp","href":"https:\/\/api.w.org\/{rel}","templated":true}]}}