{"id":834,"date":"2026-03-06T17:35:19","date_gmt":"2026-03-06T16:35:19","guid":{"rendered":"https:\/\/animalwelfare.iph-multisite.berta-bewegt.ch\/?page_id=834"},"modified":"2026-03-09T15:35:29","modified_gmt":"2026-03-09T14:35:29","slug":"3-quatre-degres-de-gravite","status":"publish","type":"page","link":"https:\/\/animalwelfare.interpharma.ch\/fr\/sujets\/grundlagen\/lexperimentation-animale-en-suisse\/3-quatre-degres-de-gravite\/","title":{"rendered":"3. Quatre degr\u00e9s de gravit\u00e9"},"content":{"rendered":"\n<h2 class=\"wp-block-heading\">3. Quatre degr\u00e9s de gravit\u00e9<\/h2>\n\n\n\n<p>En Suisse, les exp\u00e9riences sur animaux sont class\u00e9es dans quatrecat\u00e9gories de contraintes, ce que l\u2019on appelle les degr\u00e9s de gravit\u00e9.Le degr\u00e9 de gravit\u00e9 0 signifie que l\u2019animal n\u2019est soumis \u00e0 aucunecontrainte, comme c\u2019est le cas par exemple dans une \u00e9tuded\u2019observation. Le degr\u00e9 de gravit\u00e9 0 concerne pr\u00e8s de la moiti\u00e9 desanimaux utilis\u00e9s en Suisse pour des exp\u00e9riences. Le degr\u00e9 de gravit\u00e91 correspond \u00e0 de l\u00e9g\u00e8res contraintes (p. ex. prise de sang). Ledegr\u00e9 de gravit\u00e9 2 signifie contrainte moyenne (p. ex. interventionchirurgicale sous anesth\u00e9sie g\u00e9n\u00e9rale). Les exp\u00e9riences fortementcontraignantes (degr\u00e9 de gravit\u00e9 3) ne sont utilis\u00e9es que pour larecherche sur des maladies graves comme la scl\u00e9rose en plaquesou la polyarthrite rhumato\u00efde. Ces exp\u00e9riences sont r\u00e9duites austrict minimum et ne sont r\u00e9alis\u00e9es et autoris\u00e9es que s\u2019il n\u2019y a pasd\u2019alternative. En Suisse, en 2018, moins de 3% de l\u2019ensemble desexp\u00e9riences sur animaux ont \u00e9t\u00e9 class\u00e9es dans le degr\u00e9 de gravit\u00e93. 95% des animaux utilis\u00e9s dans ces exp\u00e9riences \u00e9taient dessouris et des rats.Le classement dans un degr\u00e9 de gravit\u00e9 est toujours effectu\u00e9 avantle d\u00e9but de l\u2019exp\u00e9rience (classement prospectif). Les chercheursdoivent indiquer le degr\u00e9 de gravit\u00e9 maximal anticip\u00e9 au cours del\u2019exp\u00e9rience. Une fois finie, celle-ci est \u00e9valu\u00e9e et chaque animalest class\u00e9 dans le degr\u00e9 de gravit\u00e9 qu\u2019il a effectivement subi aucours de l\u2019exp\u00e9rience (classement r\u00e9trospectif). En automne 2018,l\u2019Office f\u00e9d\u00e9ral de la s\u00e9curit\u00e9 alimentaire et des affaires v\u00e9t\u00e9rinaires(OSAV) a publi\u00e9 une nouvelle directive de classement prospectif.Le degr\u00e9 de gravit\u00e9 des exp\u00e9riences du domaine de la recherchec\u00e9r\u00e9brale (maladies neurod\u00e9g\u00e9n\u00e9ratives, p. ex. maladie de Parkinson)a par exemple \u00e9t\u00e9 relev\u00e9 \u00e0 3 au lieu de 2.<\/p>\n","protected":false},"excerpt":{"rendered":"<p>3. Quatre degr\u00e9s de gravit\u00e9 En Suisse, les exp\u00e9riences sur animaux sont class\u00e9es dans quatrecat\u00e9gories de contraintes, ce que l\u2019on appelle les degr\u00e9s de gravit\u00e9.Le degr\u00e9 de gravit\u00e9 0 signifie que l\u2019animal n\u2019est soumis \u00e0 aucunecontrainte, comme c\u2019est le cas par exemple dans une \u00e9tuded\u2019observation. Le degr\u00e9 de gravit\u00e9 0 concerne pr\u00e8s de la moiti\u00e9 [&hellip;]<\/p>\n","protected":false},"author":1,"featured_media":0,"parent":840,"menu_order":2,"comment_status":"closed","ping_status":"closed","template":"page-templates\/unterthema.php","meta":{"_acf_changed":false,"inline_featured_image":false,"footnotes":""},"class_list":["post-834","page","type-page","status-publish","hentry"],"acf":[],"yoast_head":"<!-- This site is optimized with the Yoast SEO Premium plugin v27.2 (Yoast SEO v27.2) - https:\/\/yoast.com\/product\/yoast-seo-premium-wordpress\/ -->\n<title>3. Quatre degr\u00e9s de gravit\u00e9 - animalwelfare<\/title>\n<meta name=\"robots\" content=\"index, follow, max-snippet:-1, max-image-preview:large, max-video-preview:-1\" \/>\n<link rel=\"canonical\" href=\"https:\/\/animalwelfare.interpharma.ch\/themen\/grundlagen\/tierversuche-in-der-schweiz\/3-vier-schweregrade\/\" \/>\n<meta property=\"og:locale\" content=\"fr_FR\" \/>\n<meta property=\"og:type\" content=\"article\" \/>\n<meta property=\"og:title\" content=\"3. Quatre degr\u00e9s de gravit\u00e9\" \/>\n<meta property=\"og:description\" content=\"3. Quatre degr\u00e9s de gravit\u00e9 En Suisse, les exp\u00e9riences sur animaux sont class\u00e9es dans quatrecat\u00e9gories de contraintes, ce que l\u2019on appelle les degr\u00e9s de gravit\u00e9.Le degr\u00e9 de gravit\u00e9 0 signifie que l\u2019animal n\u2019est soumis \u00e0 aucunecontrainte, comme c\u2019est le cas par exemple dans une \u00e9tuded\u2019observation. Le degr\u00e9 de gravit\u00e9 0 concerne pr\u00e8s de la moiti\u00e9 [&hellip;]\" \/>\n<meta property=\"og:url\" content=\"https:\/\/animalwelfare.interpharma.ch\/themen\/grundlagen\/tierversuche-in-der-schweiz\/3-vier-schweregrade\/\" \/>\n<meta property=\"og:site_name\" content=\"animalwelfare\" \/>\n<meta property=\"article:modified_time\" content=\"2026-03-09T14:35:29+00:00\" \/>\n<meta name=\"twitter:card\" content=\"summary_large_image\" \/>\n<meta name=\"twitter:label1\" content=\"Dur\u00e9e de lecture estim\u00e9e\" \/>\n\t<meta name=\"twitter:data1\" content=\"2 minutes\" \/>\n<script type=\"application\/ld+json\" class=\"yoast-schema-graph\">{\"@context\":\"https:\/\/schema.org\",\"@graph\":[{\"@type\":\"WebPage\",\"@id\":\"https:\/\/animalwelfare.interpharma.ch\/themen\/grundlagen\/tierversuche-in-der-schweiz\/3-vier-schweregrade\/\",\"url\":\"https:\/\/animalwelfare.interpharma.ch\/themen\/grundlagen\/tierversuche-in-der-schweiz\/3-vier-schweregrade\/\",\"name\":\"3. Quatre degr\u00e9s de gravit\u00e9 - animalwelfare\",\"isPartOf\":{\"@id\":\"https:\/\/animalwelfare.interpharma.ch\/#website\"},\"datePublished\":\"2026-03-06T16:35:19+00:00\",\"dateModified\":\"2026-03-09T14:35:29+00:00\",\"breadcrumb\":{\"@id\":\"https:\/\/animalwelfare.interpharma.ch\/themen\/grundlagen\/tierversuche-in-der-schweiz\/3-vier-schweregrade\/#breadcrumb\"},\"inLanguage\":\"fr-FR\",\"potentialAction\":[{\"@type\":\"ReadAction\",\"target\":[\"https:\/\/animalwelfare.interpharma.ch\/themen\/grundlagen\/tierversuche-in-der-schweiz\/3-vier-schweregrade\/\"]}]},{\"@type\":\"BreadcrumbList\",\"@id\":\"https:\/\/animalwelfare.interpharma.ch\/themen\/grundlagen\/tierversuche-in-der-schweiz\/3-vier-schweregrade\/#breadcrumb\",\"itemListElement\":[{\"@type\":\"ListItem\",\"position\":1,\"name\":\"Start\",\"item\":\"https:\/\/animalwelfare.interpharma.ch\/fr\/\"},{\"@type\":\"ListItem\",\"position\":2,\"name\":\"Contenus\",\"item\":\"https:\/\/animalwelfare.interpharma.ch\/fr\/sujets\/\"},{\"@type\":\"ListItem\",\"position\":3,\"name\":\"Fondements\",\"item\":\"https:\/\/animalwelfare.interpharma.ch\/fr\/sujets\/grundlagen\/\"},{\"@type\":\"ListItem\",\"position\":4,\"name\":\"L\u2019exp\u00e9rimentation animale en Suisse\",\"item\":\"https:\/\/animalwelfare.interpharma.ch\/themen\/grundlagen\/tierversuche-in-der-schweiz\/\"},{\"@type\":\"ListItem\",\"position\":5,\"name\":\"3. Quatre degr\u00e9s de gravit\u00e9\"}]},{\"@type\":\"WebSite\",\"@id\":\"https:\/\/animalwelfare.interpharma.ch\/#website\",\"url\":\"https:\/\/animalwelfare.interpharma.ch\/\",\"name\":\"animalwelfare\",\"description\":\"\",\"potentialAction\":[{\"@type\":\"SearchAction\",\"target\":{\"@type\":\"EntryPoint\",\"urlTemplate\":\"https:\/\/animalwelfare.interpharma.ch\/?s={search_term_string}\"},\"query-input\":{\"@type\":\"PropertyValueSpecification\",\"valueRequired\":true,\"valueName\":\"search_term_string\"}}],\"inLanguage\":\"fr-FR\"}]}<\/script>\n<!-- \/ Yoast SEO Premium plugin. -->","yoast_head_json":{"title":"3. Quatre degr\u00e9s de gravit\u00e9 - animalwelfare","robots":{"index":"index","follow":"follow","max-snippet":"max-snippet:-1","max-image-preview":"max-image-preview:large","max-video-preview":"max-video-preview:-1"},"canonical":"https:\/\/animalwelfare.interpharma.ch\/themen\/grundlagen\/tierversuche-in-der-schweiz\/3-vier-schweregrade\/","og_locale":"fr_FR","og_type":"article","og_title":"3. Quatre degr\u00e9s de gravit\u00e9","og_description":"3. Quatre degr\u00e9s de gravit\u00e9 En Suisse, les exp\u00e9riences sur animaux sont class\u00e9es dans quatrecat\u00e9gories de contraintes, ce que l\u2019on appelle les degr\u00e9s de gravit\u00e9.Le degr\u00e9 de gravit\u00e9 0 signifie que l\u2019animal n\u2019est soumis \u00e0 aucunecontrainte, comme c\u2019est le cas par exemple dans une \u00e9tuded\u2019observation. Le degr\u00e9 de gravit\u00e9 0 concerne pr\u00e8s de la moiti\u00e9 [&hellip;]","og_url":"https:\/\/animalwelfare.interpharma.ch\/themen\/grundlagen\/tierversuche-in-der-schweiz\/3-vier-schweregrade\/","og_site_name":"animalwelfare","article_modified_time":"2026-03-09T14:35:29+00:00","twitter_card":"summary_large_image","twitter_misc":{"Dur\u00e9e de lecture estim\u00e9e":"2 minutes"},"schema":{"@context":"https:\/\/schema.org","@graph":[{"@type":"WebPage","@id":"https:\/\/animalwelfare.interpharma.ch\/themen\/grundlagen\/tierversuche-in-der-schweiz\/3-vier-schweregrade\/","url":"https:\/\/animalwelfare.interpharma.ch\/themen\/grundlagen\/tierversuche-in-der-schweiz\/3-vier-schweregrade\/","name":"3. Quatre degr\u00e9s de gravit\u00e9 - animalwelfare","isPartOf":{"@id":"https:\/\/animalwelfare.interpharma.ch\/#website"},"datePublished":"2026-03-06T16:35:19+00:00","dateModified":"2026-03-09T14:35:29+00:00","breadcrumb":{"@id":"https:\/\/animalwelfare.interpharma.ch\/themen\/grundlagen\/tierversuche-in-der-schweiz\/3-vier-schweregrade\/#breadcrumb"},"inLanguage":"fr-FR","potentialAction":[{"@type":"ReadAction","target":["https:\/\/animalwelfare.interpharma.ch\/themen\/grundlagen\/tierversuche-in-der-schweiz\/3-vier-schweregrade\/"]}]},{"@type":"BreadcrumbList","@id":"https:\/\/animalwelfare.interpharma.ch\/themen\/grundlagen\/tierversuche-in-der-schweiz\/3-vier-schweregrade\/#breadcrumb","itemListElement":[{"@type":"ListItem","position":1,"name":"Start","item":"https:\/\/animalwelfare.interpharma.ch\/fr\/"},{"@type":"ListItem","position":2,"name":"Contenus","item":"https:\/\/animalwelfare.interpharma.ch\/fr\/sujets\/"},{"@type":"ListItem","position":3,"name":"Fondements","item":"https:\/\/animalwelfare.interpharma.ch\/fr\/sujets\/grundlagen\/"},{"@type":"ListItem","position":4,"name":"L\u2019exp\u00e9rimentation animale en Suisse","item":"https:\/\/animalwelfare.interpharma.ch\/themen\/grundlagen\/tierversuche-in-der-schweiz\/"},{"@type":"ListItem","position":5,"name":"3. Quatre degr\u00e9s de gravit\u00e9"}]},{"@type":"WebSite","@id":"https:\/\/animalwelfare.interpharma.ch\/#website","url":"https:\/\/animalwelfare.interpharma.ch\/","name":"animalwelfare","description":"","potentialAction":[{"@type":"SearchAction","target":{"@type":"EntryPoint","urlTemplate":"https:\/\/animalwelfare.interpharma.ch\/?s={search_term_string}"},"query-input":{"@type":"PropertyValueSpecification","valueRequired":true,"valueName":"search_term_string"}}],"inLanguage":"fr-FR"}]}},"_links":{"self":[{"href":"https:\/\/animalwelfare.interpharma.ch\/fr\/wp-json\/wp\/v2\/pages\/834","targetHints":{"allow":["GET"]}}],"collection":[{"href":"https:\/\/animalwelfare.interpharma.ch\/fr\/wp-json\/wp\/v2\/pages"}],"about":[{"href":"https:\/\/animalwelfare.interpharma.ch\/fr\/wp-json\/wp\/v2\/types\/page"}],"author":[{"embeddable":true,"href":"https:\/\/animalwelfare.interpharma.ch\/fr\/wp-json\/wp\/v2\/users\/1"}],"replies":[{"embeddable":true,"href":"https:\/\/animalwelfare.interpharma.ch\/fr\/wp-json\/wp\/v2\/comments?post=834"}],"version-history":[{"count":2,"href":"https:\/\/animalwelfare.interpharma.ch\/fr\/wp-json\/wp\/v2\/pages\/834\/revisions"}],"predecessor-version":[{"id":2912,"href":"https:\/\/animalwelfare.interpharma.ch\/fr\/wp-json\/wp\/v2\/pages\/834\/revisions\/2912"}],"up":[{"embeddable":true,"href":"https:\/\/animalwelfare.interpharma.ch\/fr\/wp-json\/wp\/v2\/pages\/840"}],"wp:attachment":[{"href":"https:\/\/animalwelfare.interpharma.ch\/fr\/wp-json\/wp\/v2\/media?parent=834"}],"curies":[{"name":"wp","href":"https:\/\/api.w.org\/{rel}","templated":true}]}}