{"id":828,"date":"2026-03-06T17:35:19","date_gmt":"2026-03-06T16:35:19","guid":{"rendered":"https:\/\/animalwelfare.iph-multisite.berta-bewegt.ch\/?page_id=828"},"modified":"2026-03-09T15:34:55","modified_gmt":"2026-03-09T14:34:55","slug":"1-la-loi-suisse-sur-la-protection-des-animaux-est-severe","status":"publish","type":"page","link":"https:\/\/animalwelfare.interpharma.ch\/fr\/sujets\/grundlagen\/lexperimentation-animale-en-suisse\/1-la-loi-suisse-sur-la-protection-des-animaux-est-severe\/","title":{"rendered":"1. La loi suisse sur la protection des animaux est s\u00e9v\u00e8re"},"content":{"rendered":"\n<h2 class=\"wp-block-heading\">1. La loi suisse sur la protection des animaux est s\u00e9v\u00e8re<\/h2>\n\n\n\n<p>En Suisse, la recherche des universit\u00e9s et de l\u2019industrie pharmaceutiquese conforme \u00e0 l\u2019une des l\u00e9gislations de protectiondes animaux les plus s\u00e9v\u00e8res au monde. Toute exp\u00e9riencesur animaux et toute d\u00e9tention d\u2019animaux de laboratoire estsoumise \u00e0 autorisation de l\u2019office v\u00e9t\u00e9rinaire cantonal. Avantde r\u00e9aliser une exp\u00e9rience sur des animaux, le projet est toutd\u2019abord examin\u00e9 en interne. Ensuite, les documents requispour l\u2019autorisation sont envoy\u00e9s \u00e0 l\u2019office v\u00e9t\u00e9rinaire cantonalcomp\u00e9tent. Dans leur requ\u00eate, les chercheurs doivent justifierpourquoi une exp\u00e9rience sur animaux est n\u00e9cessaire, quel estle b\u00e9n\u00e9fice de l\u2019exp\u00e9rience et dans quelle mesure les animauxdevront subir des contraintes. Les conditions de d\u00e9tentiondes animaux de laboratoire doivent aussi \u00eatre expos\u00e9es dansla demande d\u2019autorisation. La commission cantonale pour lesexp\u00e9riences sur les animaux, o\u00f9 si\u00e8gent \u00e9galement des repr\u00e9sentantsde la protection des animaux, examine la requ\u00eate,\u00e9lucide ses questions avec les chercheurs et recommandesoit d\u2019accepter la demande (\u00e9ventuellement sous certainesconditions), soit de la rejeter. C\u2019est l\u2019office v\u00e9t\u00e9rinaire cantonalqui accorde l\u2019autorisation.<\/p>\n\n\n\n<p>Un d\u00e9l\u00e9gu\u00e9 \u00e0 la protection des animaux et les autorit\u00e9s v\u00e9t\u00e9rinaires comp\u00e9tentes v\u00e9rifient r\u00e9guli\u00e8rement, parfois inopin\u00e9ment, le respect des prescriptions de d\u00e9tention dans le cadre du projet autoris\u00e9. Il est aussi dans l\u2019int\u00e9r\u00eat des scientifiques que les animaux soient d\u00e9tenus dans des conditions adapt\u00e9es \u00e0 l\u2019esp\u00e8ce. En effet, seules des \u00e9tudes sur des animaux soign\u00e9s et<\/p>\n\n\n\n<p>h\u00e9berg\u00e9s de mani\u00e8re &nbsp;ptimale et soumis \u00e0 aussi peu de stress que possible, y compris dans le cadre de l\u2019\u00e9tude, fournissent des r\u00e9sultats fiables. Toute institution qui r\u00e9alise des exp\u00e9riences sur animaux doit faire un rapport annuel sur le nombre effectif d\u2019animaux et les esp\u00e8ces utilis\u00e9s, le but des exp\u00e9riences et le degr\u00e9 de contrainte auquel les animaux ont \u00e9t\u00e9 soumis.<\/p>\n","protected":false},"excerpt":{"rendered":"<p>1. La loi suisse sur la protection des animaux est s\u00e9v\u00e8re En Suisse, la recherche des universit\u00e9s et de l\u2019industrie pharmaceutiquese conforme \u00e0 l\u2019une des l\u00e9gislations de protectiondes animaux les plus s\u00e9v\u00e8res au monde. Toute exp\u00e9riencesur animaux et toute d\u00e9tention d\u2019animaux de laboratoire estsoumise \u00e0 autorisation de l\u2019office v\u00e9t\u00e9rinaire cantonal. Avantde r\u00e9aliser une exp\u00e9rience sur [&hellip;]<\/p>\n","protected":false},"author":1,"featured_media":0,"parent":840,"menu_order":0,"comment_status":"closed","ping_status":"closed","template":"page-templates\/unterthema.php","meta":{"_acf_changed":false,"inline_featured_image":false,"footnotes":""},"class_list":["post-828","page","type-page","status-publish","hentry"],"acf":[],"yoast_head":"<!-- This site is optimized with the Yoast SEO Premium plugin v27.2 (Yoast SEO v27.2) - https:\/\/yoast.com\/product\/yoast-seo-premium-wordpress\/ -->\n<title>1. La loi suisse sur la protection des animaux est s\u00e9v\u00e8re - animalwelfare<\/title>\n<meta name=\"robots\" content=\"index, follow, max-snippet:-1, max-image-preview:large, max-video-preview:-1\" \/>\n<link rel=\"canonical\" href=\"https:\/\/animalwelfare.interpharma.ch\/fr\/sujets\/grundlagen\/lexperimentation-animale-en-suisse\/1-la-loi-suisse-sur-la-protection-des-animaux-est-severe\/\" \/>\n<meta property=\"og:locale\" content=\"fr_FR\" \/>\n<meta property=\"og:type\" content=\"article\" \/>\n<meta property=\"og:title\" content=\"1. La loi suisse sur la protection des animaux est s\u00e9v\u00e8re\" \/>\n<meta property=\"og:description\" content=\"1. La loi suisse sur la protection des animaux est s\u00e9v\u00e8re En Suisse, la recherche des universit\u00e9s et de l\u2019industrie pharmaceutiquese conforme \u00e0 l\u2019une des l\u00e9gislations de protectiondes animaux les plus s\u00e9v\u00e8res au monde. Toute exp\u00e9riencesur animaux et toute d\u00e9tention d\u2019animaux de laboratoire estsoumise \u00e0 autorisation de l\u2019office v\u00e9t\u00e9rinaire cantonal. Avantde r\u00e9aliser une exp\u00e9rience sur [&hellip;]\" \/>\n<meta property=\"og:url\" content=\"https:\/\/animalwelfare.interpharma.ch\/fr\/sujets\/grundlagen\/lexperimentation-animale-en-suisse\/1-la-loi-suisse-sur-la-protection-des-animaux-est-severe\/\" \/>\n<meta property=\"og:site_name\" content=\"animalwelfare\" \/>\n<meta property=\"article:modified_time\" content=\"2026-03-09T14:34:55+00:00\" \/>\n<meta name=\"twitter:card\" content=\"summary_large_image\" \/>\n<meta name=\"twitter:label1\" content=\"Dur\u00e9e de lecture estim\u00e9e\" \/>\n\t<meta name=\"twitter:data1\" content=\"2 minutes\" \/>\n<script type=\"application\/ld+json\" class=\"yoast-schema-graph\">{\"@context\":\"https:\/\/schema.org\",\"@graph\":[{\"@type\":\"WebPage\",\"@id\":\"https:\/\/animalwelfare.interpharma.ch\/fr\/sujets\/grundlagen\/lexperimentation-animale-en-suisse\/1-la-loi-suisse-sur-la-protection-des-animaux-est-severe\/\",\"url\":\"https:\/\/animalwelfare.interpharma.ch\/fr\/sujets\/grundlagen\/lexperimentation-animale-en-suisse\/1-la-loi-suisse-sur-la-protection-des-animaux-est-severe\/\",\"name\":\"1. La loi suisse sur la protection des animaux est s\u00e9v\u00e8re - animalwelfare\",\"isPartOf\":{\"@id\":\"https:\/\/animalwelfare.interpharma.ch\/#website\"},\"datePublished\":\"2026-03-06T16:35:19+00:00\",\"dateModified\":\"2026-03-09T14:34:55+00:00\",\"breadcrumb\":{\"@id\":\"https:\/\/animalwelfare.interpharma.ch\/fr\/sujets\/grundlagen\/lexperimentation-animale-en-suisse\/1-la-loi-suisse-sur-la-protection-des-animaux-est-severe\/#breadcrumb\"},\"inLanguage\":\"fr-FR\",\"potentialAction\":[{\"@type\":\"ReadAction\",\"target\":[\"https:\/\/animalwelfare.interpharma.ch\/fr\/sujets\/grundlagen\/lexperimentation-animale-en-suisse\/1-la-loi-suisse-sur-la-protection-des-animaux-est-severe\/\"]}]},{\"@type\":\"BreadcrumbList\",\"@id\":\"https:\/\/animalwelfare.interpharma.ch\/fr\/sujets\/grundlagen\/lexperimentation-animale-en-suisse\/1-la-loi-suisse-sur-la-protection-des-animaux-est-severe\/#breadcrumb\",\"itemListElement\":[{\"@type\":\"ListItem\",\"position\":1,\"name\":\"Start\",\"item\":\"https:\/\/animalwelfare.interpharma.ch\/fr\/\"},{\"@type\":\"ListItem\",\"position\":2,\"name\":\"Contenus\",\"item\":\"https:\/\/animalwelfare.interpharma.ch\/fr\/sujets\/\"},{\"@type\":\"ListItem\",\"position\":3,\"name\":\"Fondements\",\"item\":\"https:\/\/animalwelfare.interpharma.ch\/fr\/sujets\/grundlagen\/\"},{\"@type\":\"ListItem\",\"position\":4,\"name\":\"L\u2019exp\u00e9rimentation animale en Suisse\",\"item\":\"https:\/\/animalwelfare.interpharma.ch\/themen\/grundlagen\/tierversuche-in-der-schweiz\/\"},{\"@type\":\"ListItem\",\"position\":5,\"name\":\"1. La loi suisse sur la protection des animaux est s\u00e9v\u00e8re\"}]},{\"@type\":\"WebSite\",\"@id\":\"https:\/\/animalwelfare.interpharma.ch\/#website\",\"url\":\"https:\/\/animalwelfare.interpharma.ch\/\",\"name\":\"animalwelfare\",\"description\":\"\",\"potentialAction\":[{\"@type\":\"SearchAction\",\"target\":{\"@type\":\"EntryPoint\",\"urlTemplate\":\"https:\/\/animalwelfare.interpharma.ch\/?s={search_term_string}\"},\"query-input\":{\"@type\":\"PropertyValueSpecification\",\"valueRequired\":true,\"valueName\":\"search_term_string\"}}],\"inLanguage\":\"fr-FR\"}]}<\/script>\n<!-- \/ Yoast SEO Premium plugin. -->","yoast_head_json":{"title":"1. La loi suisse sur la protection des animaux est s\u00e9v\u00e8re - animalwelfare","robots":{"index":"index","follow":"follow","max-snippet":"max-snippet:-1","max-image-preview":"max-image-preview:large","max-video-preview":"max-video-preview:-1"},"canonical":"https:\/\/animalwelfare.interpharma.ch\/fr\/sujets\/grundlagen\/lexperimentation-animale-en-suisse\/1-la-loi-suisse-sur-la-protection-des-animaux-est-severe\/","og_locale":"fr_FR","og_type":"article","og_title":"1. La loi suisse sur la protection des animaux est s\u00e9v\u00e8re","og_description":"1. La loi suisse sur la protection des animaux est s\u00e9v\u00e8re En Suisse, la recherche des universit\u00e9s et de l\u2019industrie pharmaceutiquese conforme \u00e0 l\u2019une des l\u00e9gislations de protectiondes animaux les plus s\u00e9v\u00e8res au monde. Toute exp\u00e9riencesur animaux et toute d\u00e9tention d\u2019animaux de laboratoire estsoumise \u00e0 autorisation de l\u2019office v\u00e9t\u00e9rinaire cantonal. Avantde r\u00e9aliser une exp\u00e9rience sur [&hellip;]","og_url":"https:\/\/animalwelfare.interpharma.ch\/fr\/sujets\/grundlagen\/lexperimentation-animale-en-suisse\/1-la-loi-suisse-sur-la-protection-des-animaux-est-severe\/","og_site_name":"animalwelfare","article_modified_time":"2026-03-09T14:34:55+00:00","twitter_card":"summary_large_image","twitter_misc":{"Dur\u00e9e de lecture estim\u00e9e":"2 minutes"},"schema":{"@context":"https:\/\/schema.org","@graph":[{"@type":"WebPage","@id":"https:\/\/animalwelfare.interpharma.ch\/fr\/sujets\/grundlagen\/lexperimentation-animale-en-suisse\/1-la-loi-suisse-sur-la-protection-des-animaux-est-severe\/","url":"https:\/\/animalwelfare.interpharma.ch\/fr\/sujets\/grundlagen\/lexperimentation-animale-en-suisse\/1-la-loi-suisse-sur-la-protection-des-animaux-est-severe\/","name":"1. La loi suisse sur la protection des animaux est s\u00e9v\u00e8re - animalwelfare","isPartOf":{"@id":"https:\/\/animalwelfare.interpharma.ch\/#website"},"datePublished":"2026-03-06T16:35:19+00:00","dateModified":"2026-03-09T14:34:55+00:00","breadcrumb":{"@id":"https:\/\/animalwelfare.interpharma.ch\/fr\/sujets\/grundlagen\/lexperimentation-animale-en-suisse\/1-la-loi-suisse-sur-la-protection-des-animaux-est-severe\/#breadcrumb"},"inLanguage":"fr-FR","potentialAction":[{"@type":"ReadAction","target":["https:\/\/animalwelfare.interpharma.ch\/fr\/sujets\/grundlagen\/lexperimentation-animale-en-suisse\/1-la-loi-suisse-sur-la-protection-des-animaux-est-severe\/"]}]},{"@type":"BreadcrumbList","@id":"https:\/\/animalwelfare.interpharma.ch\/fr\/sujets\/grundlagen\/lexperimentation-animale-en-suisse\/1-la-loi-suisse-sur-la-protection-des-animaux-est-severe\/#breadcrumb","itemListElement":[{"@type":"ListItem","position":1,"name":"Start","item":"https:\/\/animalwelfare.interpharma.ch\/fr\/"},{"@type":"ListItem","position":2,"name":"Contenus","item":"https:\/\/animalwelfare.interpharma.ch\/fr\/sujets\/"},{"@type":"ListItem","position":3,"name":"Fondements","item":"https:\/\/animalwelfare.interpharma.ch\/fr\/sujets\/grundlagen\/"},{"@type":"ListItem","position":4,"name":"L\u2019exp\u00e9rimentation animale en Suisse","item":"https:\/\/animalwelfare.interpharma.ch\/themen\/grundlagen\/tierversuche-in-der-schweiz\/"},{"@type":"ListItem","position":5,"name":"1. La loi suisse sur la protection des animaux est s\u00e9v\u00e8re"}]},{"@type":"WebSite","@id":"https:\/\/animalwelfare.interpharma.ch\/#website","url":"https:\/\/animalwelfare.interpharma.ch\/","name":"animalwelfare","description":"","potentialAction":[{"@type":"SearchAction","target":{"@type":"EntryPoint","urlTemplate":"https:\/\/animalwelfare.interpharma.ch\/?s={search_term_string}"},"query-input":{"@type":"PropertyValueSpecification","valueRequired":true,"valueName":"search_term_string"}}],"inLanguage":"fr-FR"}]}},"_links":{"self":[{"href":"https:\/\/animalwelfare.interpharma.ch\/fr\/wp-json\/wp\/v2\/pages\/828","targetHints":{"allow":["GET"]}}],"collection":[{"href":"https:\/\/animalwelfare.interpharma.ch\/fr\/wp-json\/wp\/v2\/pages"}],"about":[{"href":"https:\/\/animalwelfare.interpharma.ch\/fr\/wp-json\/wp\/v2\/types\/page"}],"author":[{"embeddable":true,"href":"https:\/\/animalwelfare.interpharma.ch\/fr\/wp-json\/wp\/v2\/users\/1"}],"replies":[{"embeddable":true,"href":"https:\/\/animalwelfare.interpharma.ch\/fr\/wp-json\/wp\/v2\/comments?post=828"}],"version-history":[{"count":2,"href":"https:\/\/animalwelfare.interpharma.ch\/fr\/wp-json\/wp\/v2\/pages\/828\/revisions"}],"predecessor-version":[{"id":2910,"href":"https:\/\/animalwelfare.interpharma.ch\/fr\/wp-json\/wp\/v2\/pages\/828\/revisions\/2910"}],"up":[{"embeddable":true,"href":"https:\/\/animalwelfare.interpharma.ch\/fr\/wp-json\/wp\/v2\/pages\/840"}],"wp:attachment":[{"href":"https:\/\/animalwelfare.interpharma.ch\/fr\/wp-json\/wp\/v2\/media?parent=828"}],"curies":[{"name":"wp","href":"https:\/\/api.w.org\/{rel}","templated":true}]}}