{"id":792,"date":"2026-03-06T17:35:17","date_gmt":"2026-03-06T16:35:17","guid":{"rendered":"https:\/\/animalwelfare.iph-multisite.berta-bewegt.ch\/?page_id=792"},"modified":"2026-03-09T14:27:32","modified_gmt":"2026-03-09T13:27:32","slug":"4-im-dialog-den-kulturwandel-fur-3r-mit-big-data-anpacken","status":"publish","type":"page","link":"https:\/\/animalwelfare.interpharma.ch\/fr\/sujets\/3r\/les-3r-dans-la-recherche-preclinique\/4-im-dialog-den-kulturwandel-fur-3r-mit-big-data-anpacken\/","title":{"rendered":"4. En dialogue, transformer les mentalit\u00e9s pour faire avancer les 3R \u00e0 l\u2019aide des m\u00e9gadonn\u00e9es"},"content":{"rendered":"\n<h2 class=\"wp-block-heading\">4. En dialogue, transformer les mentalit\u00e9s pour faire avancer les 3R \u00e0 l\u2019aide des m\u00e9gadonn\u00e9es<\/h2>\n\n\n\n<p>Les exemples cit\u00e9s illustrent l\u2019engagement de l\u2019industrie pharmaceutique dans la recherche de nouvelles voies de partage et de mise \u00e0 disposition des donn\u00e9es pour les chercheuses et chercheurs, ainsi que dans le renforcement de l\u2019utilisation des possibilit\u00e9s des m\u00e9gadonn\u00e9es et de l\u2019intelligence artificielle, y compris dans la recherche pr\u00e9clinique. Cela permet d\u2019entamer un nouveau chapitre de progr\u00e8s notables dans les 3R. Les r\u00e9sultats de la recherche fondamentale b\u00e9n\u00e9ficient aussi aux patient-e-s. C\u2019est ainsi, par exemple, que des m\u00e9thodes num\u00e9riques ont permis et permettent d\u2019\u00e9tudier largement les structures et le fonctionnement du coronavirus.<\/p>\n\n\n\n<blockquote class=\"wp-block-quote is-layout-flow wp-block-quote-is-layout-flow\">\n<p>La transformation num\u00e9rique est largement pr\u00e9sente dans la soci\u00e9t\u00e9, mais il convient de mieux en exploiter les chances dans la recherche sur les m\u00e9dicaments. Cela ne sera cependant possible que si les donn\u00e9es de la recherche pr\u00e9clinique sont largement disponibles.<\/p>\n<\/blockquote>\n\n\n\n<p>Interpharma veut encourager le dialogue sur l\u2019interconnexion des donn\u00e9es dans le domaine pr\u00e9clinique et contribuer \u00e0 faire progresser cette th\u00e9matique importante en Suisse et dans le contexte international. Pour pouvoir exploiter le potentiel des m\u00e9gadonn\u00e9es et de l\u2019intelligence artificielle afin de remplacer l\u2019exp\u00e9rimentation animale dans le d\u00e9veloppement de m\u00e9dicaments et de traitements, nous avons besoin en particulier d\u2019une transformation des mentalit\u00e9s, d\u2019une coop\u00e9ration de tous les chercheurs et chercheuses et de mesures politiques ad\u00e9quates (reconnaissance de nouvelles m\u00e9thodes de substitution et de l\u2019intelligence artificielle), ainsi que de la protection de la propri\u00e9t\u00e9 intellectuelle. <\/p>\n","protected":false},"excerpt":{"rendered":"<p>4. En dialogue, transformer les mentalit\u00e9s pour faire avancer les 3R \u00e0 l\u2019aide des m\u00e9gadonn\u00e9es Les exemples cit\u00e9s illustrent l\u2019engagement de l\u2019industrie pharmaceutique dans la recherche de nouvelles voies de partage et de mise \u00e0 disposition des donn\u00e9es pour les chercheuses et chercheurs, ainsi que dans le renforcement de l\u2019utilisation des possibilit\u00e9s des m\u00e9gadonn\u00e9es et [&hellip;]<\/p>\n","protected":false},"author":1,"featured_media":0,"parent":1302,"menu_order":3,"comment_status":"closed","ping_status":"closed","template":"page-templates\/unterthema.php","meta":{"_acf_changed":false,"inline_featured_image":false,"footnotes":""},"class_list":["post-792","page","type-page","status-publish","hentry"],"acf":[],"yoast_head":"<!-- This site is optimized with the Yoast SEO Premium plugin v27.2 (Yoast SEO v27.2) - https:\/\/yoast.com\/product\/yoast-seo-premium-wordpress\/ -->\n<title>4. En dialogue, transformer les mentalit\u00e9s pour faire avancer les 3R \u00e0 l\u2019aide des m\u00e9gadonn\u00e9es - animalwelfare<\/title>\n<meta name=\"robots\" content=\"index, follow, max-snippet:-1, max-image-preview:large, max-video-preview:-1\" \/>\n<link rel=\"canonical\" href=\"https:\/\/animalwelfare.interpharma.ch\/themen\/3r\/3r-in-der-praeklinischen-forschung\/4-im-dialog-den-kulturwandel-fur-3r-mit-big-data-anpacken\/\" \/>\n<meta property=\"og:locale\" content=\"fr_FR\" \/>\n<meta property=\"og:type\" content=\"article\" \/>\n<meta property=\"og:title\" content=\"4. En dialogue, transformer les mentalit\u00e9s pour faire avancer les 3R \u00e0 l\u2019aide des m\u00e9gadonn\u00e9es\" \/>\n<meta property=\"og:description\" content=\"4. En dialogue, transformer les mentalit\u00e9s pour faire avancer les 3R \u00e0 l\u2019aide des m\u00e9gadonn\u00e9es Les exemples cit\u00e9s illustrent l\u2019engagement de l\u2019industrie pharmaceutique dans la recherche de nouvelles voies de partage et de mise \u00e0 disposition des donn\u00e9es pour les chercheuses et chercheurs, ainsi que dans le renforcement de l\u2019utilisation des possibilit\u00e9s des m\u00e9gadonn\u00e9es et [&hellip;]\" \/>\n<meta property=\"og:url\" content=\"https:\/\/animalwelfare.interpharma.ch\/themen\/3r\/3r-in-der-praeklinischen-forschung\/4-im-dialog-den-kulturwandel-fur-3r-mit-big-data-anpacken\/\" \/>\n<meta property=\"og:site_name\" content=\"animalwelfare\" \/>\n<meta property=\"article:modified_time\" content=\"2026-03-09T13:27:32+00:00\" \/>\n<meta name=\"twitter:card\" content=\"summary_large_image\" \/>\n<meta name=\"twitter:label1\" content=\"Dur\u00e9e de lecture estim\u00e9e\" \/>\n\t<meta name=\"twitter:data1\" content=\"2 minutes\" \/>\n<script type=\"application\/ld+json\" class=\"yoast-schema-graph\">{\"@context\":\"https:\/\/schema.org\",\"@graph\":[{\"@type\":\"WebPage\",\"@id\":\"https:\/\/animalwelfare.interpharma.ch\/themen\/3r\/3r-in-der-praeklinischen-forschung\/4-im-dialog-den-kulturwandel-fur-3r-mit-big-data-anpacken\/\",\"url\":\"https:\/\/animalwelfare.interpharma.ch\/themen\/3r\/3r-in-der-praeklinischen-forschung\/4-im-dialog-den-kulturwandel-fur-3r-mit-big-data-anpacken\/\",\"name\":\"4. En dialogue, transformer les mentalit\u00e9s pour faire avancer les 3R \u00e0 l\u2019aide des m\u00e9gadonn\u00e9es - animalwelfare\",\"isPartOf\":{\"@id\":\"https:\/\/animalwelfare.interpharma.ch\/#website\"},\"datePublished\":\"2026-03-06T16:35:17+00:00\",\"dateModified\":\"2026-03-09T13:27:32+00:00\",\"breadcrumb\":{\"@id\":\"https:\/\/animalwelfare.interpharma.ch\/themen\/3r\/3r-in-der-praeklinischen-forschung\/4-im-dialog-den-kulturwandel-fur-3r-mit-big-data-anpacken\/#breadcrumb\"},\"inLanguage\":\"fr-FR\",\"potentialAction\":[{\"@type\":\"ReadAction\",\"target\":[\"https:\/\/animalwelfare.interpharma.ch\/themen\/3r\/3r-in-der-praeklinischen-forschung\/4-im-dialog-den-kulturwandel-fur-3r-mit-big-data-anpacken\/\"]}]},{\"@type\":\"BreadcrumbList\",\"@id\":\"https:\/\/animalwelfare.interpharma.ch\/themen\/3r\/3r-in-der-praeklinischen-forschung\/4-im-dialog-den-kulturwandel-fur-3r-mit-big-data-anpacken\/#breadcrumb\",\"itemListElement\":[{\"@type\":\"ListItem\",\"position\":1,\"name\":\"Start\",\"item\":\"https:\/\/animalwelfare.interpharma.ch\/fr\/\"},{\"@type\":\"ListItem\",\"position\":2,\"name\":\"Contenus\",\"item\":\"https:\/\/animalwelfare.interpharma.ch\/fr\/sujets\/\"},{\"@type\":\"ListItem\",\"position\":3,\"name\":\"3R\",\"item\":\"https:\/\/animalwelfare.interpharma.ch\/fr\/sujets\/3r\/\"},{\"@type\":\"ListItem\",\"position\":4,\"name\":\"Les 3R dans la recherche pr\u00e9clinique\",\"item\":\"https:\/\/animalwelfare.interpharma.ch\/themen\/3r\/3r-in-der-praeklinischen-forschung\/\"},{\"@type\":\"ListItem\",\"position\":5,\"name\":\"4. En dialogue, transformer les mentalit\u00e9s pour faire avancer les 3R \u00e0 l\u2019aide des m\u00e9gadonn\u00e9es\"}]},{\"@type\":\"WebSite\",\"@id\":\"https:\/\/animalwelfare.interpharma.ch\/#website\",\"url\":\"https:\/\/animalwelfare.interpharma.ch\/\",\"name\":\"animalwelfare\",\"description\":\"\",\"potentialAction\":[{\"@type\":\"SearchAction\",\"target\":{\"@type\":\"EntryPoint\",\"urlTemplate\":\"https:\/\/animalwelfare.interpharma.ch\/?s={search_term_string}\"},\"query-input\":{\"@type\":\"PropertyValueSpecification\",\"valueRequired\":true,\"valueName\":\"search_term_string\"}}],\"inLanguage\":\"fr-FR\"}]}<\/script>\n<!-- \/ Yoast SEO Premium plugin. -->","yoast_head_json":{"title":"4. En dialogue, transformer les mentalit\u00e9s pour faire avancer les 3R \u00e0 l\u2019aide des m\u00e9gadonn\u00e9es - animalwelfare","robots":{"index":"index","follow":"follow","max-snippet":"max-snippet:-1","max-image-preview":"max-image-preview:large","max-video-preview":"max-video-preview:-1"},"canonical":"https:\/\/animalwelfare.interpharma.ch\/themen\/3r\/3r-in-der-praeklinischen-forschung\/4-im-dialog-den-kulturwandel-fur-3r-mit-big-data-anpacken\/","og_locale":"fr_FR","og_type":"article","og_title":"4. En dialogue, transformer les mentalit\u00e9s pour faire avancer les 3R \u00e0 l\u2019aide des m\u00e9gadonn\u00e9es","og_description":"4. En dialogue, transformer les mentalit\u00e9s pour faire avancer les 3R \u00e0 l\u2019aide des m\u00e9gadonn\u00e9es Les exemples cit\u00e9s illustrent l\u2019engagement de l\u2019industrie pharmaceutique dans la recherche de nouvelles voies de partage et de mise \u00e0 disposition des donn\u00e9es pour les chercheuses et chercheurs, ainsi que dans le renforcement de l\u2019utilisation des possibilit\u00e9s des m\u00e9gadonn\u00e9es et [&hellip;]","og_url":"https:\/\/animalwelfare.interpharma.ch\/themen\/3r\/3r-in-der-praeklinischen-forschung\/4-im-dialog-den-kulturwandel-fur-3r-mit-big-data-anpacken\/","og_site_name":"animalwelfare","article_modified_time":"2026-03-09T13:27:32+00:00","twitter_card":"summary_large_image","twitter_misc":{"Dur\u00e9e de lecture estim\u00e9e":"2 minutes"},"schema":{"@context":"https:\/\/schema.org","@graph":[{"@type":"WebPage","@id":"https:\/\/animalwelfare.interpharma.ch\/themen\/3r\/3r-in-der-praeklinischen-forschung\/4-im-dialog-den-kulturwandel-fur-3r-mit-big-data-anpacken\/","url":"https:\/\/animalwelfare.interpharma.ch\/themen\/3r\/3r-in-der-praeklinischen-forschung\/4-im-dialog-den-kulturwandel-fur-3r-mit-big-data-anpacken\/","name":"4. En dialogue, transformer les mentalit\u00e9s pour faire avancer les 3R \u00e0 l\u2019aide des m\u00e9gadonn\u00e9es - animalwelfare","isPartOf":{"@id":"https:\/\/animalwelfare.interpharma.ch\/#website"},"datePublished":"2026-03-06T16:35:17+00:00","dateModified":"2026-03-09T13:27:32+00:00","breadcrumb":{"@id":"https:\/\/animalwelfare.interpharma.ch\/themen\/3r\/3r-in-der-praeklinischen-forschung\/4-im-dialog-den-kulturwandel-fur-3r-mit-big-data-anpacken\/#breadcrumb"},"inLanguage":"fr-FR","potentialAction":[{"@type":"ReadAction","target":["https:\/\/animalwelfare.interpharma.ch\/themen\/3r\/3r-in-der-praeklinischen-forschung\/4-im-dialog-den-kulturwandel-fur-3r-mit-big-data-anpacken\/"]}]},{"@type":"BreadcrumbList","@id":"https:\/\/animalwelfare.interpharma.ch\/themen\/3r\/3r-in-der-praeklinischen-forschung\/4-im-dialog-den-kulturwandel-fur-3r-mit-big-data-anpacken\/#breadcrumb","itemListElement":[{"@type":"ListItem","position":1,"name":"Start","item":"https:\/\/animalwelfare.interpharma.ch\/fr\/"},{"@type":"ListItem","position":2,"name":"Contenus","item":"https:\/\/animalwelfare.interpharma.ch\/fr\/sujets\/"},{"@type":"ListItem","position":3,"name":"3R","item":"https:\/\/animalwelfare.interpharma.ch\/fr\/sujets\/3r\/"},{"@type":"ListItem","position":4,"name":"Les 3R dans la recherche pr\u00e9clinique","item":"https:\/\/animalwelfare.interpharma.ch\/themen\/3r\/3r-in-der-praeklinischen-forschung\/"},{"@type":"ListItem","position":5,"name":"4. En dialogue, transformer les mentalit\u00e9s pour faire avancer les 3R \u00e0 l\u2019aide des m\u00e9gadonn\u00e9es"}]},{"@type":"WebSite","@id":"https:\/\/animalwelfare.interpharma.ch\/#website","url":"https:\/\/animalwelfare.interpharma.ch\/","name":"animalwelfare","description":"","potentialAction":[{"@type":"SearchAction","target":{"@type":"EntryPoint","urlTemplate":"https:\/\/animalwelfare.interpharma.ch\/?s={search_term_string}"},"query-input":{"@type":"PropertyValueSpecification","valueRequired":true,"valueName":"search_term_string"}}],"inLanguage":"fr-FR"}]}},"_links":{"self":[{"href":"https:\/\/animalwelfare.interpharma.ch\/fr\/wp-json\/wp\/v2\/pages\/792","targetHints":{"allow":["GET"]}}],"collection":[{"href":"https:\/\/animalwelfare.interpharma.ch\/fr\/wp-json\/wp\/v2\/pages"}],"about":[{"href":"https:\/\/animalwelfare.interpharma.ch\/fr\/wp-json\/wp\/v2\/types\/page"}],"author":[{"embeddable":true,"href":"https:\/\/animalwelfare.interpharma.ch\/fr\/wp-json\/wp\/v2\/users\/1"}],"replies":[{"embeddable":true,"href":"https:\/\/animalwelfare.interpharma.ch\/fr\/wp-json\/wp\/v2\/comments?post=792"}],"version-history":[{"count":2,"href":"https:\/\/animalwelfare.interpharma.ch\/fr\/wp-json\/wp\/v2\/pages\/792\/revisions"}],"predecessor-version":[{"id":2821,"href":"https:\/\/animalwelfare.interpharma.ch\/fr\/wp-json\/wp\/v2\/pages\/792\/revisions\/2821"}],"up":[{"embeddable":true,"href":"https:\/\/animalwelfare.interpharma.ch\/fr\/wp-json\/wp\/v2\/pages\/1302"}],"wp:attachment":[{"href":"https:\/\/animalwelfare.interpharma.ch\/fr\/wp-json\/wp\/v2\/media?parent=792"}],"curies":[{"name":"wp","href":"https:\/\/api.w.org\/{rel}","templated":true}]}}