{"id":786,"date":"2026-03-06T17:35:17","date_gmt":"2026-03-06T16:35:17","guid":{"rendered":"https:\/\/animalwelfare.iph-multisite.berta-bewegt.ch\/?page_id=786"},"modified":"2026-03-09T14:22:37","modified_gmt":"2026-03-09T13:22:37","slug":"1-die-3r-prinzipien-bewegen-die-praklinische-forschung","status":"publish","type":"page","link":"https:\/\/animalwelfare.interpharma.ch\/fr\/sujets\/3r\/les-3r-dans-la-recherche-preclinique\/1-die-3r-prinzipien-bewegen-die-praklinische-forschung\/","title":{"rendered":"1. La recherche pr\u00e9clinique est attentive aux principes des 3R"},"content":{"rendered":"\n<h2 class=\"wp-block-heading\">1. La recherche pr\u00e9clinique est attentive aux principes des 3R<\/h2>\n\n\n\n<p>Ces derni\u00e8res d\u00e9cennies, l\u2019encouragement et l\u2019application syst\u00e9matique des principes des 3R ont permis de remplacer de nombreuses exp\u00e9riences sur animaux par d\u2019autres m\u00e9thodes (replace)<em>,<\/em> de r\u00e9duire le nombre d\u2019animaux utilis\u00e9s (reduce) et de r\u00e9duire \u00e0 un minimum les contraintes auxquelles ils sont soumis (refine). Ces efforts se poursuivent sans rel\u00e2che, car il n\u2019est actuellement pas possible de renoncer dans tous les cas aux exp\u00e9riences sur animaux pour la recherche et le d\u00e9veloppement de nouvelles substances actives. Ainsi par exemple lorsqu\u2019il s\u2019agit d\u2019examiner des organes complexes comme le cerveau ou l\u2019interaction de diff\u00e9rents organes. Mais l\u2019exp\u00e9rimentation animale sert aussi, par exemple, \u00e0 \u00e9tudier si une nouvelle substance candidate agit efficacement contre un agent pathog\u00e8ne ou une tumeur et quelle dose peut \u00eatre administr\u00e9e en toute s\u00e9curit\u00e9. Ces exp\u00e9riences sur animaux, c\u2019est-\u00e0-dire la phase pr\u00e9clinique, sont prescrites par la loi: il faut d\u2019abord faire la preuve d\u2019une utilisation s\u00fbre et efficace chez l\u2019animal avant d\u2019avoir le droit de tester la substance active dans un essai clinique chez l\u2019\u00eatre humain.<\/p>\n\n\n\n<p><strong>Succ\u00e8s des m\u00e9thodes de substitution \u00e0 l\u2019exp\u00e9rimentation animale<\/strong><\/p>\n\n\n\n<p>Entre-temps, toute une s\u00e9rie de m\u00e9thodes de substitution, par exemple des cultures cellulaires ou tissulaires humaines, sont employ\u00e9es \u00e0 la place des exp\u00e9riences sur animaux. Les \u00aborganes sur puce\u00bb se basent sur des syst\u00e8mes cellulaires en trois dimensions et offrent aussi de nouvelles possibilit\u00e9s de r\u00e9duire \u00e0 un minimum le nombre d\u2019exp\u00e9riences sur animaux dont on a encore besoin. C\u2019est ainsi qu\u2019il est de nos jours possible de r\u00e9unir et relier plusieurs organes sur une puce de la taille d\u2019une cl\u00e9 USB, de mani\u00e8re \u00e0 mod\u00e9liser la dynamique d\u2019un organisme humain. Des organo\u00efdes obtenus sur des patient-e-s permettent en outre de reproduire d\u2019importants aspects d\u2019un organe humain, par exemple des segments d\u2019intestin, en dehors de l\u2019organisme vivant. Ils permettent de pr\u00e9dire les effets ind\u00e9sirables de candidats m\u00e9dicaments dans le corps humain. Ces progr\u00e8s formidables peuvent contribuer \u00e0 r\u00e9duire encore le nombre d\u2019exp\u00e9riences sur animaux. Mais ces m\u00e9thodes de substitution exemptes d\u2019animaux ne sont reconnues que si leurs r\u00e9sultats sont aussi fiables ou meilleurs que ceux de l\u2019exp\u00e9rimentation animale. <\/p>\n\n\n\n<p><strong>La reconnaissance des m\u00e9thodes de substitution est capitale<\/strong><\/p>\n\n\n\n<p>En raison de la complexit\u00e9 du contr\u00f4le et de la validation des m\u00e9thodes de substitution, il faut parfois des ann\u00e9es, voire des dizaines d\u2019ann\u00e9es, avant qu\u2019une telle m\u00e9thode soit reconnue par les autorit\u00e9s d\u2019homologation en remplacement d\u2019une exp\u00e9rience sur animaux employ\u00e9e jusqu\u2019alors. \u00c0 l\u2019\u00e9chelon international, plusieurs institutions ont \u00e9t\u00e9 cr\u00e9\u00e9es pour faire avancer la validation de ces m\u00e9thodes de substitution. Ainsi par exemple le European Centre for the Validation of Alternative Methods <a href=\"https:\/\/publications.jrc.ec.europa.eu\/repository\/handle\/JRC44990#:~:text=The%20European%20Centre%20for%20the,JRC)%20at%20Ispra%2C%20Italy\" target=\"_blank\" rel=\"noreferrer noopener\"><u>(ECVAM)<\/u><\/a> et, tout particuli\u00e8rement, l\u2019International Conference on Harmonisation of Technical Requirements for Registration of Pharmaceuticals for Human Use <a href=\"https:\/\/ich.org\/\" target=\"_blank\" rel=\"noreferrer noopener\"><u>(ICH)<\/u><\/a>. L\u2019ICH fait avancer l\u2019harmonisation des crit\u00e8res d\u2019autorisation des m\u00e9dicaments dans le monde entier et contribue aussi consid\u00e9rablement \u00e0 faire reconna\u00eetre les m\u00e9thodes de substitution \u00e0 l\u2019exp\u00e9rimentation animale par les autorit\u00e9s comp\u00e9tentes en Asie, en Europe et aux \u00c9tats-Unis.<\/p>\n","protected":false},"excerpt":{"rendered":"<p>1. La recherche pr\u00e9clinique est attentive aux principes des 3R Ces derni\u00e8res d\u00e9cennies, l\u2019encouragement et l\u2019application syst\u00e9matique des principes des 3R ont permis de remplacer de nombreuses exp\u00e9riences sur animaux par d\u2019autres m\u00e9thodes (replace), de r\u00e9duire le nombre d\u2019animaux utilis\u00e9s (reduce) et de r\u00e9duire \u00e0 un minimum les contraintes auxquelles ils sont soumis (refine). Ces [&hellip;]<\/p>\n","protected":false},"author":1,"featured_media":0,"parent":1302,"menu_order":0,"comment_status":"closed","ping_status":"closed","template":"page-templates\/unterthema.php","meta":{"_acf_changed":false,"inline_featured_image":false,"footnotes":""},"class_list":["post-786","page","type-page","status-publish","hentry"],"acf":[],"yoast_head":"<!-- This site is optimized with the Yoast SEO Premium plugin v27.2 (Yoast SEO v27.2) - https:\/\/yoast.com\/product\/yoast-seo-premium-wordpress\/ -->\n<title>1. La recherche pr\u00e9clinique est attentive aux principes des 3R - animalwelfare<\/title>\n<meta name=\"robots\" content=\"index, follow, max-snippet:-1, max-image-preview:large, max-video-preview:-1\" \/>\n<link rel=\"canonical\" href=\"https:\/\/animalwelfare.interpharma.ch\/themen\/3r\/3r-in-der-praeklinischen-forschung\/1-die-3r-prinzipien-bewegen-die-praklinische-forschung\/\" \/>\n<meta property=\"og:locale\" content=\"fr_FR\" \/>\n<meta property=\"og:type\" content=\"article\" \/>\n<meta property=\"og:title\" content=\"1. La recherche pr\u00e9clinique est attentive aux principes des 3R\" \/>\n<meta property=\"og:description\" content=\"1. La recherche pr\u00e9clinique est attentive aux principes des 3R Ces derni\u00e8res d\u00e9cennies, l\u2019encouragement et l\u2019application syst\u00e9matique des principes des 3R ont permis de remplacer de nombreuses exp\u00e9riences sur animaux par d\u2019autres m\u00e9thodes (replace), de r\u00e9duire le nombre d\u2019animaux utilis\u00e9s (reduce) et de r\u00e9duire \u00e0 un minimum les contraintes auxquelles ils sont soumis (refine). Ces [&hellip;]\" \/>\n<meta property=\"og:url\" content=\"https:\/\/animalwelfare.interpharma.ch\/themen\/3r\/3r-in-der-praeklinischen-forschung\/1-die-3r-prinzipien-bewegen-die-praklinische-forschung\/\" \/>\n<meta property=\"og:site_name\" content=\"animalwelfare\" \/>\n<meta property=\"article:modified_time\" content=\"2026-03-09T13:22:37+00:00\" \/>\n<meta name=\"twitter:card\" content=\"summary_large_image\" \/>\n<meta name=\"twitter:label1\" content=\"Dur\u00e9e de lecture estim\u00e9e\" \/>\n\t<meta name=\"twitter:data1\" content=\"3 minutes\" \/>\n<script type=\"application\/ld+json\" class=\"yoast-schema-graph\">{\"@context\":\"https:\/\/schema.org\",\"@graph\":[{\"@type\":\"WebPage\",\"@id\":\"https:\/\/animalwelfare.interpharma.ch\/themen\/3r\/3r-in-der-praeklinischen-forschung\/1-die-3r-prinzipien-bewegen-die-praklinische-forschung\/\",\"url\":\"https:\/\/animalwelfare.interpharma.ch\/themen\/3r\/3r-in-der-praeklinischen-forschung\/1-die-3r-prinzipien-bewegen-die-praklinische-forschung\/\",\"name\":\"1. La recherche pr\u00e9clinique est attentive aux principes des 3R - animalwelfare\",\"isPartOf\":{\"@id\":\"https:\/\/animalwelfare.interpharma.ch\/#website\"},\"datePublished\":\"2026-03-06T16:35:17+00:00\",\"dateModified\":\"2026-03-09T13:22:37+00:00\",\"breadcrumb\":{\"@id\":\"https:\/\/animalwelfare.interpharma.ch\/themen\/3r\/3r-in-der-praeklinischen-forschung\/1-die-3r-prinzipien-bewegen-die-praklinische-forschung\/#breadcrumb\"},\"inLanguage\":\"fr-FR\",\"potentialAction\":[{\"@type\":\"ReadAction\",\"target\":[\"https:\/\/animalwelfare.interpharma.ch\/themen\/3r\/3r-in-der-praeklinischen-forschung\/1-die-3r-prinzipien-bewegen-die-praklinische-forschung\/\"]}]},{\"@type\":\"BreadcrumbList\",\"@id\":\"https:\/\/animalwelfare.interpharma.ch\/themen\/3r\/3r-in-der-praeklinischen-forschung\/1-die-3r-prinzipien-bewegen-die-praklinische-forschung\/#breadcrumb\",\"itemListElement\":[{\"@type\":\"ListItem\",\"position\":1,\"name\":\"Start\",\"item\":\"https:\/\/animalwelfare.interpharma.ch\/fr\/\"},{\"@type\":\"ListItem\",\"position\":2,\"name\":\"Contenus\",\"item\":\"https:\/\/animalwelfare.interpharma.ch\/fr\/sujets\/\"},{\"@type\":\"ListItem\",\"position\":3,\"name\":\"3R\",\"item\":\"https:\/\/animalwelfare.interpharma.ch\/fr\/sujets\/3r\/\"},{\"@type\":\"ListItem\",\"position\":4,\"name\":\"Les 3R dans la recherche pr\u00e9clinique\",\"item\":\"https:\/\/animalwelfare.interpharma.ch\/themen\/3r\/3r-in-der-praeklinischen-forschung\/\"},{\"@type\":\"ListItem\",\"position\":5,\"name\":\"1. La recherche pr\u00e9clinique est attentive aux principes des 3R\"}]},{\"@type\":\"WebSite\",\"@id\":\"https:\/\/animalwelfare.interpharma.ch\/#website\",\"url\":\"https:\/\/animalwelfare.interpharma.ch\/\",\"name\":\"animalwelfare\",\"description\":\"\",\"potentialAction\":[{\"@type\":\"SearchAction\",\"target\":{\"@type\":\"EntryPoint\",\"urlTemplate\":\"https:\/\/animalwelfare.interpharma.ch\/?s={search_term_string}\"},\"query-input\":{\"@type\":\"PropertyValueSpecification\",\"valueRequired\":true,\"valueName\":\"search_term_string\"}}],\"inLanguage\":\"fr-FR\"}]}<\/script>\n<!-- \/ Yoast SEO Premium plugin. -->","yoast_head_json":{"title":"1. La recherche pr\u00e9clinique est attentive aux principes des 3R - animalwelfare","robots":{"index":"index","follow":"follow","max-snippet":"max-snippet:-1","max-image-preview":"max-image-preview:large","max-video-preview":"max-video-preview:-1"},"canonical":"https:\/\/animalwelfare.interpharma.ch\/themen\/3r\/3r-in-der-praeklinischen-forschung\/1-die-3r-prinzipien-bewegen-die-praklinische-forschung\/","og_locale":"fr_FR","og_type":"article","og_title":"1. La recherche pr\u00e9clinique est attentive aux principes des 3R","og_description":"1. La recherche pr\u00e9clinique est attentive aux principes des 3R Ces derni\u00e8res d\u00e9cennies, l\u2019encouragement et l\u2019application syst\u00e9matique des principes des 3R ont permis de remplacer de nombreuses exp\u00e9riences sur animaux par d\u2019autres m\u00e9thodes (replace), de r\u00e9duire le nombre d\u2019animaux utilis\u00e9s (reduce) et de r\u00e9duire \u00e0 un minimum les contraintes auxquelles ils sont soumis (refine). Ces [&hellip;]","og_url":"https:\/\/animalwelfare.interpharma.ch\/themen\/3r\/3r-in-der-praeklinischen-forschung\/1-die-3r-prinzipien-bewegen-die-praklinische-forschung\/","og_site_name":"animalwelfare","article_modified_time":"2026-03-09T13:22:37+00:00","twitter_card":"summary_large_image","twitter_misc":{"Dur\u00e9e de lecture estim\u00e9e":"3 minutes"},"schema":{"@context":"https:\/\/schema.org","@graph":[{"@type":"WebPage","@id":"https:\/\/animalwelfare.interpharma.ch\/themen\/3r\/3r-in-der-praeklinischen-forschung\/1-die-3r-prinzipien-bewegen-die-praklinische-forschung\/","url":"https:\/\/animalwelfare.interpharma.ch\/themen\/3r\/3r-in-der-praeklinischen-forschung\/1-die-3r-prinzipien-bewegen-die-praklinische-forschung\/","name":"1. La recherche pr\u00e9clinique est attentive aux principes des 3R - animalwelfare","isPartOf":{"@id":"https:\/\/animalwelfare.interpharma.ch\/#website"},"datePublished":"2026-03-06T16:35:17+00:00","dateModified":"2026-03-09T13:22:37+00:00","breadcrumb":{"@id":"https:\/\/animalwelfare.interpharma.ch\/themen\/3r\/3r-in-der-praeklinischen-forschung\/1-die-3r-prinzipien-bewegen-die-praklinische-forschung\/#breadcrumb"},"inLanguage":"fr-FR","potentialAction":[{"@type":"ReadAction","target":["https:\/\/animalwelfare.interpharma.ch\/themen\/3r\/3r-in-der-praeklinischen-forschung\/1-die-3r-prinzipien-bewegen-die-praklinische-forschung\/"]}]},{"@type":"BreadcrumbList","@id":"https:\/\/animalwelfare.interpharma.ch\/themen\/3r\/3r-in-der-praeklinischen-forschung\/1-die-3r-prinzipien-bewegen-die-praklinische-forschung\/#breadcrumb","itemListElement":[{"@type":"ListItem","position":1,"name":"Start","item":"https:\/\/animalwelfare.interpharma.ch\/fr\/"},{"@type":"ListItem","position":2,"name":"Contenus","item":"https:\/\/animalwelfare.interpharma.ch\/fr\/sujets\/"},{"@type":"ListItem","position":3,"name":"3R","item":"https:\/\/animalwelfare.interpharma.ch\/fr\/sujets\/3r\/"},{"@type":"ListItem","position":4,"name":"Les 3R dans la recherche pr\u00e9clinique","item":"https:\/\/animalwelfare.interpharma.ch\/themen\/3r\/3r-in-der-praeklinischen-forschung\/"},{"@type":"ListItem","position":5,"name":"1. La recherche pr\u00e9clinique est attentive aux principes des 3R"}]},{"@type":"WebSite","@id":"https:\/\/animalwelfare.interpharma.ch\/#website","url":"https:\/\/animalwelfare.interpharma.ch\/","name":"animalwelfare","description":"","potentialAction":[{"@type":"SearchAction","target":{"@type":"EntryPoint","urlTemplate":"https:\/\/animalwelfare.interpharma.ch\/?s={search_term_string}"},"query-input":{"@type":"PropertyValueSpecification","valueRequired":true,"valueName":"search_term_string"}}],"inLanguage":"fr-FR"}]}},"_links":{"self":[{"href":"https:\/\/animalwelfare.interpharma.ch\/fr\/wp-json\/wp\/v2\/pages\/786","targetHints":{"allow":["GET"]}}],"collection":[{"href":"https:\/\/animalwelfare.interpharma.ch\/fr\/wp-json\/wp\/v2\/pages"}],"about":[{"href":"https:\/\/animalwelfare.interpharma.ch\/fr\/wp-json\/wp\/v2\/types\/page"}],"author":[{"embeddable":true,"href":"https:\/\/animalwelfare.interpharma.ch\/fr\/wp-json\/wp\/v2\/users\/1"}],"replies":[{"embeddable":true,"href":"https:\/\/animalwelfare.interpharma.ch\/fr\/wp-json\/wp\/v2\/comments?post=786"}],"version-history":[{"count":2,"href":"https:\/\/animalwelfare.interpharma.ch\/fr\/wp-json\/wp\/v2\/pages\/786\/revisions"}],"predecessor-version":[{"id":2817,"href":"https:\/\/animalwelfare.interpharma.ch\/fr\/wp-json\/wp\/v2\/pages\/786\/revisions\/2817"}],"up":[{"embeddable":true,"href":"https:\/\/animalwelfare.interpharma.ch\/fr\/wp-json\/wp\/v2\/pages\/1302"}],"wp:attachment":[{"href":"https:\/\/animalwelfare.interpharma.ch\/fr\/wp-json\/wp\/v2\/media?parent=786"}],"curies":[{"name":"wp","href":"https:\/\/api.w.org\/{rel}","templated":true}]}}