{"id":774,"date":"2026-03-06T17:35:16","date_gmt":"2026-03-06T16:35:16","guid":{"rendered":"https:\/\/animalwelfare.iph-multisite.berta-bewegt.ch\/?page_id=774"},"modified":"2026-03-09T14:26:46","modified_gmt":"2026-03-09T13:26:46","slug":"3-erste-schritte-in-der-datenvernetzung-sind-gemacht","status":"publish","type":"page","link":"https:\/\/animalwelfare.interpharma.ch\/fr\/sujets\/3r\/les-3r-dans-la-recherche-preclinique\/3-erste-schritte-in-der-datenvernetzung-sind-gemacht\/","title":{"rendered":"3. Les premiers pas d\u2019interconnexion des donn\u00e9es ont \u00e9t\u00e9 faits"},"content":{"rendered":"\n<h2 class=\"wp-block-heading\">3. Les premiers pas d\u2019interconnexion des donn\u00e9es ont \u00e9t\u00e9 faits<\/h2>\n\n\n\n<p><strong>L\u2019industrie accomplit un travail pionnier pour r\u00e9duire l\u2019exp\u00e9rimentation animale<\/strong><\/p>\n\n\n\n<p>Dans le cadre d\u2019un projet remarqu\u00e9, avec le soutien de la F\u00e9d\u00e9ration europ\u00e9enne des associations et industries pharmaceutiques (EFPIA) et en coop\u00e9ration avec l\u2019Agence europ\u00e9enne des produits chimiques (ECHA), quatre entreprises pharmaceutiques se sont associ\u00e9es pour lancer une initiative volontaire, \u00e0 but non lucratif, de mise \u00e0 disposition de donn\u00e9es par l\u2019industrie. Le but est de rendre accessible au public des donn\u00e9es physico-chimiques, toxicologiques et \u00e9cotoxicologiques de haute qualit\u00e9 sur des substances, des donn\u00e9es qui sont archiv\u00e9es dans les entreprises mais non publi\u00e9es jusqu\u2019\u00e0 pr\u00e9sent. \u00c9tendre ainsi l\u2019acc\u00e8s aux donn\u00e9es sur les dangers de produits chimiques permet d\u2019am\u00e9liorer l\u2019efficacit\u00e9 des instruments informatiques de pr\u00e9diction des caract\u00e9ristiques de substances chimiques. En outre, les scientifiques des universit\u00e9s et des entreprises pharmaceutiques pratiquant la recherche peuvent utiliser ces donn\u00e9es pour des mod\u00e8les, de mani\u00e8re \u00e0 r\u00e9duire peu \u00e0 peu, voire \u00e9viter compl\u00e8tement les exp\u00e9riences sur animaux portant sur des substances chimiques. L\u2019<a href=\"https:\/\/echa.europa.eu\/-\/pharmaceutical-industry-provides-unpublished-data-on-chemical-substances\" target=\"_blank\" rel=\"noreferrer noopener\">ECHA<\/a> a accept\u00e9 de soutenir cette initiative et de faire office de courtier et de <a href=\"https:\/\/iuclid6.echa.europa.eu\/data-contribution\">platefo<\/a><a href=\"https:\/\/iuclid6.echa.europa.eu\/data-contribution\" target=\"_blank\" rel=\"noreferrer noopener\">r<\/a><a href=\"https:\/\/iuclid6.echa.europa.eu\/data-contribution\">me<\/a> neutre pour la diffusion de ces donn\u00e9es. Actuellement, une phase de test est en cours. L\u2019ECHA, l\u2019EFPIA et les entreprises Boehringer Ingelheim, F. Hoffmann-La Roche, Johnson &amp; Johnson et Merck KGaA y participent. Le but est de cr\u00e9er un programme auquel participent d\u2019autres entreprises et que celles-ci mettent leurs donn\u00e9es archiv\u00e9es \u00e0 disposition.<\/p>\n\n\n\n<p><strong>Faire progresser les 3R \u00e0 l\u2019aide de plateformes de donn\u00e9es<\/strong> <\/p>\n\n\n\n<p>Heute erfolgt die Erfassung, Speicherung und gemeinsame Nutzung komplexer Datens\u00e4tze in Pharmaunternehmen oft auf der Grundlage von Tabellenkalkulationen. Die Plattform <a href=\"https:\/\/www.manufacturingchemist.com\/news\/article_page\/AstraZeneca_and_Tessella_launch_PreDICT_data_analysis_platform\/115737\" target=\"_blank\" rel=\"noreferrer noopener\">PreDICT<\/a> (Preclinical Data Integration and Capture Tool) von AstraZeneca wurde in Zusammenarbeit mit dem Datenanalyseunternehmen Tessella entwickelt. Dabei wurde zun\u00e4chst eine Reihe von Datenstandards definiert, mit denen sich In-vivo-Studiendaten aus allen Forschungsbereichen klar und vollst\u00e4ndig darstellen lassen. Erfasst und analysiert wurden pr\u00e4klinische pharmakokinetische Daten (diese Daten beschreiben die Gesamtheit aller Prozesse, denen ein Arzneistoff im K\u00f6rper unterliegt, wie die Aufnahme des Arzneistoffes, die Verteilung im K\u00f6rper sowie der biochemische Um- und Abbau), pharmakodynamische Daten (Daten zu unerw\u00fcnschten Wirkungen und zur richtigen Dosierung, um die erw\u00fcnschte Wirkung im K\u00f6rper zu erzielen) sowie Wirksamkeitsdaten. Das System gew\u00e4hrleistet Datenintegrit\u00e4t und erm\u00f6glicht Wissenschaftlern, In-vivo-Datens\u00e4tze f\u00fcr die Vorhersage optimaler Dosierungen und Zeitpl\u00e4ne in klinischen Studien schnell zu finden, zu integrieren und gemeinsam zu nutzen. Nebst Zeitersparnissen, einer Reduzierung von Outsourcing-Kosten und vereinfachten Arbeitsabl\u00e4ufen konnten auch eine signifikante Verbesserung der Datenqualit\u00e4t und ein erh\u00f6htes Vertrauen in die Daten festgestellt werden. Der schnelle Zugriff zu qualitativ hochwertigen Daten macht es f\u00fcr Forschende wesentlich einfacher, Modelle f\u00fcr das Verhalten von Arzneimitteln in realen Organismen zu entwickeln. Die Vorhersagen dieser Modelle sollen zudem In-vivo-Experimente teilweise g\u00e4nzlich ersetzen oder dazu genutzt werden, um pro eingesetztes Tier ein Maximum an Erkenntnissen zu gewinnen sowie die Zahl der eingesetzten Tiere zu verringern.<\/p>\n\n\n\n            <section class=\"custom-image-block block-margins scrollMagic-block visibleInBackend\" data-uid=\"69e2302709f74\">\n            <figure class=\"custom-image-desktop\">\n                <img decoding=\"async\" src=\"https:\/\/animalwelfare.interpharma.ch\/wp-content\/uploads\/sites\/5\/2023\/11\/20231017_iph_grafik_predict_desktop_FR_ik01-scaled.png\" alt=\"Icon\">\n            <\/figure>\n\n            <figure class=\"custom-image-mobile\">\n                <img decoding=\"async\" src=\"https:\/\/animalwelfare.interpharma.ch\/wp-content\/uploads\/sites\/5\/2023\/11\/20231017_iph_grafik_predict_mobile_FR_ik01-scaled.png\">\n            <\/figure>\n        <\/section>\n    \n\n\n\n            <section class=\"highlighted-text-block block-margins block-paddings-v2 secondary-1-light scrollMagic-block visibleInBackend\" data-uid=\"69e230270a1dc\">\n             <div class=\"highlighted-text-block-inner-container\">\n                \n                <div class=\"texteditor-medium-headings\">\n                    <h2>Reduce<\/h2>\n<p>La possibilit\u00e9 d\u2019acc\u00e9der \u00e0 de grandes quantit\u00e9s de donn\u00e9es aide les scientifiques \u00e0 optimiser le design de leurs exp\u00e9riences, de mani\u00e8re \u00e0 tirer un maximum de r\u00e9sultats de chaque animal utilis\u00e9. L\u2019acc\u00e8s aux donn\u00e9es d\u2019archives aide \u00e0 \u00e9viter la r\u00e9p\u00e9tition d\u2019exp\u00e9riences in vivo d\u00e9j\u00e0 r\u00e9alis\u00e9es et \u00e0 r\u00e9duire le nombre d\u2019animaux utilis\u00e9s dans les nouvelles \u00e9tudes, par exemple gr\u00e2ce \u00e0 la r\u00e9utilisation des donn\u00e9es du groupe t\u00e9moin d\u2019une \u00e9tude pr\u00e9c\u00e9dente comparable.<\/p>\n<h2>Replace<\/h2>\n<p>L\u2019acc\u00e8s rapide \u00e0 des donn\u00e9es de haute qualit\u00e9 permet aux chercheuses et chercheurs de d\u00e9velopper plus facilement des mod\u00e8les de comportement de substances actives dans l\u2019organisme vivant. Mieux les donn\u00e9es in vivo sont tenues \u00e0 jour, plus il est probable d\u2019obtenir des mod\u00e8les de pr\u00e9visions fiables susceptibles de remplacer les exp\u00e9riences in vivo.<\/p>\n<h2>Refine<\/h2>\n<p>La banque de donn\u00e9es permet de regrouper les ensembles de donn\u00e9es de nombreuses \u00e9tudes pr\u00e9c\u00e9dentes pour faire une m\u00e9ta-analyse et fournit un aper\u00e7u complet de la mani\u00e8re dont les animaux ont \u00e9t\u00e9 utilis\u00e9s. Cela aide \u00e0 am\u00e9liorer les exp\u00e9riences in vivo.<\/p>\n                <\/div>\n            <\/div>\n        <\/section>\n    \n\n\n\n\n\n\n<p><strong>Utiliser les m\u00e9gadonn\u00e9es pour am\u00e9liorer la recherche et la s\u00e9curit\u00e9 des patient-e-s<\/strong><\/p>\n\n\n\n<p>Avec le soutien de diverses <a href=\"https:\/\/etransafe.eu\/partners-etransafe\/\" target=\"_blank\" rel=\"noreferrer noopener\">entreprises pharmaceutiques et partenaires universitaires,<\/a> l\u2019entreprise technologique GMV a cr\u00e9\u00e9, dans le cadre de <a href=\"https:\/\/etransafe.eu\/\" target=\"_blank\" rel=\"noreferrer noopener\">eTRANSAFE,<\/a> une plateforme technique de donn\u00e9es biom\u00e9dicales qui vise \u00e0 am\u00e9liorer le d\u00e9veloppement de nouveaux m\u00e9dicaments et leur s\u00e9curit\u00e9 pour les patient-e-s. L\u2019objectif g\u00e9n\u00e9ral de eTRANSAFE \u00e9tait d\u2019am\u00e9liorer consid\u00e9rablement la pr\u00e9visibilit\u00e9, la faisabilit\u00e9 et la fiabilit\u00e9 de l\u2019\u00e9valuation de s\u00e9curit\u00e9 au cours du processus de d\u00e9veloppement de m\u00e9dicaments. On y est parvenu gr\u00e2ce au d\u00e9veloppement de la plateforme de toxicit\u00e9 eTRANSAFE: celle-ci r\u00e9unit des banques de donn\u00e9es pr\u00e9cliniques et cliniques dans une infrastructure de donn\u00e9es int\u00e9gr\u00e9e et les combine avec des outils de calcul et de visualisation innovants. Cela a permis de g\u00e9n\u00e9rer une quantit\u00e9 de donn\u00e9es biom\u00e9dicales suffisante pour tirer des conclusions \u00e0 l\u2019aide de technologies qui traitent les m\u00e9gadonn\u00e9es. Les b\u00e9n\u00e9fices du projet sont d\u2019accro\u00eetre l\u2019efficience des \u00e9tudes, de raccourcir la dur\u00e9e des travaux de recherche et d\u2019optimiser les r\u00e9sultats portant sur la toxicit\u00e9. Une partie du projet consiste \u00e0 comparer les essais pr\u00e9cliniques et cliniques, de mani\u00e8re \u00e0 pouvoir mieux pr\u00e9dire les effets chez l\u2019\u00eatre humain \u00e0 la phase clinique.<\/p>\n\n\n\n            <section class=\"highlighted-text-block block-margins block-paddings-v2 secondary-1-light scrollMagic-block visibleInBackend\" data-uid=\"69e230270a39a\">\n             <div class=\"highlighted-text-block-inner-container\">\n                                    <h2 class=\"\">eTRANSAFE: un projet de l\u2019\u00abInnovative Medicines Initiative\u00bb<\/h2>\n                \n                <div class=\"texteditor-medium-headings\">\n                    <p>eTRANSAFE a \u00e9t\u00e9 lanc\u00e9 dans le cadre de l\u2019\u00abInnovative Medicines Initiative (IMI)\u00bb, la plus grande initiative en partenariat public-priv\u00e9 d\u2019Europe, soutenue entre autres par le programme de recherche et d\u2019innovation de l\u2019Union europ\u00e9enne Horizon 2020 et la F\u00e9d\u00e9ration europ\u00e9enne des associations et industries pharmaceutiques (EFPIA). Le projet visait, dans le respect de techniques de gouvernance des donn\u00e9es, \u00e0 rendre disponibles de grandes quantit\u00e9s de donn\u00e9es pr\u00e9cliniques et cliniques. Une condition \u00e9tait la disponibilit\u00e9 d\u2019ensembles de donn\u00e9es pertinentes et de haute qualit\u00e9. Pour pouvoir utiliser ces donn\u00e9es de mani\u00e8re optimale, il a fallu relever des d\u00e9fis de taille, par exemple encourager l\u2019\u00e9change d\u2019informations entre des organisations concurrentes ou encore favoriser le contr\u00f4le ad\u00e9quat, la standardisation et la critique de la qualit\u00e9 des donn\u00e9es.<\/p>\n<p>Source: <a href=\"https:\/\/www.imi.europa.eu\/\" target=\"_blank\" rel=\"noopener\">Innovative Medicines Initiative<\/a><\/p>\n                <\/div>\n            <\/div>\n        <\/section>\n    \n\n\n\n","protected":false},"excerpt":{"rendered":"<p>3. Les premiers pas d\u2019interconnexion des donn\u00e9es ont \u00e9t\u00e9 faits L\u2019industrie accomplit un travail pionnier pour r\u00e9duire l\u2019exp\u00e9rimentation animale Dans le cadre d\u2019un projet remarqu\u00e9, avec le soutien de la F\u00e9d\u00e9ration europ\u00e9enne des associations et industries pharmaceutiques (EFPIA) et en coop\u00e9ration avec l\u2019Agence europ\u00e9enne des produits chimiques (ECHA), quatre entreprises pharmaceutiques se sont associ\u00e9es pour [&hellip;]<\/p>\n","protected":false},"author":1,"featured_media":0,"parent":1302,"menu_order":2,"comment_status":"closed","ping_status":"closed","template":"page-templates\/unterthema.php","meta":{"_acf_changed":false,"inline_featured_image":false,"footnotes":""},"class_list":["post-774","page","type-page","status-publish","hentry"],"acf":[],"yoast_head":"<!-- This site is optimized with the Yoast SEO Premium plugin v27.2 (Yoast SEO v27.2) - https:\/\/yoast.com\/product\/yoast-seo-premium-wordpress\/ -->\n<title>3. Les premiers pas d\u2019interconnexion des donn\u00e9es ont \u00e9t\u00e9 faits - animalwelfare<\/title>\n<meta name=\"robots\" content=\"index, follow, max-snippet:-1, max-image-preview:large, max-video-preview:-1\" \/>\n<link rel=\"canonical\" href=\"https:\/\/animalwelfare.interpharma.ch\/themen\/3r\/3r-in-der-praeklinischen-forschung\/3-erste-schritte-in-der-datenvernetzung-sind-gemacht\/\" \/>\n<meta property=\"og:locale\" content=\"fr_FR\" \/>\n<meta property=\"og:type\" content=\"article\" \/>\n<meta property=\"og:title\" content=\"3. Les premiers pas d\u2019interconnexion des donn\u00e9es ont \u00e9t\u00e9 faits\" \/>\n<meta property=\"og:description\" content=\"3. Les premiers pas d\u2019interconnexion des donn\u00e9es ont \u00e9t\u00e9 faits L\u2019industrie accomplit un travail pionnier pour r\u00e9duire l\u2019exp\u00e9rimentation animale Dans le cadre d\u2019un projet remarqu\u00e9, avec le soutien de la F\u00e9d\u00e9ration europ\u00e9enne des associations et industries pharmaceutiques (EFPIA) et en coop\u00e9ration avec l\u2019Agence europ\u00e9enne des produits chimiques (ECHA), quatre entreprises pharmaceutiques se sont associ\u00e9es pour [&hellip;]\" \/>\n<meta property=\"og:url\" content=\"https:\/\/animalwelfare.interpharma.ch\/themen\/3r\/3r-in-der-praeklinischen-forschung\/3-erste-schritte-in-der-datenvernetzung-sind-gemacht\/\" \/>\n<meta property=\"og:site_name\" content=\"animalwelfare\" \/>\n<meta property=\"article:modified_time\" content=\"2026-03-09T13:26:46+00:00\" \/>\n<meta name=\"twitter:card\" content=\"summary_large_image\" \/>\n<meta name=\"twitter:label1\" content=\"Dur\u00e9e de lecture estim\u00e9e\" \/>\n\t<meta name=\"twitter:data1\" content=\"4 minutes\" \/>\n<script type=\"application\/ld+json\" class=\"yoast-schema-graph\">{\"@context\":\"https:\/\/schema.org\",\"@graph\":[{\"@type\":\"WebPage\",\"@id\":\"https:\/\/animalwelfare.interpharma.ch\/themen\/3r\/3r-in-der-praeklinischen-forschung\/3-erste-schritte-in-der-datenvernetzung-sind-gemacht\/\",\"url\":\"https:\/\/animalwelfare.interpharma.ch\/themen\/3r\/3r-in-der-praeklinischen-forschung\/3-erste-schritte-in-der-datenvernetzung-sind-gemacht\/\",\"name\":\"3. Les premiers pas d\u2019interconnexion des donn\u00e9es ont \u00e9t\u00e9 faits - animalwelfare\",\"isPartOf\":{\"@id\":\"https:\/\/animalwelfare.interpharma.ch\/#website\"},\"datePublished\":\"2026-03-06T16:35:16+00:00\",\"dateModified\":\"2026-03-09T13:26:46+00:00\",\"breadcrumb\":{\"@id\":\"https:\/\/animalwelfare.interpharma.ch\/themen\/3r\/3r-in-der-praeklinischen-forschung\/3-erste-schritte-in-der-datenvernetzung-sind-gemacht\/#breadcrumb\"},\"inLanguage\":\"fr-FR\",\"potentialAction\":[{\"@type\":\"ReadAction\",\"target\":[\"https:\/\/animalwelfare.interpharma.ch\/themen\/3r\/3r-in-der-praeklinischen-forschung\/3-erste-schritte-in-der-datenvernetzung-sind-gemacht\/\"]}]},{\"@type\":\"BreadcrumbList\",\"@id\":\"https:\/\/animalwelfare.interpharma.ch\/themen\/3r\/3r-in-der-praeklinischen-forschung\/3-erste-schritte-in-der-datenvernetzung-sind-gemacht\/#breadcrumb\",\"itemListElement\":[{\"@type\":\"ListItem\",\"position\":1,\"name\":\"Start\",\"item\":\"https:\/\/animalwelfare.interpharma.ch\/fr\/\"},{\"@type\":\"ListItem\",\"position\":2,\"name\":\"Contenus\",\"item\":\"https:\/\/animalwelfare.interpharma.ch\/fr\/sujets\/\"},{\"@type\":\"ListItem\",\"position\":3,\"name\":\"3R\",\"item\":\"https:\/\/animalwelfare.interpharma.ch\/fr\/sujets\/3r\/\"},{\"@type\":\"ListItem\",\"position\":4,\"name\":\"Les 3R dans la recherche pr\u00e9clinique\",\"item\":\"https:\/\/animalwelfare.interpharma.ch\/themen\/3r\/3r-in-der-praeklinischen-forschung\/\"},{\"@type\":\"ListItem\",\"position\":5,\"name\":\"3. Les premiers pas d\u2019interconnexion des donn\u00e9es ont \u00e9t\u00e9 faits\"}]},{\"@type\":\"WebSite\",\"@id\":\"https:\/\/animalwelfare.interpharma.ch\/#website\",\"url\":\"https:\/\/animalwelfare.interpharma.ch\/\",\"name\":\"animalwelfare\",\"description\":\"\",\"potentialAction\":[{\"@type\":\"SearchAction\",\"target\":{\"@type\":\"EntryPoint\",\"urlTemplate\":\"https:\/\/animalwelfare.interpharma.ch\/?s={search_term_string}\"},\"query-input\":{\"@type\":\"PropertyValueSpecification\",\"valueRequired\":true,\"valueName\":\"search_term_string\"}}],\"inLanguage\":\"fr-FR\"}]}<\/script>\n<!-- \/ Yoast SEO Premium plugin. -->","yoast_head_json":{"title":"3. Les premiers pas d\u2019interconnexion des donn\u00e9es ont \u00e9t\u00e9 faits - animalwelfare","robots":{"index":"index","follow":"follow","max-snippet":"max-snippet:-1","max-image-preview":"max-image-preview:large","max-video-preview":"max-video-preview:-1"},"canonical":"https:\/\/animalwelfare.interpharma.ch\/themen\/3r\/3r-in-der-praeklinischen-forschung\/3-erste-schritte-in-der-datenvernetzung-sind-gemacht\/","og_locale":"fr_FR","og_type":"article","og_title":"3. Les premiers pas d\u2019interconnexion des donn\u00e9es ont \u00e9t\u00e9 faits","og_description":"3. Les premiers pas d\u2019interconnexion des donn\u00e9es ont \u00e9t\u00e9 faits L\u2019industrie accomplit un travail pionnier pour r\u00e9duire l\u2019exp\u00e9rimentation animale Dans le cadre d\u2019un projet remarqu\u00e9, avec le soutien de la F\u00e9d\u00e9ration europ\u00e9enne des associations et industries pharmaceutiques (EFPIA) et en coop\u00e9ration avec l\u2019Agence europ\u00e9enne des produits chimiques (ECHA), quatre entreprises pharmaceutiques se sont associ\u00e9es pour [&hellip;]","og_url":"https:\/\/animalwelfare.interpharma.ch\/themen\/3r\/3r-in-der-praeklinischen-forschung\/3-erste-schritte-in-der-datenvernetzung-sind-gemacht\/","og_site_name":"animalwelfare","article_modified_time":"2026-03-09T13:26:46+00:00","twitter_card":"summary_large_image","twitter_misc":{"Dur\u00e9e de lecture estim\u00e9e":"4 minutes"},"schema":{"@context":"https:\/\/schema.org","@graph":[{"@type":"WebPage","@id":"https:\/\/animalwelfare.interpharma.ch\/themen\/3r\/3r-in-der-praeklinischen-forschung\/3-erste-schritte-in-der-datenvernetzung-sind-gemacht\/","url":"https:\/\/animalwelfare.interpharma.ch\/themen\/3r\/3r-in-der-praeklinischen-forschung\/3-erste-schritte-in-der-datenvernetzung-sind-gemacht\/","name":"3. Les premiers pas d\u2019interconnexion des donn\u00e9es ont \u00e9t\u00e9 faits - animalwelfare","isPartOf":{"@id":"https:\/\/animalwelfare.interpharma.ch\/#website"},"datePublished":"2026-03-06T16:35:16+00:00","dateModified":"2026-03-09T13:26:46+00:00","breadcrumb":{"@id":"https:\/\/animalwelfare.interpharma.ch\/themen\/3r\/3r-in-der-praeklinischen-forschung\/3-erste-schritte-in-der-datenvernetzung-sind-gemacht\/#breadcrumb"},"inLanguage":"fr-FR","potentialAction":[{"@type":"ReadAction","target":["https:\/\/animalwelfare.interpharma.ch\/themen\/3r\/3r-in-der-praeklinischen-forschung\/3-erste-schritte-in-der-datenvernetzung-sind-gemacht\/"]}]},{"@type":"BreadcrumbList","@id":"https:\/\/animalwelfare.interpharma.ch\/themen\/3r\/3r-in-der-praeklinischen-forschung\/3-erste-schritte-in-der-datenvernetzung-sind-gemacht\/#breadcrumb","itemListElement":[{"@type":"ListItem","position":1,"name":"Start","item":"https:\/\/animalwelfare.interpharma.ch\/fr\/"},{"@type":"ListItem","position":2,"name":"Contenus","item":"https:\/\/animalwelfare.interpharma.ch\/fr\/sujets\/"},{"@type":"ListItem","position":3,"name":"3R","item":"https:\/\/animalwelfare.interpharma.ch\/fr\/sujets\/3r\/"},{"@type":"ListItem","position":4,"name":"Les 3R dans la recherche pr\u00e9clinique","item":"https:\/\/animalwelfare.interpharma.ch\/themen\/3r\/3r-in-der-praeklinischen-forschung\/"},{"@type":"ListItem","position":5,"name":"3. Les premiers pas d\u2019interconnexion des donn\u00e9es ont \u00e9t\u00e9 faits"}]},{"@type":"WebSite","@id":"https:\/\/animalwelfare.interpharma.ch\/#website","url":"https:\/\/animalwelfare.interpharma.ch\/","name":"animalwelfare","description":"","potentialAction":[{"@type":"SearchAction","target":{"@type":"EntryPoint","urlTemplate":"https:\/\/animalwelfare.interpharma.ch\/?s={search_term_string}"},"query-input":{"@type":"PropertyValueSpecification","valueRequired":true,"valueName":"search_term_string"}}],"inLanguage":"fr-FR"}]}},"_links":{"self":[{"href":"https:\/\/animalwelfare.interpharma.ch\/fr\/wp-json\/wp\/v2\/pages\/774","targetHints":{"allow":["GET"]}}],"collection":[{"href":"https:\/\/animalwelfare.interpharma.ch\/fr\/wp-json\/wp\/v2\/pages"}],"about":[{"href":"https:\/\/animalwelfare.interpharma.ch\/fr\/wp-json\/wp\/v2\/types\/page"}],"author":[{"embeddable":true,"href":"https:\/\/animalwelfare.interpharma.ch\/fr\/wp-json\/wp\/v2\/users\/1"}],"replies":[{"embeddable":true,"href":"https:\/\/animalwelfare.interpharma.ch\/fr\/wp-json\/wp\/v2\/comments?post=774"}],"version-history":[{"count":2,"href":"https:\/\/animalwelfare.interpharma.ch\/fr\/wp-json\/wp\/v2\/pages\/774\/revisions"}],"predecessor-version":[{"id":2820,"href":"https:\/\/animalwelfare.interpharma.ch\/fr\/wp-json\/wp\/v2\/pages\/774\/revisions\/2820"}],"up":[{"embeddable":true,"href":"https:\/\/animalwelfare.interpharma.ch\/fr\/wp-json\/wp\/v2\/pages\/1302"}],"wp:attachment":[{"href":"https:\/\/animalwelfare.interpharma.ch\/fr\/wp-json\/wp\/v2\/media?parent=774"}],"curies":[{"name":"wp","href":"https:\/\/api.w.org\/{rel}","templated":true}]}}