{"id":768,"date":"2026-03-06T17:35:16","date_gmt":"2026-03-06T16:35:16","guid":{"rendered":"https:\/\/animalwelfare.iph-multisite.berta-bewegt.ch\/?page_id=768"},"modified":"2026-03-09T14:36:42","modified_gmt":"2026-03-09T13:36:42","slug":"2-der-schutz-des-geistigen-eigentums-muss-gewahrt-bleiben","status":"publish","type":"page","link":"https:\/\/animalwelfare.interpharma.ch\/fr\/sujets\/3r\/interview-avec-dr-birgit-ledermann-aaalac\/2-der-schutz-des-geistigen-eigentums-muss-gewahrt-bleiben\/","title":{"rendered":"2. En bref: Dr. Birgit Ledermann"},"content":{"rendered":"\n<h2 class=\"wp-block-heading\">2. En bref: Dr. Birgit Ledermann<\/h2>\n\n\n\n<p>Birgit Ledermann est co-chair du groupe de travail Animal Welfare d\u2019Interpharma Novartis Global Animal Welfare and Compliance 3Rs Leader at Novartis BioMedical Research<\/p>\n\n\n\n<div class=\"wp-block-media-text is-stacked-on-mobile\"><figure class=\"wp-block-media-text__media\"><img decoding=\"async\" src=\"https:\/\/animalwelfare.interpharma.ch\/wp-content\/uploads\/sites\/5\/2023\/11\/ledermann.jpg\" alt=\"\" class=\"wp-image-9480 size-full\"\/><\/figure><div class=\"wp-block-media-text__content\">\n<p>Birgit Ledermann travaille depuis 25&nbsp;ans dans la recherche biom\u00e9dicale de hautes \u00e9coles et de l\u2019industrie. Elle a accompli une formation de technicienne chimiste, puis un dipl\u00f4me de biologie\/g\u00e9n\u00e9tique mol\u00e9culaire \u00e0 l\u2019Universit\u00e9 de Bielefeld, a obtenu son doctorat en biologie cellulaire \u00e0 l\u2019Universit\u00e9 de B\u00e2le et son habilitation aux Universit\u00e9s de Zurich et de B\u00e2le en science des animaux de laboratoire. Elle est actuellement charg\u00e9e de cours \u00e0 l\u2019Universit\u00e9 de B\u00e2le. Elle a travaill\u00e9 auparavant chez Sandoz\/Novartis Pharma en tant que cheffe de laboratoire dans le domaine des animaux transg\u00e9niques et \u00e0 l\u2019Institut des animaux de laboratoire de l\u2019Universit\u00e9 de Zurich. Depuis 2013, elle est membre du r\u00e9seau des d\u00e9l\u00e9gu\u00e9-e-s suisses \u00e0 la protection des animaux et en tant que pr\u00e9sidente de la Soci\u00e9t\u00e9 suisse pour l\u2019\u00e9tude des animaux de laboratoire (SGV\/SSEAL), elle si\u00e8ge au comit\u00e9 directeur de la FELASA (Federation of European Laboratory Animal Science Associations). Elle repr\u00e9sente en outre Novartis aupr\u00e8s de l\u2019EPAA (European Partnership for Alternative Approaches to Animal Testing) et de l\u2019EFPIA (European Federation of Pharmaceutical Industries and Associations) et si\u00e8ge au comit\u00e9 directeur de l\u2019AAALAC (Association for Assessment and Accreditation of Laboratory Animal Care) International en tant que repr\u00e9sentante d\u2019Interpharma.<\/p>\n<\/div><\/div>\n\n\n\n<p><\/p>\n","protected":false},"excerpt":{"rendered":"<p>2. En bref: Dr. Birgit Ledermann Birgit Ledermann est co-chair du groupe de travail Animal Welfare d\u2019Interpharma Novartis Global Animal Welfare and Compliance 3Rs Leader at Novartis BioMedical Research Birgit Ledermann travaille depuis 25&nbsp;ans dans la recherche biom\u00e9dicale de hautes \u00e9coles et de l\u2019industrie. Elle a accompli une formation de technicienne chimiste, puis un dipl\u00f4me [&hellip;]<\/p>\n","protected":false},"author":1,"featured_media":0,"parent":1314,"menu_order":1,"comment_status":"closed","ping_status":"closed","template":"page-templates\/unterthema.php","meta":{"_acf_changed":false,"inline_featured_image":false,"footnotes":""},"class_list":["post-768","page","type-page","status-publish","hentry"],"acf":[],"yoast_head":"<!-- This site is optimized with the Yoast SEO Premium plugin v27.2 (Yoast SEO v27.2) - https:\/\/yoast.com\/product\/yoast-seo-premium-wordpress\/ -->\n<title>2. En bref: Dr. Birgit Ledermann - animalwelfare<\/title>\n<meta name=\"robots\" content=\"index, follow, max-snippet:-1, max-image-preview:large, max-video-preview:-1\" \/>\n<link rel=\"canonical\" href=\"https:\/\/animalwelfare.interpharma.ch\/themen\/3r\/interview-mit-dr-birgit-ledermann-aaalac\/2-der-schutz-des-geistigen-eigentums-muss-gewahrt-bleiben\/\" \/>\n<meta property=\"og:locale\" content=\"fr_FR\" \/>\n<meta property=\"og:type\" content=\"article\" \/>\n<meta property=\"og:title\" content=\"2. En bref: Dr. Birgit Ledermann\" \/>\n<meta property=\"og:description\" content=\"2. En bref: Dr. Birgit Ledermann Birgit Ledermann est co-chair du groupe de travail Animal Welfare d\u2019Interpharma Novartis Global Animal Welfare and Compliance 3Rs Leader at Novartis BioMedical Research Birgit Ledermann travaille depuis 25&nbsp;ans dans la recherche biom\u00e9dicale de hautes \u00e9coles et de l\u2019industrie. Elle a accompli une formation de technicienne chimiste, puis un dipl\u00f4me [&hellip;]\" \/>\n<meta property=\"og:url\" content=\"https:\/\/animalwelfare.interpharma.ch\/themen\/3r\/interview-mit-dr-birgit-ledermann-aaalac\/2-der-schutz-des-geistigen-eigentums-muss-gewahrt-bleiben\/\" \/>\n<meta property=\"og:site_name\" content=\"animalwelfare\" \/>\n<meta property=\"article:modified_time\" content=\"2026-03-09T13:36:42+00:00\" \/>\n<meta property=\"og:image\" content=\"https:\/\/animalwelfare.interpharma.ch\/wp-content\/uploads\/sites\/5\/2023\/11\/ledermann.jpg\" \/>\n<meta name=\"twitter:card\" content=\"summary_large_image\" \/>\n<meta name=\"twitter:label1\" content=\"Dur\u00e9e de lecture estim\u00e9e\" \/>\n\t<meta name=\"twitter:data1\" content=\"2 minutes\" \/>\n<script type=\"application\/ld+json\" class=\"yoast-schema-graph\">{\"@context\":\"https:\/\/schema.org\",\"@graph\":[{\"@type\":\"WebPage\",\"@id\":\"https:\/\/animalwelfare.interpharma.ch\/themen\/3r\/interview-mit-dr-birgit-ledermann-aaalac\/2-der-schutz-des-geistigen-eigentums-muss-gewahrt-bleiben\/\",\"url\":\"https:\/\/animalwelfare.interpharma.ch\/themen\/3r\/interview-mit-dr-birgit-ledermann-aaalac\/2-der-schutz-des-geistigen-eigentums-muss-gewahrt-bleiben\/\",\"name\":\"2. En bref: Dr. Birgit Ledermann - animalwelfare\",\"isPartOf\":{\"@id\":\"https:\/\/animalwelfare.interpharma.ch\/#website\"},\"primaryImageOfPage\":{\"@id\":\"https:\/\/animalwelfare.interpharma.ch\/themen\/3r\/interview-mit-dr-birgit-ledermann-aaalac\/2-der-schutz-des-geistigen-eigentums-muss-gewahrt-bleiben\/#primaryimage\"},\"image\":{\"@id\":\"https:\/\/animalwelfare.interpharma.ch\/themen\/3r\/interview-mit-dr-birgit-ledermann-aaalac\/2-der-schutz-des-geistigen-eigentums-muss-gewahrt-bleiben\/#primaryimage\"},\"thumbnailUrl\":\"https:\/\/animalwelfare.interpharma.ch\/wp-content\/uploads\/sites\/5\/2023\/11\/ledermann.jpg\",\"datePublished\":\"2026-03-06T16:35:16+00:00\",\"dateModified\":\"2026-03-09T13:36:42+00:00\",\"breadcrumb\":{\"@id\":\"https:\/\/animalwelfare.interpharma.ch\/themen\/3r\/interview-mit-dr-birgit-ledermann-aaalac\/2-der-schutz-des-geistigen-eigentums-muss-gewahrt-bleiben\/#breadcrumb\"},\"inLanguage\":\"fr-FR\",\"potentialAction\":[{\"@type\":\"ReadAction\",\"target\":[\"https:\/\/animalwelfare.interpharma.ch\/themen\/3r\/interview-mit-dr-birgit-ledermann-aaalac\/2-der-schutz-des-geistigen-eigentums-muss-gewahrt-bleiben\/\"]}]},{\"@type\":\"ImageObject\",\"inLanguage\":\"fr-FR\",\"@id\":\"https:\/\/animalwelfare.interpharma.ch\/themen\/3r\/interview-mit-dr-birgit-ledermann-aaalac\/2-der-schutz-des-geistigen-eigentums-muss-gewahrt-bleiben\/#primaryimage\",\"url\":\"https:\/\/animalwelfare.interpharma.ch\/wp-content\/uploads\/sites\/5\/2023\/11\/ledermann.jpg\",\"contentUrl\":\"https:\/\/animalwelfare.interpharma.ch\/wp-content\/uploads\/sites\/5\/2023\/11\/ledermann.jpg\"},{\"@type\":\"BreadcrumbList\",\"@id\":\"https:\/\/animalwelfare.interpharma.ch\/themen\/3r\/interview-mit-dr-birgit-ledermann-aaalac\/2-der-schutz-des-geistigen-eigentums-muss-gewahrt-bleiben\/#breadcrumb\",\"itemListElement\":[{\"@type\":\"ListItem\",\"position\":1,\"name\":\"Start\",\"item\":\"https:\/\/animalwelfare.interpharma.ch\/fr\/\"},{\"@type\":\"ListItem\",\"position\":2,\"name\":\"Contenus\",\"item\":\"https:\/\/animalwelfare.interpharma.ch\/fr\/sujets\/\"},{\"@type\":\"ListItem\",\"position\":3,\"name\":\"3R\",\"item\":\"https:\/\/animalwelfare.interpharma.ch\/fr\/sujets\/3r\/\"},{\"@type\":\"ListItem\",\"position\":4,\"name\":\"Interview avec Dr. Birgit Ledermann: AAALAC\",\"item\":\"https:\/\/animalwelfare.interpharma.ch\/themen\/3r\/interview-mit-dr-birgit-ledermann-aaalac\/\"},{\"@type\":\"ListItem\",\"position\":5,\"name\":\"2. En bref: Dr. Birgit Ledermann\"}]},{\"@type\":\"WebSite\",\"@id\":\"https:\/\/animalwelfare.interpharma.ch\/#website\",\"url\":\"https:\/\/animalwelfare.interpharma.ch\/\",\"name\":\"animalwelfare\",\"description\":\"\",\"potentialAction\":[{\"@type\":\"SearchAction\",\"target\":{\"@type\":\"EntryPoint\",\"urlTemplate\":\"https:\/\/animalwelfare.interpharma.ch\/?s={search_term_string}\"},\"query-input\":{\"@type\":\"PropertyValueSpecification\",\"valueRequired\":true,\"valueName\":\"search_term_string\"}}],\"inLanguage\":\"fr-FR\"}]}<\/script>\n<!-- \/ Yoast SEO Premium plugin. -->","yoast_head_json":{"title":"2. En bref: Dr. Birgit Ledermann - animalwelfare","robots":{"index":"index","follow":"follow","max-snippet":"max-snippet:-1","max-image-preview":"max-image-preview:large","max-video-preview":"max-video-preview:-1"},"canonical":"https:\/\/animalwelfare.interpharma.ch\/themen\/3r\/interview-mit-dr-birgit-ledermann-aaalac\/2-der-schutz-des-geistigen-eigentums-muss-gewahrt-bleiben\/","og_locale":"fr_FR","og_type":"article","og_title":"2. En bref: Dr. Birgit Ledermann","og_description":"2. En bref: Dr. Birgit Ledermann Birgit Ledermann est co-chair du groupe de travail Animal Welfare d\u2019Interpharma Novartis Global Animal Welfare and Compliance 3Rs Leader at Novartis BioMedical Research Birgit Ledermann travaille depuis 25&nbsp;ans dans la recherche biom\u00e9dicale de hautes \u00e9coles et de l\u2019industrie. Elle a accompli une formation de technicienne chimiste, puis un dipl\u00f4me [&hellip;]","og_url":"https:\/\/animalwelfare.interpharma.ch\/themen\/3r\/interview-mit-dr-birgit-ledermann-aaalac\/2-der-schutz-des-geistigen-eigentums-muss-gewahrt-bleiben\/","og_site_name":"animalwelfare","article_modified_time":"2026-03-09T13:36:42+00:00","og_image":[{"url":"https:\/\/animalwelfare.interpharma.ch\/wp-content\/uploads\/sites\/5\/2023\/11\/ledermann.jpg","type":"","width":"","height":""}],"twitter_card":"summary_large_image","twitter_misc":{"Dur\u00e9e de lecture estim\u00e9e":"2 minutes"},"schema":{"@context":"https:\/\/schema.org","@graph":[{"@type":"WebPage","@id":"https:\/\/animalwelfare.interpharma.ch\/themen\/3r\/interview-mit-dr-birgit-ledermann-aaalac\/2-der-schutz-des-geistigen-eigentums-muss-gewahrt-bleiben\/","url":"https:\/\/animalwelfare.interpharma.ch\/themen\/3r\/interview-mit-dr-birgit-ledermann-aaalac\/2-der-schutz-des-geistigen-eigentums-muss-gewahrt-bleiben\/","name":"2. En bref: Dr. Birgit Ledermann - animalwelfare","isPartOf":{"@id":"https:\/\/animalwelfare.interpharma.ch\/#website"},"primaryImageOfPage":{"@id":"https:\/\/animalwelfare.interpharma.ch\/themen\/3r\/interview-mit-dr-birgit-ledermann-aaalac\/2-der-schutz-des-geistigen-eigentums-muss-gewahrt-bleiben\/#primaryimage"},"image":{"@id":"https:\/\/animalwelfare.interpharma.ch\/themen\/3r\/interview-mit-dr-birgit-ledermann-aaalac\/2-der-schutz-des-geistigen-eigentums-muss-gewahrt-bleiben\/#primaryimage"},"thumbnailUrl":"https:\/\/animalwelfare.interpharma.ch\/wp-content\/uploads\/sites\/5\/2023\/11\/ledermann.jpg","datePublished":"2026-03-06T16:35:16+00:00","dateModified":"2026-03-09T13:36:42+00:00","breadcrumb":{"@id":"https:\/\/animalwelfare.interpharma.ch\/themen\/3r\/interview-mit-dr-birgit-ledermann-aaalac\/2-der-schutz-des-geistigen-eigentums-muss-gewahrt-bleiben\/#breadcrumb"},"inLanguage":"fr-FR","potentialAction":[{"@type":"ReadAction","target":["https:\/\/animalwelfare.interpharma.ch\/themen\/3r\/interview-mit-dr-birgit-ledermann-aaalac\/2-der-schutz-des-geistigen-eigentums-muss-gewahrt-bleiben\/"]}]},{"@type":"ImageObject","inLanguage":"fr-FR","@id":"https:\/\/animalwelfare.interpharma.ch\/themen\/3r\/interview-mit-dr-birgit-ledermann-aaalac\/2-der-schutz-des-geistigen-eigentums-muss-gewahrt-bleiben\/#primaryimage","url":"https:\/\/animalwelfare.interpharma.ch\/wp-content\/uploads\/sites\/5\/2023\/11\/ledermann.jpg","contentUrl":"https:\/\/animalwelfare.interpharma.ch\/wp-content\/uploads\/sites\/5\/2023\/11\/ledermann.jpg"},{"@type":"BreadcrumbList","@id":"https:\/\/animalwelfare.interpharma.ch\/themen\/3r\/interview-mit-dr-birgit-ledermann-aaalac\/2-der-schutz-des-geistigen-eigentums-muss-gewahrt-bleiben\/#breadcrumb","itemListElement":[{"@type":"ListItem","position":1,"name":"Start","item":"https:\/\/animalwelfare.interpharma.ch\/fr\/"},{"@type":"ListItem","position":2,"name":"Contenus","item":"https:\/\/animalwelfare.interpharma.ch\/fr\/sujets\/"},{"@type":"ListItem","position":3,"name":"3R","item":"https:\/\/animalwelfare.interpharma.ch\/fr\/sujets\/3r\/"},{"@type":"ListItem","position":4,"name":"Interview avec Dr. Birgit Ledermann: AAALAC","item":"https:\/\/animalwelfare.interpharma.ch\/themen\/3r\/interview-mit-dr-birgit-ledermann-aaalac\/"},{"@type":"ListItem","position":5,"name":"2. En bref: Dr. Birgit Ledermann"}]},{"@type":"WebSite","@id":"https:\/\/animalwelfare.interpharma.ch\/#website","url":"https:\/\/animalwelfare.interpharma.ch\/","name":"animalwelfare","description":"","potentialAction":[{"@type":"SearchAction","target":{"@type":"EntryPoint","urlTemplate":"https:\/\/animalwelfare.interpharma.ch\/?s={search_term_string}"},"query-input":{"@type":"PropertyValueSpecification","valueRequired":true,"valueName":"search_term_string"}}],"inLanguage":"fr-FR"}]}},"_links":{"self":[{"href":"https:\/\/animalwelfare.interpharma.ch\/fr\/wp-json\/wp\/v2\/pages\/768","targetHints":{"allow":["GET"]}}],"collection":[{"href":"https:\/\/animalwelfare.interpharma.ch\/fr\/wp-json\/wp\/v2\/pages"}],"about":[{"href":"https:\/\/animalwelfare.interpharma.ch\/fr\/wp-json\/wp\/v2\/types\/page"}],"author":[{"embeddable":true,"href":"https:\/\/animalwelfare.interpharma.ch\/fr\/wp-json\/wp\/v2\/users\/1"}],"replies":[{"embeddable":true,"href":"https:\/\/animalwelfare.interpharma.ch\/fr\/wp-json\/wp\/v2\/comments?post=768"}],"version-history":[{"count":2,"href":"https:\/\/animalwelfare.interpharma.ch\/fr\/wp-json\/wp\/v2\/pages\/768\/revisions"}],"predecessor-version":[{"id":2827,"href":"https:\/\/animalwelfare.interpharma.ch\/fr\/wp-json\/wp\/v2\/pages\/768\/revisions\/2827"}],"up":[{"embeddable":true,"href":"https:\/\/animalwelfare.interpharma.ch\/fr\/wp-json\/wp\/v2\/pages\/1314"}],"wp:attachment":[{"href":"https:\/\/animalwelfare.interpharma.ch\/fr\/wp-json\/wp\/v2\/media?parent=768"}],"curies":[{"name":"wp","href":"https:\/\/api.w.org\/{rel}","templated":true}]}}