{"id":744,"date":"2026-03-06T17:35:15","date_gmt":"2026-03-06T16:35:15","guid":{"rendered":"https:\/\/animalwelfare.iph-multisite.berta-bewegt.ch\/?page_id=744"},"modified":"2026-03-09T16:03:12","modified_gmt":"2026-03-09T15:03:12","slug":"aaalac-association-for-assessment-and-accreditation-of-laboratory-animal-care-international","status":"publish","type":"page","link":"https:\/\/animalwelfare.interpharma.ch\/fr\/groupes-de-travail\/aaalac-association-for-assessment-and-accreditation-of-laboratory-animal-care-international\/","title":{"rendered":"AAALAC International"},"content":{"rendered":"\n<h2 class=\"wp-block-heading\">AAALAC International<\/h2>\n\n\n\n<p>Cette organisation ind\u00e9pendante, \u00e0 but non lucratif, encourage un recours raisonn\u00e9 et responsable aux animaux en science, notamment au moyen d\u2019\u00e9valuations sur la base du volontariat et de programmes d\u2019accr\u00e9ditation. Plus d\u2019un millier d\u2019institutions, dont des entreprises pharmaceutiques et biotechnologiques et des universit\u00e9s de 50 pays, ont obtenu l\u2019accr\u00e9ditation de l\u2019AAALAC International (Association for Assessment and Accreditation of Laboratory Animal Care). Plusieurs sites d\u2019entreprises membres d\u2019Interpharma sont \u00e9galement certifi\u00e9s par l\u2019AAALAC International. Depuis 2013, Interpharma occupe un si\u00e8ge \u00e0 la d\u00e9l\u00e9gation des organisations membres de l\u2019AAALAC International et depuis 2020 \u00e9galement au Board of Directors, et peut ainsi exercer une influence directe sur l\u2019encouragement de programmes ind\u00e9pendants de certification de la protection des animaux. Pour que les mandats de recherche soient en conformit\u00e9 avec la protection des animaux, l\u2019AAALAC International dispose de plus de 360 consultant-e-s sp\u00e9cialis\u00e9-e-s occasionnel-le-s qui accompagnent les membres du Conseil d\u2019accr\u00e9ditation lors des visites sur site et \u00e9mettent des recommandations. Ces consultant-e-s, dont certain-e-s viennent d\u2019entreprises membres d\u2019Interpharma, ont une exp\u00e9rience allant au-del\u00e0 des esp\u00e8ces d\u2019animaux de laboratoire usuelles et disposent en outre pour certain-e-s de comp\u00e9tences dans des domaines sp\u00e9cialis\u00e9s tels que les neurosciences appliqu\u00e9es, les sciences comportementales, la toxicologie, la pharmacologie ou la physiologie.<\/p>\n\n\n\n<p>Nom du projet: AAALAC International<br>Articles de la charte: 2, 7<\/p>\n","protected":false},"excerpt":{"rendered":"<p>AAALAC International Cette organisation ind\u00e9pendante, \u00e0 but non lucratif, encourage un recours raisonn\u00e9 et responsable aux animaux en science, notamment au moyen d\u2019\u00e9valuations sur la base du volontariat et de programmes d\u2019accr\u00e9ditation. Plus d\u2019un millier d\u2019institutions, dont des entreprises pharmaceutiques et biotechnologiques et des universit\u00e9s de 50 pays, ont obtenu l\u2019accr\u00e9ditation de l\u2019AAALAC International (Association [&hellip;]<\/p>\n","protected":false},"author":1,"featured_media":0,"parent":690,"menu_order":0,"comment_status":"closed","ping_status":"closed","template":"page-templates\/unterthema.php","meta":{"_acf_changed":false,"inline_featured_image":false,"footnotes":""},"class_list":["post-744","page","type-page","status-publish","hentry"],"acf":[],"yoast_head":"<!-- This site is optimized with the Yoast SEO Premium plugin v27.2 (Yoast SEO v27.2) - https:\/\/yoast.com\/product\/yoast-seo-premium-wordpress\/ -->\n<title>AAALAC International - animalwelfare<\/title>\n<meta name=\"robots\" content=\"index, follow, max-snippet:-1, max-image-preview:large, max-video-preview:-1\" \/>\n<link rel=\"canonical\" href=\"https:\/\/animalwelfare.interpharma.ch\/fr\/groupes-de-travail\/aaalac-association-for-assessment-and-accreditation-of-laboratory-animal-care-international\/\" \/>\n<meta property=\"og:locale\" content=\"fr_FR\" \/>\n<meta property=\"og:type\" content=\"article\" \/>\n<meta property=\"og:title\" content=\"AAALAC International\" \/>\n<meta property=\"og:description\" content=\"AAALAC International Cette organisation ind\u00e9pendante, \u00e0 but non lucratif, encourage un recours raisonn\u00e9 et responsable aux animaux en science, notamment au moyen d\u2019\u00e9valuations sur la base du volontariat et de programmes d\u2019accr\u00e9ditation. Plus d\u2019un millier d\u2019institutions, dont des entreprises pharmaceutiques et biotechnologiques et des universit\u00e9s de 50 pays, ont obtenu l\u2019accr\u00e9ditation de l\u2019AAALAC International (Association [&hellip;]\" \/>\n<meta property=\"og:url\" content=\"https:\/\/animalwelfare.interpharma.ch\/fr\/groupes-de-travail\/aaalac-association-for-assessment-and-accreditation-of-laboratory-animal-care-international\/\" \/>\n<meta property=\"og:site_name\" content=\"animalwelfare\" \/>\n<meta property=\"article:modified_time\" content=\"2026-03-09T15:03:12+00:00\" \/>\n<meta name=\"twitter:card\" content=\"summary_large_image\" \/>\n<meta name=\"twitter:label1\" content=\"Dur\u00e9e de lecture estim\u00e9e\" \/>\n\t<meta name=\"twitter:data1\" content=\"2 minutes\" \/>\n<script type=\"application\/ld+json\" class=\"yoast-schema-graph\">{\"@context\":\"https:\/\/schema.org\",\"@graph\":[{\"@type\":\"WebPage\",\"@id\":\"https:\/\/animalwelfare.interpharma.ch\/fr\/groupes-de-travail\/aaalac-association-for-assessment-and-accreditation-of-laboratory-animal-care-international\/\",\"url\":\"https:\/\/animalwelfare.interpharma.ch\/fr\/groupes-de-travail\/aaalac-association-for-assessment-and-accreditation-of-laboratory-animal-care-international\/\",\"name\":\"AAALAC International - animalwelfare\",\"isPartOf\":{\"@id\":\"https:\/\/animalwelfare.interpharma.ch\/#website\"},\"datePublished\":\"2026-03-06T16:35:15+00:00\",\"dateModified\":\"2026-03-09T15:03:12+00:00\",\"breadcrumb\":{\"@id\":\"https:\/\/animalwelfare.interpharma.ch\/fr\/groupes-de-travail\/aaalac-association-for-assessment-and-accreditation-of-laboratory-animal-care-international\/#breadcrumb\"},\"inLanguage\":\"fr-FR\",\"potentialAction\":[{\"@type\":\"ReadAction\",\"target\":[\"https:\/\/animalwelfare.interpharma.ch\/fr\/groupes-de-travail\/aaalac-association-for-assessment-and-accreditation-of-laboratory-animal-care-international\/\"]}]},{\"@type\":\"BreadcrumbList\",\"@id\":\"https:\/\/animalwelfare.interpharma.ch\/fr\/groupes-de-travail\/aaalac-association-for-assessment-and-accreditation-of-laboratory-animal-care-international\/#breadcrumb\",\"itemListElement\":[{\"@type\":\"ListItem\",\"position\":1,\"name\":\"Start\",\"item\":\"https:\/\/animalwelfare.interpharma.ch\/fr\/\"},{\"@type\":\"ListItem\",\"position\":2,\"name\":\"Groupes de travail\",\"item\":\"https:\/\/animalwelfare.interpharma.ch\/fr\/groupes-de-travail\/\"},{\"@type\":\"ListItem\",\"position\":3,\"name\":\"AAALAC International\"}]},{\"@type\":\"WebSite\",\"@id\":\"https:\/\/animalwelfare.interpharma.ch\/#website\",\"url\":\"https:\/\/animalwelfare.interpharma.ch\/\",\"name\":\"animalwelfare\",\"description\":\"\",\"potentialAction\":[{\"@type\":\"SearchAction\",\"target\":{\"@type\":\"EntryPoint\",\"urlTemplate\":\"https:\/\/animalwelfare.interpharma.ch\/?s={search_term_string}\"},\"query-input\":{\"@type\":\"PropertyValueSpecification\",\"valueRequired\":true,\"valueName\":\"search_term_string\"}}],\"inLanguage\":\"fr-FR\"}]}<\/script>\n<!-- \/ Yoast SEO Premium plugin. -->","yoast_head_json":{"title":"AAALAC International - animalwelfare","robots":{"index":"index","follow":"follow","max-snippet":"max-snippet:-1","max-image-preview":"max-image-preview:large","max-video-preview":"max-video-preview:-1"},"canonical":"https:\/\/animalwelfare.interpharma.ch\/fr\/groupes-de-travail\/aaalac-association-for-assessment-and-accreditation-of-laboratory-animal-care-international\/","og_locale":"fr_FR","og_type":"article","og_title":"AAALAC International","og_description":"AAALAC International Cette organisation ind\u00e9pendante, \u00e0 but non lucratif, encourage un recours raisonn\u00e9 et responsable aux animaux en science, notamment au moyen d\u2019\u00e9valuations sur la base du volontariat et de programmes d\u2019accr\u00e9ditation. Plus d\u2019un millier d\u2019institutions, dont des entreprises pharmaceutiques et biotechnologiques et des universit\u00e9s de 50 pays, ont obtenu l\u2019accr\u00e9ditation de l\u2019AAALAC International (Association [&hellip;]","og_url":"https:\/\/animalwelfare.interpharma.ch\/fr\/groupes-de-travail\/aaalac-association-for-assessment-and-accreditation-of-laboratory-animal-care-international\/","og_site_name":"animalwelfare","article_modified_time":"2026-03-09T15:03:12+00:00","twitter_card":"summary_large_image","twitter_misc":{"Dur\u00e9e de lecture estim\u00e9e":"2 minutes"},"schema":{"@context":"https:\/\/schema.org","@graph":[{"@type":"WebPage","@id":"https:\/\/animalwelfare.interpharma.ch\/fr\/groupes-de-travail\/aaalac-association-for-assessment-and-accreditation-of-laboratory-animal-care-international\/","url":"https:\/\/animalwelfare.interpharma.ch\/fr\/groupes-de-travail\/aaalac-association-for-assessment-and-accreditation-of-laboratory-animal-care-international\/","name":"AAALAC International - animalwelfare","isPartOf":{"@id":"https:\/\/animalwelfare.interpharma.ch\/#website"},"datePublished":"2026-03-06T16:35:15+00:00","dateModified":"2026-03-09T15:03:12+00:00","breadcrumb":{"@id":"https:\/\/animalwelfare.interpharma.ch\/fr\/groupes-de-travail\/aaalac-association-for-assessment-and-accreditation-of-laboratory-animal-care-international\/#breadcrumb"},"inLanguage":"fr-FR","potentialAction":[{"@type":"ReadAction","target":["https:\/\/animalwelfare.interpharma.ch\/fr\/groupes-de-travail\/aaalac-association-for-assessment-and-accreditation-of-laboratory-animal-care-international\/"]}]},{"@type":"BreadcrumbList","@id":"https:\/\/animalwelfare.interpharma.ch\/fr\/groupes-de-travail\/aaalac-association-for-assessment-and-accreditation-of-laboratory-animal-care-international\/#breadcrumb","itemListElement":[{"@type":"ListItem","position":1,"name":"Start","item":"https:\/\/animalwelfare.interpharma.ch\/fr\/"},{"@type":"ListItem","position":2,"name":"Groupes de travail","item":"https:\/\/animalwelfare.interpharma.ch\/fr\/groupes-de-travail\/"},{"@type":"ListItem","position":3,"name":"AAALAC International"}]},{"@type":"WebSite","@id":"https:\/\/animalwelfare.interpharma.ch\/#website","url":"https:\/\/animalwelfare.interpharma.ch\/","name":"animalwelfare","description":"","potentialAction":[{"@type":"SearchAction","target":{"@type":"EntryPoint","urlTemplate":"https:\/\/animalwelfare.interpharma.ch\/?s={search_term_string}"},"query-input":{"@type":"PropertyValueSpecification","valueRequired":true,"valueName":"search_term_string"}}],"inLanguage":"fr-FR"}]}},"_links":{"self":[{"href":"https:\/\/animalwelfare.interpharma.ch\/fr\/wp-json\/wp\/v2\/pages\/744","targetHints":{"allow":["GET"]}}],"collection":[{"href":"https:\/\/animalwelfare.interpharma.ch\/fr\/wp-json\/wp\/v2\/pages"}],"about":[{"href":"https:\/\/animalwelfare.interpharma.ch\/fr\/wp-json\/wp\/v2\/types\/page"}],"author":[{"embeddable":true,"href":"https:\/\/animalwelfare.interpharma.ch\/fr\/wp-json\/wp\/v2\/users\/1"}],"replies":[{"embeddable":true,"href":"https:\/\/animalwelfare.interpharma.ch\/fr\/wp-json\/wp\/v2\/comments?post=744"}],"version-history":[{"count":2,"href":"https:\/\/animalwelfare.interpharma.ch\/fr\/wp-json\/wp\/v2\/pages\/744\/revisions"}],"predecessor-version":[{"id":2943,"href":"https:\/\/animalwelfare.interpharma.ch\/fr\/wp-json\/wp\/v2\/pages\/744\/revisions\/2943"}],"up":[{"embeddable":true,"href":"https:\/\/animalwelfare.interpharma.ch\/fr\/wp-json\/wp\/v2\/pages\/690"}],"wp:attachment":[{"href":"https:\/\/animalwelfare.interpharma.ch\/fr\/wp-json\/wp\/v2\/media?parent=744"}],"curies":[{"name":"wp","href":"https:\/\/api.w.org\/{rel}","templated":true}]}}