{"id":738,"date":"2026-03-06T17:35:15","date_gmt":"2026-03-06T16:35:15","guid":{"rendered":"https:\/\/animalwelfare.iph-multisite.berta-bewegt.ch\/?page_id=738"},"modified":"2026-03-09T16:03:56","modified_gmt":"2026-03-09T15:03:56","slug":"groupe-de-travail-animal-welfare-dinterpharma","status":"publish","type":"page","link":"https:\/\/animalwelfare.interpharma.ch\/fr\/groupes-de-travail\/groupe-de-travail-animal-welfare-dinterpharma\/","title":{"rendered":"Groupe de travail Animal Welfare d\u2019Interpharma"},"content":{"rendered":"\n<h2 class=\"wp-block-heading\">Groupe de travail Animal Welfare d\u2019Interpharma<\/h2>\n\n\n\n<p>Le groupe de travail Animal Welfare est l\u2019un des sept groupes de travail permanents d\u2019Interpharma. Plusieurs repr\u00e9sentant-e-s d\u2019entreprises et une repr\u00e9sentante de l\u2019Universit\u00e9 de Zurich se r\u00e9unissent r\u00e9guli\u00e8rement pour s\u2019occuper d\u2019am\u00e9liorer progressivement la protection des animaux et l\u2019encouragement des 3R. Dans le cadre de la charte en dix points adopt\u00e9e en 2010, ce groupe s\u2019engage \u00e0 rendre compte chaque ann\u00e9e de ses activit\u00e9s et des progr\u00e8s accomplis dans le domaine des 3R et de la protection des animaux.<\/p>\n\n\n\n<p>Nom du projet: Groupe de travail Animal Welfare d\u2019Interpharma<br>Articles de la charte: 1, 10<\/p>\n","protected":false},"excerpt":{"rendered":"<p>Groupe de travail Animal Welfare d\u2019Interpharma Le groupe de travail Animal Welfare est l\u2019un des sept groupes de travail permanents d\u2019Interpharma. Plusieurs repr\u00e9sentant-e-s d\u2019entreprises et une repr\u00e9sentante de l\u2019Universit\u00e9 de Zurich se r\u00e9unissent r\u00e9guli\u00e8rement pour s\u2019occuper d\u2019am\u00e9liorer progressivement la protection des animaux et l\u2019encouragement des 3R. Dans le cadre de la charte en dix points [&hellip;]<\/p>\n","protected":false},"author":1,"featured_media":0,"parent":690,"menu_order":2,"comment_status":"closed","ping_status":"closed","template":"page-templates\/unterthema.php","meta":{"_acf_changed":false,"inline_featured_image":false,"footnotes":""},"class_list":["post-738","page","type-page","status-publish","hentry"],"acf":[],"yoast_head":"<!-- This site is optimized with the Yoast SEO Premium plugin v27.2 (Yoast SEO v27.2) - https:\/\/yoast.com\/product\/yoast-seo-premium-wordpress\/ -->\n<title>Groupe de travail Animal Welfare d\u2019Interpharma - animalwelfare<\/title>\n<meta name=\"robots\" content=\"index, follow, max-snippet:-1, max-image-preview:large, max-video-preview:-1\" \/>\n<link rel=\"canonical\" href=\"https:\/\/animalwelfare.interpharma.ch\/fr\/groupes-de-travail\/groupe-de-travail-animal-welfare-dinterpharma\/\" \/>\n<meta property=\"og:locale\" content=\"fr_FR\" \/>\n<meta property=\"og:type\" content=\"article\" \/>\n<meta property=\"og:title\" content=\"Groupe de travail Animal Welfare d\u2019Interpharma\" \/>\n<meta property=\"og:description\" content=\"Groupe de travail Animal Welfare d\u2019Interpharma Le groupe de travail Animal Welfare est l\u2019un des sept groupes de travail permanents d\u2019Interpharma. Plusieurs repr\u00e9sentant-e-s d\u2019entreprises et une repr\u00e9sentante de l\u2019Universit\u00e9 de Zurich se r\u00e9unissent r\u00e9guli\u00e8rement pour s\u2019occuper d\u2019am\u00e9liorer progressivement la protection des animaux et l\u2019encouragement des 3R. Dans le cadre de la charte en dix points [&hellip;]\" \/>\n<meta property=\"og:url\" content=\"https:\/\/animalwelfare.interpharma.ch\/fr\/groupes-de-travail\/groupe-de-travail-animal-welfare-dinterpharma\/\" \/>\n<meta property=\"og:site_name\" content=\"animalwelfare\" \/>\n<meta property=\"article:modified_time\" content=\"2026-03-09T15:03:56+00:00\" \/>\n<meta name=\"twitter:card\" content=\"summary_large_image\" \/>\n<meta name=\"twitter:label1\" content=\"Dur\u00e9e de lecture estim\u00e9e\" \/>\n\t<meta name=\"twitter:data1\" content=\"1 minute\" \/>\n<script type=\"application\/ld+json\" class=\"yoast-schema-graph\">{\"@context\":\"https:\/\/schema.org\",\"@graph\":[{\"@type\":\"WebPage\",\"@id\":\"https:\/\/animalwelfare.interpharma.ch\/fr\/groupes-de-travail\/groupe-de-travail-animal-welfare-dinterpharma\/\",\"url\":\"https:\/\/animalwelfare.interpharma.ch\/fr\/groupes-de-travail\/groupe-de-travail-animal-welfare-dinterpharma\/\",\"name\":\"Groupe de travail Animal Welfare d\u2019Interpharma - animalwelfare\",\"isPartOf\":{\"@id\":\"https:\/\/animalwelfare.interpharma.ch\/#website\"},\"datePublished\":\"2026-03-06T16:35:15+00:00\",\"dateModified\":\"2026-03-09T15:03:56+00:00\",\"breadcrumb\":{\"@id\":\"https:\/\/animalwelfare.interpharma.ch\/fr\/groupes-de-travail\/groupe-de-travail-animal-welfare-dinterpharma\/#breadcrumb\"},\"inLanguage\":\"fr-FR\",\"potentialAction\":[{\"@type\":\"ReadAction\",\"target\":[\"https:\/\/animalwelfare.interpharma.ch\/fr\/groupes-de-travail\/groupe-de-travail-animal-welfare-dinterpharma\/\"]}]},{\"@type\":\"BreadcrumbList\",\"@id\":\"https:\/\/animalwelfare.interpharma.ch\/fr\/groupes-de-travail\/groupe-de-travail-animal-welfare-dinterpharma\/#breadcrumb\",\"itemListElement\":[{\"@type\":\"ListItem\",\"position\":1,\"name\":\"Start\",\"item\":\"https:\/\/animalwelfare.interpharma.ch\/fr\/\"},{\"@type\":\"ListItem\",\"position\":2,\"name\":\"Groupes de travail\",\"item\":\"https:\/\/animalwelfare.interpharma.ch\/fr\/groupes-de-travail\/\"},{\"@type\":\"ListItem\",\"position\":3,\"name\":\"Groupe de travail Animal Welfare d\u2019Interpharma\"}]},{\"@type\":\"WebSite\",\"@id\":\"https:\/\/animalwelfare.interpharma.ch\/#website\",\"url\":\"https:\/\/animalwelfare.interpharma.ch\/\",\"name\":\"animalwelfare\",\"description\":\"\",\"potentialAction\":[{\"@type\":\"SearchAction\",\"target\":{\"@type\":\"EntryPoint\",\"urlTemplate\":\"https:\/\/animalwelfare.interpharma.ch\/?s={search_term_string}\"},\"query-input\":{\"@type\":\"PropertyValueSpecification\",\"valueRequired\":true,\"valueName\":\"search_term_string\"}}],\"inLanguage\":\"fr-FR\"}]}<\/script>\n<!-- \/ Yoast SEO Premium plugin. -->","yoast_head_json":{"title":"Groupe de travail Animal Welfare d\u2019Interpharma - animalwelfare","robots":{"index":"index","follow":"follow","max-snippet":"max-snippet:-1","max-image-preview":"max-image-preview:large","max-video-preview":"max-video-preview:-1"},"canonical":"https:\/\/animalwelfare.interpharma.ch\/fr\/groupes-de-travail\/groupe-de-travail-animal-welfare-dinterpharma\/","og_locale":"fr_FR","og_type":"article","og_title":"Groupe de travail Animal Welfare d\u2019Interpharma","og_description":"Groupe de travail Animal Welfare d\u2019Interpharma Le groupe de travail Animal Welfare est l\u2019un des sept groupes de travail permanents d\u2019Interpharma. Plusieurs repr\u00e9sentant-e-s d\u2019entreprises et une repr\u00e9sentante de l\u2019Universit\u00e9 de Zurich se r\u00e9unissent r\u00e9guli\u00e8rement pour s\u2019occuper d\u2019am\u00e9liorer progressivement la protection des animaux et l\u2019encouragement des 3R. Dans le cadre de la charte en dix points [&hellip;]","og_url":"https:\/\/animalwelfare.interpharma.ch\/fr\/groupes-de-travail\/groupe-de-travail-animal-welfare-dinterpharma\/","og_site_name":"animalwelfare","article_modified_time":"2026-03-09T15:03:56+00:00","twitter_card":"summary_large_image","twitter_misc":{"Dur\u00e9e de lecture estim\u00e9e":"1 minute"},"schema":{"@context":"https:\/\/schema.org","@graph":[{"@type":"WebPage","@id":"https:\/\/animalwelfare.interpharma.ch\/fr\/groupes-de-travail\/groupe-de-travail-animal-welfare-dinterpharma\/","url":"https:\/\/animalwelfare.interpharma.ch\/fr\/groupes-de-travail\/groupe-de-travail-animal-welfare-dinterpharma\/","name":"Groupe de travail Animal Welfare d\u2019Interpharma - animalwelfare","isPartOf":{"@id":"https:\/\/animalwelfare.interpharma.ch\/#website"},"datePublished":"2026-03-06T16:35:15+00:00","dateModified":"2026-03-09T15:03:56+00:00","breadcrumb":{"@id":"https:\/\/animalwelfare.interpharma.ch\/fr\/groupes-de-travail\/groupe-de-travail-animal-welfare-dinterpharma\/#breadcrumb"},"inLanguage":"fr-FR","potentialAction":[{"@type":"ReadAction","target":["https:\/\/animalwelfare.interpharma.ch\/fr\/groupes-de-travail\/groupe-de-travail-animal-welfare-dinterpharma\/"]}]},{"@type":"BreadcrumbList","@id":"https:\/\/animalwelfare.interpharma.ch\/fr\/groupes-de-travail\/groupe-de-travail-animal-welfare-dinterpharma\/#breadcrumb","itemListElement":[{"@type":"ListItem","position":1,"name":"Start","item":"https:\/\/animalwelfare.interpharma.ch\/fr\/"},{"@type":"ListItem","position":2,"name":"Groupes de travail","item":"https:\/\/animalwelfare.interpharma.ch\/fr\/groupes-de-travail\/"},{"@type":"ListItem","position":3,"name":"Groupe de travail Animal Welfare d\u2019Interpharma"}]},{"@type":"WebSite","@id":"https:\/\/animalwelfare.interpharma.ch\/#website","url":"https:\/\/animalwelfare.interpharma.ch\/","name":"animalwelfare","description":"","potentialAction":[{"@type":"SearchAction","target":{"@type":"EntryPoint","urlTemplate":"https:\/\/animalwelfare.interpharma.ch\/?s={search_term_string}"},"query-input":{"@type":"PropertyValueSpecification","valueRequired":true,"valueName":"search_term_string"}}],"inLanguage":"fr-FR"}]}},"_links":{"self":[{"href":"https:\/\/animalwelfare.interpharma.ch\/fr\/wp-json\/wp\/v2\/pages\/738","targetHints":{"allow":["GET"]}}],"collection":[{"href":"https:\/\/animalwelfare.interpharma.ch\/fr\/wp-json\/wp\/v2\/pages"}],"about":[{"href":"https:\/\/animalwelfare.interpharma.ch\/fr\/wp-json\/wp\/v2\/types\/page"}],"author":[{"embeddable":true,"href":"https:\/\/animalwelfare.interpharma.ch\/fr\/wp-json\/wp\/v2\/users\/1"}],"replies":[{"embeddable":true,"href":"https:\/\/animalwelfare.interpharma.ch\/fr\/wp-json\/wp\/v2\/comments?post=738"}],"version-history":[{"count":2,"href":"https:\/\/animalwelfare.interpharma.ch\/fr\/wp-json\/wp\/v2\/pages\/738\/revisions"}],"predecessor-version":[{"id":2945,"href":"https:\/\/animalwelfare.interpharma.ch\/fr\/wp-json\/wp\/v2\/pages\/738\/revisions\/2945"}],"up":[{"embeddable":true,"href":"https:\/\/animalwelfare.interpharma.ch\/fr\/wp-json\/wp\/v2\/pages\/690"}],"wp:attachment":[{"href":"https:\/\/animalwelfare.interpharma.ch\/fr\/wp-json\/wp\/v2\/media?parent=738"}],"curies":[{"name":"wp","href":"https:\/\/api.w.org\/{rel}","templated":true}]}}