{"id":732,"date":"2026-03-06T17:35:14","date_gmt":"2026-03-06T16:35:14","guid":{"rendered":"https:\/\/animalwelfare.iph-multisite.berta-bewegt.ch\/?page_id=732"},"modified":"2026-03-09T16:03:38","modified_gmt":"2026-03-09T15:03:38","slug":"iq-consortium-international-consortium-for-innovation-and-quality","status":"publish","type":"page","link":"https:\/\/animalwelfare.interpharma.ch\/fr\/groupes-de-travail\/iq-consortium-international-consortium-for-innovation-and-quality\/","title":{"rendered":"IQ Consortium"},"content":{"rendered":"\n<h2 class=\"wp-block-heading\">IQ Consortium<\/h2>\n\n\n\n<p>Des entreprises membres d\u2019Interpharma s\u2019engagent au sein de l\u2019IQ Consortium (International Consortium for Innovation and Quality) et contribuent au groupe dirigeant du consortium \u00ab3Rs Leadership Group\u00bb. Ce groupe a \u00e9t\u00e9 fond\u00e9 pour promouvoir le partage et l\u2019int\u00e9gration de pratiques scientifiques de haute qualit\u00e9 afin de faire progresser les principes des 3R dans l\u2019exp\u00e9rimentation animale utilis\u00e9e pour la recherche et le d\u00e9veloppement de nouveaux m\u00e9dicaments, vaccins, dispositifs m\u00e9dicaux et produits de sant\u00e9 pour les humains et les animaux. Le sous-groupe European Liaison Working Group, avec lequel Interpharma entretient des contacts officiels, favorise l\u2019\u00e9change de savoir-faire 3R et l\u2019int\u00e9r\u00eat mutuel que des buts similaires soient poursuivis aux \u00c9tats-Unis et en Europe. Un programme mondial de prix 3R ainsi que des formations 3R sont propos\u00e9s.<\/p>\n\n\n\n<p>Nom du projet: IQ Consortium<br>Articles de la charte: 1, 3, 9<\/p>\n","protected":false},"excerpt":{"rendered":"<p>IQ Consortium Des entreprises membres d\u2019Interpharma s\u2019engagent au sein de l\u2019IQ Consortium (International Consortium for Innovation and Quality) et contribuent au groupe dirigeant du consortium \u00ab3Rs Leadership Group\u00bb. Ce groupe a \u00e9t\u00e9 fond\u00e9 pour promouvoir le partage et l\u2019int\u00e9gration de pratiques scientifiques de haute qualit\u00e9 afin de faire progresser les principes des 3R dans l\u2019exp\u00e9rimentation [&hellip;]<\/p>\n","protected":false},"author":1,"featured_media":0,"parent":690,"menu_order":1,"comment_status":"closed","ping_status":"closed","template":"page-templates\/unterthema.php","meta":{"_acf_changed":false,"inline_featured_image":false,"footnotes":""},"class_list":["post-732","page","type-page","status-publish","hentry"],"acf":[],"yoast_head":"<!-- This site is optimized with the Yoast SEO Premium plugin v27.2 (Yoast SEO v27.2) - https:\/\/yoast.com\/product\/yoast-seo-premium-wordpress\/ -->\n<title>IQ Consortium - animalwelfare<\/title>\n<meta name=\"robots\" content=\"index, follow, max-snippet:-1, max-image-preview:large, max-video-preview:-1\" \/>\n<link rel=\"canonical\" href=\"https:\/\/animalwelfare.interpharma.ch\/fr\/groupes-de-travail\/iq-consortium-international-consortium-for-innovation-and-quality\/\" \/>\n<meta property=\"og:locale\" content=\"fr_FR\" \/>\n<meta property=\"og:type\" content=\"article\" \/>\n<meta property=\"og:title\" content=\"IQ Consortium\" \/>\n<meta property=\"og:description\" content=\"IQ Consortium Des entreprises membres d\u2019Interpharma s\u2019engagent au sein de l\u2019IQ Consortium (International Consortium for Innovation and Quality) et contribuent au groupe dirigeant du consortium \u00ab3Rs Leadership Group\u00bb. Ce groupe a \u00e9t\u00e9 fond\u00e9 pour promouvoir le partage et l\u2019int\u00e9gration de pratiques scientifiques de haute qualit\u00e9 afin de faire progresser les principes des 3R dans l\u2019exp\u00e9rimentation [&hellip;]\" \/>\n<meta property=\"og:url\" content=\"https:\/\/animalwelfare.interpharma.ch\/fr\/groupes-de-travail\/iq-consortium-international-consortium-for-innovation-and-quality\/\" \/>\n<meta property=\"og:site_name\" content=\"animalwelfare\" \/>\n<meta property=\"article:modified_time\" content=\"2026-03-09T15:03:38+00:00\" \/>\n<meta name=\"twitter:card\" content=\"summary_large_image\" \/>\n<meta name=\"twitter:label1\" content=\"Dur\u00e9e de lecture estim\u00e9e\" \/>\n\t<meta name=\"twitter:data1\" content=\"1 minute\" \/>\n<script type=\"application\/ld+json\" class=\"yoast-schema-graph\">{\"@context\":\"https:\/\/schema.org\",\"@graph\":[{\"@type\":\"WebPage\",\"@id\":\"https:\/\/animalwelfare.interpharma.ch\/fr\/groupes-de-travail\/iq-consortium-international-consortium-for-innovation-and-quality\/\",\"url\":\"https:\/\/animalwelfare.interpharma.ch\/fr\/groupes-de-travail\/iq-consortium-international-consortium-for-innovation-and-quality\/\",\"name\":\"IQ Consortium - animalwelfare\",\"isPartOf\":{\"@id\":\"https:\/\/animalwelfare.interpharma.ch\/#website\"},\"datePublished\":\"2026-03-06T16:35:14+00:00\",\"dateModified\":\"2026-03-09T15:03:38+00:00\",\"breadcrumb\":{\"@id\":\"https:\/\/animalwelfare.interpharma.ch\/fr\/groupes-de-travail\/iq-consortium-international-consortium-for-innovation-and-quality\/#breadcrumb\"},\"inLanguage\":\"fr-FR\",\"potentialAction\":[{\"@type\":\"ReadAction\",\"target\":[\"https:\/\/animalwelfare.interpharma.ch\/fr\/groupes-de-travail\/iq-consortium-international-consortium-for-innovation-and-quality\/\"]}]},{\"@type\":\"BreadcrumbList\",\"@id\":\"https:\/\/animalwelfare.interpharma.ch\/fr\/groupes-de-travail\/iq-consortium-international-consortium-for-innovation-and-quality\/#breadcrumb\",\"itemListElement\":[{\"@type\":\"ListItem\",\"position\":1,\"name\":\"Start\",\"item\":\"https:\/\/animalwelfare.interpharma.ch\/fr\/\"},{\"@type\":\"ListItem\",\"position\":2,\"name\":\"Groupes de travail\",\"item\":\"https:\/\/animalwelfare.interpharma.ch\/fr\/groupes-de-travail\/\"},{\"@type\":\"ListItem\",\"position\":3,\"name\":\"IQ Consortium\"}]},{\"@type\":\"WebSite\",\"@id\":\"https:\/\/animalwelfare.interpharma.ch\/#website\",\"url\":\"https:\/\/animalwelfare.interpharma.ch\/\",\"name\":\"animalwelfare\",\"description\":\"\",\"potentialAction\":[{\"@type\":\"SearchAction\",\"target\":{\"@type\":\"EntryPoint\",\"urlTemplate\":\"https:\/\/animalwelfare.interpharma.ch\/?s={search_term_string}\"},\"query-input\":{\"@type\":\"PropertyValueSpecification\",\"valueRequired\":true,\"valueName\":\"search_term_string\"}}],\"inLanguage\":\"fr-FR\"}]}<\/script>\n<!-- \/ Yoast SEO Premium plugin. -->","yoast_head_json":{"title":"IQ Consortium - animalwelfare","robots":{"index":"index","follow":"follow","max-snippet":"max-snippet:-1","max-image-preview":"max-image-preview:large","max-video-preview":"max-video-preview:-1"},"canonical":"https:\/\/animalwelfare.interpharma.ch\/fr\/groupes-de-travail\/iq-consortium-international-consortium-for-innovation-and-quality\/","og_locale":"fr_FR","og_type":"article","og_title":"IQ Consortium","og_description":"IQ Consortium Des entreprises membres d\u2019Interpharma s\u2019engagent au sein de l\u2019IQ Consortium (International Consortium for Innovation and Quality) et contribuent au groupe dirigeant du consortium \u00ab3Rs Leadership Group\u00bb. Ce groupe a \u00e9t\u00e9 fond\u00e9 pour promouvoir le partage et l\u2019int\u00e9gration de pratiques scientifiques de haute qualit\u00e9 afin de faire progresser les principes des 3R dans l\u2019exp\u00e9rimentation [&hellip;]","og_url":"https:\/\/animalwelfare.interpharma.ch\/fr\/groupes-de-travail\/iq-consortium-international-consortium-for-innovation-and-quality\/","og_site_name":"animalwelfare","article_modified_time":"2026-03-09T15:03:38+00:00","twitter_card":"summary_large_image","twitter_misc":{"Dur\u00e9e de lecture estim\u00e9e":"1 minute"},"schema":{"@context":"https:\/\/schema.org","@graph":[{"@type":"WebPage","@id":"https:\/\/animalwelfare.interpharma.ch\/fr\/groupes-de-travail\/iq-consortium-international-consortium-for-innovation-and-quality\/","url":"https:\/\/animalwelfare.interpharma.ch\/fr\/groupes-de-travail\/iq-consortium-international-consortium-for-innovation-and-quality\/","name":"IQ Consortium - animalwelfare","isPartOf":{"@id":"https:\/\/animalwelfare.interpharma.ch\/#website"},"datePublished":"2026-03-06T16:35:14+00:00","dateModified":"2026-03-09T15:03:38+00:00","breadcrumb":{"@id":"https:\/\/animalwelfare.interpharma.ch\/fr\/groupes-de-travail\/iq-consortium-international-consortium-for-innovation-and-quality\/#breadcrumb"},"inLanguage":"fr-FR","potentialAction":[{"@type":"ReadAction","target":["https:\/\/animalwelfare.interpharma.ch\/fr\/groupes-de-travail\/iq-consortium-international-consortium-for-innovation-and-quality\/"]}]},{"@type":"BreadcrumbList","@id":"https:\/\/animalwelfare.interpharma.ch\/fr\/groupes-de-travail\/iq-consortium-international-consortium-for-innovation-and-quality\/#breadcrumb","itemListElement":[{"@type":"ListItem","position":1,"name":"Start","item":"https:\/\/animalwelfare.interpharma.ch\/fr\/"},{"@type":"ListItem","position":2,"name":"Groupes de travail","item":"https:\/\/animalwelfare.interpharma.ch\/fr\/groupes-de-travail\/"},{"@type":"ListItem","position":3,"name":"IQ Consortium"}]},{"@type":"WebSite","@id":"https:\/\/animalwelfare.interpharma.ch\/#website","url":"https:\/\/animalwelfare.interpharma.ch\/","name":"animalwelfare","description":"","potentialAction":[{"@type":"SearchAction","target":{"@type":"EntryPoint","urlTemplate":"https:\/\/animalwelfare.interpharma.ch\/?s={search_term_string}"},"query-input":{"@type":"PropertyValueSpecification","valueRequired":true,"valueName":"search_term_string"}}],"inLanguage":"fr-FR"}]}},"_links":{"self":[{"href":"https:\/\/animalwelfare.interpharma.ch\/fr\/wp-json\/wp\/v2\/pages\/732","targetHints":{"allow":["GET"]}}],"collection":[{"href":"https:\/\/animalwelfare.interpharma.ch\/fr\/wp-json\/wp\/v2\/pages"}],"about":[{"href":"https:\/\/animalwelfare.interpharma.ch\/fr\/wp-json\/wp\/v2\/types\/page"}],"author":[{"embeddable":true,"href":"https:\/\/animalwelfare.interpharma.ch\/fr\/wp-json\/wp\/v2\/users\/1"}],"replies":[{"embeddable":true,"href":"https:\/\/animalwelfare.interpharma.ch\/fr\/wp-json\/wp\/v2\/comments?post=732"}],"version-history":[{"count":2,"href":"https:\/\/animalwelfare.interpharma.ch\/fr\/wp-json\/wp\/v2\/pages\/732\/revisions"}],"predecessor-version":[{"id":2944,"href":"https:\/\/animalwelfare.interpharma.ch\/fr\/wp-json\/wp\/v2\/pages\/732\/revisions\/2944"}],"up":[{"embeddable":true,"href":"https:\/\/animalwelfare.interpharma.ch\/fr\/wp-json\/wp\/v2\/pages\/690"}],"wp:attachment":[{"href":"https:\/\/animalwelfare.interpharma.ch\/fr\/wp-json\/wp\/v2\/media?parent=732"}],"curies":[{"name":"wp","href":"https:\/\/api.w.org\/{rel}","templated":true}]}}