{"id":720,"date":"2026-03-06T17:35:14","date_gmt":"2026-03-06T16:35:14","guid":{"rendered":"https:\/\/animalwelfare.iph-multisite.berta-bewegt.ch\/?page_id=720"},"modified":"2026-03-09T16:04:13","modified_gmt":"2026-03-09T15:04:13","slug":"reseau-de-lefpia-pour-la-protection-des-animaux","status":"publish","type":"page","link":"https:\/\/animalwelfare.interpharma.ch\/fr\/groupes-de-travail\/reseau-de-lefpia-pour-la-protection-des-animaux\/","title":{"rendered":"R\u00e9seau de l\u2019EFPIA pour la protection des animaux"},"content":{"rendered":"\n<h2 class=\"wp-block-heading\">R\u00e9seau de l\u2019EFPIA pour la protection des animaux<\/h2>\n\n\n\n<p>Le r\u00e9seau de l\u2019EFPIA \u00abResearch and Animal Welfare (RAW)\u00bb permet aux entreprises membres d\u2019Interpharma de faire des suggestions pour des normes strictes de protection des animaux \u00e0 l\u2019\u00e9chelon europ\u00e9en. La participation active \u00e0 la mise en \u0153uvre de la directive 2010\/63\/UE relative \u00e0 la protection des animaux utilis\u00e9s \u00e0 des fins scientifiques dans les \u00c9tats membres de l\u2019UE constitue une t\u00e2che primordiale de ce groupe. La Commission europ\u00e9enne a v\u00e9rifi\u00e9 en 2017 la mise en \u0153uvre de cette directive et a d\u00e9clar\u00e9 qu\u2019il s\u2019agit d\u2019une base solide pour les r\u00e8glementations de protection des animaux utilis\u00e9s \u00e0 des fins scientifiques. Le groupe s\u2019investit aussi en faveur d\u2019un \u00e9change franc et d\u2019une bonne collaboration avec d\u2019autres organisations qui s\u2019engagent pour la recherche dans le domaine des 3R. L\u2019EFPIA publie en outre chaque ann\u00e9e un rapport 3R en ligne.<\/p>\n\n\n\n<p>Nom du projet: R\u00e9seau de l\u2019EFPIA pour la protection des animaux<br>Articles de la charte: 1, 2, 8, 9<\/p>\n","protected":false},"excerpt":{"rendered":"<p>R\u00e9seau de l\u2019EFPIA pour la protection des animaux Le r\u00e9seau de l\u2019EFPIA \u00abResearch and Animal Welfare (RAW)\u00bb permet aux entreprises membres d\u2019Interpharma de faire des suggestions pour des normes strictes de protection des animaux \u00e0 l\u2019\u00e9chelon europ\u00e9en. La participation active \u00e0 la mise en \u0153uvre de la directive 2010\/63\/UE relative \u00e0 la protection des animaux [&hellip;]<\/p>\n","protected":false},"author":1,"featured_media":0,"parent":690,"menu_order":3,"comment_status":"closed","ping_status":"closed","template":"page-templates\/unterthema.php","meta":{"_acf_changed":false,"inline_featured_image":false,"footnotes":""},"class_list":["post-720","page","type-page","status-publish","hentry"],"acf":[],"yoast_head":"<!-- This site is optimized with the Yoast SEO Premium plugin v27.2 (Yoast SEO v27.2) - https:\/\/yoast.com\/product\/yoast-seo-premium-wordpress\/ -->\n<title>R\u00e9seau de l\u2019EFPIA pour la protection des animaux - animalwelfare<\/title>\n<meta name=\"robots\" content=\"index, follow, max-snippet:-1, max-image-preview:large, max-video-preview:-1\" \/>\n<link rel=\"canonical\" href=\"https:\/\/animalwelfare.interpharma.ch\/fr\/groupes-de-travail\/reseau-de-lefpia-pour-la-protection-des-animaux\/\" \/>\n<meta property=\"og:locale\" content=\"fr_FR\" \/>\n<meta property=\"og:type\" content=\"article\" \/>\n<meta property=\"og:title\" content=\"R\u00e9seau de l\u2019EFPIA pour la protection des animaux\" \/>\n<meta property=\"og:description\" content=\"R\u00e9seau de l\u2019EFPIA pour la protection des animaux Le r\u00e9seau de l\u2019EFPIA \u00abResearch and Animal Welfare (RAW)\u00bb permet aux entreprises membres d\u2019Interpharma de faire des suggestions pour des normes strictes de protection des animaux \u00e0 l\u2019\u00e9chelon europ\u00e9en. La participation active \u00e0 la mise en \u0153uvre de la directive 2010\/63\/UE relative \u00e0 la protection des animaux [&hellip;]\" \/>\n<meta property=\"og:url\" content=\"https:\/\/animalwelfare.interpharma.ch\/fr\/groupes-de-travail\/reseau-de-lefpia-pour-la-protection-des-animaux\/\" \/>\n<meta property=\"og:site_name\" content=\"animalwelfare\" \/>\n<meta property=\"article:modified_time\" content=\"2026-03-09T15:04:13+00:00\" \/>\n<meta name=\"twitter:card\" content=\"summary_large_image\" \/>\n<meta name=\"twitter:label1\" content=\"Dur\u00e9e de lecture estim\u00e9e\" \/>\n\t<meta name=\"twitter:data1\" content=\"1 minute\" \/>\n<script type=\"application\/ld+json\" class=\"yoast-schema-graph\">{\"@context\":\"https:\/\/schema.org\",\"@graph\":[{\"@type\":\"WebPage\",\"@id\":\"https:\/\/animalwelfare.interpharma.ch\/fr\/groupes-de-travail\/reseau-de-lefpia-pour-la-protection-des-animaux\/\",\"url\":\"https:\/\/animalwelfare.interpharma.ch\/fr\/groupes-de-travail\/reseau-de-lefpia-pour-la-protection-des-animaux\/\",\"name\":\"R\u00e9seau de l\u2019EFPIA pour la protection des animaux - animalwelfare\",\"isPartOf\":{\"@id\":\"https:\/\/animalwelfare.interpharma.ch\/#website\"},\"datePublished\":\"2026-03-06T16:35:14+00:00\",\"dateModified\":\"2026-03-09T15:04:13+00:00\",\"breadcrumb\":{\"@id\":\"https:\/\/animalwelfare.interpharma.ch\/fr\/groupes-de-travail\/reseau-de-lefpia-pour-la-protection-des-animaux\/#breadcrumb\"},\"inLanguage\":\"fr-FR\",\"potentialAction\":[{\"@type\":\"ReadAction\",\"target\":[\"https:\/\/animalwelfare.interpharma.ch\/fr\/groupes-de-travail\/reseau-de-lefpia-pour-la-protection-des-animaux\/\"]}]},{\"@type\":\"BreadcrumbList\",\"@id\":\"https:\/\/animalwelfare.interpharma.ch\/fr\/groupes-de-travail\/reseau-de-lefpia-pour-la-protection-des-animaux\/#breadcrumb\",\"itemListElement\":[{\"@type\":\"ListItem\",\"position\":1,\"name\":\"Start\",\"item\":\"https:\/\/animalwelfare.interpharma.ch\/fr\/\"},{\"@type\":\"ListItem\",\"position\":2,\"name\":\"Groupes de travail\",\"item\":\"https:\/\/animalwelfare.interpharma.ch\/fr\/groupes-de-travail\/\"},{\"@type\":\"ListItem\",\"position\":3,\"name\":\"R\u00e9seau de l\u2019EFPIA pour la protection des animaux\"}]},{\"@type\":\"WebSite\",\"@id\":\"https:\/\/animalwelfare.interpharma.ch\/#website\",\"url\":\"https:\/\/animalwelfare.interpharma.ch\/\",\"name\":\"animalwelfare\",\"description\":\"\",\"potentialAction\":[{\"@type\":\"SearchAction\",\"target\":{\"@type\":\"EntryPoint\",\"urlTemplate\":\"https:\/\/animalwelfare.interpharma.ch\/?s={search_term_string}\"},\"query-input\":{\"@type\":\"PropertyValueSpecification\",\"valueRequired\":true,\"valueName\":\"search_term_string\"}}],\"inLanguage\":\"fr-FR\"}]}<\/script>\n<!-- \/ Yoast SEO Premium plugin. -->","yoast_head_json":{"title":"R\u00e9seau de l\u2019EFPIA pour la protection des animaux - animalwelfare","robots":{"index":"index","follow":"follow","max-snippet":"max-snippet:-1","max-image-preview":"max-image-preview:large","max-video-preview":"max-video-preview:-1"},"canonical":"https:\/\/animalwelfare.interpharma.ch\/fr\/groupes-de-travail\/reseau-de-lefpia-pour-la-protection-des-animaux\/","og_locale":"fr_FR","og_type":"article","og_title":"R\u00e9seau de l\u2019EFPIA pour la protection des animaux","og_description":"R\u00e9seau de l\u2019EFPIA pour la protection des animaux Le r\u00e9seau de l\u2019EFPIA \u00abResearch and Animal Welfare (RAW)\u00bb permet aux entreprises membres d\u2019Interpharma de faire des suggestions pour des normes strictes de protection des animaux \u00e0 l\u2019\u00e9chelon europ\u00e9en. La participation active \u00e0 la mise en \u0153uvre de la directive 2010\/63\/UE relative \u00e0 la protection des animaux [&hellip;]","og_url":"https:\/\/animalwelfare.interpharma.ch\/fr\/groupes-de-travail\/reseau-de-lefpia-pour-la-protection-des-animaux\/","og_site_name":"animalwelfare","article_modified_time":"2026-03-09T15:04:13+00:00","twitter_card":"summary_large_image","twitter_misc":{"Dur\u00e9e de lecture estim\u00e9e":"1 minute"},"schema":{"@context":"https:\/\/schema.org","@graph":[{"@type":"WebPage","@id":"https:\/\/animalwelfare.interpharma.ch\/fr\/groupes-de-travail\/reseau-de-lefpia-pour-la-protection-des-animaux\/","url":"https:\/\/animalwelfare.interpharma.ch\/fr\/groupes-de-travail\/reseau-de-lefpia-pour-la-protection-des-animaux\/","name":"R\u00e9seau de l\u2019EFPIA pour la protection des animaux - animalwelfare","isPartOf":{"@id":"https:\/\/animalwelfare.interpharma.ch\/#website"},"datePublished":"2026-03-06T16:35:14+00:00","dateModified":"2026-03-09T15:04:13+00:00","breadcrumb":{"@id":"https:\/\/animalwelfare.interpharma.ch\/fr\/groupes-de-travail\/reseau-de-lefpia-pour-la-protection-des-animaux\/#breadcrumb"},"inLanguage":"fr-FR","potentialAction":[{"@type":"ReadAction","target":["https:\/\/animalwelfare.interpharma.ch\/fr\/groupes-de-travail\/reseau-de-lefpia-pour-la-protection-des-animaux\/"]}]},{"@type":"BreadcrumbList","@id":"https:\/\/animalwelfare.interpharma.ch\/fr\/groupes-de-travail\/reseau-de-lefpia-pour-la-protection-des-animaux\/#breadcrumb","itemListElement":[{"@type":"ListItem","position":1,"name":"Start","item":"https:\/\/animalwelfare.interpharma.ch\/fr\/"},{"@type":"ListItem","position":2,"name":"Groupes de travail","item":"https:\/\/animalwelfare.interpharma.ch\/fr\/groupes-de-travail\/"},{"@type":"ListItem","position":3,"name":"R\u00e9seau de l\u2019EFPIA pour la protection des animaux"}]},{"@type":"WebSite","@id":"https:\/\/animalwelfare.interpharma.ch\/#website","url":"https:\/\/animalwelfare.interpharma.ch\/","name":"animalwelfare","description":"","potentialAction":[{"@type":"SearchAction","target":{"@type":"EntryPoint","urlTemplate":"https:\/\/animalwelfare.interpharma.ch\/?s={search_term_string}"},"query-input":{"@type":"PropertyValueSpecification","valueRequired":true,"valueName":"search_term_string"}}],"inLanguage":"fr-FR"}]}},"_links":{"self":[{"href":"https:\/\/animalwelfare.interpharma.ch\/fr\/wp-json\/wp\/v2\/pages\/720","targetHints":{"allow":["GET"]}}],"collection":[{"href":"https:\/\/animalwelfare.interpharma.ch\/fr\/wp-json\/wp\/v2\/pages"}],"about":[{"href":"https:\/\/animalwelfare.interpharma.ch\/fr\/wp-json\/wp\/v2\/types\/page"}],"author":[{"embeddable":true,"href":"https:\/\/animalwelfare.interpharma.ch\/fr\/wp-json\/wp\/v2\/users\/1"}],"replies":[{"embeddable":true,"href":"https:\/\/animalwelfare.interpharma.ch\/fr\/wp-json\/wp\/v2\/comments?post=720"}],"version-history":[{"count":2,"href":"https:\/\/animalwelfare.interpharma.ch\/fr\/wp-json\/wp\/v2\/pages\/720\/revisions"}],"predecessor-version":[{"id":2946,"href":"https:\/\/animalwelfare.interpharma.ch\/fr\/wp-json\/wp\/v2\/pages\/720\/revisions\/2946"}],"up":[{"embeddable":true,"href":"https:\/\/animalwelfare.interpharma.ch\/fr\/wp-json\/wp\/v2\/pages\/690"}],"wp:attachment":[{"href":"https:\/\/animalwelfare.interpharma.ch\/fr\/wp-json\/wp\/v2\/media?parent=720"}],"curies":[{"name":"wp","href":"https:\/\/api.w.org\/{rel}","templated":true}]}}