{"id":714,"date":"2026-03-06T17:35:13","date_gmt":"2026-03-06T16:35:13","guid":{"rendered":"https:\/\/animalwelfare.iph-multisite.berta-bewegt.ch\/?page_id=714"},"modified":"2026-03-09T16:06:47","modified_gmt":"2026-03-09T15:06:47","slug":"ich-international-council-for-harmonisation-of-technical-requirements-for-pharmaceuticals-for-human-use-5","status":"publish","type":"page","link":"https:\/\/animalwelfare.interpharma.ch\/fr\/groupes-de-travail\/ich-international-council-for-harmonisation-of-technical-requirements-for-pharmaceuticals-for-human-use-5\/","title":{"rendered":"Swiss Transparency Agreement on Animal Research (STAAR)"},"content":{"rendered":"\n<h2 class=\"wp-block-heading\">Swiss Transparency Agreement on Animal Research (STAAR)<\/h2>\n\n\n\n<p>STAAR a pour but d\u2019am\u00e9liorer la communication et la transparence dans le domaine de l\u2019utilisation d\u2019animaux pour la recherche. STAAR regroupe des organisations publiques et priv\u00e9es qui r\u00e9alisent des exp\u00e9riences sur animaux, les soutiennent et\/ou les financent, ainsi que des institutions qui \u00e9l\u00e8vent et fournissent des animaux. Interpharma est membre de STAAR depuis 2021.<\/p>\n\n\n\n<p>Nom du projet: Dialogue avec STAAR<br>Article de la charte: 9<\/p>\n","protected":false},"excerpt":{"rendered":"<p>Swiss Transparency Agreement on Animal Research (STAAR) STAAR a pour but d\u2019am\u00e9liorer la communication et la transparence dans le domaine de l\u2019utilisation d\u2019animaux pour la recherche. STAAR regroupe des organisations publiques et priv\u00e9es qui r\u00e9alisent des exp\u00e9riences sur animaux, les soutiennent et\/ou les financent, ainsi que des institutions qui \u00e9l\u00e8vent et fournissent des animaux. Interpharma [&hellip;]<\/p>\n","protected":false},"author":1,"featured_media":0,"parent":690,"menu_order":9,"comment_status":"closed","ping_status":"closed","template":"page-templates\/unterthema.php","meta":{"_acf_changed":false,"inline_featured_image":false,"footnotes":""},"class_list":["post-714","page","type-page","status-publish","hentry"],"acf":[],"yoast_head":"<!-- This site is optimized with the Yoast SEO Premium plugin v27.2 (Yoast SEO v27.2) - https:\/\/yoast.com\/product\/yoast-seo-premium-wordpress\/ -->\n<title>Swiss Transparency Agreement on Animal Research (STAAR) - animalwelfare<\/title>\n<meta name=\"robots\" content=\"index, follow, max-snippet:-1, max-image-preview:large, max-video-preview:-1\" \/>\n<link rel=\"canonical\" href=\"https:\/\/animalwelfare.interpharma.ch\/fr\/groupes-de-travail\/ich-international-council-for-harmonisation-of-technical-requirements-for-pharmaceuticals-for-human-use-5\/\" \/>\n<meta property=\"og:locale\" content=\"fr_FR\" \/>\n<meta property=\"og:type\" content=\"article\" \/>\n<meta property=\"og:title\" content=\"Swiss Transparency Agreement on Animal Research (STAAR)\" \/>\n<meta property=\"og:description\" content=\"Swiss Transparency Agreement on Animal Research (STAAR) STAAR a pour but d\u2019am\u00e9liorer la communication et la transparence dans le domaine de l\u2019utilisation d\u2019animaux pour la recherche. STAAR regroupe des organisations publiques et priv\u00e9es qui r\u00e9alisent des exp\u00e9riences sur animaux, les soutiennent et\/ou les financent, ainsi que des institutions qui \u00e9l\u00e8vent et fournissent des animaux. Interpharma [&hellip;]\" \/>\n<meta property=\"og:url\" content=\"https:\/\/animalwelfare.interpharma.ch\/fr\/groupes-de-travail\/ich-international-council-for-harmonisation-of-technical-requirements-for-pharmaceuticals-for-human-use-5\/\" \/>\n<meta property=\"og:site_name\" content=\"animalwelfare\" \/>\n<meta property=\"article:modified_time\" content=\"2026-03-09T15:06:47+00:00\" \/>\n<meta name=\"twitter:card\" content=\"summary_large_image\" \/>\n<meta name=\"twitter:label1\" content=\"Dur\u00e9e de lecture estim\u00e9e\" \/>\n\t<meta name=\"twitter:data1\" content=\"1 minute\" \/>\n<script type=\"application\/ld+json\" class=\"yoast-schema-graph\">{\"@context\":\"https:\/\/schema.org\",\"@graph\":[{\"@type\":\"WebPage\",\"@id\":\"https:\/\/animalwelfare.interpharma.ch\/fr\/groupes-de-travail\/ich-international-council-for-harmonisation-of-technical-requirements-for-pharmaceuticals-for-human-use-5\/\",\"url\":\"https:\/\/animalwelfare.interpharma.ch\/fr\/groupes-de-travail\/ich-international-council-for-harmonisation-of-technical-requirements-for-pharmaceuticals-for-human-use-5\/\",\"name\":\"Swiss Transparency Agreement on Animal Research (STAAR) - animalwelfare\",\"isPartOf\":{\"@id\":\"https:\/\/animalwelfare.interpharma.ch\/#website\"},\"datePublished\":\"2026-03-06T16:35:13+00:00\",\"dateModified\":\"2026-03-09T15:06:47+00:00\",\"breadcrumb\":{\"@id\":\"https:\/\/animalwelfare.interpharma.ch\/fr\/groupes-de-travail\/ich-international-council-for-harmonisation-of-technical-requirements-for-pharmaceuticals-for-human-use-5\/#breadcrumb\"},\"inLanguage\":\"fr-FR\",\"potentialAction\":[{\"@type\":\"ReadAction\",\"target\":[\"https:\/\/animalwelfare.interpharma.ch\/fr\/groupes-de-travail\/ich-international-council-for-harmonisation-of-technical-requirements-for-pharmaceuticals-for-human-use-5\/\"]}]},{\"@type\":\"BreadcrumbList\",\"@id\":\"https:\/\/animalwelfare.interpharma.ch\/fr\/groupes-de-travail\/ich-international-council-for-harmonisation-of-technical-requirements-for-pharmaceuticals-for-human-use-5\/#breadcrumb\",\"itemListElement\":[{\"@type\":\"ListItem\",\"position\":1,\"name\":\"Start\",\"item\":\"https:\/\/animalwelfare.interpharma.ch\/fr\/\"},{\"@type\":\"ListItem\",\"position\":2,\"name\":\"Groupes de travail\",\"item\":\"https:\/\/animalwelfare.interpharma.ch\/fr\/groupes-de-travail\/\"},{\"@type\":\"ListItem\",\"position\":3,\"name\":\"Swiss Transparency Agreement on Animal Research (STAAR)\"}]},{\"@type\":\"WebSite\",\"@id\":\"https:\/\/animalwelfare.interpharma.ch\/#website\",\"url\":\"https:\/\/animalwelfare.interpharma.ch\/\",\"name\":\"animalwelfare\",\"description\":\"\",\"potentialAction\":[{\"@type\":\"SearchAction\",\"target\":{\"@type\":\"EntryPoint\",\"urlTemplate\":\"https:\/\/animalwelfare.interpharma.ch\/?s={search_term_string}\"},\"query-input\":{\"@type\":\"PropertyValueSpecification\",\"valueRequired\":true,\"valueName\":\"search_term_string\"}}],\"inLanguage\":\"fr-FR\"}]}<\/script>\n<!-- \/ Yoast SEO Premium plugin. -->","yoast_head_json":{"title":"Swiss Transparency Agreement on Animal Research (STAAR) - animalwelfare","robots":{"index":"index","follow":"follow","max-snippet":"max-snippet:-1","max-image-preview":"max-image-preview:large","max-video-preview":"max-video-preview:-1"},"canonical":"https:\/\/animalwelfare.interpharma.ch\/fr\/groupes-de-travail\/ich-international-council-for-harmonisation-of-technical-requirements-for-pharmaceuticals-for-human-use-5\/","og_locale":"fr_FR","og_type":"article","og_title":"Swiss Transparency Agreement on Animal Research (STAAR)","og_description":"Swiss Transparency Agreement on Animal Research (STAAR) STAAR a pour but d\u2019am\u00e9liorer la communication et la transparence dans le domaine de l\u2019utilisation d\u2019animaux pour la recherche. STAAR regroupe des organisations publiques et priv\u00e9es qui r\u00e9alisent des exp\u00e9riences sur animaux, les soutiennent et\/ou les financent, ainsi que des institutions qui \u00e9l\u00e8vent et fournissent des animaux. Interpharma [&hellip;]","og_url":"https:\/\/animalwelfare.interpharma.ch\/fr\/groupes-de-travail\/ich-international-council-for-harmonisation-of-technical-requirements-for-pharmaceuticals-for-human-use-5\/","og_site_name":"animalwelfare","article_modified_time":"2026-03-09T15:06:47+00:00","twitter_card":"summary_large_image","twitter_misc":{"Dur\u00e9e de lecture estim\u00e9e":"1 minute"},"schema":{"@context":"https:\/\/schema.org","@graph":[{"@type":"WebPage","@id":"https:\/\/animalwelfare.interpharma.ch\/fr\/groupes-de-travail\/ich-international-council-for-harmonisation-of-technical-requirements-for-pharmaceuticals-for-human-use-5\/","url":"https:\/\/animalwelfare.interpharma.ch\/fr\/groupes-de-travail\/ich-international-council-for-harmonisation-of-technical-requirements-for-pharmaceuticals-for-human-use-5\/","name":"Swiss Transparency Agreement on Animal Research (STAAR) - animalwelfare","isPartOf":{"@id":"https:\/\/animalwelfare.interpharma.ch\/#website"},"datePublished":"2026-03-06T16:35:13+00:00","dateModified":"2026-03-09T15:06:47+00:00","breadcrumb":{"@id":"https:\/\/animalwelfare.interpharma.ch\/fr\/groupes-de-travail\/ich-international-council-for-harmonisation-of-technical-requirements-for-pharmaceuticals-for-human-use-5\/#breadcrumb"},"inLanguage":"fr-FR","potentialAction":[{"@type":"ReadAction","target":["https:\/\/animalwelfare.interpharma.ch\/fr\/groupes-de-travail\/ich-international-council-for-harmonisation-of-technical-requirements-for-pharmaceuticals-for-human-use-5\/"]}]},{"@type":"BreadcrumbList","@id":"https:\/\/animalwelfare.interpharma.ch\/fr\/groupes-de-travail\/ich-international-council-for-harmonisation-of-technical-requirements-for-pharmaceuticals-for-human-use-5\/#breadcrumb","itemListElement":[{"@type":"ListItem","position":1,"name":"Start","item":"https:\/\/animalwelfare.interpharma.ch\/fr\/"},{"@type":"ListItem","position":2,"name":"Groupes de travail","item":"https:\/\/animalwelfare.interpharma.ch\/fr\/groupes-de-travail\/"},{"@type":"ListItem","position":3,"name":"Swiss Transparency Agreement on Animal Research (STAAR)"}]},{"@type":"WebSite","@id":"https:\/\/animalwelfare.interpharma.ch\/#website","url":"https:\/\/animalwelfare.interpharma.ch\/","name":"animalwelfare","description":"","potentialAction":[{"@type":"SearchAction","target":{"@type":"EntryPoint","urlTemplate":"https:\/\/animalwelfare.interpharma.ch\/?s={search_term_string}"},"query-input":{"@type":"PropertyValueSpecification","valueRequired":true,"valueName":"search_term_string"}}],"inLanguage":"fr-FR"}]}},"_links":{"self":[{"href":"https:\/\/animalwelfare.interpharma.ch\/fr\/wp-json\/wp\/v2\/pages\/714","targetHints":{"allow":["GET"]}}],"collection":[{"href":"https:\/\/animalwelfare.interpharma.ch\/fr\/wp-json\/wp\/v2\/pages"}],"about":[{"href":"https:\/\/animalwelfare.interpharma.ch\/fr\/wp-json\/wp\/v2\/types\/page"}],"author":[{"embeddable":true,"href":"https:\/\/animalwelfare.interpharma.ch\/fr\/wp-json\/wp\/v2\/users\/1"}],"replies":[{"embeddable":true,"href":"https:\/\/animalwelfare.interpharma.ch\/fr\/wp-json\/wp\/v2\/comments?post=714"}],"version-history":[{"count":2,"href":"https:\/\/animalwelfare.interpharma.ch\/fr\/wp-json\/wp\/v2\/pages\/714\/revisions"}],"predecessor-version":[{"id":2952,"href":"https:\/\/animalwelfare.interpharma.ch\/fr\/wp-json\/wp\/v2\/pages\/714\/revisions\/2952"}],"up":[{"embeddable":true,"href":"https:\/\/animalwelfare.interpharma.ch\/fr\/wp-json\/wp\/v2\/pages\/690"}],"wp:attachment":[{"href":"https:\/\/animalwelfare.interpharma.ch\/fr\/wp-json\/wp\/v2\/media?parent=714"}],"curies":[{"name":"wp","href":"https:\/\/api.w.org\/{rel}","templated":true}]}}