{"id":708,"date":"2026-03-06T17:35:13","date_gmt":"2026-03-06T16:35:13","guid":{"rendered":"https:\/\/animalwelfare.iph-multisite.berta-bewegt.ch\/?page_id=708"},"modified":"2026-03-09T16:06:18","modified_gmt":"2026-03-09T15:06:18","slug":"dialogue-avec-la-protection-suisse-des-animaux-psa","status":"publish","type":"page","link":"https:\/\/animalwelfare.interpharma.ch\/fr\/groupes-de-travail\/dialogue-avec-la-protection-suisse-des-animaux-psa\/","title":{"rendered":"Dialogue avec la Protection Suisse des Animaux PSA"},"content":{"rendered":"\n<h2 class=\"wp-block-heading\">Dialogue avec la Protection Suisse des Animaux PSA<\/h2>\n\n\n\n<p>Depuis maintenant plus de huit ans, Interpharma a engag\u00e9 le dialogue avec la Protection Suisse des Animaux PSA. Il y a quelques ann\u00e9es, les organisations viva3R et la Soci\u00e9t\u00e9 de la protection des animaux zurichoise se sont \u00e9galement jointes \u00e0 ce dialogue. Les rencontres, qui ont lieu deux fois par an, renforcent la compr\u00e9hension mutuelle et permettent d\u2019aborder des questions relatives \u00e0 la protection des animaux et de discuter de questions sp\u00e9cifiques portant sur l\u2019exp\u00e9rimentation animale et la protection des animaux de laboratoire. En outre, un dialogue ouvert, auquel des personnalit\u00e9s politiques sont \u00e9galement convi\u00e9es, se tient pour la deuxi\u00e8me fois. Il portera cette ann\u00e9e sur les 3R.<\/p>\n\n\n\n<p>Nom du projet: Dialogue avec la PSA<br>Article de la charte: 9<\/p>\n","protected":false},"excerpt":{"rendered":"<p>Dialogue avec la Protection Suisse des Animaux PSA Depuis maintenant plus de huit ans, Interpharma a engag\u00e9 le dialogue avec la Protection Suisse des Animaux PSA. Il y a quelques ann\u00e9es, les organisations viva3R et la Soci\u00e9t\u00e9 de la protection des animaux zurichoise se sont \u00e9galement jointes \u00e0 ce dialogue. Les rencontres, qui ont lieu [&hellip;]<\/p>\n","protected":false},"author":1,"featured_media":0,"parent":690,"menu_order":8,"comment_status":"closed","ping_status":"closed","template":"page-templates\/unterthema.php","meta":{"_acf_changed":false,"inline_featured_image":false,"footnotes":""},"class_list":["post-708","page","type-page","status-publish","hentry"],"acf":[],"yoast_head":"<!-- This site is optimized with the Yoast SEO Premium plugin v27.2 (Yoast SEO v27.2) - https:\/\/yoast.com\/product\/yoast-seo-premium-wordpress\/ -->\n<title>Dialogue avec la Protection Suisse des Animaux PSA - animalwelfare<\/title>\n<meta name=\"robots\" content=\"index, follow, max-snippet:-1, max-image-preview:large, max-video-preview:-1\" \/>\n<link rel=\"canonical\" href=\"https:\/\/animalwelfare.interpharma.ch\/arbeitsgruppen\/dialog-mit-dem-schweizer-tierschutz-sts\/\" \/>\n<meta property=\"og:locale\" content=\"fr_FR\" \/>\n<meta property=\"og:type\" content=\"article\" \/>\n<meta property=\"og:title\" content=\"Dialogue avec la Protection Suisse des Animaux PSA\" \/>\n<meta property=\"og:description\" content=\"Dialogue avec la Protection Suisse des Animaux PSA Depuis maintenant plus de huit ans, Interpharma a engag\u00e9 le dialogue avec la Protection Suisse des Animaux PSA. Il y a quelques ann\u00e9es, les organisations viva3R et la Soci\u00e9t\u00e9 de la protection des animaux zurichoise se sont \u00e9galement jointes \u00e0 ce dialogue. Les rencontres, qui ont lieu [&hellip;]\" \/>\n<meta property=\"og:url\" content=\"https:\/\/animalwelfare.interpharma.ch\/arbeitsgruppen\/dialog-mit-dem-schweizer-tierschutz-sts\/\" \/>\n<meta property=\"og:site_name\" content=\"animalwelfare\" \/>\n<meta property=\"article:modified_time\" content=\"2026-03-09T15:06:18+00:00\" \/>\n<meta name=\"twitter:card\" content=\"summary_large_image\" \/>\n<meta name=\"twitter:label1\" content=\"Dur\u00e9e de lecture estim\u00e9e\" \/>\n\t<meta name=\"twitter:data1\" content=\"1 minute\" \/>\n<script type=\"application\/ld+json\" class=\"yoast-schema-graph\">{\"@context\":\"https:\/\/schema.org\",\"@graph\":[{\"@type\":\"WebPage\",\"@id\":\"https:\/\/animalwelfare.interpharma.ch\/arbeitsgruppen\/dialog-mit-dem-schweizer-tierschutz-sts\/\",\"url\":\"https:\/\/animalwelfare.interpharma.ch\/arbeitsgruppen\/dialog-mit-dem-schweizer-tierschutz-sts\/\",\"name\":\"Dialogue avec la Protection Suisse des Animaux PSA - animalwelfare\",\"isPartOf\":{\"@id\":\"https:\/\/animalwelfare.interpharma.ch\/#website\"},\"datePublished\":\"2026-03-06T16:35:13+00:00\",\"dateModified\":\"2026-03-09T15:06:18+00:00\",\"breadcrumb\":{\"@id\":\"https:\/\/animalwelfare.interpharma.ch\/arbeitsgruppen\/dialog-mit-dem-schweizer-tierschutz-sts\/#breadcrumb\"},\"inLanguage\":\"fr-FR\",\"potentialAction\":[{\"@type\":\"ReadAction\",\"target\":[\"https:\/\/animalwelfare.interpharma.ch\/arbeitsgruppen\/dialog-mit-dem-schweizer-tierschutz-sts\/\"]}]},{\"@type\":\"BreadcrumbList\",\"@id\":\"https:\/\/animalwelfare.interpharma.ch\/arbeitsgruppen\/dialog-mit-dem-schweizer-tierschutz-sts\/#breadcrumb\",\"itemListElement\":[{\"@type\":\"ListItem\",\"position\":1,\"name\":\"Start\",\"item\":\"https:\/\/animalwelfare.interpharma.ch\/fr\/\"},{\"@type\":\"ListItem\",\"position\":2,\"name\":\"Groupes de travail\",\"item\":\"https:\/\/animalwelfare.interpharma.ch\/fr\/groupes-de-travail\/\"},{\"@type\":\"ListItem\",\"position\":3,\"name\":\"Dialogue avec la Protection Suisse des Animaux PSA\"}]},{\"@type\":\"WebSite\",\"@id\":\"https:\/\/animalwelfare.interpharma.ch\/#website\",\"url\":\"https:\/\/animalwelfare.interpharma.ch\/\",\"name\":\"animalwelfare\",\"description\":\"\",\"potentialAction\":[{\"@type\":\"SearchAction\",\"target\":{\"@type\":\"EntryPoint\",\"urlTemplate\":\"https:\/\/animalwelfare.interpharma.ch\/?s={search_term_string}\"},\"query-input\":{\"@type\":\"PropertyValueSpecification\",\"valueRequired\":true,\"valueName\":\"search_term_string\"}}],\"inLanguage\":\"fr-FR\"}]}<\/script>\n<!-- \/ Yoast SEO Premium plugin. -->","yoast_head_json":{"title":"Dialogue avec la Protection Suisse des Animaux PSA - animalwelfare","robots":{"index":"index","follow":"follow","max-snippet":"max-snippet:-1","max-image-preview":"max-image-preview:large","max-video-preview":"max-video-preview:-1"},"canonical":"https:\/\/animalwelfare.interpharma.ch\/arbeitsgruppen\/dialog-mit-dem-schweizer-tierschutz-sts\/","og_locale":"fr_FR","og_type":"article","og_title":"Dialogue avec la Protection Suisse des Animaux PSA","og_description":"Dialogue avec la Protection Suisse des Animaux PSA Depuis maintenant plus de huit ans, Interpharma a engag\u00e9 le dialogue avec la Protection Suisse des Animaux PSA. Il y a quelques ann\u00e9es, les organisations viva3R et la Soci\u00e9t\u00e9 de la protection des animaux zurichoise se sont \u00e9galement jointes \u00e0 ce dialogue. Les rencontres, qui ont lieu [&hellip;]","og_url":"https:\/\/animalwelfare.interpharma.ch\/arbeitsgruppen\/dialog-mit-dem-schweizer-tierschutz-sts\/","og_site_name":"animalwelfare","article_modified_time":"2026-03-09T15:06:18+00:00","twitter_card":"summary_large_image","twitter_misc":{"Dur\u00e9e de lecture estim\u00e9e":"1 minute"},"schema":{"@context":"https:\/\/schema.org","@graph":[{"@type":"WebPage","@id":"https:\/\/animalwelfare.interpharma.ch\/arbeitsgruppen\/dialog-mit-dem-schweizer-tierschutz-sts\/","url":"https:\/\/animalwelfare.interpharma.ch\/arbeitsgruppen\/dialog-mit-dem-schweizer-tierschutz-sts\/","name":"Dialogue avec la Protection Suisse des Animaux PSA - animalwelfare","isPartOf":{"@id":"https:\/\/animalwelfare.interpharma.ch\/#website"},"datePublished":"2026-03-06T16:35:13+00:00","dateModified":"2026-03-09T15:06:18+00:00","breadcrumb":{"@id":"https:\/\/animalwelfare.interpharma.ch\/arbeitsgruppen\/dialog-mit-dem-schweizer-tierschutz-sts\/#breadcrumb"},"inLanguage":"fr-FR","potentialAction":[{"@type":"ReadAction","target":["https:\/\/animalwelfare.interpharma.ch\/arbeitsgruppen\/dialog-mit-dem-schweizer-tierschutz-sts\/"]}]},{"@type":"BreadcrumbList","@id":"https:\/\/animalwelfare.interpharma.ch\/arbeitsgruppen\/dialog-mit-dem-schweizer-tierschutz-sts\/#breadcrumb","itemListElement":[{"@type":"ListItem","position":1,"name":"Start","item":"https:\/\/animalwelfare.interpharma.ch\/fr\/"},{"@type":"ListItem","position":2,"name":"Groupes de travail","item":"https:\/\/animalwelfare.interpharma.ch\/fr\/groupes-de-travail\/"},{"@type":"ListItem","position":3,"name":"Dialogue avec la Protection Suisse des Animaux PSA"}]},{"@type":"WebSite","@id":"https:\/\/animalwelfare.interpharma.ch\/#website","url":"https:\/\/animalwelfare.interpharma.ch\/","name":"animalwelfare","description":"","potentialAction":[{"@type":"SearchAction","target":{"@type":"EntryPoint","urlTemplate":"https:\/\/animalwelfare.interpharma.ch\/?s={search_term_string}"},"query-input":{"@type":"PropertyValueSpecification","valueRequired":true,"valueName":"search_term_string"}}],"inLanguage":"fr-FR"}]}},"_links":{"self":[{"href":"https:\/\/animalwelfare.interpharma.ch\/fr\/wp-json\/wp\/v2\/pages\/708","targetHints":{"allow":["GET"]}}],"collection":[{"href":"https:\/\/animalwelfare.interpharma.ch\/fr\/wp-json\/wp\/v2\/pages"}],"about":[{"href":"https:\/\/animalwelfare.interpharma.ch\/fr\/wp-json\/wp\/v2\/types\/page"}],"author":[{"embeddable":true,"href":"https:\/\/animalwelfare.interpharma.ch\/fr\/wp-json\/wp\/v2\/users\/1"}],"replies":[{"embeddable":true,"href":"https:\/\/animalwelfare.interpharma.ch\/fr\/wp-json\/wp\/v2\/comments?post=708"}],"version-history":[{"count":2,"href":"https:\/\/animalwelfare.interpharma.ch\/fr\/wp-json\/wp\/v2\/pages\/708\/revisions"}],"predecessor-version":[{"id":2951,"href":"https:\/\/animalwelfare.interpharma.ch\/fr\/wp-json\/wp\/v2\/pages\/708\/revisions\/2951"}],"up":[{"embeddable":true,"href":"https:\/\/animalwelfare.interpharma.ch\/fr\/wp-json\/wp\/v2\/pages\/690"}],"wp:attachment":[{"href":"https:\/\/animalwelfare.interpharma.ch\/fr\/wp-json\/wp\/v2\/media?parent=708"}],"curies":[{"name":"wp","href":"https:\/\/api.w.org\/{rel}","templated":true}]}}