{"id":702,"date":"2026-03-06T17:35:13","date_gmt":"2026-03-06T16:35:13","guid":{"rendered":"https:\/\/animalwelfare.iph-multisite.berta-bewegt.ch\/?page_id=702"},"modified":"2026-03-09T16:05:54","modified_gmt":"2026-03-09T15:05:54","slug":"audits-communs-des-entreprises-membres-dinterpharma","status":"publish","type":"page","link":"https:\/\/animalwelfare.interpharma.ch\/fr\/groupes-de-travail\/audits-communs-des-entreprises-membres-dinterpharma\/","title":{"rendered":"Audits communs des entreprises membres d\u2019Interpharma"},"content":{"rendered":"\n<h2 class=\"wp-block-heading\">Audits communs des entreprises membres d\u2019Interpharma<\/h2>\n\n\n\n<p>Les institutions de recherche et leurs entreprises partenaires et filiales r\u00e9alisant des exp\u00e9riences sur les animaux sur mandat de membres d\u2019Interpharma s\u2019engagent \u00e0 respecter des crit\u00e8res techniques et \u00e9thiques d\u2019h\u00e9bergement et de soin des animaux de laboratoire. Certaines entreprises membres d\u2019Interpharma r\u00e9alisent r\u00e9guli\u00e8rement en commun des audits planifi\u00e9s aupr\u00e8s de partenaires de recherche externes tout autour du globe. Ces audits ne sont pas seulement destin\u00e9s \u00e0 aligner les crit\u00e8res et \u00e0 assurer la protection des animaux de laboratoire, mais contribuent aussi \u00e0 accro\u00eetre le savoir-faire. L\u2019\u00e9change permet de mettre en \u0153uvre au mieux les prescriptions l\u00e9gales et simplifie en outre les efforts d\u2019aller plus loin dans la mise en \u0153uvre des 3R. Les r\u00e9sultats sont pass\u00e9s en revue en commun par les entreprises membres et trait\u00e9s confidentiellement. Chaque entreprise d\u00e9cide individuellement si elle veut travailler avec l\u2019organisation audit\u00e9e. En plus des audits communs, les entreprises membres s\u2019assurent, par des proc\u00e9dures individuelles, du respect des crit\u00e8res de qualit\u00e9 dans leurs propres institutions de recherche dans le monde entier. Tous les crit\u00e8res contr\u00f4l\u00e9s sont fix\u00e9s par \u00e9crit et appliqu\u00e9s au niveau mondial.<\/p>\n\n\n\n<p>Nom du projet: Audits d\u2019Interpharma<br>Articles de la charte: 4 \u00e0 6<\/p>\n","protected":false},"excerpt":{"rendered":"<p>Audits communs des entreprises membres d\u2019Interpharma Les institutions de recherche et leurs entreprises partenaires et filiales r\u00e9alisant des exp\u00e9riences sur les animaux sur mandat de membres d\u2019Interpharma s\u2019engagent \u00e0 respecter des crit\u00e8res techniques et \u00e9thiques d\u2019h\u00e9bergement et de soin des animaux de laboratoire. Certaines entreprises membres d\u2019Interpharma r\u00e9alisent r\u00e9guli\u00e8rement en commun des audits planifi\u00e9s aupr\u00e8s [&hellip;]<\/p>\n","protected":false},"author":1,"featured_media":0,"parent":690,"menu_order":7,"comment_status":"closed","ping_status":"closed","template":"page-templates\/unterthema.php","meta":{"_acf_changed":false,"inline_featured_image":false,"footnotes":""},"class_list":["post-702","page","type-page","status-publish","hentry"],"acf":[],"yoast_head":"<!-- This site is optimized with the Yoast SEO Premium plugin v27.2 (Yoast SEO v27.2) - https:\/\/yoast.com\/product\/yoast-seo-premium-wordpress\/ -->\n<title>Audits communs des entreprises membres d\u2019Interpharma - animalwelfare<\/title>\n<meta name=\"robots\" content=\"index, follow, max-snippet:-1, max-image-preview:large, max-video-preview:-1\" \/>\n<link rel=\"canonical\" href=\"https:\/\/animalwelfare.interpharma.ch\/fr\/groupes-de-travail\/audits-communs-des-entreprises-membres-dinterpharma\/\" \/>\n<meta property=\"og:locale\" content=\"fr_FR\" \/>\n<meta property=\"og:type\" content=\"article\" \/>\n<meta property=\"og:title\" content=\"Audits communs des entreprises membres d\u2019Interpharma\" \/>\n<meta property=\"og:description\" content=\"Audits communs des entreprises membres d\u2019Interpharma Les institutions de recherche et leurs entreprises partenaires et filiales r\u00e9alisant des exp\u00e9riences sur les animaux sur mandat de membres d\u2019Interpharma s\u2019engagent \u00e0 respecter des crit\u00e8res techniques et \u00e9thiques d\u2019h\u00e9bergement et de soin des animaux de laboratoire. Certaines entreprises membres d\u2019Interpharma r\u00e9alisent r\u00e9guli\u00e8rement en commun des audits planifi\u00e9s aupr\u00e8s [&hellip;]\" \/>\n<meta property=\"og:url\" content=\"https:\/\/animalwelfare.interpharma.ch\/fr\/groupes-de-travail\/audits-communs-des-entreprises-membres-dinterpharma\/\" \/>\n<meta property=\"og:site_name\" content=\"animalwelfare\" \/>\n<meta property=\"article:modified_time\" content=\"2026-03-09T15:05:54+00:00\" \/>\n<meta name=\"twitter:card\" content=\"summary_large_image\" \/>\n<meta name=\"twitter:label1\" content=\"Dur\u00e9e de lecture estim\u00e9e\" \/>\n\t<meta name=\"twitter:data1\" content=\"2 minutes\" \/>\n<script type=\"application\/ld+json\" class=\"yoast-schema-graph\">{\"@context\":\"https:\/\/schema.org\",\"@graph\":[{\"@type\":\"WebPage\",\"@id\":\"https:\/\/animalwelfare.interpharma.ch\/fr\/groupes-de-travail\/audits-communs-des-entreprises-membres-dinterpharma\/\",\"url\":\"https:\/\/animalwelfare.interpharma.ch\/fr\/groupes-de-travail\/audits-communs-des-entreprises-membres-dinterpharma\/\",\"name\":\"Audits communs des entreprises membres d\u2019Interpharma - animalwelfare\",\"isPartOf\":{\"@id\":\"https:\/\/animalwelfare.interpharma.ch\/#website\"},\"datePublished\":\"2026-03-06T16:35:13+00:00\",\"dateModified\":\"2026-03-09T15:05:54+00:00\",\"breadcrumb\":{\"@id\":\"https:\/\/animalwelfare.interpharma.ch\/fr\/groupes-de-travail\/audits-communs-des-entreprises-membres-dinterpharma\/#breadcrumb\"},\"inLanguage\":\"fr-FR\",\"potentialAction\":[{\"@type\":\"ReadAction\",\"target\":[\"https:\/\/animalwelfare.interpharma.ch\/fr\/groupes-de-travail\/audits-communs-des-entreprises-membres-dinterpharma\/\"]}]},{\"@type\":\"BreadcrumbList\",\"@id\":\"https:\/\/animalwelfare.interpharma.ch\/fr\/groupes-de-travail\/audits-communs-des-entreprises-membres-dinterpharma\/#breadcrumb\",\"itemListElement\":[{\"@type\":\"ListItem\",\"position\":1,\"name\":\"Start\",\"item\":\"https:\/\/animalwelfare.interpharma.ch\/fr\/\"},{\"@type\":\"ListItem\",\"position\":2,\"name\":\"Groupes de travail\",\"item\":\"https:\/\/animalwelfare.interpharma.ch\/fr\/groupes-de-travail\/\"},{\"@type\":\"ListItem\",\"position\":3,\"name\":\"Audits communs des entreprises membres d\u2019Interpharma\"}]},{\"@type\":\"WebSite\",\"@id\":\"https:\/\/animalwelfare.interpharma.ch\/#website\",\"url\":\"https:\/\/animalwelfare.interpharma.ch\/\",\"name\":\"animalwelfare\",\"description\":\"\",\"potentialAction\":[{\"@type\":\"SearchAction\",\"target\":{\"@type\":\"EntryPoint\",\"urlTemplate\":\"https:\/\/animalwelfare.interpharma.ch\/?s={search_term_string}\"},\"query-input\":{\"@type\":\"PropertyValueSpecification\",\"valueRequired\":true,\"valueName\":\"search_term_string\"}}],\"inLanguage\":\"fr-FR\"}]}<\/script>\n<!-- \/ Yoast SEO Premium plugin. -->","yoast_head_json":{"title":"Audits communs des entreprises membres d\u2019Interpharma - animalwelfare","robots":{"index":"index","follow":"follow","max-snippet":"max-snippet:-1","max-image-preview":"max-image-preview:large","max-video-preview":"max-video-preview:-1"},"canonical":"https:\/\/animalwelfare.interpharma.ch\/fr\/groupes-de-travail\/audits-communs-des-entreprises-membres-dinterpharma\/","og_locale":"fr_FR","og_type":"article","og_title":"Audits communs des entreprises membres d\u2019Interpharma","og_description":"Audits communs des entreprises membres d\u2019Interpharma Les institutions de recherche et leurs entreprises partenaires et filiales r\u00e9alisant des exp\u00e9riences sur les animaux sur mandat de membres d\u2019Interpharma s\u2019engagent \u00e0 respecter des crit\u00e8res techniques et \u00e9thiques d\u2019h\u00e9bergement et de soin des animaux de laboratoire. Certaines entreprises membres d\u2019Interpharma r\u00e9alisent r\u00e9guli\u00e8rement en commun des audits planifi\u00e9s aupr\u00e8s [&hellip;]","og_url":"https:\/\/animalwelfare.interpharma.ch\/fr\/groupes-de-travail\/audits-communs-des-entreprises-membres-dinterpharma\/","og_site_name":"animalwelfare","article_modified_time":"2026-03-09T15:05:54+00:00","twitter_card":"summary_large_image","twitter_misc":{"Dur\u00e9e de lecture estim\u00e9e":"2 minutes"},"schema":{"@context":"https:\/\/schema.org","@graph":[{"@type":"WebPage","@id":"https:\/\/animalwelfare.interpharma.ch\/fr\/groupes-de-travail\/audits-communs-des-entreprises-membres-dinterpharma\/","url":"https:\/\/animalwelfare.interpharma.ch\/fr\/groupes-de-travail\/audits-communs-des-entreprises-membres-dinterpharma\/","name":"Audits communs des entreprises membres d\u2019Interpharma - animalwelfare","isPartOf":{"@id":"https:\/\/animalwelfare.interpharma.ch\/#website"},"datePublished":"2026-03-06T16:35:13+00:00","dateModified":"2026-03-09T15:05:54+00:00","breadcrumb":{"@id":"https:\/\/animalwelfare.interpharma.ch\/fr\/groupes-de-travail\/audits-communs-des-entreprises-membres-dinterpharma\/#breadcrumb"},"inLanguage":"fr-FR","potentialAction":[{"@type":"ReadAction","target":["https:\/\/animalwelfare.interpharma.ch\/fr\/groupes-de-travail\/audits-communs-des-entreprises-membres-dinterpharma\/"]}]},{"@type":"BreadcrumbList","@id":"https:\/\/animalwelfare.interpharma.ch\/fr\/groupes-de-travail\/audits-communs-des-entreprises-membres-dinterpharma\/#breadcrumb","itemListElement":[{"@type":"ListItem","position":1,"name":"Start","item":"https:\/\/animalwelfare.interpharma.ch\/fr\/"},{"@type":"ListItem","position":2,"name":"Groupes de travail","item":"https:\/\/animalwelfare.interpharma.ch\/fr\/groupes-de-travail\/"},{"@type":"ListItem","position":3,"name":"Audits communs des entreprises membres d\u2019Interpharma"}]},{"@type":"WebSite","@id":"https:\/\/animalwelfare.interpharma.ch\/#website","url":"https:\/\/animalwelfare.interpharma.ch\/","name":"animalwelfare","description":"","potentialAction":[{"@type":"SearchAction","target":{"@type":"EntryPoint","urlTemplate":"https:\/\/animalwelfare.interpharma.ch\/?s={search_term_string}"},"query-input":{"@type":"PropertyValueSpecification","valueRequired":true,"valueName":"search_term_string"}}],"inLanguage":"fr-FR"}]}},"_links":{"self":[{"href":"https:\/\/animalwelfare.interpharma.ch\/fr\/wp-json\/wp\/v2\/pages\/702","targetHints":{"allow":["GET"]}}],"collection":[{"href":"https:\/\/animalwelfare.interpharma.ch\/fr\/wp-json\/wp\/v2\/pages"}],"about":[{"href":"https:\/\/animalwelfare.interpharma.ch\/fr\/wp-json\/wp\/v2\/types\/page"}],"author":[{"embeddable":true,"href":"https:\/\/animalwelfare.interpharma.ch\/fr\/wp-json\/wp\/v2\/users\/1"}],"replies":[{"embeddable":true,"href":"https:\/\/animalwelfare.interpharma.ch\/fr\/wp-json\/wp\/v2\/comments?post=702"}],"version-history":[{"count":2,"href":"https:\/\/animalwelfare.interpharma.ch\/fr\/wp-json\/wp\/v2\/pages\/702\/revisions"}],"predecessor-version":[{"id":2950,"href":"https:\/\/animalwelfare.interpharma.ch\/fr\/wp-json\/wp\/v2\/pages\/702\/revisions\/2950"}],"up":[{"embeddable":true,"href":"https:\/\/animalwelfare.interpharma.ch\/fr\/wp-json\/wp\/v2\/pages\/690"}],"wp:attachment":[{"href":"https:\/\/animalwelfare.interpharma.ch\/fr\/wp-json\/wp\/v2\/media?parent=702"}],"curies":[{"name":"wp","href":"https:\/\/api.w.org\/{rel}","templated":true}]}}