{"id":696,"date":"2026-03-06T17:35:12","date_gmt":"2026-03-06T16:35:12","guid":{"rendered":"https:\/\/animalwelfare.iph-multisite.berta-bewegt.ch\/?page_id=696"},"modified":"2026-03-09T16:05:34","modified_gmt":"2026-03-09T15:05:34","slug":"association-recherche-pour-la-vie","status":"publish","type":"page","link":"https:\/\/animalwelfare.interpharma.ch\/fr\/groupes-de-travail\/association-recherche-pour-la-vie\/","title":{"rendered":"Association Recherche pour la vie"},"content":{"rendered":"\n<h2 class=\"wp-block-heading\">Association Recherche pour la vie<\/h2>\n\n\n\n<p>L\u2019association ind\u00e9pendante Recherche pour la vie a \u00e9t\u00e9 cr\u00e9\u00e9e pour informer la population suisse sur l\u2019importance et les r\u00e9sultats r\u00e9cents de la recherche biom\u00e9dicale. Elle entend encourager le dialogue entre scientifiques et profanes et \u00e9voquer clairement et simplement les b\u00e9n\u00e9fices, mais aussi les dangers de la recherche. En plus de la publication r\u00e9guli\u00e8re de la brochure \u00abBioFokus\u00bb et de la remise d\u2019un prix pour des travaux de maturit\u00e9, l\u2019association propose aux \u00e9tablissements scolaires int\u00e9ress\u00e9s un laboratoire g\u00e9n\u00e9tique. Interpharma coop\u00e8re avec cette association, en particulier dans le domaine de l\u2019exp\u00e9rimentation animale et de la protection des animaux.<\/p>\n\n\n\n<p>Nom du projet: Association Recherche pour la vie<br>Articles de la charte: 1, 3, 9<\/p>\n","protected":false},"excerpt":{"rendered":"<p>Association Recherche pour la vie L\u2019association ind\u00e9pendante Recherche pour la vie a \u00e9t\u00e9 cr\u00e9\u00e9e pour informer la population suisse sur l\u2019importance et les r\u00e9sultats r\u00e9cents de la recherche biom\u00e9dicale. Elle entend encourager le dialogue entre scientifiques et profanes et \u00e9voquer clairement et simplement les b\u00e9n\u00e9fices, mais aussi les dangers de la recherche. En plus de [&hellip;]<\/p>\n","protected":false},"author":1,"featured_media":0,"parent":690,"menu_order":6,"comment_status":"closed","ping_status":"closed","template":"page-templates\/unterthema.php","meta":{"_acf_changed":false,"inline_featured_image":false,"footnotes":""},"class_list":["post-696","page","type-page","status-publish","hentry"],"acf":[],"yoast_head":"<!-- This site is optimized with the Yoast SEO Premium plugin v27.2 (Yoast SEO v27.2) - https:\/\/yoast.com\/product\/yoast-seo-premium-wordpress\/ -->\n<title>Association Recherche pour la vie - animalwelfare<\/title>\n<meta name=\"robots\" content=\"index, follow, max-snippet:-1, max-image-preview:large, max-video-preview:-1\" \/>\n<link rel=\"canonical\" href=\"https:\/\/animalwelfare.interpharma.ch\/fr\/groupes-de-travail\/association-recherche-pour-la-vie\/\" \/>\n<meta property=\"og:locale\" content=\"fr_FR\" \/>\n<meta property=\"og:type\" content=\"article\" \/>\n<meta property=\"og:title\" content=\"Association Recherche pour la vie\" \/>\n<meta property=\"og:description\" content=\"Association Recherche pour la vie L\u2019association ind\u00e9pendante Recherche pour la vie a \u00e9t\u00e9 cr\u00e9\u00e9e pour informer la population suisse sur l\u2019importance et les r\u00e9sultats r\u00e9cents de la recherche biom\u00e9dicale. Elle entend encourager le dialogue entre scientifiques et profanes et \u00e9voquer clairement et simplement les b\u00e9n\u00e9fices, mais aussi les dangers de la recherche. En plus de [&hellip;]\" \/>\n<meta property=\"og:url\" content=\"https:\/\/animalwelfare.interpharma.ch\/fr\/groupes-de-travail\/association-recherche-pour-la-vie\/\" \/>\n<meta property=\"og:site_name\" content=\"animalwelfare\" \/>\n<meta property=\"article:modified_time\" content=\"2026-03-09T15:05:34+00:00\" \/>\n<meta name=\"twitter:card\" content=\"summary_large_image\" \/>\n<meta name=\"twitter:label1\" content=\"Dur\u00e9e de lecture estim\u00e9e\" \/>\n\t<meta name=\"twitter:data1\" content=\"1 minute\" \/>\n<script type=\"application\/ld+json\" class=\"yoast-schema-graph\">{\"@context\":\"https:\/\/schema.org\",\"@graph\":[{\"@type\":\"WebPage\",\"@id\":\"https:\/\/animalwelfare.interpharma.ch\/fr\/groupes-de-travail\/association-recherche-pour-la-vie\/\",\"url\":\"https:\/\/animalwelfare.interpharma.ch\/fr\/groupes-de-travail\/association-recherche-pour-la-vie\/\",\"name\":\"Association Recherche pour la vie - animalwelfare\",\"isPartOf\":{\"@id\":\"https:\/\/animalwelfare.interpharma.ch\/#website\"},\"datePublished\":\"2026-03-06T16:35:12+00:00\",\"dateModified\":\"2026-03-09T15:05:34+00:00\",\"breadcrumb\":{\"@id\":\"https:\/\/animalwelfare.interpharma.ch\/fr\/groupes-de-travail\/association-recherche-pour-la-vie\/#breadcrumb\"},\"inLanguage\":\"fr-FR\",\"potentialAction\":[{\"@type\":\"ReadAction\",\"target\":[\"https:\/\/animalwelfare.interpharma.ch\/fr\/groupes-de-travail\/association-recherche-pour-la-vie\/\"]}]},{\"@type\":\"BreadcrumbList\",\"@id\":\"https:\/\/animalwelfare.interpharma.ch\/fr\/groupes-de-travail\/association-recherche-pour-la-vie\/#breadcrumb\",\"itemListElement\":[{\"@type\":\"ListItem\",\"position\":1,\"name\":\"Start\",\"item\":\"https:\/\/animalwelfare.interpharma.ch\/fr\/\"},{\"@type\":\"ListItem\",\"position\":2,\"name\":\"Groupes de travail\",\"item\":\"https:\/\/animalwelfare.interpharma.ch\/fr\/groupes-de-travail\/\"},{\"@type\":\"ListItem\",\"position\":3,\"name\":\"Association Recherche pour la vie\"}]},{\"@type\":\"WebSite\",\"@id\":\"https:\/\/animalwelfare.interpharma.ch\/#website\",\"url\":\"https:\/\/animalwelfare.interpharma.ch\/\",\"name\":\"animalwelfare\",\"description\":\"\",\"potentialAction\":[{\"@type\":\"SearchAction\",\"target\":{\"@type\":\"EntryPoint\",\"urlTemplate\":\"https:\/\/animalwelfare.interpharma.ch\/?s={search_term_string}\"},\"query-input\":{\"@type\":\"PropertyValueSpecification\",\"valueRequired\":true,\"valueName\":\"search_term_string\"}}],\"inLanguage\":\"fr-FR\"}]}<\/script>\n<!-- \/ Yoast SEO Premium plugin. -->","yoast_head_json":{"title":"Association Recherche pour la vie - animalwelfare","robots":{"index":"index","follow":"follow","max-snippet":"max-snippet:-1","max-image-preview":"max-image-preview:large","max-video-preview":"max-video-preview:-1"},"canonical":"https:\/\/animalwelfare.interpharma.ch\/fr\/groupes-de-travail\/association-recherche-pour-la-vie\/","og_locale":"fr_FR","og_type":"article","og_title":"Association Recherche pour la vie","og_description":"Association Recherche pour la vie L\u2019association ind\u00e9pendante Recherche pour la vie a \u00e9t\u00e9 cr\u00e9\u00e9e pour informer la population suisse sur l\u2019importance et les r\u00e9sultats r\u00e9cents de la recherche biom\u00e9dicale. Elle entend encourager le dialogue entre scientifiques et profanes et \u00e9voquer clairement et simplement les b\u00e9n\u00e9fices, mais aussi les dangers de la recherche. En plus de [&hellip;]","og_url":"https:\/\/animalwelfare.interpharma.ch\/fr\/groupes-de-travail\/association-recherche-pour-la-vie\/","og_site_name":"animalwelfare","article_modified_time":"2026-03-09T15:05:34+00:00","twitter_card":"summary_large_image","twitter_misc":{"Dur\u00e9e de lecture estim\u00e9e":"1 minute"},"schema":{"@context":"https:\/\/schema.org","@graph":[{"@type":"WebPage","@id":"https:\/\/animalwelfare.interpharma.ch\/fr\/groupes-de-travail\/association-recherche-pour-la-vie\/","url":"https:\/\/animalwelfare.interpharma.ch\/fr\/groupes-de-travail\/association-recherche-pour-la-vie\/","name":"Association Recherche pour la vie - animalwelfare","isPartOf":{"@id":"https:\/\/animalwelfare.interpharma.ch\/#website"},"datePublished":"2026-03-06T16:35:12+00:00","dateModified":"2026-03-09T15:05:34+00:00","breadcrumb":{"@id":"https:\/\/animalwelfare.interpharma.ch\/fr\/groupes-de-travail\/association-recherche-pour-la-vie\/#breadcrumb"},"inLanguage":"fr-FR","potentialAction":[{"@type":"ReadAction","target":["https:\/\/animalwelfare.interpharma.ch\/fr\/groupes-de-travail\/association-recherche-pour-la-vie\/"]}]},{"@type":"BreadcrumbList","@id":"https:\/\/animalwelfare.interpharma.ch\/fr\/groupes-de-travail\/association-recherche-pour-la-vie\/#breadcrumb","itemListElement":[{"@type":"ListItem","position":1,"name":"Start","item":"https:\/\/animalwelfare.interpharma.ch\/fr\/"},{"@type":"ListItem","position":2,"name":"Groupes de travail","item":"https:\/\/animalwelfare.interpharma.ch\/fr\/groupes-de-travail\/"},{"@type":"ListItem","position":3,"name":"Association Recherche pour la vie"}]},{"@type":"WebSite","@id":"https:\/\/animalwelfare.interpharma.ch\/#website","url":"https:\/\/animalwelfare.interpharma.ch\/","name":"animalwelfare","description":"","potentialAction":[{"@type":"SearchAction","target":{"@type":"EntryPoint","urlTemplate":"https:\/\/animalwelfare.interpharma.ch\/?s={search_term_string}"},"query-input":{"@type":"PropertyValueSpecification","valueRequired":true,"valueName":"search_term_string"}}],"inLanguage":"fr-FR"}]}},"_links":{"self":[{"href":"https:\/\/animalwelfare.interpharma.ch\/fr\/wp-json\/wp\/v2\/pages\/696","targetHints":{"allow":["GET"]}}],"collection":[{"href":"https:\/\/animalwelfare.interpharma.ch\/fr\/wp-json\/wp\/v2\/pages"}],"about":[{"href":"https:\/\/animalwelfare.interpharma.ch\/fr\/wp-json\/wp\/v2\/types\/page"}],"author":[{"embeddable":true,"href":"https:\/\/animalwelfare.interpharma.ch\/fr\/wp-json\/wp\/v2\/users\/1"}],"replies":[{"embeddable":true,"href":"https:\/\/animalwelfare.interpharma.ch\/fr\/wp-json\/wp\/v2\/comments?post=696"}],"version-history":[{"count":2,"href":"https:\/\/animalwelfare.interpharma.ch\/fr\/wp-json\/wp\/v2\/pages\/696\/revisions"}],"predecessor-version":[{"id":2949,"href":"https:\/\/animalwelfare.interpharma.ch\/fr\/wp-json\/wp\/v2\/pages\/696\/revisions\/2949"}],"up":[{"embeddable":true,"href":"https:\/\/animalwelfare.interpharma.ch\/fr\/wp-json\/wp\/v2\/pages\/690"}],"wp:attachment":[{"href":"https:\/\/animalwelfare.interpharma.ch\/fr\/wp-json\/wp\/v2\/media?parent=696"}],"curies":[{"name":"wp","href":"https:\/\/api.w.org\/{rel}","templated":true}]}}