{"id":684,"date":"2026-03-06T17:35:12","date_gmt":"2026-03-06T16:35:12","guid":{"rendered":"https:\/\/animalwelfare.iph-multisite.berta-bewegt.ch\/?page_id=684"},"modified":"2026-03-09T16:08:39","modified_gmt":"2026-03-09T15:08:39","slug":"remplacement-danimaux-par-imitation-in-vitro-des-interactions-entre-synoviocytes-et-cellules-endotheliales","status":"publish","type":"page","link":"https:\/\/animalwelfare.interpharma.ch\/fr\/projets\/remplacement-danimaux-par-imitation-in-vitro-des-interactions-entre-synoviocytes-et-cellules-endotheliales\/","title":{"rendered":"Remplacement d\u2019animaux par imitation in vitro des interactions entre synoviocytes et cellules endoth\u00e9liales"},"content":{"rendered":"\n<h2 class=\"wp-block-heading\">Remplacement d\u2019animaux par imitation in vitro des interactions entre synoviocytes et cellules endoth\u00e9liales<\/h2>\n\n\n\n<p>Les mod\u00e8les animaux ne refl\u00e8tent pas toujours la pathogen\u00e8se des maladies humaines et sont li\u00e9s dans certains cas, par exemple la polyarthrite rhumato\u00efde, \u00e0 de lourdes contraintes pour les animaux. Un nouveau syst\u00e8me employant des fibroblastes de la muqueuse synoviale de patient-e-s atteint-e-s de polyarthrite rhumato\u00efde a \u00e9t\u00e9 \u00e9labor\u00e9 et mis en \u0153uvre de mani\u00e8re \u00e0 remplacer l\u2019utilisation d\u2019animaux. Ce processus permet de remplacer le micro-environnement complexe de l\u2019inflammation articulaire chez la souris, ce qui permet de se passer du mod\u00e8le murin de polyarthrite, tr\u00e8s p\u00e9nible pour les animaux.<\/p>\n\n\n\n<p>Nom du projet: Remplacement d\u2019animaux par imitation <em>in vitro<\/em> des interactions entre synoviocytes et cellules endoth\u00e9liales<br>Articles de la charte: 1, 2<\/p>\n","protected":false},"excerpt":{"rendered":"<p>Remplacement d\u2019animaux par imitation in vitro des interactions entre synoviocytes et cellules endoth\u00e9liales Les mod\u00e8les animaux ne refl\u00e8tent pas toujours la pathogen\u00e8se des maladies humaines et sont li\u00e9s dans certains cas, par exemple la polyarthrite rhumato\u00efde, \u00e0 de lourdes contraintes pour les animaux. Un nouveau syst\u00e8me employant des fibroblastes de la muqueuse synoviale de patient-e-s [&hellip;]<\/p>\n","protected":false},"author":1,"featured_media":0,"parent":750,"menu_order":2,"comment_status":"closed","ping_status":"closed","template":"page-templates\/unterthema.php","meta":{"_acf_changed":false,"inline_featured_image":false,"footnotes":""},"class_list":["post-684","page","type-page","status-publish","hentry"],"acf":[],"yoast_head":"<!-- This site is optimized with the Yoast SEO Premium plugin v27.2 (Yoast SEO v27.2) - https:\/\/yoast.com\/product\/yoast-seo-premium-wordpress\/ -->\n<title>Remplacement d\u2019animaux par imitation in vitro des interactions entre synoviocytes et cellules endoth\u00e9liales - animalwelfare<\/title>\n<meta name=\"robots\" content=\"index, follow, max-snippet:-1, max-image-preview:large, max-video-preview:-1\" \/>\n<link rel=\"canonical\" href=\"https:\/\/animalwelfare.interpharma.ch\/projekte\/ersatz-von-tieren-durch-nachahmung-der-interaktionen-zwischen-synoviozyten-und-endothelzellen-in-vitro\/\" \/>\n<meta property=\"og:locale\" content=\"fr_FR\" \/>\n<meta property=\"og:type\" content=\"article\" \/>\n<meta property=\"og:title\" content=\"Remplacement d\u2019animaux par imitation in vitro des interactions entre synoviocytes et cellules endoth\u00e9liales\" \/>\n<meta property=\"og:description\" content=\"Remplacement d\u2019animaux par imitation in vitro des interactions entre synoviocytes et cellules endoth\u00e9liales Les mod\u00e8les animaux ne refl\u00e8tent pas toujours la pathogen\u00e8se des maladies humaines et sont li\u00e9s dans certains cas, par exemple la polyarthrite rhumato\u00efde, \u00e0 de lourdes contraintes pour les animaux. Un nouveau syst\u00e8me employant des fibroblastes de la muqueuse synoviale de patient-e-s [&hellip;]\" \/>\n<meta property=\"og:url\" content=\"https:\/\/animalwelfare.interpharma.ch\/projekte\/ersatz-von-tieren-durch-nachahmung-der-interaktionen-zwischen-synoviozyten-und-endothelzellen-in-vitro\/\" \/>\n<meta property=\"og:site_name\" content=\"animalwelfare\" \/>\n<meta property=\"article:modified_time\" content=\"2026-03-09T15:08:39+00:00\" \/>\n<meta name=\"twitter:card\" content=\"summary_large_image\" \/>\n<meta name=\"twitter:label1\" content=\"Dur\u00e9e de lecture estim\u00e9e\" \/>\n\t<meta name=\"twitter:data1\" content=\"1 minute\" \/>\n<script type=\"application\/ld+json\" class=\"yoast-schema-graph\">{\"@context\":\"https:\/\/schema.org\",\"@graph\":[{\"@type\":\"WebPage\",\"@id\":\"https:\/\/animalwelfare.interpharma.ch\/projekte\/ersatz-von-tieren-durch-nachahmung-der-interaktionen-zwischen-synoviozyten-und-endothelzellen-in-vitro\/\",\"url\":\"https:\/\/animalwelfare.interpharma.ch\/projekte\/ersatz-von-tieren-durch-nachahmung-der-interaktionen-zwischen-synoviozyten-und-endothelzellen-in-vitro\/\",\"name\":\"Remplacement d\u2019animaux par imitation in vitro des interactions entre synoviocytes et cellules endoth\u00e9liales - animalwelfare\",\"isPartOf\":{\"@id\":\"https:\/\/animalwelfare.interpharma.ch\/#website\"},\"datePublished\":\"2026-03-06T16:35:12+00:00\",\"dateModified\":\"2026-03-09T15:08:39+00:00\",\"breadcrumb\":{\"@id\":\"https:\/\/animalwelfare.interpharma.ch\/projekte\/ersatz-von-tieren-durch-nachahmung-der-interaktionen-zwischen-synoviozyten-und-endothelzellen-in-vitro\/#breadcrumb\"},\"inLanguage\":\"fr-FR\",\"potentialAction\":[{\"@type\":\"ReadAction\",\"target\":[\"https:\/\/animalwelfare.interpharma.ch\/projekte\/ersatz-von-tieren-durch-nachahmung-der-interaktionen-zwischen-synoviozyten-und-endothelzellen-in-vitro\/\"]}]},{\"@type\":\"BreadcrumbList\",\"@id\":\"https:\/\/animalwelfare.interpharma.ch\/projekte\/ersatz-von-tieren-durch-nachahmung-der-interaktionen-zwischen-synoviozyten-und-endothelzellen-in-vitro\/#breadcrumb\",\"itemListElement\":[{\"@type\":\"ListItem\",\"position\":1,\"name\":\"Start\",\"item\":\"https:\/\/animalwelfare.interpharma.ch\/fr\/\"},{\"@type\":\"ListItem\",\"position\":2,\"name\":\"Report 2023\",\"item\":\"https:\/\/animalwelfare.interpharma.ch\/fr\/projets\/\"},{\"@type\":\"ListItem\",\"position\":3,\"name\":\"Remplacement d\u2019animaux par imitation in vitro des interactions entre synoviocytes et cellules endoth\u00e9liales\"}]},{\"@type\":\"WebSite\",\"@id\":\"https:\/\/animalwelfare.interpharma.ch\/#website\",\"url\":\"https:\/\/animalwelfare.interpharma.ch\/\",\"name\":\"animalwelfare\",\"description\":\"\",\"potentialAction\":[{\"@type\":\"SearchAction\",\"target\":{\"@type\":\"EntryPoint\",\"urlTemplate\":\"https:\/\/animalwelfare.interpharma.ch\/?s={search_term_string}\"},\"query-input\":{\"@type\":\"PropertyValueSpecification\",\"valueRequired\":true,\"valueName\":\"search_term_string\"}}],\"inLanguage\":\"fr-FR\"}]}<\/script>\n<!-- \/ Yoast SEO Premium plugin. -->","yoast_head_json":{"title":"Remplacement d\u2019animaux par imitation in vitro des interactions entre synoviocytes et cellules endoth\u00e9liales - animalwelfare","robots":{"index":"index","follow":"follow","max-snippet":"max-snippet:-1","max-image-preview":"max-image-preview:large","max-video-preview":"max-video-preview:-1"},"canonical":"https:\/\/animalwelfare.interpharma.ch\/projekte\/ersatz-von-tieren-durch-nachahmung-der-interaktionen-zwischen-synoviozyten-und-endothelzellen-in-vitro\/","og_locale":"fr_FR","og_type":"article","og_title":"Remplacement d\u2019animaux par imitation in vitro des interactions entre synoviocytes et cellules endoth\u00e9liales","og_description":"Remplacement d\u2019animaux par imitation in vitro des interactions entre synoviocytes et cellules endoth\u00e9liales Les mod\u00e8les animaux ne refl\u00e8tent pas toujours la pathogen\u00e8se des maladies humaines et sont li\u00e9s dans certains cas, par exemple la polyarthrite rhumato\u00efde, \u00e0 de lourdes contraintes pour les animaux. Un nouveau syst\u00e8me employant des fibroblastes de la muqueuse synoviale de patient-e-s [&hellip;]","og_url":"https:\/\/animalwelfare.interpharma.ch\/projekte\/ersatz-von-tieren-durch-nachahmung-der-interaktionen-zwischen-synoviozyten-und-endothelzellen-in-vitro\/","og_site_name":"animalwelfare","article_modified_time":"2026-03-09T15:08:39+00:00","twitter_card":"summary_large_image","twitter_misc":{"Dur\u00e9e de lecture estim\u00e9e":"1 minute"},"schema":{"@context":"https:\/\/schema.org","@graph":[{"@type":"WebPage","@id":"https:\/\/animalwelfare.interpharma.ch\/projekte\/ersatz-von-tieren-durch-nachahmung-der-interaktionen-zwischen-synoviozyten-und-endothelzellen-in-vitro\/","url":"https:\/\/animalwelfare.interpharma.ch\/projekte\/ersatz-von-tieren-durch-nachahmung-der-interaktionen-zwischen-synoviozyten-und-endothelzellen-in-vitro\/","name":"Remplacement d\u2019animaux par imitation in vitro des interactions entre synoviocytes et cellules endoth\u00e9liales - animalwelfare","isPartOf":{"@id":"https:\/\/animalwelfare.interpharma.ch\/#website"},"datePublished":"2026-03-06T16:35:12+00:00","dateModified":"2026-03-09T15:08:39+00:00","breadcrumb":{"@id":"https:\/\/animalwelfare.interpharma.ch\/projekte\/ersatz-von-tieren-durch-nachahmung-der-interaktionen-zwischen-synoviozyten-und-endothelzellen-in-vitro\/#breadcrumb"},"inLanguage":"fr-FR","potentialAction":[{"@type":"ReadAction","target":["https:\/\/animalwelfare.interpharma.ch\/projekte\/ersatz-von-tieren-durch-nachahmung-der-interaktionen-zwischen-synoviozyten-und-endothelzellen-in-vitro\/"]}]},{"@type":"BreadcrumbList","@id":"https:\/\/animalwelfare.interpharma.ch\/projekte\/ersatz-von-tieren-durch-nachahmung-der-interaktionen-zwischen-synoviozyten-und-endothelzellen-in-vitro\/#breadcrumb","itemListElement":[{"@type":"ListItem","position":1,"name":"Start","item":"https:\/\/animalwelfare.interpharma.ch\/fr\/"},{"@type":"ListItem","position":2,"name":"Report 2023","item":"https:\/\/animalwelfare.interpharma.ch\/fr\/projets\/"},{"@type":"ListItem","position":3,"name":"Remplacement d\u2019animaux par imitation in vitro des interactions entre synoviocytes et cellules endoth\u00e9liales"}]},{"@type":"WebSite","@id":"https:\/\/animalwelfare.interpharma.ch\/#website","url":"https:\/\/animalwelfare.interpharma.ch\/","name":"animalwelfare","description":"","potentialAction":[{"@type":"SearchAction","target":{"@type":"EntryPoint","urlTemplate":"https:\/\/animalwelfare.interpharma.ch\/?s={search_term_string}"},"query-input":{"@type":"PropertyValueSpecification","valueRequired":true,"valueName":"search_term_string"}}],"inLanguage":"fr-FR"}]}},"_links":{"self":[{"href":"https:\/\/animalwelfare.interpharma.ch\/fr\/wp-json\/wp\/v2\/pages\/684","targetHints":{"allow":["GET"]}}],"collection":[{"href":"https:\/\/animalwelfare.interpharma.ch\/fr\/wp-json\/wp\/v2\/pages"}],"about":[{"href":"https:\/\/animalwelfare.interpharma.ch\/fr\/wp-json\/wp\/v2\/types\/page"}],"author":[{"embeddable":true,"href":"https:\/\/animalwelfare.interpharma.ch\/fr\/wp-json\/wp\/v2\/users\/1"}],"replies":[{"embeddable":true,"href":"https:\/\/animalwelfare.interpharma.ch\/fr\/wp-json\/wp\/v2\/comments?post=684"}],"version-history":[{"count":2,"href":"https:\/\/animalwelfare.interpharma.ch\/fr\/wp-json\/wp\/v2\/pages\/684\/revisions"}],"predecessor-version":[{"id":2957,"href":"https:\/\/animalwelfare.interpharma.ch\/fr\/wp-json\/wp\/v2\/pages\/684\/revisions\/2957"}],"up":[{"embeddable":true,"href":"https:\/\/animalwelfare.interpharma.ch\/fr\/wp-json\/wp\/v2\/pages\/750"}],"wp:attachment":[{"href":"https:\/\/animalwelfare.interpharma.ch\/fr\/wp-json\/wp\/v2\/media?parent=684"}],"curies":[{"name":"wp","href":"https:\/\/api.w.org\/{rel}","templated":true}]}}