{"id":678,"date":"2026-03-06T17:35:12","date_gmt":"2026-03-06T16:35:12","guid":{"rendered":"https:\/\/animalwelfare.iph-multisite.berta-bewegt.ch\/?page_id=678"},"modified":"2026-03-09T16:08:21","modified_gmt":"2026-03-09T15:08:21","slug":"reduction-du-nombre-danimaux-grace-a-lintroduction-dune-nouvelle-methode-in-vivo-permettant-de-mieux-evaluer-la-dynamique-de-propagation-des-metastases","status":"publish","type":"page","link":"https:\/\/animalwelfare.interpharma.ch\/fr\/projets\/reduction-du-nombre-danimaux-grace-a-lintroduction-dune-nouvelle-methode-in-vivo-permettant-de-mieux-evaluer-la-dynamique-de-propagation-des-metastases\/","title":{"rendered":"R\u00e9duction du nombre d\u2019animaux gr\u00e2ce \u00e0 l\u2019introduction d\u2019une nouvelle m\u00e9thode in vivo permettant de mieux \u00e9valuer la dynamique de propagation des m\u00e9tastases"},"content":{"rendered":"\n<h2 class=\"wp-block-heading\">R\u00e9duction du nombre d\u2019animaux gr\u00e2ce \u00e0 l\u2019introduction d\u2019une nouvelle m\u00e9thode in vivo permettant de mieux \u00e9valuer la dynamique de propagation des m\u00e9tastases<\/h2>\n\n\n\n<p>Le nombre croissant de cancers dans le monde entier est l\u2019un des grands enjeux de la sant\u00e9 publique du XXI<sup>e<\/sup> si\u00e8cle. Les m\u00e9tastases sont la plus fr\u00e9quente cause de d\u00e9c\u00e8s des patient-e-s atteint-e-s d\u2019un cancer, et les mod\u00e8les <em>in vivo<\/em> de propagation des m\u00e9tastases rev\u00eatent une importance capitale pour toutes les approches de d\u00e9veloppement de m\u00e9dicaments. La surveillance non invasive de la propagation des m\u00e9tastases chez la souris requiert en g\u00e9n\u00e9ral des processus d\u2019imagerie sophistiqu\u00e9s qui prennent du temps et requi\u00e8rent des anesth\u00e9sies g\u00e9n\u00e9rales r\u00e9p\u00e9t\u00e9es. Cela stresse les animaux et accro\u00eet la variance exp\u00e9rimentale. En utilisant les enzymes de la dual-lucif\u00e9rase pour surveiller la propagation des m\u00e9tastases chez l\u2019animal vivant, on a r\u00e9ussi \u00e0 r\u00e9duire la variabilit\u00e9 des donn\u00e9es, ce qui a permis d\u2019utiliser moins d\u2019animaux.<\/p>\n\n\n\n<p>Nom du projet: M\u00e9thode permettant d\u2019am\u00e9liorer l\u2019\u00e9valuation <em>in vivo<\/em> de la dynamique de propagation des m\u00e9tastases<br>Articles de la charte: 1, 2<\/p>\n","protected":false},"excerpt":{"rendered":"<p>R\u00e9duction du nombre d\u2019animaux gr\u00e2ce \u00e0 l\u2019introduction d\u2019une nouvelle m\u00e9thode in vivo permettant de mieux \u00e9valuer la dynamique de propagation des m\u00e9tastases Le nombre croissant de cancers dans le monde entier est l\u2019un des grands enjeux de la sant\u00e9 publique du XXIe si\u00e8cle. Les m\u00e9tastases sont la plus fr\u00e9quente cause de d\u00e9c\u00e8s des patient-e-s atteint-e-s [&hellip;]<\/p>\n","protected":false},"author":1,"featured_media":0,"parent":750,"menu_order":1,"comment_status":"closed","ping_status":"closed","template":"page-templates\/unterthema.php","meta":{"_acf_changed":false,"inline_featured_image":false,"footnotes":""},"class_list":["post-678","page","type-page","status-publish","hentry"],"acf":[],"yoast_head":"<!-- This site is optimized with the Yoast SEO Premium plugin v27.2 (Yoast SEO v27.2) - https:\/\/yoast.com\/product\/yoast-seo-premium-wordpress\/ -->\n<title>R\u00e9duction du nombre d\u2019animaux gr\u00e2ce \u00e0 l\u2019introduction d\u2019une nouvelle m\u00e9thode in vivo permettant de mieux \u00e9valuer la dynamique de propagation des m\u00e9tastases - animalwelfare<\/title>\n<meta name=\"robots\" content=\"index, follow, max-snippet:-1, max-image-preview:large, max-video-preview:-1\" \/>\n<link rel=\"canonical\" href=\"https:\/\/animalwelfare.interpharma.ch\/projekte\/reduction-du-nombre-danimaux-grace-a-lutilisation-dun-nouvel-appareil\/\" \/>\n<meta property=\"og:locale\" content=\"fr_FR\" \/>\n<meta property=\"og:type\" content=\"article\" \/>\n<meta property=\"og:title\" content=\"R\u00e9duction du nombre d\u2019animaux gr\u00e2ce \u00e0 l\u2019introduction d\u2019une nouvelle m\u00e9thode in vivo permettant de mieux \u00e9valuer la dynamique de propagation des m\u00e9tastases\" \/>\n<meta property=\"og:description\" content=\"R\u00e9duction du nombre d\u2019animaux gr\u00e2ce \u00e0 l\u2019introduction d\u2019une nouvelle m\u00e9thode in vivo permettant de mieux \u00e9valuer la dynamique de propagation des m\u00e9tastases Le nombre croissant de cancers dans le monde entier est l\u2019un des grands enjeux de la sant\u00e9 publique du XXIe si\u00e8cle. Les m\u00e9tastases sont la plus fr\u00e9quente cause de d\u00e9c\u00e8s des patient-e-s atteint-e-s [&hellip;]\" \/>\n<meta property=\"og:url\" content=\"https:\/\/animalwelfare.interpharma.ch\/projekte\/reduction-du-nombre-danimaux-grace-a-lutilisation-dun-nouvel-appareil\/\" \/>\n<meta property=\"og:site_name\" content=\"animalwelfare\" \/>\n<meta property=\"article:modified_time\" content=\"2026-03-09T15:08:21+00:00\" \/>\n<meta name=\"twitter:card\" content=\"summary_large_image\" \/>\n<meta name=\"twitter:label1\" content=\"Dur\u00e9e de lecture estim\u00e9e\" \/>\n\t<meta name=\"twitter:data1\" content=\"1 minute\" \/>\n<script type=\"application\/ld+json\" class=\"yoast-schema-graph\">{\"@context\":\"https:\/\/schema.org\",\"@graph\":[{\"@type\":\"WebPage\",\"@id\":\"https:\/\/animalwelfare.interpharma.ch\/projekte\/reduction-du-nombre-danimaux-grace-a-lutilisation-dun-nouvel-appareil\/\",\"url\":\"https:\/\/animalwelfare.interpharma.ch\/projekte\/reduction-du-nombre-danimaux-grace-a-lutilisation-dun-nouvel-appareil\/\",\"name\":\"R\u00e9duction du nombre d\u2019animaux gr\u00e2ce \u00e0 l\u2019introduction d\u2019une nouvelle m\u00e9thode in vivo permettant de mieux \u00e9valuer la dynamique de propagation des m\u00e9tastases - animalwelfare\",\"isPartOf\":{\"@id\":\"https:\/\/animalwelfare.interpharma.ch\/#website\"},\"datePublished\":\"2026-03-06T16:35:12+00:00\",\"dateModified\":\"2026-03-09T15:08:21+00:00\",\"breadcrumb\":{\"@id\":\"https:\/\/animalwelfare.interpharma.ch\/projekte\/reduction-du-nombre-danimaux-grace-a-lutilisation-dun-nouvel-appareil\/#breadcrumb\"},\"inLanguage\":\"fr-FR\",\"potentialAction\":[{\"@type\":\"ReadAction\",\"target\":[\"https:\/\/animalwelfare.interpharma.ch\/projekte\/reduction-du-nombre-danimaux-grace-a-lutilisation-dun-nouvel-appareil\/\"]}]},{\"@type\":\"BreadcrumbList\",\"@id\":\"https:\/\/animalwelfare.interpharma.ch\/projekte\/reduction-du-nombre-danimaux-grace-a-lutilisation-dun-nouvel-appareil\/#breadcrumb\",\"itemListElement\":[{\"@type\":\"ListItem\",\"position\":1,\"name\":\"Start\",\"item\":\"https:\/\/animalwelfare.interpharma.ch\/fr\/\"},{\"@type\":\"ListItem\",\"position\":2,\"name\":\"Report 2023\",\"item\":\"https:\/\/animalwelfare.interpharma.ch\/fr\/projets\/\"},{\"@type\":\"ListItem\",\"position\":3,\"name\":\"R\u00e9duction du nombre d\u2019animaux gr\u00e2ce \u00e0 l\u2019introduction d\u2019une nouvelle m\u00e9thode in vivo permettant de mieux \u00e9valuer la dynamique de propagation des m\u00e9tastases\"}]},{\"@type\":\"WebSite\",\"@id\":\"https:\/\/animalwelfare.interpharma.ch\/#website\",\"url\":\"https:\/\/animalwelfare.interpharma.ch\/\",\"name\":\"animalwelfare\",\"description\":\"\",\"potentialAction\":[{\"@type\":\"SearchAction\",\"target\":{\"@type\":\"EntryPoint\",\"urlTemplate\":\"https:\/\/animalwelfare.interpharma.ch\/?s={search_term_string}\"},\"query-input\":{\"@type\":\"PropertyValueSpecification\",\"valueRequired\":true,\"valueName\":\"search_term_string\"}}],\"inLanguage\":\"fr-FR\"}]}<\/script>\n<!-- \/ Yoast SEO Premium plugin. -->","yoast_head_json":{"title":"R\u00e9duction du nombre d\u2019animaux gr\u00e2ce \u00e0 l\u2019introduction d\u2019une nouvelle m\u00e9thode in vivo permettant de mieux \u00e9valuer la dynamique de propagation des m\u00e9tastases - animalwelfare","robots":{"index":"index","follow":"follow","max-snippet":"max-snippet:-1","max-image-preview":"max-image-preview:large","max-video-preview":"max-video-preview:-1"},"canonical":"https:\/\/animalwelfare.interpharma.ch\/projekte\/reduction-du-nombre-danimaux-grace-a-lutilisation-dun-nouvel-appareil\/","og_locale":"fr_FR","og_type":"article","og_title":"R\u00e9duction du nombre d\u2019animaux gr\u00e2ce \u00e0 l\u2019introduction d\u2019une nouvelle m\u00e9thode in vivo permettant de mieux \u00e9valuer la dynamique de propagation des m\u00e9tastases","og_description":"R\u00e9duction du nombre d\u2019animaux gr\u00e2ce \u00e0 l\u2019introduction d\u2019une nouvelle m\u00e9thode in vivo permettant de mieux \u00e9valuer la dynamique de propagation des m\u00e9tastases Le nombre croissant de cancers dans le monde entier est l\u2019un des grands enjeux de la sant\u00e9 publique du XXIe si\u00e8cle. Les m\u00e9tastases sont la plus fr\u00e9quente cause de d\u00e9c\u00e8s des patient-e-s atteint-e-s [&hellip;]","og_url":"https:\/\/animalwelfare.interpharma.ch\/projekte\/reduction-du-nombre-danimaux-grace-a-lutilisation-dun-nouvel-appareil\/","og_site_name":"animalwelfare","article_modified_time":"2026-03-09T15:08:21+00:00","twitter_card":"summary_large_image","twitter_misc":{"Dur\u00e9e de lecture estim\u00e9e":"1 minute"},"schema":{"@context":"https:\/\/schema.org","@graph":[{"@type":"WebPage","@id":"https:\/\/animalwelfare.interpharma.ch\/projekte\/reduction-du-nombre-danimaux-grace-a-lutilisation-dun-nouvel-appareil\/","url":"https:\/\/animalwelfare.interpharma.ch\/projekte\/reduction-du-nombre-danimaux-grace-a-lutilisation-dun-nouvel-appareil\/","name":"R\u00e9duction du nombre d\u2019animaux gr\u00e2ce \u00e0 l\u2019introduction d\u2019une nouvelle m\u00e9thode in vivo permettant de mieux \u00e9valuer la dynamique de propagation des m\u00e9tastases - animalwelfare","isPartOf":{"@id":"https:\/\/animalwelfare.interpharma.ch\/#website"},"datePublished":"2026-03-06T16:35:12+00:00","dateModified":"2026-03-09T15:08:21+00:00","breadcrumb":{"@id":"https:\/\/animalwelfare.interpharma.ch\/projekte\/reduction-du-nombre-danimaux-grace-a-lutilisation-dun-nouvel-appareil\/#breadcrumb"},"inLanguage":"fr-FR","potentialAction":[{"@type":"ReadAction","target":["https:\/\/animalwelfare.interpharma.ch\/projekte\/reduction-du-nombre-danimaux-grace-a-lutilisation-dun-nouvel-appareil\/"]}]},{"@type":"BreadcrumbList","@id":"https:\/\/animalwelfare.interpharma.ch\/projekte\/reduction-du-nombre-danimaux-grace-a-lutilisation-dun-nouvel-appareil\/#breadcrumb","itemListElement":[{"@type":"ListItem","position":1,"name":"Start","item":"https:\/\/animalwelfare.interpharma.ch\/fr\/"},{"@type":"ListItem","position":2,"name":"Report 2023","item":"https:\/\/animalwelfare.interpharma.ch\/fr\/projets\/"},{"@type":"ListItem","position":3,"name":"R\u00e9duction du nombre d\u2019animaux gr\u00e2ce \u00e0 l\u2019introduction d\u2019une nouvelle m\u00e9thode in vivo permettant de mieux \u00e9valuer la dynamique de propagation des m\u00e9tastases"}]},{"@type":"WebSite","@id":"https:\/\/animalwelfare.interpharma.ch\/#website","url":"https:\/\/animalwelfare.interpharma.ch\/","name":"animalwelfare","description":"","potentialAction":[{"@type":"SearchAction","target":{"@type":"EntryPoint","urlTemplate":"https:\/\/animalwelfare.interpharma.ch\/?s={search_term_string}"},"query-input":{"@type":"PropertyValueSpecification","valueRequired":true,"valueName":"search_term_string"}}],"inLanguage":"fr-FR"}]}},"_links":{"self":[{"href":"https:\/\/animalwelfare.interpharma.ch\/fr\/wp-json\/wp\/v2\/pages\/678","targetHints":{"allow":["GET"]}}],"collection":[{"href":"https:\/\/animalwelfare.interpharma.ch\/fr\/wp-json\/wp\/v2\/pages"}],"about":[{"href":"https:\/\/animalwelfare.interpharma.ch\/fr\/wp-json\/wp\/v2\/types\/page"}],"author":[{"embeddable":true,"href":"https:\/\/animalwelfare.interpharma.ch\/fr\/wp-json\/wp\/v2\/users\/1"}],"replies":[{"embeddable":true,"href":"https:\/\/animalwelfare.interpharma.ch\/fr\/wp-json\/wp\/v2\/comments?post=678"}],"version-history":[{"count":2,"href":"https:\/\/animalwelfare.interpharma.ch\/fr\/wp-json\/wp\/v2\/pages\/678\/revisions"}],"predecessor-version":[{"id":2956,"href":"https:\/\/animalwelfare.interpharma.ch\/fr\/wp-json\/wp\/v2\/pages\/678\/revisions\/2956"}],"up":[{"embeddable":true,"href":"https:\/\/animalwelfare.interpharma.ch\/fr\/wp-json\/wp\/v2\/pages\/750"}],"wp:attachment":[{"href":"https:\/\/animalwelfare.interpharma.ch\/fr\/wp-json\/wp\/v2\/media?parent=678"}],"curies":[{"name":"wp","href":"https:\/\/api.w.org\/{rel}","templated":true}]}}