{"id":672,"date":"2026-03-06T17:35:11","date_gmt":"2026-03-06T16:35:11","guid":{"rendered":"https:\/\/animalwelfare.iph-multisite.berta-bewegt.ch\/?page_id=672"},"modified":"2026-03-09T16:09:47","modified_gmt":"2026-03-09T15:09:47","slug":"distinctions","status":"publish","type":"page","link":"https:\/\/animalwelfare.interpharma.ch\/fr\/projets\/distinctions\/","title":{"rendered":"Introduction d\u2019un prix pour un 4e R dans la cat\u00e9gorie \u00abResponsabilit\u00e9\u00bb"},"content":{"rendered":"\n<h2 class=\"wp-block-heading\">Introduction d\u2019un prix pour un 4e R dans la cat\u00e9gorie \u00abResponsabilit\u00e9\u00bb<\/h2>\n\n\n\n<p>Une entreprise membre a lanc\u00e9 en 2022 un 4<sup>e<\/sup> prix \u00abR\u00bb dans la cat\u00e9gorie \u00abResponsabilit\u00e9\u00bb, afin de distinguer l\u2019effort des coll\u00e8gues qui ne sont pas directement impliqu\u00e9-e-s dans le travail <em>in vivo,<\/em> mais qui favorisent par exemple la transparence dans le domaine de la recherche impliquant des animaux. En 2022, ce prix a \u00e9t\u00e9 d\u00e9cern\u00e9 \u00e0 une coll\u00e8gue du d\u00e9partement communication qui a contribu\u00e9 \u00e0 accro\u00eetre la transparence de l\u2019entreprise dans le domaine de l\u2019exp\u00e9rimentation animale. En 2023, il va r\u00e9compenser une coll\u00e8gue qui a soutenu la Biomedical Research Awareness Day (BRAD) de l\u2019entreprise sur le plan technique.<\/p>\n\n\n\n<p>Nom du projet: Distinctions<br>Articles de la charte: 3<\/p>\n","protected":false},"excerpt":{"rendered":"<p>Introduction d\u2019un prix pour un 4e R dans la cat\u00e9gorie \u00abResponsabilit\u00e9\u00bb Une entreprise membre a lanc\u00e9 en 2022 un 4e prix \u00abR\u00bb dans la cat\u00e9gorie \u00abResponsabilit\u00e9\u00bb, afin de distinguer l\u2019effort des coll\u00e8gues qui ne sont pas directement impliqu\u00e9-e-s dans le travail in vivo, mais qui favorisent par exemple la transparence dans le domaine de la [&hellip;]<\/p>\n","protected":false},"author":1,"featured_media":0,"parent":750,"menu_order":6,"comment_status":"closed","ping_status":"closed","template":"page-templates\/unterthema.php","meta":{"_acf_changed":false,"inline_featured_image":false,"footnotes":""},"class_list":["post-672","page","type-page","status-publish","hentry"],"acf":[],"yoast_head":"<!-- This site is optimized with the Yoast SEO Premium plugin v27.2 (Yoast SEO v27.2) - https:\/\/yoast.com\/product\/yoast-seo-premium-wordpress\/ -->\n<title>Introduction d\u2019un prix pour un 4e R dans la cat\u00e9gorie \u00abResponsabilit\u00e9\u00bb - animalwelfare<\/title>\n<meta name=\"robots\" content=\"index, follow, max-snippet:-1, max-image-preview:large, max-video-preview:-1\" \/>\n<link rel=\"canonical\" href=\"https:\/\/animalwelfare.interpharma.ch\/projekte\/awards\/\" \/>\n<meta property=\"og:locale\" content=\"fr_FR\" \/>\n<meta property=\"og:type\" content=\"article\" \/>\n<meta property=\"og:title\" content=\"Introduction d\u2019un prix pour un 4e R dans la cat\u00e9gorie \u00abResponsabilit\u00e9\u00bb\" \/>\n<meta property=\"og:description\" content=\"Introduction d\u2019un prix pour un 4e R dans la cat\u00e9gorie \u00abResponsabilit\u00e9\u00bb Une entreprise membre a lanc\u00e9 en 2022 un 4e prix \u00abR\u00bb dans la cat\u00e9gorie \u00abResponsabilit\u00e9\u00bb, afin de distinguer l\u2019effort des coll\u00e8gues qui ne sont pas directement impliqu\u00e9-e-s dans le travail in vivo, mais qui favorisent par exemple la transparence dans le domaine de la [&hellip;]\" \/>\n<meta property=\"og:url\" content=\"https:\/\/animalwelfare.interpharma.ch\/projekte\/awards\/\" \/>\n<meta property=\"og:site_name\" content=\"animalwelfare\" \/>\n<meta property=\"article:modified_time\" content=\"2026-03-09T15:09:47+00:00\" \/>\n<meta name=\"twitter:card\" content=\"summary_large_image\" \/>\n<meta name=\"twitter:label1\" content=\"Dur\u00e9e de lecture estim\u00e9e\" \/>\n\t<meta name=\"twitter:data1\" content=\"1 minute\" \/>\n<script type=\"application\/ld+json\" class=\"yoast-schema-graph\">{\"@context\":\"https:\/\/schema.org\",\"@graph\":[{\"@type\":\"WebPage\",\"@id\":\"https:\/\/animalwelfare.interpharma.ch\/projekte\/awards\/\",\"url\":\"https:\/\/animalwelfare.interpharma.ch\/projekte\/awards\/\",\"name\":\"Introduction d\u2019un prix pour un 4e R dans la cat\u00e9gorie \u00abResponsabilit\u00e9\u00bb - animalwelfare\",\"isPartOf\":{\"@id\":\"https:\/\/animalwelfare.interpharma.ch\/#website\"},\"datePublished\":\"2026-03-06T16:35:11+00:00\",\"dateModified\":\"2026-03-09T15:09:47+00:00\",\"breadcrumb\":{\"@id\":\"https:\/\/animalwelfare.interpharma.ch\/projekte\/awards\/#breadcrumb\"},\"inLanguage\":\"fr-FR\",\"potentialAction\":[{\"@type\":\"ReadAction\",\"target\":[\"https:\/\/animalwelfare.interpharma.ch\/projekte\/awards\/\"]}]},{\"@type\":\"BreadcrumbList\",\"@id\":\"https:\/\/animalwelfare.interpharma.ch\/projekte\/awards\/#breadcrumb\",\"itemListElement\":[{\"@type\":\"ListItem\",\"position\":1,\"name\":\"Start\",\"item\":\"https:\/\/animalwelfare.interpharma.ch\/fr\/\"},{\"@type\":\"ListItem\",\"position\":2,\"name\":\"Report 2023\",\"item\":\"https:\/\/animalwelfare.interpharma.ch\/fr\/projets\/\"},{\"@type\":\"ListItem\",\"position\":3,\"name\":\"Introduction d\u2019un prix pour un 4e R dans la cat\u00e9gorie \u00abResponsabilit\u00e9\u00bb\"}]},{\"@type\":\"WebSite\",\"@id\":\"https:\/\/animalwelfare.interpharma.ch\/#website\",\"url\":\"https:\/\/animalwelfare.interpharma.ch\/\",\"name\":\"animalwelfare\",\"description\":\"\",\"potentialAction\":[{\"@type\":\"SearchAction\",\"target\":{\"@type\":\"EntryPoint\",\"urlTemplate\":\"https:\/\/animalwelfare.interpharma.ch\/?s={search_term_string}\"},\"query-input\":{\"@type\":\"PropertyValueSpecification\",\"valueRequired\":true,\"valueName\":\"search_term_string\"}}],\"inLanguage\":\"fr-FR\"}]}<\/script>\n<!-- \/ Yoast SEO Premium plugin. -->","yoast_head_json":{"title":"Introduction d\u2019un prix pour un 4e R dans la cat\u00e9gorie \u00abResponsabilit\u00e9\u00bb - animalwelfare","robots":{"index":"index","follow":"follow","max-snippet":"max-snippet:-1","max-image-preview":"max-image-preview:large","max-video-preview":"max-video-preview:-1"},"canonical":"https:\/\/animalwelfare.interpharma.ch\/projekte\/awards\/","og_locale":"fr_FR","og_type":"article","og_title":"Introduction d\u2019un prix pour un 4e R dans la cat\u00e9gorie \u00abResponsabilit\u00e9\u00bb","og_description":"Introduction d\u2019un prix pour un 4e R dans la cat\u00e9gorie \u00abResponsabilit\u00e9\u00bb Une entreprise membre a lanc\u00e9 en 2022 un 4e prix \u00abR\u00bb dans la cat\u00e9gorie \u00abResponsabilit\u00e9\u00bb, afin de distinguer l\u2019effort des coll\u00e8gues qui ne sont pas directement impliqu\u00e9-e-s dans le travail in vivo, mais qui favorisent par exemple la transparence dans le domaine de la [&hellip;]","og_url":"https:\/\/animalwelfare.interpharma.ch\/projekte\/awards\/","og_site_name":"animalwelfare","article_modified_time":"2026-03-09T15:09:47+00:00","twitter_card":"summary_large_image","twitter_misc":{"Dur\u00e9e de lecture estim\u00e9e":"1 minute"},"schema":{"@context":"https:\/\/schema.org","@graph":[{"@type":"WebPage","@id":"https:\/\/animalwelfare.interpharma.ch\/projekte\/awards\/","url":"https:\/\/animalwelfare.interpharma.ch\/projekte\/awards\/","name":"Introduction d\u2019un prix pour un 4e R dans la cat\u00e9gorie \u00abResponsabilit\u00e9\u00bb - animalwelfare","isPartOf":{"@id":"https:\/\/animalwelfare.interpharma.ch\/#website"},"datePublished":"2026-03-06T16:35:11+00:00","dateModified":"2026-03-09T15:09:47+00:00","breadcrumb":{"@id":"https:\/\/animalwelfare.interpharma.ch\/projekte\/awards\/#breadcrumb"},"inLanguage":"fr-FR","potentialAction":[{"@type":"ReadAction","target":["https:\/\/animalwelfare.interpharma.ch\/projekte\/awards\/"]}]},{"@type":"BreadcrumbList","@id":"https:\/\/animalwelfare.interpharma.ch\/projekte\/awards\/#breadcrumb","itemListElement":[{"@type":"ListItem","position":1,"name":"Start","item":"https:\/\/animalwelfare.interpharma.ch\/fr\/"},{"@type":"ListItem","position":2,"name":"Report 2023","item":"https:\/\/animalwelfare.interpharma.ch\/fr\/projets\/"},{"@type":"ListItem","position":3,"name":"Introduction d\u2019un prix pour un 4e R dans la cat\u00e9gorie \u00abResponsabilit\u00e9\u00bb"}]},{"@type":"WebSite","@id":"https:\/\/animalwelfare.interpharma.ch\/#website","url":"https:\/\/animalwelfare.interpharma.ch\/","name":"animalwelfare","description":"","potentialAction":[{"@type":"SearchAction","target":{"@type":"EntryPoint","urlTemplate":"https:\/\/animalwelfare.interpharma.ch\/?s={search_term_string}"},"query-input":{"@type":"PropertyValueSpecification","valueRequired":true,"valueName":"search_term_string"}}],"inLanguage":"fr-FR"}]}},"_links":{"self":[{"href":"https:\/\/animalwelfare.interpharma.ch\/fr\/wp-json\/wp\/v2\/pages\/672","targetHints":{"allow":["GET"]}}],"collection":[{"href":"https:\/\/animalwelfare.interpharma.ch\/fr\/wp-json\/wp\/v2\/pages"}],"about":[{"href":"https:\/\/animalwelfare.interpharma.ch\/fr\/wp-json\/wp\/v2\/types\/page"}],"author":[{"embeddable":true,"href":"https:\/\/animalwelfare.interpharma.ch\/fr\/wp-json\/wp\/v2\/users\/1"}],"replies":[{"embeddable":true,"href":"https:\/\/animalwelfare.interpharma.ch\/fr\/wp-json\/wp\/v2\/comments?post=672"}],"version-history":[{"count":2,"href":"https:\/\/animalwelfare.interpharma.ch\/fr\/wp-json\/wp\/v2\/pages\/672\/revisions"}],"predecessor-version":[{"id":2961,"href":"https:\/\/animalwelfare.interpharma.ch\/fr\/wp-json\/wp\/v2\/pages\/672\/revisions\/2961"}],"up":[{"embeddable":true,"href":"https:\/\/animalwelfare.interpharma.ch\/fr\/wp-json\/wp\/v2\/pages\/750"}],"wp:attachment":[{"href":"https:\/\/animalwelfare.interpharma.ch\/fr\/wp-json\/wp\/v2\/media?parent=672"}],"curies":[{"name":"wp","href":"https:\/\/api.w.org\/{rel}","templated":true}]}}