{"id":666,"date":"2026-03-06T17:35:11","date_gmt":"2026-03-06T16:35:11","guid":{"rendered":"https:\/\/animalwelfare.iph-multisite.berta-bewegt.ch\/?page_id=666"},"modified":"2026-03-09T16:09:31","modified_gmt":"2026-03-09T15:09:31","slug":"reduction-des-contraintes-pour-les-animaux-dans-letude","status":"publish","type":"page","link":"https:\/\/animalwelfare.interpharma.ch\/fr\/projets\/reduction-des-contraintes-pour-les-animaux-dans-letude\/","title":{"rendered":"R\u00e9duction des contraintes pour les animaux dans l\u2019\u00e9tude"},"content":{"rendered":"\n<h2 class=\"wp-block-heading\">R\u00e9duction des contraintes pour les animaux dans l\u2019\u00e9tude<\/h2>\n\n\n\n<p>La m\u00e9thode standard actuelle de pr\u00e9l\u00e8vement de mat\u00e9riel g\u00e9n\u00e9tique pour le g\u00e9notypage de poissons z\u00e8bres transg\u00e9niques est de couper les nageoires. Il s\u2019agit d\u2019une intervention invasive requ\u00e9rant une anesth\u00e9sie g\u00e9n\u00e9rale et potentiellement stressante pour les animaux. La technique moins invasive du frottis ne requiert ni anesth\u00e9sie g\u00e9n\u00e9rale, ni op\u00e9ration de pr\u00e9l\u00e8vement de tissus. Les cellules sont pr\u00e9lev\u00e9es sur le flanc du poisson \u00e0 l\u2019aide d\u2019un b\u00e2tonnet ouat\u00e9 ou d\u2019une microbrosse. Cette technique est plus rapide et moins p\u00e9nible pour les animaux.<\/p>\n\n\n\n<p>Nom du projet: Pr\u00e9l\u00e8vement de mat\u00e9riel g\u00e9n\u00e9tique chez le poisson z\u00e8bre<br>Articles de la charte: 1, 2<\/p>\n","protected":false},"excerpt":{"rendered":"<p>R\u00e9duction des contraintes pour les animaux dans l\u2019\u00e9tude La m\u00e9thode standard actuelle de pr\u00e9l\u00e8vement de mat\u00e9riel g\u00e9n\u00e9tique pour le g\u00e9notypage de poissons z\u00e8bres transg\u00e9niques est de couper les nageoires. Il s\u2019agit d\u2019une intervention invasive requ\u00e9rant une anesth\u00e9sie g\u00e9n\u00e9rale et potentiellement stressante pour les animaux. La technique moins invasive du frottis ne requiert ni anesth\u00e9sie g\u00e9n\u00e9rale, [&hellip;]<\/p>\n","protected":false},"author":1,"featured_media":0,"parent":750,"menu_order":5,"comment_status":"closed","ping_status":"closed","template":"page-templates\/unterthema.php","meta":{"_acf_changed":false,"inline_featured_image":false,"footnotes":""},"class_list":["post-666","page","type-page","status-publish","hentry"],"acf":[],"yoast_head":"<!-- This site is optimized with the Yoast SEO Premium plugin v27.2 (Yoast SEO v27.2) - https:\/\/yoast.com\/product\/yoast-seo-premium-wordpress\/ -->\n<title>R\u00e9duction des contraintes pour les animaux dans l\u2019\u00e9tude - animalwelfare<\/title>\n<meta name=\"robots\" content=\"index, follow, max-snippet:-1, max-image-preview:large, max-video-preview:-1\" \/>\n<link rel=\"canonical\" href=\"https:\/\/animalwelfare.interpharma.ch\/projekte\/gewinnung-genetisches-material-bei-zebrafischen\/\" \/>\n<meta property=\"og:locale\" content=\"fr_FR\" \/>\n<meta property=\"og:type\" content=\"article\" \/>\n<meta property=\"og:title\" content=\"R\u00e9duction des contraintes pour les animaux dans l\u2019\u00e9tude\" \/>\n<meta property=\"og:description\" content=\"R\u00e9duction des contraintes pour les animaux dans l\u2019\u00e9tude La m\u00e9thode standard actuelle de pr\u00e9l\u00e8vement de mat\u00e9riel g\u00e9n\u00e9tique pour le g\u00e9notypage de poissons z\u00e8bres transg\u00e9niques est de couper les nageoires. Il s\u2019agit d\u2019une intervention invasive requ\u00e9rant une anesth\u00e9sie g\u00e9n\u00e9rale et potentiellement stressante pour les animaux. La technique moins invasive du frottis ne requiert ni anesth\u00e9sie g\u00e9n\u00e9rale, [&hellip;]\" \/>\n<meta property=\"og:url\" content=\"https:\/\/animalwelfare.interpharma.ch\/projekte\/gewinnung-genetisches-material-bei-zebrafischen\/\" \/>\n<meta property=\"og:site_name\" content=\"animalwelfare\" \/>\n<meta property=\"article:modified_time\" content=\"2026-03-09T15:09:31+00:00\" \/>\n<meta name=\"twitter:card\" content=\"summary_large_image\" \/>\n<meta name=\"twitter:label1\" content=\"Dur\u00e9e de lecture estim\u00e9e\" \/>\n\t<meta name=\"twitter:data1\" content=\"1 minute\" \/>\n<script type=\"application\/ld+json\" class=\"yoast-schema-graph\">{\"@context\":\"https:\/\/schema.org\",\"@graph\":[{\"@type\":\"WebPage\",\"@id\":\"https:\/\/animalwelfare.interpharma.ch\/projekte\/gewinnung-genetisches-material-bei-zebrafischen\/\",\"url\":\"https:\/\/animalwelfare.interpharma.ch\/projekte\/gewinnung-genetisches-material-bei-zebrafischen\/\",\"name\":\"R\u00e9duction des contraintes pour les animaux dans l\u2019\u00e9tude - animalwelfare\",\"isPartOf\":{\"@id\":\"https:\/\/animalwelfare.interpharma.ch\/#website\"},\"datePublished\":\"2026-03-06T16:35:11+00:00\",\"dateModified\":\"2026-03-09T15:09:31+00:00\",\"breadcrumb\":{\"@id\":\"https:\/\/animalwelfare.interpharma.ch\/projekte\/gewinnung-genetisches-material-bei-zebrafischen\/#breadcrumb\"},\"inLanguage\":\"fr-FR\",\"potentialAction\":[{\"@type\":\"ReadAction\",\"target\":[\"https:\/\/animalwelfare.interpharma.ch\/projekte\/gewinnung-genetisches-material-bei-zebrafischen\/\"]}]},{\"@type\":\"BreadcrumbList\",\"@id\":\"https:\/\/animalwelfare.interpharma.ch\/projekte\/gewinnung-genetisches-material-bei-zebrafischen\/#breadcrumb\",\"itemListElement\":[{\"@type\":\"ListItem\",\"position\":1,\"name\":\"Start\",\"item\":\"https:\/\/animalwelfare.interpharma.ch\/fr\/\"},{\"@type\":\"ListItem\",\"position\":2,\"name\":\"Report 2023\",\"item\":\"https:\/\/animalwelfare.interpharma.ch\/fr\/projets\/\"},{\"@type\":\"ListItem\",\"position\":3,\"name\":\"R\u00e9duction des contraintes pour les animaux dans l\u2019\u00e9tude\"}]},{\"@type\":\"WebSite\",\"@id\":\"https:\/\/animalwelfare.interpharma.ch\/#website\",\"url\":\"https:\/\/animalwelfare.interpharma.ch\/\",\"name\":\"animalwelfare\",\"description\":\"\",\"potentialAction\":[{\"@type\":\"SearchAction\",\"target\":{\"@type\":\"EntryPoint\",\"urlTemplate\":\"https:\/\/animalwelfare.interpharma.ch\/?s={search_term_string}\"},\"query-input\":{\"@type\":\"PropertyValueSpecification\",\"valueRequired\":true,\"valueName\":\"search_term_string\"}}],\"inLanguage\":\"fr-FR\"}]}<\/script>\n<!-- \/ Yoast SEO Premium plugin. -->","yoast_head_json":{"title":"R\u00e9duction des contraintes pour les animaux dans l\u2019\u00e9tude - animalwelfare","robots":{"index":"index","follow":"follow","max-snippet":"max-snippet:-1","max-image-preview":"max-image-preview:large","max-video-preview":"max-video-preview:-1"},"canonical":"https:\/\/animalwelfare.interpharma.ch\/projekte\/gewinnung-genetisches-material-bei-zebrafischen\/","og_locale":"fr_FR","og_type":"article","og_title":"R\u00e9duction des contraintes pour les animaux dans l\u2019\u00e9tude","og_description":"R\u00e9duction des contraintes pour les animaux dans l\u2019\u00e9tude La m\u00e9thode standard actuelle de pr\u00e9l\u00e8vement de mat\u00e9riel g\u00e9n\u00e9tique pour le g\u00e9notypage de poissons z\u00e8bres transg\u00e9niques est de couper les nageoires. Il s\u2019agit d\u2019une intervention invasive requ\u00e9rant une anesth\u00e9sie g\u00e9n\u00e9rale et potentiellement stressante pour les animaux. La technique moins invasive du frottis ne requiert ni anesth\u00e9sie g\u00e9n\u00e9rale, [&hellip;]","og_url":"https:\/\/animalwelfare.interpharma.ch\/projekte\/gewinnung-genetisches-material-bei-zebrafischen\/","og_site_name":"animalwelfare","article_modified_time":"2026-03-09T15:09:31+00:00","twitter_card":"summary_large_image","twitter_misc":{"Dur\u00e9e de lecture estim\u00e9e":"1 minute"},"schema":{"@context":"https:\/\/schema.org","@graph":[{"@type":"WebPage","@id":"https:\/\/animalwelfare.interpharma.ch\/projekte\/gewinnung-genetisches-material-bei-zebrafischen\/","url":"https:\/\/animalwelfare.interpharma.ch\/projekte\/gewinnung-genetisches-material-bei-zebrafischen\/","name":"R\u00e9duction des contraintes pour les animaux dans l\u2019\u00e9tude - animalwelfare","isPartOf":{"@id":"https:\/\/animalwelfare.interpharma.ch\/#website"},"datePublished":"2026-03-06T16:35:11+00:00","dateModified":"2026-03-09T15:09:31+00:00","breadcrumb":{"@id":"https:\/\/animalwelfare.interpharma.ch\/projekte\/gewinnung-genetisches-material-bei-zebrafischen\/#breadcrumb"},"inLanguage":"fr-FR","potentialAction":[{"@type":"ReadAction","target":["https:\/\/animalwelfare.interpharma.ch\/projekte\/gewinnung-genetisches-material-bei-zebrafischen\/"]}]},{"@type":"BreadcrumbList","@id":"https:\/\/animalwelfare.interpharma.ch\/projekte\/gewinnung-genetisches-material-bei-zebrafischen\/#breadcrumb","itemListElement":[{"@type":"ListItem","position":1,"name":"Start","item":"https:\/\/animalwelfare.interpharma.ch\/fr\/"},{"@type":"ListItem","position":2,"name":"Report 2023","item":"https:\/\/animalwelfare.interpharma.ch\/fr\/projets\/"},{"@type":"ListItem","position":3,"name":"R\u00e9duction des contraintes pour les animaux dans l\u2019\u00e9tude"}]},{"@type":"WebSite","@id":"https:\/\/animalwelfare.interpharma.ch\/#website","url":"https:\/\/animalwelfare.interpharma.ch\/","name":"animalwelfare","description":"","potentialAction":[{"@type":"SearchAction","target":{"@type":"EntryPoint","urlTemplate":"https:\/\/animalwelfare.interpharma.ch\/?s={search_term_string}"},"query-input":{"@type":"PropertyValueSpecification","valueRequired":true,"valueName":"search_term_string"}}],"inLanguage":"fr-FR"}]}},"_links":{"self":[{"href":"https:\/\/animalwelfare.interpharma.ch\/fr\/wp-json\/wp\/v2\/pages\/666","targetHints":{"allow":["GET"]}}],"collection":[{"href":"https:\/\/animalwelfare.interpharma.ch\/fr\/wp-json\/wp\/v2\/pages"}],"about":[{"href":"https:\/\/animalwelfare.interpharma.ch\/fr\/wp-json\/wp\/v2\/types\/page"}],"author":[{"embeddable":true,"href":"https:\/\/animalwelfare.interpharma.ch\/fr\/wp-json\/wp\/v2\/users\/1"}],"replies":[{"embeddable":true,"href":"https:\/\/animalwelfare.interpharma.ch\/fr\/wp-json\/wp\/v2\/comments?post=666"}],"version-history":[{"count":2,"href":"https:\/\/animalwelfare.interpharma.ch\/fr\/wp-json\/wp\/v2\/pages\/666\/revisions"}],"predecessor-version":[{"id":2960,"href":"https:\/\/animalwelfare.interpharma.ch\/fr\/wp-json\/wp\/v2\/pages\/666\/revisions\/2960"}],"up":[{"embeddable":true,"href":"https:\/\/animalwelfare.interpharma.ch\/fr\/wp-json\/wp\/v2\/pages\/750"}],"wp:attachment":[{"href":"https:\/\/animalwelfare.interpharma.ch\/fr\/wp-json\/wp\/v2\/media?parent=666"}],"curies":[{"name":"wp","href":"https:\/\/api.w.org\/{rel}","templated":true}]}}