{"id":660,"date":"2026-03-06T17:35:11","date_gmt":"2026-03-06T16:35:11","guid":{"rendered":"https:\/\/animalwelfare.iph-multisite.berta-bewegt.ch\/?page_id=660"},"modified":"2026-03-09T16:09:13","modified_gmt":"2026-03-09T15:09:13","slug":"brad","status":"publish","type":"page","link":"https:\/\/animalwelfare.interpharma.ch\/fr\/projets\/brad\/","title":{"rendered":"Journ\u00e9e de prise de conscience de la recherche biom\u00e9dicale (BRAD)"},"content":{"rendered":"\n<h2 class=\"wp-block-heading\">Journ\u00e9e de prise de conscience de la recherche biom\u00e9dicale (BRAD)<\/h2>\n\n\n\n<p>Une entreprise membre d\u2019Interpharma c\u00e9l\u00e8bre en 2023 son cinqui\u00e8me Biomedical Research Awareness Day (BRAD) annuel. Cette journ\u00e9e a \u00e9t\u00e9 cr\u00e9\u00e9e en 2016 par Americans for Medical Progress (AMP) aux \u00c9tats-Unis. Elle offre l\u2019occasion d\u2019informer et de sensibiliser les employ\u00e9-e-s de l\u2019entreprise \u00e0 la n\u00e9cessit\u00e9 et aux avantages de la recherche sur les animaux pour le d\u00e9veloppement de nouveaux m\u00e9dicaments et traitements. Dans la semaine du 9&nbsp;octobre, cette entreprise membre d\u2019Interpharma f\u00eate la BRAD dans le monde entier par de nombreuses pr\u00e9sentations qui illustrent diff\u00e9rents exemples d\u2019interactions homme-animal en mettant l\u2019accent sur l\u2019interaction avec les animaux dans le cadre de traitements. L\u2019entreprise rend aussi hommage aux progr\u00e8s accomplis mondialement et localement gr\u00e2ce \u00e0 ses prix 3R <em>(reduce, refine, replace)<\/em> ainsi qu\u2019aux efforts d\u00e9ploy\u00e9s pour assurer une surveillance v\u00e9t\u00e9rinaire et \u00e9thique de tous les projets impliquant des animaux d\u00e9localis\u00e9s sur des sites tiers.<\/p>\n\n\n\n<p>Nom du projet: BRAD<br>Articles de la charte: 3, 9<\/p>\n","protected":false},"excerpt":{"rendered":"<p>Journ\u00e9e de prise de conscience de la recherche biom\u00e9dicale (BRAD) Une entreprise membre d\u2019Interpharma c\u00e9l\u00e8bre en 2023 son cinqui\u00e8me Biomedical Research Awareness Day (BRAD) annuel. Cette journ\u00e9e a \u00e9t\u00e9 cr\u00e9\u00e9e en 2016 par Americans for Medical Progress (AMP) aux \u00c9tats-Unis. Elle offre l\u2019occasion d\u2019informer et de sensibiliser les employ\u00e9-e-s de l\u2019entreprise \u00e0 la n\u00e9cessit\u00e9 et [&hellip;]<\/p>\n","protected":false},"author":1,"featured_media":0,"parent":750,"menu_order":4,"comment_status":"closed","ping_status":"closed","template":"page-templates\/unterthema.php","meta":{"_acf_changed":false,"inline_featured_image":false,"footnotes":""},"class_list":["post-660","page","type-page","status-publish","hentry"],"acf":[],"yoast_head":"<!-- This site is optimized with the Yoast SEO Premium plugin v27.2 (Yoast SEO v27.2) - https:\/\/yoast.com\/product\/yoast-seo-premium-wordpress\/ -->\n<title>Journ\u00e9e de prise de conscience de la recherche biom\u00e9dicale (BRAD) - animalwelfare<\/title>\n<meta name=\"robots\" content=\"index, follow, max-snippet:-1, max-image-preview:large, max-video-preview:-1\" \/>\n<link rel=\"canonical\" href=\"https:\/\/animalwelfare.interpharma.ch\/projekte\/brad\/\" \/>\n<meta property=\"og:locale\" content=\"fr_FR\" \/>\n<meta property=\"og:type\" content=\"article\" \/>\n<meta property=\"og:title\" content=\"Journ\u00e9e de prise de conscience de la recherche biom\u00e9dicale (BRAD)\" \/>\n<meta property=\"og:description\" content=\"Journ\u00e9e de prise de conscience de la recherche biom\u00e9dicale (BRAD) Une entreprise membre d\u2019Interpharma c\u00e9l\u00e8bre en 2023 son cinqui\u00e8me Biomedical Research Awareness Day (BRAD) annuel. Cette journ\u00e9e a \u00e9t\u00e9 cr\u00e9\u00e9e en 2016 par Americans for Medical Progress (AMP) aux \u00c9tats-Unis. Elle offre l\u2019occasion d\u2019informer et de sensibiliser les employ\u00e9-e-s de l\u2019entreprise \u00e0 la n\u00e9cessit\u00e9 et [&hellip;]\" \/>\n<meta property=\"og:url\" content=\"https:\/\/animalwelfare.interpharma.ch\/projekte\/brad\/\" \/>\n<meta property=\"og:site_name\" content=\"animalwelfare\" \/>\n<meta property=\"article:modified_time\" content=\"2026-03-09T15:09:13+00:00\" \/>\n<meta name=\"twitter:card\" content=\"summary_large_image\" \/>\n<meta name=\"twitter:label1\" content=\"Dur\u00e9e de lecture estim\u00e9e\" \/>\n\t<meta name=\"twitter:data1\" content=\"1 minute\" \/>\n<script type=\"application\/ld+json\" class=\"yoast-schema-graph\">{\"@context\":\"https:\/\/schema.org\",\"@graph\":[{\"@type\":\"WebPage\",\"@id\":\"https:\/\/animalwelfare.interpharma.ch\/projekte\/brad\/\",\"url\":\"https:\/\/animalwelfare.interpharma.ch\/projekte\/brad\/\",\"name\":\"Journ\u00e9e de prise de conscience de la recherche biom\u00e9dicale (BRAD) - animalwelfare\",\"isPartOf\":{\"@id\":\"https:\/\/animalwelfare.interpharma.ch\/#website\"},\"datePublished\":\"2026-03-06T16:35:11+00:00\",\"dateModified\":\"2026-03-09T15:09:13+00:00\",\"breadcrumb\":{\"@id\":\"https:\/\/animalwelfare.interpharma.ch\/projekte\/brad\/#breadcrumb\"},\"inLanguage\":\"fr-FR\",\"potentialAction\":[{\"@type\":\"ReadAction\",\"target\":[\"https:\/\/animalwelfare.interpharma.ch\/projekte\/brad\/\"]}]},{\"@type\":\"BreadcrumbList\",\"@id\":\"https:\/\/animalwelfare.interpharma.ch\/projekte\/brad\/#breadcrumb\",\"itemListElement\":[{\"@type\":\"ListItem\",\"position\":1,\"name\":\"Start\",\"item\":\"https:\/\/animalwelfare.interpharma.ch\/fr\/\"},{\"@type\":\"ListItem\",\"position\":2,\"name\":\"Report 2023\",\"item\":\"https:\/\/animalwelfare.interpharma.ch\/fr\/projets\/\"},{\"@type\":\"ListItem\",\"position\":3,\"name\":\"Journ\u00e9e de prise de conscience de la recherche biom\u00e9dicale (BRAD)\"}]},{\"@type\":\"WebSite\",\"@id\":\"https:\/\/animalwelfare.interpharma.ch\/#website\",\"url\":\"https:\/\/animalwelfare.interpharma.ch\/\",\"name\":\"animalwelfare\",\"description\":\"\",\"potentialAction\":[{\"@type\":\"SearchAction\",\"target\":{\"@type\":\"EntryPoint\",\"urlTemplate\":\"https:\/\/animalwelfare.interpharma.ch\/?s={search_term_string}\"},\"query-input\":{\"@type\":\"PropertyValueSpecification\",\"valueRequired\":true,\"valueName\":\"search_term_string\"}}],\"inLanguage\":\"fr-FR\"}]}<\/script>\n<!-- \/ Yoast SEO Premium plugin. -->","yoast_head_json":{"title":"Journ\u00e9e de prise de conscience de la recherche biom\u00e9dicale (BRAD) - animalwelfare","robots":{"index":"index","follow":"follow","max-snippet":"max-snippet:-1","max-image-preview":"max-image-preview:large","max-video-preview":"max-video-preview:-1"},"canonical":"https:\/\/animalwelfare.interpharma.ch\/projekte\/brad\/","og_locale":"fr_FR","og_type":"article","og_title":"Journ\u00e9e de prise de conscience de la recherche biom\u00e9dicale (BRAD)","og_description":"Journ\u00e9e de prise de conscience de la recherche biom\u00e9dicale (BRAD) Une entreprise membre d\u2019Interpharma c\u00e9l\u00e8bre en 2023 son cinqui\u00e8me Biomedical Research Awareness Day (BRAD) annuel. Cette journ\u00e9e a \u00e9t\u00e9 cr\u00e9\u00e9e en 2016 par Americans for Medical Progress (AMP) aux \u00c9tats-Unis. Elle offre l\u2019occasion d\u2019informer et de sensibiliser les employ\u00e9-e-s de l\u2019entreprise \u00e0 la n\u00e9cessit\u00e9 et [&hellip;]","og_url":"https:\/\/animalwelfare.interpharma.ch\/projekte\/brad\/","og_site_name":"animalwelfare","article_modified_time":"2026-03-09T15:09:13+00:00","twitter_card":"summary_large_image","twitter_misc":{"Dur\u00e9e de lecture estim\u00e9e":"1 minute"},"schema":{"@context":"https:\/\/schema.org","@graph":[{"@type":"WebPage","@id":"https:\/\/animalwelfare.interpharma.ch\/projekte\/brad\/","url":"https:\/\/animalwelfare.interpharma.ch\/projekte\/brad\/","name":"Journ\u00e9e de prise de conscience de la recherche biom\u00e9dicale (BRAD) - animalwelfare","isPartOf":{"@id":"https:\/\/animalwelfare.interpharma.ch\/#website"},"datePublished":"2026-03-06T16:35:11+00:00","dateModified":"2026-03-09T15:09:13+00:00","breadcrumb":{"@id":"https:\/\/animalwelfare.interpharma.ch\/projekte\/brad\/#breadcrumb"},"inLanguage":"fr-FR","potentialAction":[{"@type":"ReadAction","target":["https:\/\/animalwelfare.interpharma.ch\/projekte\/brad\/"]}]},{"@type":"BreadcrumbList","@id":"https:\/\/animalwelfare.interpharma.ch\/projekte\/brad\/#breadcrumb","itemListElement":[{"@type":"ListItem","position":1,"name":"Start","item":"https:\/\/animalwelfare.interpharma.ch\/fr\/"},{"@type":"ListItem","position":2,"name":"Report 2023","item":"https:\/\/animalwelfare.interpharma.ch\/fr\/projets\/"},{"@type":"ListItem","position":3,"name":"Journ\u00e9e de prise de conscience de la recherche biom\u00e9dicale (BRAD)"}]},{"@type":"WebSite","@id":"https:\/\/animalwelfare.interpharma.ch\/#website","url":"https:\/\/animalwelfare.interpharma.ch\/","name":"animalwelfare","description":"","potentialAction":[{"@type":"SearchAction","target":{"@type":"EntryPoint","urlTemplate":"https:\/\/animalwelfare.interpharma.ch\/?s={search_term_string}"},"query-input":{"@type":"PropertyValueSpecification","valueRequired":true,"valueName":"search_term_string"}}],"inLanguage":"fr-FR"}]}},"_links":{"self":[{"href":"https:\/\/animalwelfare.interpharma.ch\/fr\/wp-json\/wp\/v2\/pages\/660","targetHints":{"allow":["GET"]}}],"collection":[{"href":"https:\/\/animalwelfare.interpharma.ch\/fr\/wp-json\/wp\/v2\/pages"}],"about":[{"href":"https:\/\/animalwelfare.interpharma.ch\/fr\/wp-json\/wp\/v2\/types\/page"}],"author":[{"embeddable":true,"href":"https:\/\/animalwelfare.interpharma.ch\/fr\/wp-json\/wp\/v2\/users\/1"}],"replies":[{"embeddable":true,"href":"https:\/\/animalwelfare.interpharma.ch\/fr\/wp-json\/wp\/v2\/comments?post=660"}],"version-history":[{"count":2,"href":"https:\/\/animalwelfare.interpharma.ch\/fr\/wp-json\/wp\/v2\/pages\/660\/revisions"}],"predecessor-version":[{"id":2959,"href":"https:\/\/animalwelfare.interpharma.ch\/fr\/wp-json\/wp\/v2\/pages\/660\/revisions\/2959"}],"up":[{"embeddable":true,"href":"https:\/\/animalwelfare.interpharma.ch\/fr\/wp-json\/wp\/v2\/pages\/750"}],"wp:attachment":[{"href":"https:\/\/animalwelfare.interpharma.ch\/fr\/wp-json\/wp\/v2\/media?parent=660"}],"curies":[{"name":"wp","href":"https:\/\/api.w.org\/{rel}","templated":true}]}}