{"id":654,"date":"2026-03-06T17:35:10","date_gmt":"2026-03-06T16:35:10","guid":{"rendered":"https:\/\/animalwelfare.iph-multisite.berta-bewegt.ch\/?page_id=654"},"modified":"2026-03-09T16:08:56","modified_gmt":"2026-03-09T15:08:56","slug":"reduction-du-nombre-danimaux-grace-a-lutilisation-dun-nouvel-appareil","status":"publish","type":"page","link":"https:\/\/animalwelfare.interpharma.ch\/fr\/projets\/reduction-du-nombre-danimaux-grace-a-lutilisation-dun-nouvel-appareil\/","title":{"rendered":"R\u00e9duction du nombre d\u2019animaux gr\u00e2ce \u00e0 l\u2019utilisation d\u2019un nouvel appareil"},"content":{"rendered":"\n<h2 class=\"wp-block-heading\">R\u00e9duction du nombre d\u2019animaux gr\u00e2ce \u00e0 l\u2019utilisation d\u2019un nouvel appareil<\/h2>\n\n\n\n<p>Dans le cadre de cette \u00e9tude, un nouvel appareil a \u00e9t\u00e9 d\u00e9velopp\u00e9 pour l\u2019administration oculaire topique, dans le but de faciliter la pr\u00e9cision du dosage, de soutenir l\u2019administration de traitements par voie oculaire et d\u2019am\u00e9liorer le confort de la patiente ou du patient pendant l\u2019administration du traitement. L\u2019emploi de cette m\u00e9thode a abouti \u00e0 un design et une analyse qui ont permis de diviser par dix le nombre d\u2019animaux utilis\u00e9s.<\/p>\n\n\n\n<p>Nom du projet: Utilisation de bons principes statistiques<br>Articles de la charte: 1, 2<\/p>\n","protected":false},"excerpt":{"rendered":"<p>R\u00e9duction du nombre d\u2019animaux gr\u00e2ce \u00e0 l\u2019utilisation d\u2019un nouvel appareil Dans le cadre de cette \u00e9tude, un nouvel appareil a \u00e9t\u00e9 d\u00e9velopp\u00e9 pour l\u2019administration oculaire topique, dans le but de faciliter la pr\u00e9cision du dosage, de soutenir l\u2019administration de traitements par voie oculaire et d\u2019am\u00e9liorer le confort de la patiente ou du patient pendant l\u2019administration [&hellip;]<\/p>\n","protected":false},"author":1,"featured_media":0,"parent":750,"menu_order":3,"comment_status":"closed","ping_status":"closed","template":"page-templates\/unterthema.php","meta":{"_acf_changed":false,"inline_featured_image":false,"footnotes":""},"class_list":["post-654","page","type-page","status-publish","hentry"],"acf":[],"yoast_head":"<!-- This site is optimized with the Yoast SEO Premium plugin v27.2 (Yoast SEO v27.2) - https:\/\/yoast.com\/product\/yoast-seo-premium-wordpress\/ -->\n<title>R\u00e9duction du nombre d\u2019animaux gr\u00e2ce \u00e0 l\u2019utilisation d\u2019un nouvel appareil - animalwelfare<\/title>\n<meta name=\"robots\" content=\"index, follow, max-snippet:-1, max-image-preview:large, max-video-preview:-1\" \/>\n<link rel=\"canonical\" href=\"https:\/\/animalwelfare.interpharma.ch\/projekte\/anwendung-guter-statistischer-prinzipien\/\" \/>\n<meta property=\"og:locale\" content=\"fr_FR\" \/>\n<meta property=\"og:type\" content=\"article\" \/>\n<meta property=\"og:title\" content=\"R\u00e9duction du nombre d\u2019animaux gr\u00e2ce \u00e0 l\u2019utilisation d\u2019un nouvel appareil\" \/>\n<meta property=\"og:description\" content=\"R\u00e9duction du nombre d\u2019animaux gr\u00e2ce \u00e0 l\u2019utilisation d\u2019un nouvel appareil Dans le cadre de cette \u00e9tude, un nouvel appareil a \u00e9t\u00e9 d\u00e9velopp\u00e9 pour l\u2019administration oculaire topique, dans le but de faciliter la pr\u00e9cision du dosage, de soutenir l\u2019administration de traitements par voie oculaire et d\u2019am\u00e9liorer le confort de la patiente ou du patient pendant l\u2019administration [&hellip;]\" \/>\n<meta property=\"og:url\" content=\"https:\/\/animalwelfare.interpharma.ch\/projekte\/anwendung-guter-statistischer-prinzipien\/\" \/>\n<meta property=\"og:site_name\" content=\"animalwelfare\" \/>\n<meta property=\"article:modified_time\" content=\"2026-03-09T15:08:56+00:00\" \/>\n<meta name=\"twitter:card\" content=\"summary_large_image\" \/>\n<meta name=\"twitter:label1\" content=\"Dur\u00e9e de lecture estim\u00e9e\" \/>\n\t<meta name=\"twitter:data1\" content=\"1 minute\" \/>\n<script type=\"application\/ld+json\" class=\"yoast-schema-graph\">{\"@context\":\"https:\/\/schema.org\",\"@graph\":[{\"@type\":\"WebPage\",\"@id\":\"https:\/\/animalwelfare.interpharma.ch\/projekte\/anwendung-guter-statistischer-prinzipien\/\",\"url\":\"https:\/\/animalwelfare.interpharma.ch\/projekte\/anwendung-guter-statistischer-prinzipien\/\",\"name\":\"R\u00e9duction du nombre d\u2019animaux gr\u00e2ce \u00e0 l\u2019utilisation d\u2019un nouvel appareil - animalwelfare\",\"isPartOf\":{\"@id\":\"https:\/\/animalwelfare.interpharma.ch\/#website\"},\"datePublished\":\"2026-03-06T16:35:10+00:00\",\"dateModified\":\"2026-03-09T15:08:56+00:00\",\"breadcrumb\":{\"@id\":\"https:\/\/animalwelfare.interpharma.ch\/projekte\/anwendung-guter-statistischer-prinzipien\/#breadcrumb\"},\"inLanguage\":\"fr-FR\",\"potentialAction\":[{\"@type\":\"ReadAction\",\"target\":[\"https:\/\/animalwelfare.interpharma.ch\/projekte\/anwendung-guter-statistischer-prinzipien\/\"]}]},{\"@type\":\"BreadcrumbList\",\"@id\":\"https:\/\/animalwelfare.interpharma.ch\/projekte\/anwendung-guter-statistischer-prinzipien\/#breadcrumb\",\"itemListElement\":[{\"@type\":\"ListItem\",\"position\":1,\"name\":\"Start\",\"item\":\"https:\/\/animalwelfare.interpharma.ch\/fr\/\"},{\"@type\":\"ListItem\",\"position\":2,\"name\":\"Report 2023\",\"item\":\"https:\/\/animalwelfare.interpharma.ch\/fr\/projets\/\"},{\"@type\":\"ListItem\",\"position\":3,\"name\":\"R\u00e9duction du nombre d\u2019animaux gr\u00e2ce \u00e0 l\u2019utilisation d\u2019un nouvel appareil\"}]},{\"@type\":\"WebSite\",\"@id\":\"https:\/\/animalwelfare.interpharma.ch\/#website\",\"url\":\"https:\/\/animalwelfare.interpharma.ch\/\",\"name\":\"animalwelfare\",\"description\":\"\",\"potentialAction\":[{\"@type\":\"SearchAction\",\"target\":{\"@type\":\"EntryPoint\",\"urlTemplate\":\"https:\/\/animalwelfare.interpharma.ch\/?s={search_term_string}\"},\"query-input\":{\"@type\":\"PropertyValueSpecification\",\"valueRequired\":true,\"valueName\":\"search_term_string\"}}],\"inLanguage\":\"fr-FR\"}]}<\/script>\n<!-- \/ Yoast SEO Premium plugin. -->","yoast_head_json":{"title":"R\u00e9duction du nombre d\u2019animaux gr\u00e2ce \u00e0 l\u2019utilisation d\u2019un nouvel appareil - animalwelfare","robots":{"index":"index","follow":"follow","max-snippet":"max-snippet:-1","max-image-preview":"max-image-preview:large","max-video-preview":"max-video-preview:-1"},"canonical":"https:\/\/animalwelfare.interpharma.ch\/projekte\/anwendung-guter-statistischer-prinzipien\/","og_locale":"fr_FR","og_type":"article","og_title":"R\u00e9duction du nombre d\u2019animaux gr\u00e2ce \u00e0 l\u2019utilisation d\u2019un nouvel appareil","og_description":"R\u00e9duction du nombre d\u2019animaux gr\u00e2ce \u00e0 l\u2019utilisation d\u2019un nouvel appareil Dans le cadre de cette \u00e9tude, un nouvel appareil a \u00e9t\u00e9 d\u00e9velopp\u00e9 pour l\u2019administration oculaire topique, dans le but de faciliter la pr\u00e9cision du dosage, de soutenir l\u2019administration de traitements par voie oculaire et d\u2019am\u00e9liorer le confort de la patiente ou du patient pendant l\u2019administration [&hellip;]","og_url":"https:\/\/animalwelfare.interpharma.ch\/projekte\/anwendung-guter-statistischer-prinzipien\/","og_site_name":"animalwelfare","article_modified_time":"2026-03-09T15:08:56+00:00","twitter_card":"summary_large_image","twitter_misc":{"Dur\u00e9e de lecture estim\u00e9e":"1 minute"},"schema":{"@context":"https:\/\/schema.org","@graph":[{"@type":"WebPage","@id":"https:\/\/animalwelfare.interpharma.ch\/projekte\/anwendung-guter-statistischer-prinzipien\/","url":"https:\/\/animalwelfare.interpharma.ch\/projekte\/anwendung-guter-statistischer-prinzipien\/","name":"R\u00e9duction du nombre d\u2019animaux gr\u00e2ce \u00e0 l\u2019utilisation d\u2019un nouvel appareil - animalwelfare","isPartOf":{"@id":"https:\/\/animalwelfare.interpharma.ch\/#website"},"datePublished":"2026-03-06T16:35:10+00:00","dateModified":"2026-03-09T15:08:56+00:00","breadcrumb":{"@id":"https:\/\/animalwelfare.interpharma.ch\/projekte\/anwendung-guter-statistischer-prinzipien\/#breadcrumb"},"inLanguage":"fr-FR","potentialAction":[{"@type":"ReadAction","target":["https:\/\/animalwelfare.interpharma.ch\/projekte\/anwendung-guter-statistischer-prinzipien\/"]}]},{"@type":"BreadcrumbList","@id":"https:\/\/animalwelfare.interpharma.ch\/projekte\/anwendung-guter-statistischer-prinzipien\/#breadcrumb","itemListElement":[{"@type":"ListItem","position":1,"name":"Start","item":"https:\/\/animalwelfare.interpharma.ch\/fr\/"},{"@type":"ListItem","position":2,"name":"Report 2023","item":"https:\/\/animalwelfare.interpharma.ch\/fr\/projets\/"},{"@type":"ListItem","position":3,"name":"R\u00e9duction du nombre d\u2019animaux gr\u00e2ce \u00e0 l\u2019utilisation d\u2019un nouvel appareil"}]},{"@type":"WebSite","@id":"https:\/\/animalwelfare.interpharma.ch\/#website","url":"https:\/\/animalwelfare.interpharma.ch\/","name":"animalwelfare","description":"","potentialAction":[{"@type":"SearchAction","target":{"@type":"EntryPoint","urlTemplate":"https:\/\/animalwelfare.interpharma.ch\/?s={search_term_string}"},"query-input":{"@type":"PropertyValueSpecification","valueRequired":true,"valueName":"search_term_string"}}],"inLanguage":"fr-FR"}]}},"_links":{"self":[{"href":"https:\/\/animalwelfare.interpharma.ch\/fr\/wp-json\/wp\/v2\/pages\/654","targetHints":{"allow":["GET"]}}],"collection":[{"href":"https:\/\/animalwelfare.interpharma.ch\/fr\/wp-json\/wp\/v2\/pages"}],"about":[{"href":"https:\/\/animalwelfare.interpharma.ch\/fr\/wp-json\/wp\/v2\/types\/page"}],"author":[{"embeddable":true,"href":"https:\/\/animalwelfare.interpharma.ch\/fr\/wp-json\/wp\/v2\/users\/1"}],"replies":[{"embeddable":true,"href":"https:\/\/animalwelfare.interpharma.ch\/fr\/wp-json\/wp\/v2\/comments?post=654"}],"version-history":[{"count":2,"href":"https:\/\/animalwelfare.interpharma.ch\/fr\/wp-json\/wp\/v2\/pages\/654\/revisions"}],"predecessor-version":[{"id":2958,"href":"https:\/\/animalwelfare.interpharma.ch\/fr\/wp-json\/wp\/v2\/pages\/654\/revisions\/2958"}],"up":[{"embeddable":true,"href":"https:\/\/animalwelfare.interpharma.ch\/fr\/wp-json\/wp\/v2\/pages\/750"}],"wp:attachment":[{"href":"https:\/\/animalwelfare.interpharma.ch\/fr\/wp-json\/wp\/v2\/media?parent=654"}],"curies":[{"name":"wp","href":"https:\/\/api.w.org\/{rel}","templated":true}]}}