{"id":648,"date":"2026-03-06T17:35:10","date_gmt":"2026-03-06T16:35:10","guid":{"rendered":"https:\/\/animalwelfare.iph-multisite.berta-bewegt.ch\/?page_id=648"},"modified":"2026-03-09T16:12:26","modified_gmt":"2026-03-09T15:12:26","slug":"creer-une-culture-of-care","status":"publish","type":"page","link":"https:\/\/animalwelfare.interpharma.ch\/fr\/projets\/creer-une-culture-of-care\/","title":{"rendered":"Cr\u00e9er une \u00abCulture of Care\u00bb"},"content":{"rendered":"\n<h2 class=\"wp-block-heading\">Cr\u00e9er une \u00abCulture of Care\u00bb<\/h2>\n\n\n\n<p>Aujourd\u2019hui, sur la base des 3R bien \u00e9tablis <em>(replace, refine, reduce),<\/em> un quatri\u00e8me R qui repr\u00e9sente la responsabilit\u00e9 vient s\u2019ajouter. La responsabilit\u00e9 est d\u00e9finie comme le fait d\u2019assurer que les animaux utilis\u00e9s pour l\u2019\u00eatre humain b\u00e9n\u00e9ficient du plus haut niveau de soins et de la meilleure qualit\u00e9 de vie possible. Un autre \u00e9l\u00e9ment important de la responsabilit\u00e9 est l\u2019environnement cr\u00e9\u00e9 pour les personnes qui travaillent avec les animaux. Une conviction sous-jacente est le fait que prendre soin des employ\u00e9-e-s leur permettra de travailler de leur mieux et de s\u2019occuper \u00e0 leur tour au mieux des animaux dont ils sont en charge. Le bien-\u00eatre et la satisfaction des employ\u00e9-e-s qui travaillent avec les animaux d\u00e9pendent de divers facteurs, dont les conditions environnementales, des aspects ergonomiques, ainsi que les interactions au quotidien avec les animaux dont ils s\u2019occupent, les pairs, les responsables et les chercheuses et chercheurs. Il est important de reconna\u00eetre leur contribution \u00e0 \u00e9galit\u00e9. \u00c0 mesure que la \u00abCulture of Care\u00bb se met en place, cela implique clairement de parler franchement et fi\u00e8rement de l\u2019utilisation des animaux et des soins dont ils b\u00e9n\u00e9ficient.<\/p>\n\n\n\n<p>Nom du projet: Cr\u00e9er une \u00abCulture of Care\u00bb<br>Article de la charte: 3<\/p>\n","protected":false},"excerpt":{"rendered":"<p>Cr\u00e9er une \u00abCulture of Care\u00bb Aujourd\u2019hui, sur la base des 3R bien \u00e9tablis (replace, refine, reduce), un quatri\u00e8me R qui repr\u00e9sente la responsabilit\u00e9 vient s\u2019ajouter. La responsabilit\u00e9 est d\u00e9finie comme le fait d\u2019assurer que les animaux utilis\u00e9s pour l\u2019\u00eatre humain b\u00e9n\u00e9ficient du plus haut niveau de soins et de la meilleure qualit\u00e9 de vie possible. [&hellip;]<\/p>\n","protected":false},"author":1,"featured_media":0,"parent":750,"menu_order":11,"comment_status":"closed","ping_status":"closed","template":"page-templates\/unterthema.php","meta":{"_acf_changed":false,"inline_featured_image":false,"footnotes":""},"class_list":["post-648","page","type-page","status-publish","hentry"],"acf":[],"yoast_head":"<!-- This site is optimized with the Yoast SEO Premium plugin v27.2 (Yoast SEO v27.2) - https:\/\/yoast.com\/product\/yoast-seo-premium-wordpress\/ -->\n<title>Cr\u00e9er une \u00abCulture of Care\u00bb - animalwelfare<\/title>\n<meta name=\"robots\" content=\"index, follow, max-snippet:-1, max-image-preview:large, max-video-preview:-1\" \/>\n<link rel=\"canonical\" href=\"https:\/\/animalwelfare.interpharma.ch\/projekte\/entwicklung-einer-pflegekultur-culture-of-care\/\" \/>\n<meta property=\"og:locale\" content=\"fr_FR\" \/>\n<meta property=\"og:type\" content=\"article\" \/>\n<meta property=\"og:title\" content=\"Cr\u00e9er une \u00abCulture of Care\u00bb\" \/>\n<meta property=\"og:description\" content=\"Cr\u00e9er une \u00abCulture of Care\u00bb Aujourd\u2019hui, sur la base des 3R bien \u00e9tablis (replace, refine, reduce), un quatri\u00e8me R qui repr\u00e9sente la responsabilit\u00e9 vient s\u2019ajouter. La responsabilit\u00e9 est d\u00e9finie comme le fait d\u2019assurer que les animaux utilis\u00e9s pour l\u2019\u00eatre humain b\u00e9n\u00e9ficient du plus haut niveau de soins et de la meilleure qualit\u00e9 de vie possible. [&hellip;]\" \/>\n<meta property=\"og:url\" content=\"https:\/\/animalwelfare.interpharma.ch\/projekte\/entwicklung-einer-pflegekultur-culture-of-care\/\" \/>\n<meta property=\"og:site_name\" content=\"animalwelfare\" \/>\n<meta property=\"article:modified_time\" content=\"2026-03-09T15:12:26+00:00\" \/>\n<meta name=\"twitter:card\" content=\"summary_large_image\" \/>\n<meta name=\"twitter:label1\" content=\"Dur\u00e9e de lecture estim\u00e9e\" \/>\n\t<meta name=\"twitter:data1\" content=\"2 minutes\" \/>\n<script type=\"application\/ld+json\" class=\"yoast-schema-graph\">{\"@context\":\"https:\/\/schema.org\",\"@graph\":[{\"@type\":\"WebPage\",\"@id\":\"https:\/\/animalwelfare.interpharma.ch\/projekte\/entwicklung-einer-pflegekultur-culture-of-care\/\",\"url\":\"https:\/\/animalwelfare.interpharma.ch\/projekte\/entwicklung-einer-pflegekultur-culture-of-care\/\",\"name\":\"Cr\u00e9er une \u00abCulture of Care\u00bb - animalwelfare\",\"isPartOf\":{\"@id\":\"https:\/\/animalwelfare.interpharma.ch\/#website\"},\"datePublished\":\"2026-03-06T16:35:10+00:00\",\"dateModified\":\"2026-03-09T15:12:26+00:00\",\"breadcrumb\":{\"@id\":\"https:\/\/animalwelfare.interpharma.ch\/projekte\/entwicklung-einer-pflegekultur-culture-of-care\/#breadcrumb\"},\"inLanguage\":\"fr-FR\",\"potentialAction\":[{\"@type\":\"ReadAction\",\"target\":[\"https:\/\/animalwelfare.interpharma.ch\/projekte\/entwicklung-einer-pflegekultur-culture-of-care\/\"]}]},{\"@type\":\"BreadcrumbList\",\"@id\":\"https:\/\/animalwelfare.interpharma.ch\/projekte\/entwicklung-einer-pflegekultur-culture-of-care\/#breadcrumb\",\"itemListElement\":[{\"@type\":\"ListItem\",\"position\":1,\"name\":\"Start\",\"item\":\"https:\/\/animalwelfare.interpharma.ch\/fr\/\"},{\"@type\":\"ListItem\",\"position\":2,\"name\":\"Report 2023\",\"item\":\"https:\/\/animalwelfare.interpharma.ch\/fr\/projets\/\"},{\"@type\":\"ListItem\",\"position\":3,\"name\":\"Cr\u00e9er une \u00abCulture of Care\u00bb\"}]},{\"@type\":\"WebSite\",\"@id\":\"https:\/\/animalwelfare.interpharma.ch\/#website\",\"url\":\"https:\/\/animalwelfare.interpharma.ch\/\",\"name\":\"animalwelfare\",\"description\":\"\",\"potentialAction\":[{\"@type\":\"SearchAction\",\"target\":{\"@type\":\"EntryPoint\",\"urlTemplate\":\"https:\/\/animalwelfare.interpharma.ch\/?s={search_term_string}\"},\"query-input\":{\"@type\":\"PropertyValueSpecification\",\"valueRequired\":true,\"valueName\":\"search_term_string\"}}],\"inLanguage\":\"fr-FR\"}]}<\/script>\n<!-- \/ Yoast SEO Premium plugin. -->","yoast_head_json":{"title":"Cr\u00e9er une \u00abCulture of Care\u00bb - animalwelfare","robots":{"index":"index","follow":"follow","max-snippet":"max-snippet:-1","max-image-preview":"max-image-preview:large","max-video-preview":"max-video-preview:-1"},"canonical":"https:\/\/animalwelfare.interpharma.ch\/projekte\/entwicklung-einer-pflegekultur-culture-of-care\/","og_locale":"fr_FR","og_type":"article","og_title":"Cr\u00e9er une \u00abCulture of Care\u00bb","og_description":"Cr\u00e9er une \u00abCulture of Care\u00bb Aujourd\u2019hui, sur la base des 3R bien \u00e9tablis (replace, refine, reduce), un quatri\u00e8me R qui repr\u00e9sente la responsabilit\u00e9 vient s\u2019ajouter. La responsabilit\u00e9 est d\u00e9finie comme le fait d\u2019assurer que les animaux utilis\u00e9s pour l\u2019\u00eatre humain b\u00e9n\u00e9ficient du plus haut niveau de soins et de la meilleure qualit\u00e9 de vie possible. [&hellip;]","og_url":"https:\/\/animalwelfare.interpharma.ch\/projekte\/entwicklung-einer-pflegekultur-culture-of-care\/","og_site_name":"animalwelfare","article_modified_time":"2026-03-09T15:12:26+00:00","twitter_card":"summary_large_image","twitter_misc":{"Dur\u00e9e de lecture estim\u00e9e":"2 minutes"},"schema":{"@context":"https:\/\/schema.org","@graph":[{"@type":"WebPage","@id":"https:\/\/animalwelfare.interpharma.ch\/projekte\/entwicklung-einer-pflegekultur-culture-of-care\/","url":"https:\/\/animalwelfare.interpharma.ch\/projekte\/entwicklung-einer-pflegekultur-culture-of-care\/","name":"Cr\u00e9er une \u00abCulture of Care\u00bb - animalwelfare","isPartOf":{"@id":"https:\/\/animalwelfare.interpharma.ch\/#website"},"datePublished":"2026-03-06T16:35:10+00:00","dateModified":"2026-03-09T15:12:26+00:00","breadcrumb":{"@id":"https:\/\/animalwelfare.interpharma.ch\/projekte\/entwicklung-einer-pflegekultur-culture-of-care\/#breadcrumb"},"inLanguage":"fr-FR","potentialAction":[{"@type":"ReadAction","target":["https:\/\/animalwelfare.interpharma.ch\/projekte\/entwicklung-einer-pflegekultur-culture-of-care\/"]}]},{"@type":"BreadcrumbList","@id":"https:\/\/animalwelfare.interpharma.ch\/projekte\/entwicklung-einer-pflegekultur-culture-of-care\/#breadcrumb","itemListElement":[{"@type":"ListItem","position":1,"name":"Start","item":"https:\/\/animalwelfare.interpharma.ch\/fr\/"},{"@type":"ListItem","position":2,"name":"Report 2023","item":"https:\/\/animalwelfare.interpharma.ch\/fr\/projets\/"},{"@type":"ListItem","position":3,"name":"Cr\u00e9er une \u00abCulture of Care\u00bb"}]},{"@type":"WebSite","@id":"https:\/\/animalwelfare.interpharma.ch\/#website","url":"https:\/\/animalwelfare.interpharma.ch\/","name":"animalwelfare","description":"","potentialAction":[{"@type":"SearchAction","target":{"@type":"EntryPoint","urlTemplate":"https:\/\/animalwelfare.interpharma.ch\/?s={search_term_string}"},"query-input":{"@type":"PropertyValueSpecification","valueRequired":true,"valueName":"search_term_string"}}],"inLanguage":"fr-FR"}]}},"_links":{"self":[{"href":"https:\/\/animalwelfare.interpharma.ch\/fr\/wp-json\/wp\/v2\/pages\/648","targetHints":{"allow":["GET"]}}],"collection":[{"href":"https:\/\/animalwelfare.interpharma.ch\/fr\/wp-json\/wp\/v2\/pages"}],"about":[{"href":"https:\/\/animalwelfare.interpharma.ch\/fr\/wp-json\/wp\/v2\/types\/page"}],"author":[{"embeddable":true,"href":"https:\/\/animalwelfare.interpharma.ch\/fr\/wp-json\/wp\/v2\/users\/1"}],"replies":[{"embeddable":true,"href":"https:\/\/animalwelfare.interpharma.ch\/fr\/wp-json\/wp\/v2\/comments?post=648"}],"version-history":[{"count":2,"href":"https:\/\/animalwelfare.interpharma.ch\/fr\/wp-json\/wp\/v2\/pages\/648\/revisions"}],"predecessor-version":[{"id":2966,"href":"https:\/\/animalwelfare.interpharma.ch\/fr\/wp-json\/wp\/v2\/pages\/648\/revisions\/2966"}],"up":[{"embeddable":true,"href":"https:\/\/animalwelfare.interpharma.ch\/fr\/wp-json\/wp\/v2\/pages\/750"}],"wp:attachment":[{"href":"https:\/\/animalwelfare.interpharma.ch\/fr\/wp-json\/wp\/v2\/media?parent=648"}],"curies":[{"name":"wp","href":"https:\/\/api.w.org\/{rel}","templated":true}]}}