{"id":642,"date":"2026-03-06T17:35:10","date_gmt":"2026-03-06T16:35:10","guid":{"rendered":"https:\/\/animalwelfare.iph-multisite.berta-bewegt.ch\/?page_id=642"},"modified":"2026-03-09T16:10:43","modified_gmt":"2026-03-09T15:10:43","slug":"global-animal-technician-recognition-day","status":"publish","type":"page","link":"https:\/\/animalwelfare.interpharma.ch\/fr\/projets\/global-animal-technician-recognition-day\/","title":{"rendered":"Le Global Animal Technician Recognition Day distingue les h\u00e9ro\u00efnes et h\u00e9ros des soins aux animaux"},"content":{"rendered":"\n<h2 class=\"wp-block-heading\">Le Global Animal Technician Recognition Day distingue les h\u00e9ro\u00efnes et h\u00e9ros des soins aux animaux<\/h2>\n\n\n\n<p>Une entreprise membre a f\u00eat\u00e9 pour la premi\u00e8re fois le Global Animal Technician Recognition Day, une journ\u00e9e d\u00e9di\u00e9e \u00e0 la reconnaissance et l\u2019appr\u00e9ciation du dur travail et de la responsabilit\u00e9 des techniciennes et techniciens animaliers qui s\u2019occupent des animaux de laboratoire.<br>Les technicien-ne-s animaliers sont les h\u00e9ro\u00efnes et h\u00e9ros des soins aux animaux. Ils travaillent en coulisse sans rel\u00e2che \u00e0 bien s\u2019occuper des animaux et \u00e0 assurer leur sant\u00e9 et leur bien-\u00eatre. Ils fournissent la nourriture, l\u2019eau, l\u2019h\u00e9bergement et les soins m\u00e9dicaux aux animaux qui sont sous leur responsabilit\u00e9. Il leur incombe \u00e9galement de veiller \u00e0 ce que les animaux soient trait\u00e9s avec respect et dignit\u00e9.<br>Les technicien-ne-s animaliers jouent un r\u00f4le crucial pour le progr\u00e8s des connaissances scientifiques et du bien-\u00eatre animal. Ils r\u00e9alisent la recherche et les tests sur les animaux qui aident \u00e0 d\u00e9velopper de nouveaux traitements pour soigner et gu\u00e9rir des maladies humaines et animales.<br>De mani\u00e8re \u00e0 souligner l\u2019appr\u00e9ciation de leur travail, tous les vivariums du monde entier ont \u00e9t\u00e9 r\u00e9unis pour f\u00eater le Global Animal Technician Recognition Day. En r\u00e9compense de leurs efforts, chaque technicien-ne a re\u00e7u un cadeau. Tout cela s\u2019est d\u00e9roul\u00e9 localement sur chaque site dans le cadre d\u2019une conf\u00e9rence mondiale en ligne permettant \u00e0 toutes et tous d\u2019interagir.<br>En conclusion, le Global Animal Technician Recognition Day est une journ\u00e9e importante pour reconna\u00eetre et appr\u00e9cier le dur travail et le d\u00e9vouement des technicien-ne-s animaliers et se r\u00e9p\u00e9tera \u00e0 l\u2019avenir chaque ann\u00e9e.<\/p>\n\n\n\n<p>Nom du projet: Global Animal Technician Recognition Day<br>Article de la charte: 3<\/p>\n","protected":false},"excerpt":{"rendered":"<p>Le Global Animal Technician Recognition Day distingue les h\u00e9ro\u00efnes et h\u00e9ros des soins aux animaux Une entreprise membre a f\u00eat\u00e9 pour la premi\u00e8re fois le Global Animal Technician Recognition Day, une journ\u00e9e d\u00e9di\u00e9e \u00e0 la reconnaissance et l\u2019appr\u00e9ciation du dur travail et de la responsabilit\u00e9 des techniciennes et techniciens animaliers qui s\u2019occupent des animaux de [&hellip;]<\/p>\n","protected":false},"author":1,"featured_media":0,"parent":750,"menu_order":9,"comment_status":"closed","ping_status":"closed","template":"page-templates\/unterthema.php","meta":{"_acf_changed":false,"inline_featured_image":false,"footnotes":""},"class_list":["post-642","page","type-page","status-publish","hentry"],"acf":[],"yoast_head":"<!-- This site is optimized with the Yoast SEO Premium plugin v27.2 (Yoast SEO v27.2) - https:\/\/yoast.com\/product\/yoast-seo-premium-wordpress\/ -->\n<title>Le Global Animal Technician Recognition Day distingue les h\u00e9ro\u00efnes et h\u00e9ros des soins aux animaux - animalwelfare<\/title>\n<meta name=\"robots\" content=\"index, follow, max-snippet:-1, max-image-preview:large, max-video-preview:-1\" \/>\n<link rel=\"canonical\" href=\"https:\/\/animalwelfare.interpharma.ch\/projekte\/global-animal-technician-recognition-day\/\" \/>\n<meta property=\"og:locale\" content=\"fr_FR\" \/>\n<meta property=\"og:type\" content=\"article\" \/>\n<meta property=\"og:title\" content=\"Le Global Animal Technician Recognition Day distingue les h\u00e9ro\u00efnes et h\u00e9ros des soins aux animaux\" \/>\n<meta property=\"og:description\" content=\"Le Global Animal Technician Recognition Day distingue les h\u00e9ro\u00efnes et h\u00e9ros des soins aux animaux Une entreprise membre a f\u00eat\u00e9 pour la premi\u00e8re fois le Global Animal Technician Recognition Day, une journ\u00e9e d\u00e9di\u00e9e \u00e0 la reconnaissance et l\u2019appr\u00e9ciation du dur travail et de la responsabilit\u00e9 des techniciennes et techniciens animaliers qui s\u2019occupent des animaux de [&hellip;]\" \/>\n<meta property=\"og:url\" content=\"https:\/\/animalwelfare.interpharma.ch\/projekte\/global-animal-technician-recognition-day\/\" \/>\n<meta property=\"og:site_name\" content=\"animalwelfare\" \/>\n<meta property=\"article:modified_time\" content=\"2026-03-09T15:10:43+00:00\" \/>\n<meta name=\"twitter:card\" content=\"summary_large_image\" \/>\n<meta name=\"twitter:label1\" content=\"Dur\u00e9e de lecture estim\u00e9e\" \/>\n\t<meta name=\"twitter:data1\" content=\"2 minutes\" \/>\n<script type=\"application\/ld+json\" class=\"yoast-schema-graph\">{\"@context\":\"https:\/\/schema.org\",\"@graph\":[{\"@type\":\"WebPage\",\"@id\":\"https:\/\/animalwelfare.interpharma.ch\/projekte\/global-animal-technician-recognition-day\/\",\"url\":\"https:\/\/animalwelfare.interpharma.ch\/projekte\/global-animal-technician-recognition-day\/\",\"name\":\"Le Global Animal Technician Recognition Day distingue les h\u00e9ro\u00efnes et h\u00e9ros des soins aux animaux - animalwelfare\",\"isPartOf\":{\"@id\":\"https:\/\/animalwelfare.interpharma.ch\/#website\"},\"datePublished\":\"2026-03-06T16:35:10+00:00\",\"dateModified\":\"2026-03-09T15:10:43+00:00\",\"breadcrumb\":{\"@id\":\"https:\/\/animalwelfare.interpharma.ch\/projekte\/global-animal-technician-recognition-day\/#breadcrumb\"},\"inLanguage\":\"fr-FR\",\"potentialAction\":[{\"@type\":\"ReadAction\",\"target\":[\"https:\/\/animalwelfare.interpharma.ch\/projekte\/global-animal-technician-recognition-day\/\"]}]},{\"@type\":\"BreadcrumbList\",\"@id\":\"https:\/\/animalwelfare.interpharma.ch\/projekte\/global-animal-technician-recognition-day\/#breadcrumb\",\"itemListElement\":[{\"@type\":\"ListItem\",\"position\":1,\"name\":\"Start\",\"item\":\"https:\/\/animalwelfare.interpharma.ch\/fr\/\"},{\"@type\":\"ListItem\",\"position\":2,\"name\":\"Report 2023\",\"item\":\"https:\/\/animalwelfare.interpharma.ch\/fr\/projets\/\"},{\"@type\":\"ListItem\",\"position\":3,\"name\":\"Le Global Animal Technician Recognition Day distingue les h\u00e9ro\u00efnes et h\u00e9ros des soins aux animaux\"}]},{\"@type\":\"WebSite\",\"@id\":\"https:\/\/animalwelfare.interpharma.ch\/#website\",\"url\":\"https:\/\/animalwelfare.interpharma.ch\/\",\"name\":\"animalwelfare\",\"description\":\"\",\"potentialAction\":[{\"@type\":\"SearchAction\",\"target\":{\"@type\":\"EntryPoint\",\"urlTemplate\":\"https:\/\/animalwelfare.interpharma.ch\/?s={search_term_string}\"},\"query-input\":{\"@type\":\"PropertyValueSpecification\",\"valueRequired\":true,\"valueName\":\"search_term_string\"}}],\"inLanguage\":\"fr-FR\"}]}<\/script>\n<!-- \/ Yoast SEO Premium plugin. -->","yoast_head_json":{"title":"Le Global Animal Technician Recognition Day distingue les h\u00e9ro\u00efnes et h\u00e9ros des soins aux animaux - animalwelfare","robots":{"index":"index","follow":"follow","max-snippet":"max-snippet:-1","max-image-preview":"max-image-preview:large","max-video-preview":"max-video-preview:-1"},"canonical":"https:\/\/animalwelfare.interpharma.ch\/projekte\/global-animal-technician-recognition-day\/","og_locale":"fr_FR","og_type":"article","og_title":"Le Global Animal Technician Recognition Day distingue les h\u00e9ro\u00efnes et h\u00e9ros des soins aux animaux","og_description":"Le Global Animal Technician Recognition Day distingue les h\u00e9ro\u00efnes et h\u00e9ros des soins aux animaux Une entreprise membre a f\u00eat\u00e9 pour la premi\u00e8re fois le Global Animal Technician Recognition Day, une journ\u00e9e d\u00e9di\u00e9e \u00e0 la reconnaissance et l\u2019appr\u00e9ciation du dur travail et de la responsabilit\u00e9 des techniciennes et techniciens animaliers qui s\u2019occupent des animaux de [&hellip;]","og_url":"https:\/\/animalwelfare.interpharma.ch\/projekte\/global-animal-technician-recognition-day\/","og_site_name":"animalwelfare","article_modified_time":"2026-03-09T15:10:43+00:00","twitter_card":"summary_large_image","twitter_misc":{"Dur\u00e9e de lecture estim\u00e9e":"2 minutes"},"schema":{"@context":"https:\/\/schema.org","@graph":[{"@type":"WebPage","@id":"https:\/\/animalwelfare.interpharma.ch\/projekte\/global-animal-technician-recognition-day\/","url":"https:\/\/animalwelfare.interpharma.ch\/projekte\/global-animal-technician-recognition-day\/","name":"Le Global Animal Technician Recognition Day distingue les h\u00e9ro\u00efnes et h\u00e9ros des soins aux animaux - animalwelfare","isPartOf":{"@id":"https:\/\/animalwelfare.interpharma.ch\/#website"},"datePublished":"2026-03-06T16:35:10+00:00","dateModified":"2026-03-09T15:10:43+00:00","breadcrumb":{"@id":"https:\/\/animalwelfare.interpharma.ch\/projekte\/global-animal-technician-recognition-day\/#breadcrumb"},"inLanguage":"fr-FR","potentialAction":[{"@type":"ReadAction","target":["https:\/\/animalwelfare.interpharma.ch\/projekte\/global-animal-technician-recognition-day\/"]}]},{"@type":"BreadcrumbList","@id":"https:\/\/animalwelfare.interpharma.ch\/projekte\/global-animal-technician-recognition-day\/#breadcrumb","itemListElement":[{"@type":"ListItem","position":1,"name":"Start","item":"https:\/\/animalwelfare.interpharma.ch\/fr\/"},{"@type":"ListItem","position":2,"name":"Report 2023","item":"https:\/\/animalwelfare.interpharma.ch\/fr\/projets\/"},{"@type":"ListItem","position":3,"name":"Le Global Animal Technician Recognition Day distingue les h\u00e9ro\u00efnes et h\u00e9ros des soins aux animaux"}]},{"@type":"WebSite","@id":"https:\/\/animalwelfare.interpharma.ch\/#website","url":"https:\/\/animalwelfare.interpharma.ch\/","name":"animalwelfare","description":"","potentialAction":[{"@type":"SearchAction","target":{"@type":"EntryPoint","urlTemplate":"https:\/\/animalwelfare.interpharma.ch\/?s={search_term_string}"},"query-input":{"@type":"PropertyValueSpecification","valueRequired":true,"valueName":"search_term_string"}}],"inLanguage":"fr-FR"}]}},"_links":{"self":[{"href":"https:\/\/animalwelfare.interpharma.ch\/fr\/wp-json\/wp\/v2\/pages\/642","targetHints":{"allow":["GET"]}}],"collection":[{"href":"https:\/\/animalwelfare.interpharma.ch\/fr\/wp-json\/wp\/v2\/pages"}],"about":[{"href":"https:\/\/animalwelfare.interpharma.ch\/fr\/wp-json\/wp\/v2\/types\/page"}],"author":[{"embeddable":true,"href":"https:\/\/animalwelfare.interpharma.ch\/fr\/wp-json\/wp\/v2\/users\/1"}],"replies":[{"embeddable":true,"href":"https:\/\/animalwelfare.interpharma.ch\/fr\/wp-json\/wp\/v2\/comments?post=642"}],"version-history":[{"count":2,"href":"https:\/\/animalwelfare.interpharma.ch\/fr\/wp-json\/wp\/v2\/pages\/642\/revisions"}],"predecessor-version":[{"id":2964,"href":"https:\/\/animalwelfare.interpharma.ch\/fr\/wp-json\/wp\/v2\/pages\/642\/revisions\/2964"}],"up":[{"embeddable":true,"href":"https:\/\/animalwelfare.interpharma.ch\/fr\/wp-json\/wp\/v2\/pages\/750"}],"wp:attachment":[{"href":"https:\/\/animalwelfare.interpharma.ch\/fr\/wp-json\/wp\/v2\/media?parent=642"}],"curies":[{"name":"wp","href":"https:\/\/api.w.org\/{rel}","templated":true}]}}