{"id":636,"date":"2026-03-06T17:35:09","date_gmt":"2026-03-06T16:35:09","guid":{"rendered":"https:\/\/animalwelfare.iph-multisite.berta-bewegt.ch\/?page_id=636"},"modified":"2026-03-09T16:10:26","modified_gmt":"2026-03-09T15:10:26","slug":"programme-dinnovation-dans-les-3r","status":"publish","type":"page","link":"https:\/\/animalwelfare.interpharma.ch\/fr\/projets\/programme-dinnovation-dans-les-3r\/","title":{"rendered":"Programme d\u2019innovation dans les 3R"},"content":{"rendered":"\n<h2 class=\"wp-block-heading\">Programme d\u2019innovation dans les 3R<\/h2>\n\n\n\n<p>Une entreprise membre a cr\u00e9\u00e9 un programme d\u2019innovation dans les 3R (I3R). Le but de ce programme est d\u2019inciter les scientifiques de l\u2019entreprise membre \u00e0 r\u00e9fl\u00e9chir \u00e0 leurs m\u00e9thodes de recherche et de les soutenir en leur fournissant les fonds n\u00e9cessaires pour d\u00e9velopper et valider de nouvelles voies de remplacement, de r\u00e9duction et d\u2019am\u00e9lioration des exp\u00e9riences sur animaux. Le programme d\u2019innovation dans les 3R choisit et soutient des projets de recherche innovants qui ne pourraient pas \u00eatre r\u00e9alis\u00e9s autrement. En 2022, cinq projets de r\u00e9duction et d\u2019am\u00e9lioration ont \u00e9t\u00e9 soutenus. Ces projets ont d\u00e9crit de nouvelles possibilit\u00e9s pour l\u2019entreprise membre de r\u00e9duire le nombre d\u2019animaux n\u00e9cessaires \u00e0 la d\u00e9couverte et au d\u00e9veloppement de m\u00e9dicaments par l\u2019utilisation des \u00aborganes sur puce\u00bb, de l\u2019intelligence artificielle (IA) et d\u2019organo\u00efdes, et d\u2019am\u00e9liorer le bien-\u00eatre des animaux pendant l\u2019\u00e9tude en utilisant des cages num\u00e9riques et des analg\u00e9siques retard pour les rongeurs.<\/p>\n\n\n\n<p>Nom du projet: Innovation dans les 3R<br>Articles de la charte: 1, 2, 3<\/p>\n","protected":false},"excerpt":{"rendered":"<p>Programme d\u2019innovation dans les 3R Une entreprise membre a cr\u00e9\u00e9 un programme d\u2019innovation dans les 3R (I3R). Le but de ce programme est d\u2019inciter les scientifiques de l\u2019entreprise membre \u00e0 r\u00e9fl\u00e9chir \u00e0 leurs m\u00e9thodes de recherche et de les soutenir en leur fournissant les fonds n\u00e9cessaires pour d\u00e9velopper et valider de nouvelles voies de remplacement, [&hellip;]<\/p>\n","protected":false},"author":1,"featured_media":0,"parent":750,"menu_order":8,"comment_status":"closed","ping_status":"closed","template":"page-templates\/unterthema.php","meta":{"_acf_changed":false,"inline_featured_image":false,"footnotes":""},"class_list":["post-636","page","type-page","status-publish","hentry"],"acf":[],"yoast_head":"<!-- This site is optimized with the Yoast SEO Premium plugin v27.2 (Yoast SEO v27.2) - https:\/\/yoast.com\/product\/yoast-seo-premium-wordpress\/ -->\n<title>Programme d\u2019innovation dans les 3R - animalwelfare<\/title>\n<meta name=\"robots\" content=\"index, follow, max-snippet:-1, max-image-preview:large, max-video-preview:-1\" \/>\n<link rel=\"canonical\" href=\"https:\/\/animalwelfare.interpharma.ch\/projekte\/innovation-im-3r-programm\/\" \/>\n<meta property=\"og:locale\" content=\"fr_FR\" \/>\n<meta property=\"og:type\" content=\"article\" \/>\n<meta property=\"og:title\" content=\"Programme d\u2019innovation dans les 3R\" \/>\n<meta property=\"og:description\" content=\"Programme d\u2019innovation dans les 3R Une entreprise membre a cr\u00e9\u00e9 un programme d\u2019innovation dans les 3R (I3R). Le but de ce programme est d\u2019inciter les scientifiques de l\u2019entreprise membre \u00e0 r\u00e9fl\u00e9chir \u00e0 leurs m\u00e9thodes de recherche et de les soutenir en leur fournissant les fonds n\u00e9cessaires pour d\u00e9velopper et valider de nouvelles voies de remplacement, [&hellip;]\" \/>\n<meta property=\"og:url\" content=\"https:\/\/animalwelfare.interpharma.ch\/projekte\/innovation-im-3r-programm\/\" \/>\n<meta property=\"og:site_name\" content=\"animalwelfare\" \/>\n<meta property=\"article:modified_time\" content=\"2026-03-09T15:10:26+00:00\" \/>\n<meta name=\"twitter:card\" content=\"summary_large_image\" \/>\n<meta name=\"twitter:label1\" content=\"Dur\u00e9e de lecture estim\u00e9e\" \/>\n\t<meta name=\"twitter:data1\" content=\"1 minute\" \/>\n<script type=\"application\/ld+json\" class=\"yoast-schema-graph\">{\"@context\":\"https:\/\/schema.org\",\"@graph\":[{\"@type\":\"WebPage\",\"@id\":\"https:\/\/animalwelfare.interpharma.ch\/projekte\/innovation-im-3r-programm\/\",\"url\":\"https:\/\/animalwelfare.interpharma.ch\/projekte\/innovation-im-3r-programm\/\",\"name\":\"Programme d\u2019innovation dans les 3R - animalwelfare\",\"isPartOf\":{\"@id\":\"https:\/\/animalwelfare.interpharma.ch\/#website\"},\"datePublished\":\"2026-03-06T16:35:09+00:00\",\"dateModified\":\"2026-03-09T15:10:26+00:00\",\"breadcrumb\":{\"@id\":\"https:\/\/animalwelfare.interpharma.ch\/projekte\/innovation-im-3r-programm\/#breadcrumb\"},\"inLanguage\":\"fr-FR\",\"potentialAction\":[{\"@type\":\"ReadAction\",\"target\":[\"https:\/\/animalwelfare.interpharma.ch\/projekte\/innovation-im-3r-programm\/\"]}]},{\"@type\":\"BreadcrumbList\",\"@id\":\"https:\/\/animalwelfare.interpharma.ch\/projekte\/innovation-im-3r-programm\/#breadcrumb\",\"itemListElement\":[{\"@type\":\"ListItem\",\"position\":1,\"name\":\"Start\",\"item\":\"https:\/\/animalwelfare.interpharma.ch\/fr\/\"},{\"@type\":\"ListItem\",\"position\":2,\"name\":\"Report 2023\",\"item\":\"https:\/\/animalwelfare.interpharma.ch\/fr\/projets\/\"},{\"@type\":\"ListItem\",\"position\":3,\"name\":\"Programme d\u2019innovation dans les 3R\"}]},{\"@type\":\"WebSite\",\"@id\":\"https:\/\/animalwelfare.interpharma.ch\/#website\",\"url\":\"https:\/\/animalwelfare.interpharma.ch\/\",\"name\":\"animalwelfare\",\"description\":\"\",\"potentialAction\":[{\"@type\":\"SearchAction\",\"target\":{\"@type\":\"EntryPoint\",\"urlTemplate\":\"https:\/\/animalwelfare.interpharma.ch\/?s={search_term_string}\"},\"query-input\":{\"@type\":\"PropertyValueSpecification\",\"valueRequired\":true,\"valueName\":\"search_term_string\"}}],\"inLanguage\":\"fr-FR\"}]}<\/script>\n<!-- \/ Yoast SEO Premium plugin. -->","yoast_head_json":{"title":"Programme d\u2019innovation dans les 3R - animalwelfare","robots":{"index":"index","follow":"follow","max-snippet":"max-snippet:-1","max-image-preview":"max-image-preview:large","max-video-preview":"max-video-preview:-1"},"canonical":"https:\/\/animalwelfare.interpharma.ch\/projekte\/innovation-im-3r-programm\/","og_locale":"fr_FR","og_type":"article","og_title":"Programme d\u2019innovation dans les 3R","og_description":"Programme d\u2019innovation dans les 3R Une entreprise membre a cr\u00e9\u00e9 un programme d\u2019innovation dans les 3R (I3R). Le but de ce programme est d\u2019inciter les scientifiques de l\u2019entreprise membre \u00e0 r\u00e9fl\u00e9chir \u00e0 leurs m\u00e9thodes de recherche et de les soutenir en leur fournissant les fonds n\u00e9cessaires pour d\u00e9velopper et valider de nouvelles voies de remplacement, [&hellip;]","og_url":"https:\/\/animalwelfare.interpharma.ch\/projekte\/innovation-im-3r-programm\/","og_site_name":"animalwelfare","article_modified_time":"2026-03-09T15:10:26+00:00","twitter_card":"summary_large_image","twitter_misc":{"Dur\u00e9e de lecture estim\u00e9e":"1 minute"},"schema":{"@context":"https:\/\/schema.org","@graph":[{"@type":"WebPage","@id":"https:\/\/animalwelfare.interpharma.ch\/projekte\/innovation-im-3r-programm\/","url":"https:\/\/animalwelfare.interpharma.ch\/projekte\/innovation-im-3r-programm\/","name":"Programme d\u2019innovation dans les 3R - animalwelfare","isPartOf":{"@id":"https:\/\/animalwelfare.interpharma.ch\/#website"},"datePublished":"2026-03-06T16:35:09+00:00","dateModified":"2026-03-09T15:10:26+00:00","breadcrumb":{"@id":"https:\/\/animalwelfare.interpharma.ch\/projekte\/innovation-im-3r-programm\/#breadcrumb"},"inLanguage":"fr-FR","potentialAction":[{"@type":"ReadAction","target":["https:\/\/animalwelfare.interpharma.ch\/projekte\/innovation-im-3r-programm\/"]}]},{"@type":"BreadcrumbList","@id":"https:\/\/animalwelfare.interpharma.ch\/projekte\/innovation-im-3r-programm\/#breadcrumb","itemListElement":[{"@type":"ListItem","position":1,"name":"Start","item":"https:\/\/animalwelfare.interpharma.ch\/fr\/"},{"@type":"ListItem","position":2,"name":"Report 2023","item":"https:\/\/animalwelfare.interpharma.ch\/fr\/projets\/"},{"@type":"ListItem","position":3,"name":"Programme d\u2019innovation dans les 3R"}]},{"@type":"WebSite","@id":"https:\/\/animalwelfare.interpharma.ch\/#website","url":"https:\/\/animalwelfare.interpharma.ch\/","name":"animalwelfare","description":"","potentialAction":[{"@type":"SearchAction","target":{"@type":"EntryPoint","urlTemplate":"https:\/\/animalwelfare.interpharma.ch\/?s={search_term_string}"},"query-input":{"@type":"PropertyValueSpecification","valueRequired":true,"valueName":"search_term_string"}}],"inLanguage":"fr-FR"}]}},"_links":{"self":[{"href":"https:\/\/animalwelfare.interpharma.ch\/fr\/wp-json\/wp\/v2\/pages\/636","targetHints":{"allow":["GET"]}}],"collection":[{"href":"https:\/\/animalwelfare.interpharma.ch\/fr\/wp-json\/wp\/v2\/pages"}],"about":[{"href":"https:\/\/animalwelfare.interpharma.ch\/fr\/wp-json\/wp\/v2\/types\/page"}],"author":[{"embeddable":true,"href":"https:\/\/animalwelfare.interpharma.ch\/fr\/wp-json\/wp\/v2\/users\/1"}],"replies":[{"embeddable":true,"href":"https:\/\/animalwelfare.interpharma.ch\/fr\/wp-json\/wp\/v2\/comments?post=636"}],"version-history":[{"count":2,"href":"https:\/\/animalwelfare.interpharma.ch\/fr\/wp-json\/wp\/v2\/pages\/636\/revisions"}],"predecessor-version":[{"id":2963,"href":"https:\/\/animalwelfare.interpharma.ch\/fr\/wp-json\/wp\/v2\/pages\/636\/revisions\/2963"}],"up":[{"embeddable":true,"href":"https:\/\/animalwelfare.interpharma.ch\/fr\/wp-json\/wp\/v2\/pages\/750"}],"wp:attachment":[{"href":"https:\/\/animalwelfare.interpharma.ch\/fr\/wp-json\/wp\/v2\/media?parent=636"}],"curies":[{"name":"wp","href":"https:\/\/api.w.org\/{rel}","templated":true}]}}