{"id":618,"date":"2026-03-06T17:35:09","date_gmt":"2026-03-06T16:35:09","guid":{"rendered":"https:\/\/animalwelfare.iph-multisite.berta-bewegt.ch\/?page_id=618"},"modified":"2026-03-09T16:12:51","modified_gmt":"2026-03-09T15:12:51","slug":"ameliorations-dans-le-vivarium","status":"publish","type":"page","link":"https:\/\/animalwelfare.interpharma.ch\/fr\/projets\/ameliorations-dans-le-vivarium\/","title":{"rendered":"Am\u00e9liorations dans le vivarium"},"content":{"rendered":"\n<h2 class=\"wp-block-heading\">Am\u00e9liorations dans le vivarium<\/h2>\n\n\n\n<p>L\u2019objectif est de fournir des preuves scientifiques que les conditions d\u2019h\u00e9bergement des animaux de laboratoire doivent r\u00e9pondre aux besoins fondamentaux sp\u00e9cifiques \u00e0 l\u2019esp\u00e8ce de mani\u00e8re \u00e0 \u00e9viter des souffrances inutiles et des effets sur la sant\u00e9 psychologique et physiologique des animaux et donc la fiabilit\u00e9 des donn\u00e9es obtenues avec eux.<\/p>\n\n\n\n<p>Am\u00e9liorer les conditions d\u2019h\u00e9bergement et de manipulation r\u00e9duit le stress et la peur des animaux de laboratoire. L\u2019utilisation de cages adapt\u00e9es aux grands groupes (cage pour colonie de rats, cage pour colonie de souris, sol non grillag\u00e9), dans des conditions d\u2019\u00e9levage standard o\u00f9 le bien-\u00eatre animal est nettement am\u00e9lior\u00e9, aboutit \u00e0 une haute qualit\u00e9 des donn\u00e9es de la recherche, permettant par exemple de pr\u00e9dire l\u2019efficacit\u00e9 de m\u00e9dicaments chez l\u2019\u00eatre humain.<\/p>\n\n\n\n<p>Les \u00e9quipes d\u2019am\u00e9lioration testent et \u00e9tablissent divers processus susceptibles d\u2019optimiser les conditions de manipulation et d\u2019\u00e9levage, de mani\u00e8re \u00e0 am\u00e9liorer le bien-\u00eatre animal. \u00c9tudier l\u2019effet de diff\u00e9rentes possibilit\u00e9s d\u2019am\u00e9lioration a lieu dans le cadre d\u2019essais <em>in vivo<\/em> dans lesquels on rel\u00e8ve des donn\u00e9es comportementales. L\u2019accent est mis particuli\u00e8rement sur l\u2019enrichissement environnemental pour les animaux de laboratoire, par exemple l\u2019utilisation sp\u00e9cifique de mat\u00e9riel permettant de fabriquer des nids et liti\u00e8res en fonction de la population et de l\u2019essai. L\u2019am\u00e9lioration des conditions d\u2019h\u00e9bergement et de manipulation, par exemple par tunnels, vise \u00e0 r\u00e9duire les comportements li\u00e9s au stress.<\/p>\n\n\n\n<p>Un autre \u00e9l\u00e9ment important est l\u2019am\u00e9lioration de l\u2019environnement des animaux dans les essais <em>in vivo, <\/em>comme am\u00e9lioration de la gestion de la temp\u00e9rature corporelle pendant l\u2019anesth\u00e9sie, surface plus agr\u00e9able des stations de pesage des souris, ou utilisation de \u00abmannequins\u00bb pour les exercices de formation (\u00abMimicky Mouse\u00bb ou \u00abCita Rat\u00bb).<\/p>\n\n\n\n<p>Le but est de clarifier par des tests les diff\u00e9rentes pr\u00e9f\u00e9rences des souris et populations utilis\u00e9es pour les essais <em>in vivo <\/em>en mati\u00e8re d\u2019enrichissement environnemental, par exemple par changement ou alternance, ainsi que divers tests destin\u00e9s \u00e0 d\u00e9terminer le niveau de stress par la mesure de biomarqueurs lors de la mise en \u0153uvre d\u2019am\u00e9liorations sp\u00e9cifiques, par exemple effet de la r\u00e9duction du nombre d\u2019animaux dans une cage de type III, transfert du nid de l\u2019animal lors d\u2019un changement de cage ou r\u00e9duction de la fr\u00e9quence de changement de cage en s\u2019orientant en fonction de la demande.<\/p>\n\n\n\n<p>Nom du projet: Am\u00e9liorations dans le vivarium<br>Articles de la charte: 1, 2<\/p>\n","protected":false},"excerpt":{"rendered":"<p>Am\u00e9liorations dans le vivarium L\u2019objectif est de fournir des preuves scientifiques que les conditions d\u2019h\u00e9bergement des animaux de laboratoire doivent r\u00e9pondre aux besoins fondamentaux sp\u00e9cifiques \u00e0 l\u2019esp\u00e8ce de mani\u00e8re \u00e0 \u00e9viter des souffrances inutiles et des effets sur la sant\u00e9 psychologique et physiologique des animaux et donc la fiabilit\u00e9 des donn\u00e9es obtenues avec eux. Am\u00e9liorer [&hellip;]<\/p>\n","protected":false},"author":1,"featured_media":0,"parent":750,"menu_order":12,"comment_status":"closed","ping_status":"closed","template":"page-templates\/unterthema.php","meta":{"_acf_changed":false,"inline_featured_image":false,"footnotes":""},"class_list":["post-618","page","type-page","status-publish","hentry"],"acf":[],"yoast_head":"<!-- This site is optimized with the Yoast SEO Premium plugin v27.2 (Yoast SEO v27.2) - https:\/\/yoast.com\/product\/yoast-seo-premium-wordpress\/ -->\n<title>Am\u00e9liorations dans le vivarium - animalwelfare<\/title>\n<meta name=\"robots\" content=\"index, follow, max-snippet:-1, max-image-preview:large, max-video-preview:-1\" \/>\n<link rel=\"canonical\" href=\"https:\/\/animalwelfare.interpharma.ch\/fr\/projets\/ameliorations-dans-le-vivarium\/\" \/>\n<meta property=\"og:locale\" content=\"fr_FR\" \/>\n<meta property=\"og:type\" content=\"article\" \/>\n<meta property=\"og:title\" content=\"Am\u00e9liorations dans le vivarium\" \/>\n<meta property=\"og:description\" content=\"Am\u00e9liorations dans le vivarium L\u2019objectif est de fournir des preuves scientifiques que les conditions d\u2019h\u00e9bergement des animaux de laboratoire doivent r\u00e9pondre aux besoins fondamentaux sp\u00e9cifiques \u00e0 l\u2019esp\u00e8ce de mani\u00e8re \u00e0 \u00e9viter des souffrances inutiles et des effets sur la sant\u00e9 psychologique et physiologique des animaux et donc la fiabilit\u00e9 des donn\u00e9es obtenues avec eux. Am\u00e9liorer [&hellip;]\" \/>\n<meta property=\"og:url\" content=\"https:\/\/animalwelfare.interpharma.ch\/fr\/projets\/ameliorations-dans-le-vivarium\/\" \/>\n<meta property=\"og:site_name\" content=\"animalwelfare\" \/>\n<meta property=\"article:modified_time\" content=\"2026-03-09T15:12:51+00:00\" \/>\n<meta name=\"twitter:card\" content=\"summary_large_image\" \/>\n<meta name=\"twitter:label1\" content=\"Dur\u00e9e de lecture estim\u00e9e\" \/>\n\t<meta name=\"twitter:data1\" content=\"3 minutes\" \/>\n<script type=\"application\/ld+json\" class=\"yoast-schema-graph\">{\"@context\":\"https:\/\/schema.org\",\"@graph\":[{\"@type\":\"WebPage\",\"@id\":\"https:\/\/animalwelfare.interpharma.ch\/fr\/projets\/ameliorations-dans-le-vivarium\/\",\"url\":\"https:\/\/animalwelfare.interpharma.ch\/fr\/projets\/ameliorations-dans-le-vivarium\/\",\"name\":\"Am\u00e9liorations dans le vivarium - animalwelfare\",\"isPartOf\":{\"@id\":\"https:\/\/animalwelfare.interpharma.ch\/#website\"},\"datePublished\":\"2026-03-06T16:35:09+00:00\",\"dateModified\":\"2026-03-09T15:12:51+00:00\",\"breadcrumb\":{\"@id\":\"https:\/\/animalwelfare.interpharma.ch\/fr\/projets\/ameliorations-dans-le-vivarium\/#breadcrumb\"},\"inLanguage\":\"fr-FR\",\"potentialAction\":[{\"@type\":\"ReadAction\",\"target\":[\"https:\/\/animalwelfare.interpharma.ch\/fr\/projets\/ameliorations-dans-le-vivarium\/\"]}]},{\"@type\":\"BreadcrumbList\",\"@id\":\"https:\/\/animalwelfare.interpharma.ch\/fr\/projets\/ameliorations-dans-le-vivarium\/#breadcrumb\",\"itemListElement\":[{\"@type\":\"ListItem\",\"position\":1,\"name\":\"Start\",\"item\":\"https:\/\/animalwelfare.interpharma.ch\/fr\/\"},{\"@type\":\"ListItem\",\"position\":2,\"name\":\"Report 2023\",\"item\":\"https:\/\/animalwelfare.interpharma.ch\/fr\/projets\/\"},{\"@type\":\"ListItem\",\"position\":3,\"name\":\"Am\u00e9liorations dans le vivarium\"}]},{\"@type\":\"WebSite\",\"@id\":\"https:\/\/animalwelfare.interpharma.ch\/#website\",\"url\":\"https:\/\/animalwelfare.interpharma.ch\/\",\"name\":\"animalwelfare\",\"description\":\"\",\"potentialAction\":[{\"@type\":\"SearchAction\",\"target\":{\"@type\":\"EntryPoint\",\"urlTemplate\":\"https:\/\/animalwelfare.interpharma.ch\/?s={search_term_string}\"},\"query-input\":{\"@type\":\"PropertyValueSpecification\",\"valueRequired\":true,\"valueName\":\"search_term_string\"}}],\"inLanguage\":\"fr-FR\"}]}<\/script>\n<!-- \/ Yoast SEO Premium plugin. -->","yoast_head_json":{"title":"Am\u00e9liorations dans le vivarium - animalwelfare","robots":{"index":"index","follow":"follow","max-snippet":"max-snippet:-1","max-image-preview":"max-image-preview:large","max-video-preview":"max-video-preview:-1"},"canonical":"https:\/\/animalwelfare.interpharma.ch\/fr\/projets\/ameliorations-dans-le-vivarium\/","og_locale":"fr_FR","og_type":"article","og_title":"Am\u00e9liorations dans le vivarium","og_description":"Am\u00e9liorations dans le vivarium L\u2019objectif est de fournir des preuves scientifiques que les conditions d\u2019h\u00e9bergement des animaux de laboratoire doivent r\u00e9pondre aux besoins fondamentaux sp\u00e9cifiques \u00e0 l\u2019esp\u00e8ce de mani\u00e8re \u00e0 \u00e9viter des souffrances inutiles et des effets sur la sant\u00e9 psychologique et physiologique des animaux et donc la fiabilit\u00e9 des donn\u00e9es obtenues avec eux. Am\u00e9liorer [&hellip;]","og_url":"https:\/\/animalwelfare.interpharma.ch\/fr\/projets\/ameliorations-dans-le-vivarium\/","og_site_name":"animalwelfare","article_modified_time":"2026-03-09T15:12:51+00:00","twitter_card":"summary_large_image","twitter_misc":{"Dur\u00e9e de lecture estim\u00e9e":"3 minutes"},"schema":{"@context":"https:\/\/schema.org","@graph":[{"@type":"WebPage","@id":"https:\/\/animalwelfare.interpharma.ch\/fr\/projets\/ameliorations-dans-le-vivarium\/","url":"https:\/\/animalwelfare.interpharma.ch\/fr\/projets\/ameliorations-dans-le-vivarium\/","name":"Am\u00e9liorations dans le vivarium - animalwelfare","isPartOf":{"@id":"https:\/\/animalwelfare.interpharma.ch\/#website"},"datePublished":"2026-03-06T16:35:09+00:00","dateModified":"2026-03-09T15:12:51+00:00","breadcrumb":{"@id":"https:\/\/animalwelfare.interpharma.ch\/fr\/projets\/ameliorations-dans-le-vivarium\/#breadcrumb"},"inLanguage":"fr-FR","potentialAction":[{"@type":"ReadAction","target":["https:\/\/animalwelfare.interpharma.ch\/fr\/projets\/ameliorations-dans-le-vivarium\/"]}]},{"@type":"BreadcrumbList","@id":"https:\/\/animalwelfare.interpharma.ch\/fr\/projets\/ameliorations-dans-le-vivarium\/#breadcrumb","itemListElement":[{"@type":"ListItem","position":1,"name":"Start","item":"https:\/\/animalwelfare.interpharma.ch\/fr\/"},{"@type":"ListItem","position":2,"name":"Report 2023","item":"https:\/\/animalwelfare.interpharma.ch\/fr\/projets\/"},{"@type":"ListItem","position":3,"name":"Am\u00e9liorations dans le vivarium"}]},{"@type":"WebSite","@id":"https:\/\/animalwelfare.interpharma.ch\/#website","url":"https:\/\/animalwelfare.interpharma.ch\/","name":"animalwelfare","description":"","potentialAction":[{"@type":"SearchAction","target":{"@type":"EntryPoint","urlTemplate":"https:\/\/animalwelfare.interpharma.ch\/?s={search_term_string}"},"query-input":{"@type":"PropertyValueSpecification","valueRequired":true,"valueName":"search_term_string"}}],"inLanguage":"fr-FR"}]}},"_links":{"self":[{"href":"https:\/\/animalwelfare.interpharma.ch\/fr\/wp-json\/wp\/v2\/pages\/618","targetHints":{"allow":["GET"]}}],"collection":[{"href":"https:\/\/animalwelfare.interpharma.ch\/fr\/wp-json\/wp\/v2\/pages"}],"about":[{"href":"https:\/\/animalwelfare.interpharma.ch\/fr\/wp-json\/wp\/v2\/types\/page"}],"author":[{"embeddable":true,"href":"https:\/\/animalwelfare.interpharma.ch\/fr\/wp-json\/wp\/v2\/users\/1"}],"replies":[{"embeddable":true,"href":"https:\/\/animalwelfare.interpharma.ch\/fr\/wp-json\/wp\/v2\/comments?post=618"}],"version-history":[{"count":2,"href":"https:\/\/animalwelfare.interpharma.ch\/fr\/wp-json\/wp\/v2\/pages\/618\/revisions"}],"predecessor-version":[{"id":2967,"href":"https:\/\/animalwelfare.interpharma.ch\/fr\/wp-json\/wp\/v2\/pages\/618\/revisions\/2967"}],"up":[{"embeddable":true,"href":"https:\/\/animalwelfare.interpharma.ch\/fr\/wp-json\/wp\/v2\/pages\/750"}],"wp:attachment":[{"href":"https:\/\/animalwelfare.interpharma.ch\/fr\/wp-json\/wp\/v2\/media?parent=618"}],"curies":[{"name":"wp","href":"https:\/\/api.w.org\/{rel}","templated":true}]}}