{"id":612,"date":"2026-03-06T17:35:08","date_gmt":"2026-03-06T16:35:08","guid":{"rendered":"https:\/\/animalwelfare.iph-multisite.berta-bewegt.ch\/?page_id=612"},"modified":"2026-03-09T16:13:43","modified_gmt":"2026-03-09T15:13:43","slug":"formation-interne-2","status":"publish","type":"page","link":"https:\/\/animalwelfare.interpharma.ch\/fr\/projets\/formation-interne-2\/","title":{"rendered":"Formation interne"},"content":{"rendered":"\n<h2 class=\"wp-block-heading\">Formation interne<\/h2>\n\n\n\n<p>En Suisse, une entreprise membre propose chaque ann\u00e9e une s\u00e9rie de cours reconnus au niveau f\u00e9d\u00e9ral, ainsi qu\u2019une journ\u00e9e de formation continue sp\u00e9cifique permettant aux employ\u00e9-e-s qui travaillent avec les animaux dans la recherche de remplir leurs devoirs l\u00e9gaux de formation continue. Les th\u00e8mes de la journ\u00e9e de formation continue sont entre autres:<\/p>\n\n\n\n<ul class=\"wp-block-list\">\n<li>Informations sur le positionnement de l\u2019hydrogel, un nouvel appareil d\u2019hydratation pour les rongeurs<\/li>\n\n\n\n<li>Avantages et inconv\u00e9nients de l\u2019administration de m\u00e9dicaments par micropipette chez la souris<\/li>\n\n\n\n<li>Pr\u00e9sentation de r\u00e9seaux de coop\u00e9ration pour des programmes d\u2019\u00e9levage, activit\u00e9s de recherche et de protection au zoo de B\u00e2le<\/li>\n\n\n\n<li>Informations sur les types sauvages en tant que mod\u00e8les \u00e0 la r\u00e9ponse immunitaire humaine<\/li>\n\n\n\n<li>Vaccins \u00e0 base d\u2019ARNm<\/li>\n\n\n\n<li>S\u00e9curit\u00e9 des produits chimiques<\/li>\n\n\n\n<li>\u00c9tude de l\u2019impact sur l\u2019environnement: exigences r\u00e8glementaires actuelles et possibilit\u00e9s d\u2019am\u00e9lioration<\/li>\n<\/ul>\n\n\n\n<p>Nom du projet: Formations continues internes<br>Articles de la charte: 1, 3, 9<\/p>\n","protected":false},"excerpt":{"rendered":"<p>Formation interne En Suisse, une entreprise membre propose chaque ann\u00e9e une s\u00e9rie de cours reconnus au niveau f\u00e9d\u00e9ral, ainsi qu\u2019une journ\u00e9e de formation continue sp\u00e9cifique permettant aux employ\u00e9-e-s qui travaillent avec les animaux dans la recherche de remplir leurs devoirs l\u00e9gaux de formation continue. Les th\u00e8mes de la journ\u00e9e de formation continue sont entre autres: [&hellip;]<\/p>\n","protected":false},"author":1,"featured_media":0,"parent":750,"menu_order":15,"comment_status":"closed","ping_status":"closed","template":"page-templates\/unterthema.php","meta":{"_acf_changed":false,"inline_featured_image":false,"footnotes":""},"class_list":["post-612","page","type-page","status-publish","hentry"],"acf":[],"yoast_head":"<!-- This site is optimized with the Yoast SEO Premium plugin v27.2 (Yoast SEO v27.2) - https:\/\/yoast.com\/product\/yoast-seo-premium-wordpress\/ -->\n<title>Formation interne - animalwelfare<\/title>\n<meta name=\"robots\" content=\"index, follow, max-snippet:-1, max-image-preview:large, max-video-preview:-1\" \/>\n<link rel=\"canonical\" href=\"https:\/\/animalwelfare.interpharma.ch\/projekte\/interne-weiterbildungen-2\/\" \/>\n<meta property=\"og:locale\" content=\"fr_FR\" \/>\n<meta property=\"og:type\" content=\"article\" \/>\n<meta property=\"og:title\" content=\"Formation interne\" \/>\n<meta property=\"og:description\" content=\"Formation interne En Suisse, une entreprise membre propose chaque ann\u00e9e une s\u00e9rie de cours reconnus au niveau f\u00e9d\u00e9ral, ainsi qu\u2019une journ\u00e9e de formation continue sp\u00e9cifique permettant aux employ\u00e9-e-s qui travaillent avec les animaux dans la recherche de remplir leurs devoirs l\u00e9gaux de formation continue. Les th\u00e8mes de la journ\u00e9e de formation continue sont entre autres: [&hellip;]\" \/>\n<meta property=\"og:url\" content=\"https:\/\/animalwelfare.interpharma.ch\/projekte\/interne-weiterbildungen-2\/\" \/>\n<meta property=\"og:site_name\" content=\"animalwelfare\" \/>\n<meta property=\"article:modified_time\" content=\"2026-03-09T15:13:43+00:00\" \/>\n<meta name=\"twitter:card\" content=\"summary_large_image\" \/>\n<meta name=\"twitter:label1\" content=\"Dur\u00e9e de lecture estim\u00e9e\" \/>\n\t<meta name=\"twitter:data1\" content=\"1 minute\" \/>\n<script type=\"application\/ld+json\" class=\"yoast-schema-graph\">{\"@context\":\"https:\/\/schema.org\",\"@graph\":[{\"@type\":\"WebPage\",\"@id\":\"https:\/\/animalwelfare.interpharma.ch\/projekte\/interne-weiterbildungen-2\/\",\"url\":\"https:\/\/animalwelfare.interpharma.ch\/projekte\/interne-weiterbildungen-2\/\",\"name\":\"Formation interne - animalwelfare\",\"isPartOf\":{\"@id\":\"https:\/\/animalwelfare.interpharma.ch\/#website\"},\"datePublished\":\"2026-03-06T16:35:08+00:00\",\"dateModified\":\"2026-03-09T15:13:43+00:00\",\"breadcrumb\":{\"@id\":\"https:\/\/animalwelfare.interpharma.ch\/projekte\/interne-weiterbildungen-2\/#breadcrumb\"},\"inLanguage\":\"fr-FR\",\"potentialAction\":[{\"@type\":\"ReadAction\",\"target\":[\"https:\/\/animalwelfare.interpharma.ch\/projekte\/interne-weiterbildungen-2\/\"]}]},{\"@type\":\"BreadcrumbList\",\"@id\":\"https:\/\/animalwelfare.interpharma.ch\/projekte\/interne-weiterbildungen-2\/#breadcrumb\",\"itemListElement\":[{\"@type\":\"ListItem\",\"position\":1,\"name\":\"Start\",\"item\":\"https:\/\/animalwelfare.interpharma.ch\/fr\/\"},{\"@type\":\"ListItem\",\"position\":2,\"name\":\"Report 2023\",\"item\":\"https:\/\/animalwelfare.interpharma.ch\/fr\/projets\/\"},{\"@type\":\"ListItem\",\"position\":3,\"name\":\"Formation interne\"}]},{\"@type\":\"WebSite\",\"@id\":\"https:\/\/animalwelfare.interpharma.ch\/#website\",\"url\":\"https:\/\/animalwelfare.interpharma.ch\/\",\"name\":\"animalwelfare\",\"description\":\"\",\"potentialAction\":[{\"@type\":\"SearchAction\",\"target\":{\"@type\":\"EntryPoint\",\"urlTemplate\":\"https:\/\/animalwelfare.interpharma.ch\/?s={search_term_string}\"},\"query-input\":{\"@type\":\"PropertyValueSpecification\",\"valueRequired\":true,\"valueName\":\"search_term_string\"}}],\"inLanguage\":\"fr-FR\"}]}<\/script>\n<!-- \/ Yoast SEO Premium plugin. -->","yoast_head_json":{"title":"Formation interne - animalwelfare","robots":{"index":"index","follow":"follow","max-snippet":"max-snippet:-1","max-image-preview":"max-image-preview:large","max-video-preview":"max-video-preview:-1"},"canonical":"https:\/\/animalwelfare.interpharma.ch\/projekte\/interne-weiterbildungen-2\/","og_locale":"fr_FR","og_type":"article","og_title":"Formation interne","og_description":"Formation interne En Suisse, une entreprise membre propose chaque ann\u00e9e une s\u00e9rie de cours reconnus au niveau f\u00e9d\u00e9ral, ainsi qu\u2019une journ\u00e9e de formation continue sp\u00e9cifique permettant aux employ\u00e9-e-s qui travaillent avec les animaux dans la recherche de remplir leurs devoirs l\u00e9gaux de formation continue. Les th\u00e8mes de la journ\u00e9e de formation continue sont entre autres: [&hellip;]","og_url":"https:\/\/animalwelfare.interpharma.ch\/projekte\/interne-weiterbildungen-2\/","og_site_name":"animalwelfare","article_modified_time":"2026-03-09T15:13:43+00:00","twitter_card":"summary_large_image","twitter_misc":{"Dur\u00e9e de lecture estim\u00e9e":"1 minute"},"schema":{"@context":"https:\/\/schema.org","@graph":[{"@type":"WebPage","@id":"https:\/\/animalwelfare.interpharma.ch\/projekte\/interne-weiterbildungen-2\/","url":"https:\/\/animalwelfare.interpharma.ch\/projekte\/interne-weiterbildungen-2\/","name":"Formation interne - animalwelfare","isPartOf":{"@id":"https:\/\/animalwelfare.interpharma.ch\/#website"},"datePublished":"2026-03-06T16:35:08+00:00","dateModified":"2026-03-09T15:13:43+00:00","breadcrumb":{"@id":"https:\/\/animalwelfare.interpharma.ch\/projekte\/interne-weiterbildungen-2\/#breadcrumb"},"inLanguage":"fr-FR","potentialAction":[{"@type":"ReadAction","target":["https:\/\/animalwelfare.interpharma.ch\/projekte\/interne-weiterbildungen-2\/"]}]},{"@type":"BreadcrumbList","@id":"https:\/\/animalwelfare.interpharma.ch\/projekte\/interne-weiterbildungen-2\/#breadcrumb","itemListElement":[{"@type":"ListItem","position":1,"name":"Start","item":"https:\/\/animalwelfare.interpharma.ch\/fr\/"},{"@type":"ListItem","position":2,"name":"Report 2023","item":"https:\/\/animalwelfare.interpharma.ch\/fr\/projets\/"},{"@type":"ListItem","position":3,"name":"Formation interne"}]},{"@type":"WebSite","@id":"https:\/\/animalwelfare.interpharma.ch\/#website","url":"https:\/\/animalwelfare.interpharma.ch\/","name":"animalwelfare","description":"","potentialAction":[{"@type":"SearchAction","target":{"@type":"EntryPoint","urlTemplate":"https:\/\/animalwelfare.interpharma.ch\/?s={search_term_string}"},"query-input":{"@type":"PropertyValueSpecification","valueRequired":true,"valueName":"search_term_string"}}],"inLanguage":"fr-FR"}]}},"_links":{"self":[{"href":"https:\/\/animalwelfare.interpharma.ch\/fr\/wp-json\/wp\/v2\/pages\/612","targetHints":{"allow":["GET"]}}],"collection":[{"href":"https:\/\/animalwelfare.interpharma.ch\/fr\/wp-json\/wp\/v2\/pages"}],"about":[{"href":"https:\/\/animalwelfare.interpharma.ch\/fr\/wp-json\/wp\/v2\/types\/page"}],"author":[{"embeddable":true,"href":"https:\/\/animalwelfare.interpharma.ch\/fr\/wp-json\/wp\/v2\/users\/1"}],"replies":[{"embeddable":true,"href":"https:\/\/animalwelfare.interpharma.ch\/fr\/wp-json\/wp\/v2\/comments?post=612"}],"version-history":[{"count":2,"href":"https:\/\/animalwelfare.interpharma.ch\/fr\/wp-json\/wp\/v2\/pages\/612\/revisions"}],"predecessor-version":[{"id":2970,"href":"https:\/\/animalwelfare.interpharma.ch\/fr\/wp-json\/wp\/v2\/pages\/612\/revisions\/2970"}],"up":[{"embeddable":true,"href":"https:\/\/animalwelfare.interpharma.ch\/fr\/wp-json\/wp\/v2\/pages\/750"}],"wp:attachment":[{"href":"https:\/\/animalwelfare.interpharma.ch\/fr\/wp-json\/wp\/v2\/media?parent=612"}],"curies":[{"name":"wp","href":"https:\/\/api.w.org\/{rel}","templated":true}]}}