{"id":606,"date":"2026-03-06T17:35:08","date_gmt":"2026-03-06T16:35:08","guid":{"rendered":"https:\/\/animalwelfare.iph-multisite.berta-bewegt.ch\/?page_id=606"},"modified":"2026-03-09T16:13:25","modified_gmt":"2026-03-09T15:13:25","slug":"manipulation-douce","status":"publish","type":"page","link":"https:\/\/animalwelfare.interpharma.ch\/fr\/projets\/manipulation-douce\/","title":{"rendered":"Manipulation douce"},"content":{"rendered":"\n<h2 class=\"wp-block-heading\">Manipulation douce<\/h2>\n\n\n\n<p>La manipulation douce est une nouvelle m\u00e9thode d\u2019interaction avec les rongeurs de laboratoire dont il est av\u00e9r\u00e9 qu\u2019elle est beaucoup moins stressante que les m\u00e9thodes traditionnelles. Il s\u2019agit par exemple, au lieu de saisir l\u2019animal par la queue, de le prendre dans le creux de la main ou dans un tunnel.<\/p>\n\n\n\n<p>L\u2019entreprise membre d\u2019Interpharma partage les exp\u00e9riences, outils et connaissances pour favoriser la mise en \u0153uvre de la manipulation douce. Il y a diff\u00e9rentes \u00e9tapes de mise en \u0153uvre, du premier stade th\u00e9orique et d\u2019entra\u00eenement pratique \u00e0 l\u2019application d\u2019une politique de manipulation exclusivement douce, en passant par la r\u00e9alisation d\u2019essais pilotes sur diff\u00e9rentes populations de souris. Le but est d\u2019aboutir dans toute l\u2019entreprise \u00e0 une politique de manipulation exclusivement douce des esp\u00e8ces pertinentes.<\/p>\n\n\n\n<p>Nom du projet: Manipulation douce<br>Articles de la charte: 1, 2, 3<\/p>\n","protected":false},"excerpt":{"rendered":"<p>Manipulation douce La manipulation douce est une nouvelle m\u00e9thode d\u2019interaction avec les rongeurs de laboratoire dont il est av\u00e9r\u00e9 qu\u2019elle est beaucoup moins stressante que les m\u00e9thodes traditionnelles. Il s\u2019agit par exemple, au lieu de saisir l\u2019animal par la queue, de le prendre dans le creux de la main ou dans un tunnel. L\u2019entreprise membre [&hellip;]<\/p>\n","protected":false},"author":1,"featured_media":0,"parent":750,"menu_order":14,"comment_status":"closed","ping_status":"closed","template":"page-templates\/unterthema.php","meta":{"_acf_changed":false,"inline_featured_image":false,"footnotes":""},"class_list":["post-606","page","type-page","status-publish","hentry"],"acf":[],"yoast_head":"<!-- This site is optimized with the Yoast SEO Premium plugin v27.2 (Yoast SEO v27.2) - https:\/\/yoast.com\/product\/yoast-seo-premium-wordpress\/ -->\n<title>Manipulation douce - animalwelfare<\/title>\n<meta name=\"robots\" content=\"index, follow, max-snippet:-1, max-image-preview:large, max-video-preview:-1\" \/>\n<link rel=\"canonical\" href=\"https:\/\/animalwelfare.interpharma.ch\/projekte\/nicht-aversives-handling\/\" \/>\n<meta property=\"og:locale\" content=\"fr_FR\" \/>\n<meta property=\"og:type\" content=\"article\" \/>\n<meta property=\"og:title\" content=\"Manipulation douce\" \/>\n<meta property=\"og:description\" content=\"Manipulation douce La manipulation douce est une nouvelle m\u00e9thode d\u2019interaction avec les rongeurs de laboratoire dont il est av\u00e9r\u00e9 qu\u2019elle est beaucoup moins stressante que les m\u00e9thodes traditionnelles. Il s\u2019agit par exemple, au lieu de saisir l\u2019animal par la queue, de le prendre dans le creux de la main ou dans un tunnel. L\u2019entreprise membre [&hellip;]\" \/>\n<meta property=\"og:url\" content=\"https:\/\/animalwelfare.interpharma.ch\/projekte\/nicht-aversives-handling\/\" \/>\n<meta property=\"og:site_name\" content=\"animalwelfare\" \/>\n<meta property=\"article:modified_time\" content=\"2026-03-09T15:13:25+00:00\" \/>\n<meta name=\"twitter:card\" content=\"summary_large_image\" \/>\n<meta name=\"twitter:label1\" content=\"Dur\u00e9e de lecture estim\u00e9e\" \/>\n\t<meta name=\"twitter:data1\" content=\"1 minute\" \/>\n<script type=\"application\/ld+json\" class=\"yoast-schema-graph\">{\"@context\":\"https:\/\/schema.org\",\"@graph\":[{\"@type\":\"WebPage\",\"@id\":\"https:\/\/animalwelfare.interpharma.ch\/projekte\/nicht-aversives-handling\/\",\"url\":\"https:\/\/animalwelfare.interpharma.ch\/projekte\/nicht-aversives-handling\/\",\"name\":\"Manipulation douce - animalwelfare\",\"isPartOf\":{\"@id\":\"https:\/\/animalwelfare.interpharma.ch\/#website\"},\"datePublished\":\"2026-03-06T16:35:08+00:00\",\"dateModified\":\"2026-03-09T15:13:25+00:00\",\"breadcrumb\":{\"@id\":\"https:\/\/animalwelfare.interpharma.ch\/projekte\/nicht-aversives-handling\/#breadcrumb\"},\"inLanguage\":\"fr-FR\",\"potentialAction\":[{\"@type\":\"ReadAction\",\"target\":[\"https:\/\/animalwelfare.interpharma.ch\/projekte\/nicht-aversives-handling\/\"]}]},{\"@type\":\"BreadcrumbList\",\"@id\":\"https:\/\/animalwelfare.interpharma.ch\/projekte\/nicht-aversives-handling\/#breadcrumb\",\"itemListElement\":[{\"@type\":\"ListItem\",\"position\":1,\"name\":\"Start\",\"item\":\"https:\/\/animalwelfare.interpharma.ch\/fr\/\"},{\"@type\":\"ListItem\",\"position\":2,\"name\":\"Report 2023\",\"item\":\"https:\/\/animalwelfare.interpharma.ch\/fr\/projets\/\"},{\"@type\":\"ListItem\",\"position\":3,\"name\":\"Manipulation douce\"}]},{\"@type\":\"WebSite\",\"@id\":\"https:\/\/animalwelfare.interpharma.ch\/#website\",\"url\":\"https:\/\/animalwelfare.interpharma.ch\/\",\"name\":\"animalwelfare\",\"description\":\"\",\"potentialAction\":[{\"@type\":\"SearchAction\",\"target\":{\"@type\":\"EntryPoint\",\"urlTemplate\":\"https:\/\/animalwelfare.interpharma.ch\/?s={search_term_string}\"},\"query-input\":{\"@type\":\"PropertyValueSpecification\",\"valueRequired\":true,\"valueName\":\"search_term_string\"}}],\"inLanguage\":\"fr-FR\"}]}<\/script>\n<!-- \/ Yoast SEO Premium plugin. -->","yoast_head_json":{"title":"Manipulation douce - animalwelfare","robots":{"index":"index","follow":"follow","max-snippet":"max-snippet:-1","max-image-preview":"max-image-preview:large","max-video-preview":"max-video-preview:-1"},"canonical":"https:\/\/animalwelfare.interpharma.ch\/projekte\/nicht-aversives-handling\/","og_locale":"fr_FR","og_type":"article","og_title":"Manipulation douce","og_description":"Manipulation douce La manipulation douce est une nouvelle m\u00e9thode d\u2019interaction avec les rongeurs de laboratoire dont il est av\u00e9r\u00e9 qu\u2019elle est beaucoup moins stressante que les m\u00e9thodes traditionnelles. Il s\u2019agit par exemple, au lieu de saisir l\u2019animal par la queue, de le prendre dans le creux de la main ou dans un tunnel. L\u2019entreprise membre [&hellip;]","og_url":"https:\/\/animalwelfare.interpharma.ch\/projekte\/nicht-aversives-handling\/","og_site_name":"animalwelfare","article_modified_time":"2026-03-09T15:13:25+00:00","twitter_card":"summary_large_image","twitter_misc":{"Dur\u00e9e de lecture estim\u00e9e":"1 minute"},"schema":{"@context":"https:\/\/schema.org","@graph":[{"@type":"WebPage","@id":"https:\/\/animalwelfare.interpharma.ch\/projekte\/nicht-aversives-handling\/","url":"https:\/\/animalwelfare.interpharma.ch\/projekte\/nicht-aversives-handling\/","name":"Manipulation douce - animalwelfare","isPartOf":{"@id":"https:\/\/animalwelfare.interpharma.ch\/#website"},"datePublished":"2026-03-06T16:35:08+00:00","dateModified":"2026-03-09T15:13:25+00:00","breadcrumb":{"@id":"https:\/\/animalwelfare.interpharma.ch\/projekte\/nicht-aversives-handling\/#breadcrumb"},"inLanguage":"fr-FR","potentialAction":[{"@type":"ReadAction","target":["https:\/\/animalwelfare.interpharma.ch\/projekte\/nicht-aversives-handling\/"]}]},{"@type":"BreadcrumbList","@id":"https:\/\/animalwelfare.interpharma.ch\/projekte\/nicht-aversives-handling\/#breadcrumb","itemListElement":[{"@type":"ListItem","position":1,"name":"Start","item":"https:\/\/animalwelfare.interpharma.ch\/fr\/"},{"@type":"ListItem","position":2,"name":"Report 2023","item":"https:\/\/animalwelfare.interpharma.ch\/fr\/projets\/"},{"@type":"ListItem","position":3,"name":"Manipulation douce"}]},{"@type":"WebSite","@id":"https:\/\/animalwelfare.interpharma.ch\/#website","url":"https:\/\/animalwelfare.interpharma.ch\/","name":"animalwelfare","description":"","potentialAction":[{"@type":"SearchAction","target":{"@type":"EntryPoint","urlTemplate":"https:\/\/animalwelfare.interpharma.ch\/?s={search_term_string}"},"query-input":{"@type":"PropertyValueSpecification","valueRequired":true,"valueName":"search_term_string"}}],"inLanguage":"fr-FR"}]}},"_links":{"self":[{"href":"https:\/\/animalwelfare.interpharma.ch\/fr\/wp-json\/wp\/v2\/pages\/606","targetHints":{"allow":["GET"]}}],"collection":[{"href":"https:\/\/animalwelfare.interpharma.ch\/fr\/wp-json\/wp\/v2\/pages"}],"about":[{"href":"https:\/\/animalwelfare.interpharma.ch\/fr\/wp-json\/wp\/v2\/types\/page"}],"author":[{"embeddable":true,"href":"https:\/\/animalwelfare.interpharma.ch\/fr\/wp-json\/wp\/v2\/users\/1"}],"replies":[{"embeddable":true,"href":"https:\/\/animalwelfare.interpharma.ch\/fr\/wp-json\/wp\/v2\/comments?post=606"}],"version-history":[{"count":2,"href":"https:\/\/animalwelfare.interpharma.ch\/fr\/wp-json\/wp\/v2\/pages\/606\/revisions"}],"predecessor-version":[{"id":2969,"href":"https:\/\/animalwelfare.interpharma.ch\/fr\/wp-json\/wp\/v2\/pages\/606\/revisions\/2969"}],"up":[{"embeddable":true,"href":"https:\/\/animalwelfare.interpharma.ch\/fr\/wp-json\/wp\/v2\/pages\/750"}],"wp:attachment":[{"href":"https:\/\/animalwelfare.interpharma.ch\/fr\/wp-json\/wp\/v2\/media?parent=606"}],"curies":[{"name":"wp","href":"https:\/\/api.w.org\/{rel}","templated":true}]}}