{"id":478,"date":"2026-03-06T17:35:00","date_gmt":"2026-03-06T16:35:00","guid":{"rendered":"https:\/\/animalwelfare.iph-multisite.berta-bewegt.ch\/?page_id=478"},"modified":"2026-03-09T14:18:59","modified_gmt":"2026-03-09T13:18:59","slug":"folge-1-2-2","status":"publish","type":"page","link":"https:\/\/animalwelfare.interpharma.ch\/fr\/sujets\/alternativmethoden\/serie-sur-le-bien-etre-animal\/folge-1-2-2\/","title":{"rendered":"Troisi\u00e8me \u00e9pisode"},"content":{"rendered":"\n<h2 class=\"wp-block-heading\">Troisi\u00e8me \u00e9pisode<\/h2>\n\n\n\n<h2 class=\"wp-block-heading\"><strong>D\u00e9couverte d\u2019un nouvel antibiotique contre l\u2019antibior\u00e9sistance<\/strong><\/h2>\n\n\n\n<div class=\"wp-block-columns is-layout-flex wp-container-core-columns-is-layout-9d6595d7 wp-block-columns-is-layout-flex\">\n<div class=\"wp-block-column is-layout-flow wp-block-column-is-layout-flow\">\n<p>L\u2019antibior\u00e9sistance ou r\u00e9sistance aux antibiotiques (parfois aussi appel\u00e9e r\u00e9sistance aux antimicrobiens ou RAM) d\u00e9crit l\u2019immunit\u00e9 des bact\u00e9ries contre les antibiotiques, principaux m\u00e9dicaments contre les infections, qui agissent soit en tuant les bact\u00e9ries, soit en inhibant leur croissance. Largement r\u00e9pandues de nos jours, les r\u00e9sistances ont \u00e9t\u00e9 caus\u00e9es par un usage excessif des antibiotiques chez l\u2019\u00eatre humain, les animaux et les v\u00e9g\u00e9taux et repr\u00e9sentent un probl\u00e8me mondial pour la sant\u00e9 publique. D\u2019apr\u00e8s les estimations actuelles de l\u2019<a href=\"https:\/\/www.who.int\/news\/item\/27-05-2025-seventy-eighth-world-health-assembly---daily-update--27-may-2025\">OMS<\/a>, en 2021, environ 4,71&nbsp;millions de d\u00e9c\u00e8s au monde \u00e9taient li\u00e9s aux antibior\u00e9sistances.<\/p>\n\n\n\n<h4 class=\"wp-block-heading\"><strong>Espoir en provenance des \u00c9tats-Unis: effet cibl\u00e9, intestin \u00e9pargn\u00e9<\/strong><\/h4>\n\n\n\n<p>Une \u00e9quipe de recherche de l\u2019Universit\u00e9 d\u2019Illinois (\u00c9tats-Unis) a \u00e0 pr\u00e9sent d\u00e9couvert un nouvel antibiotique, la lolamycine. Cette nouvelle substance prometteuse a \u00e9t\u00e9 test\u00e9e avec succ\u00e8s contre des bact\u00e9ries multir\u00e9sistantes, tout d\u2019abord dans des cultures cellulaires <em>in vitro<\/em>, puis seulement chez la souris pour \u00e9viter leur souffrances. La particularit\u00e9 de la lolamycine est qu\u2019elle \u00e9limine les bact\u00e9ries dangereuses tout en \u00e9pargnant les bonnes bact\u00e9ries intestinales (microbiome). Ceci est une innovation par rapport aux antibiotiques classiques qui, bien souvent, ne tuent pas seulement les bact\u00e9ries nocives, mais aussi les bact\u00e9ries intestinales utiles, ce qui peut perturber l\u2019\u00e9quilibre de l\u2019organisme et avoir des cons\u00e9quences \u00e0 long terme pour la sant\u00e9.<\/p>\n\n\n\n<p><\/p>\n<\/div>\n\n\n\n<div class=\"wp-block-column is-layout-flow wp-block-column-is-layout-flow\">\n<figure class=\"wp-block-image size-large is-resized\" id=\"folge2\"><img decoding=\"async\" src=\"https:\/\/animalwelfare.interpharma.ch\/wp-content\/uploads\/sites\/5\/2025\/10\/20251017_iph_grafiken_animal_welfare_grafik-5_FR_cu04-709x1024.jpg\" alt=\"\" class=\"wp-image-11323\" style=\"width:523px;height:auto\"\/><\/figure>\n\n\n\n<p id=\"folge2\">Source: <a href=\"https:\/\/www.who.int\/news\/item\/27-05-2025-seventy-eighth-world-health-assembly---daily-update--27-may-2025\" target=\"_blank\" rel=\"noreferrer noopener\">WHO<\/a>&nbsp;&amp;&nbsp;<a href=\"https:\/\/onehealthtrust.org\/publications\/infographics\/what-is-amr\/\" target=\"_blank\" rel=\"noreferrer noopener\">OneHealthTrust<\/a><\/p>\n<\/div>\n<\/div>\n\n\n\n<h4 class=\"wp-block-heading\"><strong>Haute efficacit\u00e9 confirm\u00e9e<\/strong><\/h4>\n\n\n\n<p>La lolamycine agit sur un syst\u00e8me de transport sp\u00e9cifique aux bact\u00e9ries et qui n\u2019est pas identique dans les bact\u00e9ries pathog\u00e8nes et les \u00abbonnes\u00bb bact\u00e9ries intestinales. Ainsi, le m\u00e9dicament peut s\u2019attaquer de mani\u00e8re cibl\u00e9e aux seules bact\u00e9ries nocives. Dans les essais pr\u00e9cliniques, la lolamycine a \u00e9t\u00e9 administr\u00e9e \u00e0 des souris qui \u00e9taient atteintes, soit d\u2019une septic\u00e9mie, soit d\u2019une pneumonie, caus\u00e9es l\u2019une comme l\u2019autre par une bact\u00e9rie r\u00e9sistante aux antibiotiques. Toutes les souris atteintes de septic\u00e9mie et 70% des souris atteintes de pneumonie surv\u00e9curent \u00e0 l\u2019exp\u00e9rience, des r\u00e9sultats remarquables. Mais ce n\u2019est pas tout: la composition de la flore intestinale, donc les bonnes bact\u00e9ries du syst\u00e8me digestif, ne changea quasiment pas pendant le traitement, ni dans les 28 jours suivant.<\/p>\n\n\n\n<h4 class=\"wp-block-heading\"><strong>D\u2019abord en cultures cellulaires, puis seulement dans des mod\u00e8les murins<\/strong><\/h4>\n\n\n\n<p>La lolamycine n\u2019a \u00e9t\u00e9 utilis\u00e9e dans des mod\u00e8les animaux qu\u2019apr\u00e8s avoir \u00e9t\u00e9 test\u00e9e sur plus de 130 souches de bact\u00e9ries multir\u00e9sistantes dans des cultures cellulaires. Celles-ci sont une \u00e9tape vers une recherche sans exp\u00e9rimentation animale: ces mod\u00e8les <em>in vitro<\/em> permettent d\u2019acqu\u00e9rir des connaissances importantes sur l\u2019efficacit\u00e9 et la toxicit\u00e9 de nouvelles substances actives avant de les tester sur des mod\u00e8les animaux. Les tests sur la souris (mod\u00e8le murin) \u00e9taient la prochaine \u00e9tape importante, car le microbiome de la souris, c\u2019est-\u00e0-dire l\u2019ensemble des bact\u00e9ries intestinales, ressemble beaucoup \u00e0 celui de l\u2019\u00eatre humain. Les observations faites sur la souris donnent donc des renseignements pr\u00e9cieux pour des essais ult\u00e9rieurs chez l\u2019\u00eatre humain.<\/p>\n\n\n\n<p>La d\u00e9couverte de la lolamycine pourrait \u00eatre une v\u00e9ritable perc\u00e9e dans la lutte contre les antibior\u00e9sistances. Cela montre qu\u2019il est possible d\u2019agir de mani\u00e8re cibl\u00e9e contre les bact\u00e9ries dangereuses sans d\u00e9truire celles qui sont utiles. Ce m\u00e9dicament n\u2019est pas encore autoris\u00e9 pour l\u2019\u00eatre humain, il faut encore faire d\u2019autres essais sur la s\u00e9curit\u00e9, l\u2019efficacit\u00e9 et l\u2019\u00e9ventuel d\u00e9veloppement de r\u00e9sistances. Mais les r\u00e9sultats permettent d\u2019esp\u00e9rer disposer bient\u00f4t de nouveaux antibiotiques mieux tol\u00e9r\u00e9s, qui prot\u00e8gent efficacement notre sant\u00e9 en ces temps de multiplication des r\u00e9sistances.<\/p>\n\n\n\n<div class=\"wp-block-media-text is-stacked-on-mobile\" style=\"grid-template-columns:58% auto\"><figure class=\"wp-block-media-text__media\"><img decoding=\"async\" src=\"https:\/\/animalwelfare.interpharma.ch\/wp-content\/uploads\/sites\/5\/2025\/08\/20250806_iph_grafiken_animal_welfare_grafik_Antibiotika_FR-1024x922.jpg\" alt=\"\" class=\"wp-image-11295 size-full\"\/><\/figure><div class=\"wp-block-media-text__content\">\n<p><\/p>\n<\/div><\/div>\n\n\n\n<p class=\"has-text-align-left\"><a href=\"https:\/\/www.reactgroup.org\/toolbox\/understand\/antibiotics\/\" target=\"_blank\" rel=\"noreferrer noopener\">Quelle<\/a><\/p>\n\n\n\n<p><strong>Informations compl\u00e9mentaires:<\/strong><\/p>\n\n\n\n<ul class=\"wp-block-list\">\n<li><span style=\"text-decoration: underline;\"><a href=\"https:\/\/news.illinois.edu\/new-antibiotic-kills-pathogenic-bacteria-spares-healthy-gut-microbes\/\" target=\"_blank\" rel=\"noreferrer noopener\">New antibiotic kills pathogenic bacteria, spares healthy gut microbes. By Diana Yates. University of Illinois Urbana-Champaign. May 29, 2024<\/a><\/span><\/li>\n\n\n\n<li><a href=\"https:\/\/www.sciencealert.com\/game-changing-antibiotic-discovered-that-spares-good-bacteria?mc_cid=c16eb7ba96&amp;mc_eid=c3a71aa15d\" target=\"_blank\" rel=\"noreferrer noopener\"><span style=\"text-decoration: underline;\">Game-Changing Antibiotic Discovered That Spares &lsquo;Good&rsquo; Bacteria. By Carly Cassella Health, 09 June 2024.<\/span><\/a><\/li>\n<\/ul>\n\n\n\n            <section class=\"highlighted-text-block block-margins block-paddings-v2 secondary-1-light scrollMagic-block visibleInBackend\" data-uid=\"69e186c892bfc\">\n             <div class=\"highlighted-text-block-inner-container\">\n                \n                <div class=\"texteditor-medium-headings\">\n                    <p>Dans la recherche biom\u00e9dicale, l\u2019exp\u00e9rimentation animale est souvent indispensable pour \u00e9valuer la s\u00e9curit\u00e9 et l\u2019efficacit\u00e9 de nouveaux traitements. Elle permet d\u2019observer les interactions complexes au sein d\u2019un organisme vivant que les m\u00e9thodes de substitution ne suffisent pas \u00e0 reproduire. La recherche d\u00e9veloppe de plus en plus de m\u00e9thodes de substitution comme les organo\u00efdes pour r\u00e9duire progressivement l\u2019emploi d\u2019animaux.<\/p>\n                <\/div>\n            <\/div>\n        <\/section>\n    \n\n\n\n","protected":false},"excerpt":{"rendered":"<p>Troisi\u00e8me \u00e9pisode D\u00e9couverte d\u2019un nouvel antibiotique contre l\u2019antibior\u00e9sistance L\u2019antibior\u00e9sistance ou r\u00e9sistance aux antibiotiques (parfois aussi appel\u00e9e r\u00e9sistance aux antimicrobiens ou RAM) d\u00e9crit l\u2019immunit\u00e9 des bact\u00e9ries contre les antibiotiques, principaux m\u00e9dicaments contre les infections, qui agissent soit en tuant les bact\u00e9ries, soit en inhibant leur croissance. Largement r\u00e9pandues de nos jours, les r\u00e9sistances ont \u00e9t\u00e9 caus\u00e9es [&hellip;]<\/p>\n","protected":false},"author":1,"featured_media":0,"parent":490,"menu_order":2,"comment_status":"closed","ping_status":"closed","template":"page-templates\/unterthema.php","meta":{"_acf_changed":false,"inline_featured_image":false,"footnotes":""},"class_list":["post-478","page","type-page","status-publish","hentry"],"acf":[],"yoast_head":"<!-- This site is optimized with the Yoast SEO Premium plugin v27.2 (Yoast SEO v27.2) - https:\/\/yoast.com\/product\/yoast-seo-premium-wordpress\/ -->\n<title>Troisi\u00e8me \u00e9pisode - animalwelfare<\/title>\n<meta name=\"robots\" content=\"index, follow, max-snippet:-1, max-image-preview:large, max-video-preview:-1\" \/>\n<link rel=\"canonical\" href=\"https:\/\/animalwelfare.interpharma.ch\/themen\/alternativmethoden\/animal-welfare-serie\/folge-1-2-2\/\" \/>\n<meta property=\"og:locale\" content=\"fr_FR\" \/>\n<meta property=\"og:type\" content=\"article\" \/>\n<meta property=\"og:title\" content=\"Troisi\u00e8me \u00e9pisode\" \/>\n<meta property=\"og:description\" content=\"Troisi\u00e8me \u00e9pisode D\u00e9couverte d\u2019un nouvel antibiotique contre l\u2019antibior\u00e9sistance L\u2019antibior\u00e9sistance ou r\u00e9sistance aux antibiotiques (parfois aussi appel\u00e9e r\u00e9sistance aux antimicrobiens ou RAM) d\u00e9crit l\u2019immunit\u00e9 des bact\u00e9ries contre les antibiotiques, principaux m\u00e9dicaments contre les infections, qui agissent soit en tuant les bact\u00e9ries, soit en inhibant leur croissance. Largement r\u00e9pandues de nos jours, les r\u00e9sistances ont \u00e9t\u00e9 caus\u00e9es [&hellip;]\" \/>\n<meta property=\"og:url\" content=\"https:\/\/animalwelfare.interpharma.ch\/themen\/alternativmethoden\/animal-welfare-serie\/folge-1-2-2\/\" \/>\n<meta property=\"og:site_name\" content=\"animalwelfare\" \/>\n<meta property=\"article:modified_time\" content=\"2026-03-09T13:18:59+00:00\" \/>\n<meta property=\"og:image\" content=\"https:\/\/animalwelfare.interpharma.ch\/wp-content\/uploads\/sites\/5\/2025\/10\/20251017_iph_grafiken_animal_welfare_grafik-5_FR_cu04-709x1024.jpg\" \/>\n<meta name=\"twitter:card\" content=\"summary_large_image\" \/>\n<meta name=\"twitter:label1\" content=\"Dur\u00e9e de lecture estim\u00e9e\" \/>\n\t<meta name=\"twitter:data1\" content=\"4 minutes\" \/>\n<script type=\"application\/ld+json\" class=\"yoast-schema-graph\">{\"@context\":\"https:\/\/schema.org\",\"@graph\":[{\"@type\":\"WebPage\",\"@id\":\"https:\/\/animalwelfare.interpharma.ch\/themen\/alternativmethoden\/animal-welfare-serie\/folge-1-2-2\/\",\"url\":\"https:\/\/animalwelfare.interpharma.ch\/themen\/alternativmethoden\/animal-welfare-serie\/folge-1-2-2\/\",\"name\":\"Troisi\u00e8me \u00e9pisode - animalwelfare\",\"isPartOf\":{\"@id\":\"https:\/\/animalwelfare.interpharma.ch\/#website\"},\"primaryImageOfPage\":{\"@id\":\"https:\/\/animalwelfare.interpharma.ch\/themen\/alternativmethoden\/animal-welfare-serie\/folge-1-2-2\/#primaryimage\"},\"image\":{\"@id\":\"https:\/\/animalwelfare.interpharma.ch\/themen\/alternativmethoden\/animal-welfare-serie\/folge-1-2-2\/#primaryimage\"},\"thumbnailUrl\":\"https:\/\/animalwelfare.interpharma.ch\/wp-content\/uploads\/sites\/5\/2025\/10\/20251017_iph_grafiken_animal_welfare_grafik-5_FR_cu04-709x1024.jpg\",\"datePublished\":\"2026-03-06T16:35:00+00:00\",\"dateModified\":\"2026-03-09T13:18:59+00:00\",\"breadcrumb\":{\"@id\":\"https:\/\/animalwelfare.interpharma.ch\/themen\/alternativmethoden\/animal-welfare-serie\/folge-1-2-2\/#breadcrumb\"},\"inLanguage\":\"fr-FR\",\"potentialAction\":[{\"@type\":\"ReadAction\",\"target\":[\"https:\/\/animalwelfare.interpharma.ch\/themen\/alternativmethoden\/animal-welfare-serie\/folge-1-2-2\/\"]}]},{\"@type\":\"ImageObject\",\"inLanguage\":\"fr-FR\",\"@id\":\"https:\/\/animalwelfare.interpharma.ch\/themen\/alternativmethoden\/animal-welfare-serie\/folge-1-2-2\/#primaryimage\",\"url\":\"https:\/\/animalwelfare.interpharma.ch\/wp-content\/uploads\/sites\/5\/2025\/10\/20251017_iph_grafiken_animal_welfare_grafik-5_FR_cu04-709x1024.jpg\",\"contentUrl\":\"https:\/\/animalwelfare.interpharma.ch\/wp-content\/uploads\/sites\/5\/2025\/10\/20251017_iph_grafiken_animal_welfare_grafik-5_FR_cu04-709x1024.jpg\"},{\"@type\":\"BreadcrumbList\",\"@id\":\"https:\/\/animalwelfare.interpharma.ch\/themen\/alternativmethoden\/animal-welfare-serie\/folge-1-2-2\/#breadcrumb\",\"itemListElement\":[{\"@type\":\"ListItem\",\"position\":1,\"name\":\"Start\",\"item\":\"https:\/\/animalwelfare.interpharma.ch\/fr\/\"},{\"@type\":\"ListItem\",\"position\":2,\"name\":\"Contenus\",\"item\":\"https:\/\/animalwelfare.interpharma.ch\/fr\/sujets\/\"},{\"@type\":\"ListItem\",\"position\":3,\"name\":\"M\u00e9thodes de substitution\",\"item\":\"https:\/\/animalwelfare.interpharma.ch\/fr\/sujets\/alternativmethoden\/\"},{\"@type\":\"ListItem\",\"position\":4,\"name\":\"S\u00e9rie sur le bien-\u00eatre animal\",\"item\":\"https:\/\/animalwelfare.interpharma.ch\/fr\/sujets\/alternativmethoden\/serie-sur-le-bien-etre-animal\/\"},{\"@type\":\"ListItem\",\"position\":5,\"name\":\"Troisi\u00e8me \u00e9pisode\"}]},{\"@type\":\"WebSite\",\"@id\":\"https:\/\/animalwelfare.interpharma.ch\/#website\",\"url\":\"https:\/\/animalwelfare.interpharma.ch\/\",\"name\":\"animalwelfare\",\"description\":\"\",\"potentialAction\":[{\"@type\":\"SearchAction\",\"target\":{\"@type\":\"EntryPoint\",\"urlTemplate\":\"https:\/\/animalwelfare.interpharma.ch\/?s={search_term_string}\"},\"query-input\":{\"@type\":\"PropertyValueSpecification\",\"valueRequired\":true,\"valueName\":\"search_term_string\"}}],\"inLanguage\":\"fr-FR\"}]}<\/script>\n<!-- \/ Yoast SEO Premium plugin. -->","yoast_head_json":{"title":"Troisi\u00e8me \u00e9pisode - animalwelfare","robots":{"index":"index","follow":"follow","max-snippet":"max-snippet:-1","max-image-preview":"max-image-preview:large","max-video-preview":"max-video-preview:-1"},"canonical":"https:\/\/animalwelfare.interpharma.ch\/themen\/alternativmethoden\/animal-welfare-serie\/folge-1-2-2\/","og_locale":"fr_FR","og_type":"article","og_title":"Troisi\u00e8me \u00e9pisode","og_description":"Troisi\u00e8me \u00e9pisode D\u00e9couverte d\u2019un nouvel antibiotique contre l\u2019antibior\u00e9sistance L\u2019antibior\u00e9sistance ou r\u00e9sistance aux antibiotiques (parfois aussi appel\u00e9e r\u00e9sistance aux antimicrobiens ou RAM) d\u00e9crit l\u2019immunit\u00e9 des bact\u00e9ries contre les antibiotiques, principaux m\u00e9dicaments contre les infections, qui agissent soit en tuant les bact\u00e9ries, soit en inhibant leur croissance. Largement r\u00e9pandues de nos jours, les r\u00e9sistances ont \u00e9t\u00e9 caus\u00e9es [&hellip;]","og_url":"https:\/\/animalwelfare.interpharma.ch\/themen\/alternativmethoden\/animal-welfare-serie\/folge-1-2-2\/","og_site_name":"animalwelfare","article_modified_time":"2026-03-09T13:18:59+00:00","og_image":[{"url":"https:\/\/animalwelfare.interpharma.ch\/wp-content\/uploads\/sites\/5\/2025\/10\/20251017_iph_grafiken_animal_welfare_grafik-5_FR_cu04-709x1024.jpg","type":"","width":"","height":""}],"twitter_card":"summary_large_image","twitter_misc":{"Dur\u00e9e de lecture estim\u00e9e":"4 minutes"},"schema":{"@context":"https:\/\/schema.org","@graph":[{"@type":"WebPage","@id":"https:\/\/animalwelfare.interpharma.ch\/themen\/alternativmethoden\/animal-welfare-serie\/folge-1-2-2\/","url":"https:\/\/animalwelfare.interpharma.ch\/themen\/alternativmethoden\/animal-welfare-serie\/folge-1-2-2\/","name":"Troisi\u00e8me \u00e9pisode - animalwelfare","isPartOf":{"@id":"https:\/\/animalwelfare.interpharma.ch\/#website"},"primaryImageOfPage":{"@id":"https:\/\/animalwelfare.interpharma.ch\/themen\/alternativmethoden\/animal-welfare-serie\/folge-1-2-2\/#primaryimage"},"image":{"@id":"https:\/\/animalwelfare.interpharma.ch\/themen\/alternativmethoden\/animal-welfare-serie\/folge-1-2-2\/#primaryimage"},"thumbnailUrl":"https:\/\/animalwelfare.interpharma.ch\/wp-content\/uploads\/sites\/5\/2025\/10\/20251017_iph_grafiken_animal_welfare_grafik-5_FR_cu04-709x1024.jpg","datePublished":"2026-03-06T16:35:00+00:00","dateModified":"2026-03-09T13:18:59+00:00","breadcrumb":{"@id":"https:\/\/animalwelfare.interpharma.ch\/themen\/alternativmethoden\/animal-welfare-serie\/folge-1-2-2\/#breadcrumb"},"inLanguage":"fr-FR","potentialAction":[{"@type":"ReadAction","target":["https:\/\/animalwelfare.interpharma.ch\/themen\/alternativmethoden\/animal-welfare-serie\/folge-1-2-2\/"]}]},{"@type":"ImageObject","inLanguage":"fr-FR","@id":"https:\/\/animalwelfare.interpharma.ch\/themen\/alternativmethoden\/animal-welfare-serie\/folge-1-2-2\/#primaryimage","url":"https:\/\/animalwelfare.interpharma.ch\/wp-content\/uploads\/sites\/5\/2025\/10\/20251017_iph_grafiken_animal_welfare_grafik-5_FR_cu04-709x1024.jpg","contentUrl":"https:\/\/animalwelfare.interpharma.ch\/wp-content\/uploads\/sites\/5\/2025\/10\/20251017_iph_grafiken_animal_welfare_grafik-5_FR_cu04-709x1024.jpg"},{"@type":"BreadcrumbList","@id":"https:\/\/animalwelfare.interpharma.ch\/themen\/alternativmethoden\/animal-welfare-serie\/folge-1-2-2\/#breadcrumb","itemListElement":[{"@type":"ListItem","position":1,"name":"Start","item":"https:\/\/animalwelfare.interpharma.ch\/fr\/"},{"@type":"ListItem","position":2,"name":"Contenus","item":"https:\/\/animalwelfare.interpharma.ch\/fr\/sujets\/"},{"@type":"ListItem","position":3,"name":"M\u00e9thodes de substitution","item":"https:\/\/animalwelfare.interpharma.ch\/fr\/sujets\/alternativmethoden\/"},{"@type":"ListItem","position":4,"name":"S\u00e9rie sur le bien-\u00eatre animal","item":"https:\/\/animalwelfare.interpharma.ch\/fr\/sujets\/alternativmethoden\/serie-sur-le-bien-etre-animal\/"},{"@type":"ListItem","position":5,"name":"Troisi\u00e8me \u00e9pisode"}]},{"@type":"WebSite","@id":"https:\/\/animalwelfare.interpharma.ch\/#website","url":"https:\/\/animalwelfare.interpharma.ch\/","name":"animalwelfare","description":"","potentialAction":[{"@type":"SearchAction","target":{"@type":"EntryPoint","urlTemplate":"https:\/\/animalwelfare.interpharma.ch\/?s={search_term_string}"},"query-input":{"@type":"PropertyValueSpecification","valueRequired":true,"valueName":"search_term_string"}}],"inLanguage":"fr-FR"}]}},"_links":{"self":[{"href":"https:\/\/animalwelfare.interpharma.ch\/fr\/wp-json\/wp\/v2\/pages\/478","targetHints":{"allow":["GET"]}}],"collection":[{"href":"https:\/\/animalwelfare.interpharma.ch\/fr\/wp-json\/wp\/v2\/pages"}],"about":[{"href":"https:\/\/animalwelfare.interpharma.ch\/fr\/wp-json\/wp\/v2\/types\/page"}],"author":[{"embeddable":true,"href":"https:\/\/animalwelfare.interpharma.ch\/fr\/wp-json\/wp\/v2\/users\/1"}],"replies":[{"embeddable":true,"href":"https:\/\/animalwelfare.interpharma.ch\/fr\/wp-json\/wp\/v2\/comments?post=478"}],"version-history":[{"count":3,"href":"https:\/\/animalwelfare.interpharma.ch\/fr\/wp-json\/wp\/v2\/pages\/478\/revisions"}],"predecessor-version":[{"id":2814,"href":"https:\/\/animalwelfare.interpharma.ch\/fr\/wp-json\/wp\/v2\/pages\/478\/revisions\/2814"}],"up":[{"embeddable":true,"href":"https:\/\/animalwelfare.interpharma.ch\/fr\/wp-json\/wp\/v2\/pages\/490"}],"wp:attachment":[{"href":"https:\/\/animalwelfare.interpharma.ch\/fr\/wp-json\/wp\/v2\/media?parent=478"}],"curies":[{"name":"wp","href":"https:\/\/api.w.org\/{rel}","templated":true}]}}