{"id":466,"date":"2026-03-06T17:34:59","date_gmt":"2026-03-06T16:34:59","guid":{"rendered":"https:\/\/animalwelfare.iph-multisite.berta-bewegt.ch\/?page_id=466"},"modified":"2026-03-09T14:20:14","modified_gmt":"2026-03-09T13:20:14","slug":"folge-4","status":"publish","type":"page","link":"https:\/\/animalwelfare.interpharma.ch\/fr\/sujets\/alternativmethoden\/serie-sur-le-bien-etre-animal\/folge-4\/","title":{"rendered":"Quatri\u00e8me \u00e9pisode"},"content":{"rendered":"\n<h2 class=\"wp-block-heading\">Quatri\u00e8me \u00e9pisode<\/h2>\n\n\n\n<h2 class=\"wp-block-heading\"><strong>Nouvelle approche de traitement d\u2019une maladie de peau g\u00e9n\u00e9tique gr\u00e2ce \u00e0 des \u00e9tudes sur la souris<\/strong><\/h2>\n\n\n\n<div class=\"wp-block-columns is-layout-flex wp-container-core-columns-is-layout-9d6595d7 wp-block-columns-is-layout-flex\">\n<div class=\"wp-block-column is-layout-flow wp-block-column-is-layout-flow\">\n<p>Le n\u00e6vus m\u00e9lanocytaire cong\u00e9nital (NMC) est une maladie de peau rare, d\u2019origine g\u00e9n\u00e9tique, dans laquelle de larges grains de beaut\u00e9 (n\u00e6vus) qui d\u00e9mangent, voire sont douloureux, peuvent couvrir jusqu\u2019\u00e0 80\u2009% de la surface de la peau (n\u00e6vus g\u00e9ant) et \u00e9voluer en cancer de la peau, le m\u00e9lanome. Contrairement \u00e0 la plupart des grains de beaut\u00e9 qui apparaissent au cours de la vie, ceux-ci sont pr\u00e9sents d\u00e8s la naissance. Les possibilit\u00e9s de traitement \u00e9taient jusqu\u2019\u00e0 pr\u00e9sent limit\u00e9es&nbsp;: par des op\u00e9rations complexes ou des traitements au laser, on peut enlever en partie les n\u00e6vus, mais le risque de cancer reste quasiment inchang\u00e9. Des m\u00e9dicaments permettent en g\u00e9n\u00e9ral uniquement de soulager les sympt\u00f4mes tels que d\u00e9mangeaisons, douleurs ou crampes.<\/p>\n\n\n\n<p><strong>Une petite fille de trois ans \u00e0 l\u2019origine d\u2019un grand progr\u00e8s<\/strong><strong><\/strong><\/p>\n\n\n\n<p>Ada, trois ans, adore la mer et la baignade, mais elle ne peut pas passer de temps \u00e0 la plage en toute insouciance. Au contraire, la plus grande prudence est de rigueur, car le NMC couvre 70\u2009% de sa peau et lui cause souvent des d\u00e9mangeaisons et des douleurs. Dans le cadre d\u2019un projet de recherche sur de nouvelles possibilit\u00e9s de traitement, elle a donn\u00e9 des cellules de sa peau \u00e0 l\u2019Institut Francis Crick \u00e0 Londres.<\/p>\n<\/div>\n\n\n\n<div class=\"wp-block-column is-layout-flow wp-block-column-is-layout-flow\">\n<figure class=\"wp-block-image size-large\" id=\"folge2\"><img decoding=\"async\" src=\"https:\/\/animalwelfare.interpharma.ch\/wp-content\/uploads\/sites\/5\/2025\/11\/20251110_iph_grafiken_animal_welfare_grafik-6_FR_cu02-1-1024x604.jpg\" alt=\"\" class=\"wp-image-11355\"\/><\/figure>\n\n\n\n<p id=\"folge2\"><strong>Strat\u00e9gies de recherche pr\u00e9clinique pour tester le repositionnement de traitements pour lutter contre le n\u00e6vus m\u00e9lanocytaire cong\u00e9nital (NMC). <\/strong>Les causes connues de NMC, y compris les g\u00e8nes pr\u00e9sentant des mutations ou fusions d\u00e9finies, sont list\u00e9es et toutes les strat\u00e9gies de traitement sugg\u00e9r\u00e9es sont incluses dans le sch\u00e9ma.<\/p>\n\n\n\n<p id=\"folge2\">Source&nbsp;: Emerging Therapies for Congenital Melanocytic Nevi, 2025<\/p>\n<\/div>\n<\/div>\n\n\n\n<p>Les scientifiques ont utilis\u00e9 les cellules de la petite Ada pour tester une approche de traitement innovante&nbsp;: il s\u2019agissait de d\u00e9sactiver le g\u00e8ne NRAS mut\u00e9 qui d\u00e9clenche les n\u00e6vus pathologiques. Lors de premi\u00e8res exp\u00e9riences en laboratoire, ils\/elles sont parvenu-e-s \u00e0 bloquer de mani\u00e8re cibl\u00e9e l\u2019activit\u00e9 du g\u00e8ne dans des cellules.<\/p>\n\n\n\n<p><strong>Les tests sur la souris donnent de l\u2019espoir<\/strong><strong><\/strong><\/p>\n\n\n\n<p>L\u2019\u00e9tape suivante consistait \u00e0 tester le traitement potentiel chez l\u2019animal, \u00e9tape indispensable pour v\u00e9rifier l\u2019efficacit\u00e9 et l\u2019innocuit\u00e9 dans l\u2019organisme vivant. Les chercheuses et chercheurs ont inject\u00e9 le nouveau m\u00e9dicament \u00e0 des souris atteintes de NMC. Au bout de 48&nbsp;heures, un effet apparut d\u00e9j\u00e0&nbsp;: le g\u00e8ne mut\u00e9 \u00e9tait bloqu\u00e9, les n\u00e6vus commen\u00e7aient \u00e0 diminuer.<\/p>\n\n\n\n<p>La doctoresse Veronica Kinsler, m\u00e9decin-adjointe et chercheuse \u00e0 l\u2019Institut Francis Crick et membre du groupe de recherche, se r\u00e9jouit de ce r\u00e9sultat&nbsp;: le fait que les grains de beaut\u00e9 disparaissent et le succ\u00e8s de l\u2019administration \u00e0 la souris sont des \u00e9tapes majeures dans la recherche sur le NMC et donnent de l\u2019espoir aux personnes touch\u00e9es et \u00e0 leurs proches, souligne-t-elle. Il faut faire encore d\u2019autres tests avant de pouvoir essayer ce traitement chez l\u2019\u00eatre humain, pr\u00e9vient-elle, mais l\u2019\u00e9tude sur la souris \u00e9tait une \u00e9tape indispensable qui a permis de tirer des conclusions importantes sur l\u2019effet et les risques de cette approche.<\/p>\n\n\n\n<p><strong>Nouvel espoir pour les personnes touch\u00e9es et pour la recherche<\/strong><strong><\/strong><\/p>\n\n\n\n<p>Les parents d\u2019Ada ne sont pas en reste&nbsp;: l\u2019espoir que la maladie de leur fille puisse un jour se gu\u00e9rir et son risque de cancer de la peau diminuer consid\u00e9rablement est beaucoup plus que ce \u00e0 quoi ils s\u2019attendaient, t\u00e9moignent-ils. \u00ab&nbsp;L&rsquo;id\u00e9e que ce traitement puisse \u00eatre disponible d\u2019ici quelques ann\u00e9es est sensationnelle&nbsp;\u00bb, rench\u00e9rissent-ils.<\/p>\n\n\n\n<p>En plus du progr\u00e8s th\u00e9rapeutique, ce projet traduit aussi la force de la recherche scientifique moderne&nbsp;: la combinaison de mod\u00e8les cellulaires en laboratoire et d\u2019exp\u00e9rimentation animale permet de nos jours de d\u00e9velopper de nouveaux traitements de mani\u00e8re plus cibl\u00e9e, plus rapide et plus s\u00fbre. Malgr\u00e9 les progr\u00e8s accomplis dans les m\u00e9thodes de substitution, cette \u00e9tude souligne l\u2019importance que continue de rev\u00eatir l\u2019exp\u00e9rimentation animale pour franchir la derni\u00e8re \u00e9tape d\u00e9cisive d\u2019application s\u00fbre chez l\u2019\u00eatre humain.<\/p>\n\n\n\n<p><strong>Sources&nbsp;:<\/strong><\/p>\n\n\n\n<ul class=\"wp-block-list\">\n<li><span style=\"text-decoration: underline;\"><a href=\"https:\/\/www.crick.ac.uk\/news-and-reports\/2024-06-17_researchers-find-potential-of-mole-reversal-therapy-in-rare-condition?mc_cid=734a5a4282&amp;mc_eid=c3a71aa15d\" target=\"_blank\" rel=\"noreferrer noopener\">Researchers find potential of mole reversal therapy in rare condition. News an features; The Francis Crick Institute, 17 June 2024<\/a><\/span><\/li>\n\n\n\n<li><a href=\"https:\/\/www.jidonline.org\/article\/S0022-202X(24)00449-4\/fulltext\" target=\"_blank\" rel=\"noreferrer noopener\"><span style=\"text-decoration: underline;\">RNA Therapy for Oncogenic&nbsp;<em>NRAS<\/em>-Driven Nevi Induces Apoptosis. Journal of Investigative Dermatology, Volum 145, Issue 1, P122-134, January 2025.<\/span><\/a><\/li>\n\n\n\n<li><a href=\"https:\/\/www.scientificarchives.com\/article\/emerging-therapies-for-congenital-melanocytic-nevi\" target=\"_blank\" rel=\"noreferrer noopener\"><span style=\"text-decoration: underline;\">Emerging Therapies for Congenital Melanocytic Nevi: Journal of Experimental Pathology, 2025&nbsp;;6 (1).<\/span><\/a><\/li>\n<\/ul>\n\n\n\n            <section class=\"highlighted-text-block block-margins block-paddings-v2 secondary-1-light scrollMagic-block visibleInBackend\" data-uid=\"69e1857125bdc\">\n             <div class=\"highlighted-text-block-inner-container\">\n                \n                <div class=\"texteditor-medium-headings\">\n                    <p>Dans la recherche biom\u00e9dicale, l\u2019exp\u00e9rimentation animale est souvent indispensable pour \u00e9valuer la s\u00e9curit\u00e9 et l\u2019efficacit\u00e9 de nouveaux traitements. Elle permet d\u2019observer les interactions complexes au sein d\u2019un organisme vivant que les m\u00e9thodes de substitution ne suffisent pas \u00e0 reproduire. La recherche d\u00e9veloppe de plus en plus de m\u00e9thodes de substitution comme les organo\u00efdes pour r\u00e9duire progressivement l\u2019emploi d\u2019animaux.<\/p>\n                <\/div>\n            <\/div>\n        <\/section>\n    \n\n\n\n","protected":false},"excerpt":{"rendered":"<p>Quatri\u00e8me \u00e9pisode Nouvelle approche de traitement d\u2019une maladie de peau g\u00e9n\u00e9tique gr\u00e2ce \u00e0 des \u00e9tudes sur la souris Le n\u00e6vus m\u00e9lanocytaire cong\u00e9nital (NMC) est une maladie de peau rare, d\u2019origine g\u00e9n\u00e9tique, dans laquelle de larges grains de beaut\u00e9 (n\u00e6vus) qui d\u00e9mangent, voire sont douloureux, peuvent couvrir jusqu\u2019\u00e0 80\u2009% de la surface de la peau (n\u00e6vus [&hellip;]<\/p>\n","protected":false},"author":1,"featured_media":0,"parent":490,"menu_order":3,"comment_status":"closed","ping_status":"closed","template":"page-templates\/unterthema.php","meta":{"_acf_changed":false,"inline_featured_image":false,"footnotes":""},"class_list":["post-466","page","type-page","status-publish","hentry"],"acf":[],"yoast_head":"<!-- This site is optimized with the Yoast SEO Premium plugin v27.2 (Yoast SEO v27.2) - https:\/\/yoast.com\/product\/yoast-seo-premium-wordpress\/ -->\n<title>Quatri\u00e8me \u00e9pisode - animalwelfare<\/title>\n<meta name=\"robots\" content=\"index, follow, max-snippet:-1, max-image-preview:large, max-video-preview:-1\" \/>\n<link rel=\"canonical\" href=\"https:\/\/animalwelfare.interpharma.ch\/themen\/alternativmethoden\/animal-welfare-serie\/folge-4\/\" \/>\n<meta property=\"og:locale\" content=\"fr_FR\" \/>\n<meta property=\"og:type\" content=\"article\" \/>\n<meta property=\"og:title\" content=\"Quatri\u00e8me \u00e9pisode\" \/>\n<meta property=\"og:description\" content=\"Quatri\u00e8me \u00e9pisode Nouvelle approche de traitement d\u2019une maladie de peau g\u00e9n\u00e9tique gr\u00e2ce \u00e0 des \u00e9tudes sur la souris Le n\u00e6vus m\u00e9lanocytaire cong\u00e9nital (NMC) est une maladie de peau rare, d\u2019origine g\u00e9n\u00e9tique, dans laquelle de larges grains de beaut\u00e9 (n\u00e6vus) qui d\u00e9mangent, voire sont douloureux, peuvent couvrir jusqu\u2019\u00e0 80\u2009% de la surface de la peau (n\u00e6vus [&hellip;]\" \/>\n<meta property=\"og:url\" content=\"https:\/\/animalwelfare.interpharma.ch\/themen\/alternativmethoden\/animal-welfare-serie\/folge-4\/\" \/>\n<meta property=\"og:site_name\" content=\"animalwelfare\" \/>\n<meta property=\"article:modified_time\" content=\"2026-03-09T13:20:14+00:00\" \/>\n<meta property=\"og:image\" content=\"https:\/\/animalwelfare.interpharma.ch\/wp-content\/uploads\/sites\/5\/2025\/11\/20251110_iph_grafiken_animal_welfare_grafik-6_FR_cu02-1-1024x604.jpg\" \/>\n<meta name=\"twitter:card\" content=\"summary_large_image\" \/>\n<meta name=\"twitter:label1\" content=\"Dur\u00e9e de lecture estim\u00e9e\" \/>\n\t<meta name=\"twitter:data1\" content=\"5 minutes\" \/>\n<script type=\"application\/ld+json\" class=\"yoast-schema-graph\">{\"@context\":\"https:\/\/schema.org\",\"@graph\":[{\"@type\":\"WebPage\",\"@id\":\"https:\/\/animalwelfare.interpharma.ch\/themen\/alternativmethoden\/animal-welfare-serie\/folge-4\/\",\"url\":\"https:\/\/animalwelfare.interpharma.ch\/themen\/alternativmethoden\/animal-welfare-serie\/folge-4\/\",\"name\":\"Quatri\u00e8me \u00e9pisode - animalwelfare\",\"isPartOf\":{\"@id\":\"https:\/\/animalwelfare.interpharma.ch\/#website\"},\"primaryImageOfPage\":{\"@id\":\"https:\/\/animalwelfare.interpharma.ch\/themen\/alternativmethoden\/animal-welfare-serie\/folge-4\/#primaryimage\"},\"image\":{\"@id\":\"https:\/\/animalwelfare.interpharma.ch\/themen\/alternativmethoden\/animal-welfare-serie\/folge-4\/#primaryimage\"},\"thumbnailUrl\":\"https:\/\/animalwelfare.interpharma.ch\/wp-content\/uploads\/sites\/5\/2025\/11\/20251110_iph_grafiken_animal_welfare_grafik-6_FR_cu02-1-1024x604.jpg\",\"datePublished\":\"2026-03-06T16:34:59+00:00\",\"dateModified\":\"2026-03-09T13:20:14+00:00\",\"breadcrumb\":{\"@id\":\"https:\/\/animalwelfare.interpharma.ch\/themen\/alternativmethoden\/animal-welfare-serie\/folge-4\/#breadcrumb\"},\"inLanguage\":\"fr-FR\",\"potentialAction\":[{\"@type\":\"ReadAction\",\"target\":[\"https:\/\/animalwelfare.interpharma.ch\/themen\/alternativmethoden\/animal-welfare-serie\/folge-4\/\"]}]},{\"@type\":\"ImageObject\",\"inLanguage\":\"fr-FR\",\"@id\":\"https:\/\/animalwelfare.interpharma.ch\/themen\/alternativmethoden\/animal-welfare-serie\/folge-4\/#primaryimage\",\"url\":\"https:\/\/animalwelfare.interpharma.ch\/wp-content\/uploads\/sites\/5\/2025\/11\/20251110_iph_grafiken_animal_welfare_grafik-6_FR_cu02-1-1024x604.jpg\",\"contentUrl\":\"https:\/\/animalwelfare.interpharma.ch\/wp-content\/uploads\/sites\/5\/2025\/11\/20251110_iph_grafiken_animal_welfare_grafik-6_FR_cu02-1-1024x604.jpg\"},{\"@type\":\"BreadcrumbList\",\"@id\":\"https:\/\/animalwelfare.interpharma.ch\/themen\/alternativmethoden\/animal-welfare-serie\/folge-4\/#breadcrumb\",\"itemListElement\":[{\"@type\":\"ListItem\",\"position\":1,\"name\":\"Start\",\"item\":\"https:\/\/animalwelfare.interpharma.ch\/fr\/\"},{\"@type\":\"ListItem\",\"position\":2,\"name\":\"Contenus\",\"item\":\"https:\/\/animalwelfare.interpharma.ch\/fr\/sujets\/\"},{\"@type\":\"ListItem\",\"position\":3,\"name\":\"M\u00e9thodes de substitution\",\"item\":\"https:\/\/animalwelfare.interpharma.ch\/fr\/sujets\/alternativmethoden\/\"},{\"@type\":\"ListItem\",\"position\":4,\"name\":\"S\u00e9rie sur le bien-\u00eatre animal\",\"item\":\"https:\/\/animalwelfare.interpharma.ch\/fr\/sujets\/alternativmethoden\/serie-sur-le-bien-etre-animal\/\"},{\"@type\":\"ListItem\",\"position\":5,\"name\":\"Quatri\u00e8me \u00e9pisode\"}]},{\"@type\":\"WebSite\",\"@id\":\"https:\/\/animalwelfare.interpharma.ch\/#website\",\"url\":\"https:\/\/animalwelfare.interpharma.ch\/\",\"name\":\"animalwelfare\",\"description\":\"\",\"potentialAction\":[{\"@type\":\"SearchAction\",\"target\":{\"@type\":\"EntryPoint\",\"urlTemplate\":\"https:\/\/animalwelfare.interpharma.ch\/?s={search_term_string}\"},\"query-input\":{\"@type\":\"PropertyValueSpecification\",\"valueRequired\":true,\"valueName\":\"search_term_string\"}}],\"inLanguage\":\"fr-FR\"}]}<\/script>\n<!-- \/ Yoast SEO Premium plugin. -->","yoast_head_json":{"title":"Quatri\u00e8me \u00e9pisode - animalwelfare","robots":{"index":"index","follow":"follow","max-snippet":"max-snippet:-1","max-image-preview":"max-image-preview:large","max-video-preview":"max-video-preview:-1"},"canonical":"https:\/\/animalwelfare.interpharma.ch\/themen\/alternativmethoden\/animal-welfare-serie\/folge-4\/","og_locale":"fr_FR","og_type":"article","og_title":"Quatri\u00e8me \u00e9pisode","og_description":"Quatri\u00e8me \u00e9pisode Nouvelle approche de traitement d\u2019une maladie de peau g\u00e9n\u00e9tique gr\u00e2ce \u00e0 des \u00e9tudes sur la souris Le n\u00e6vus m\u00e9lanocytaire cong\u00e9nital (NMC) est une maladie de peau rare, d\u2019origine g\u00e9n\u00e9tique, dans laquelle de larges grains de beaut\u00e9 (n\u00e6vus) qui d\u00e9mangent, voire sont douloureux, peuvent couvrir jusqu\u2019\u00e0 80\u2009% de la surface de la peau (n\u00e6vus [&hellip;]","og_url":"https:\/\/animalwelfare.interpharma.ch\/themen\/alternativmethoden\/animal-welfare-serie\/folge-4\/","og_site_name":"animalwelfare","article_modified_time":"2026-03-09T13:20:14+00:00","og_image":[{"url":"https:\/\/animalwelfare.interpharma.ch\/wp-content\/uploads\/sites\/5\/2025\/11\/20251110_iph_grafiken_animal_welfare_grafik-6_FR_cu02-1-1024x604.jpg","type":"","width":"","height":""}],"twitter_card":"summary_large_image","twitter_misc":{"Dur\u00e9e de lecture estim\u00e9e":"5 minutes"},"schema":{"@context":"https:\/\/schema.org","@graph":[{"@type":"WebPage","@id":"https:\/\/animalwelfare.interpharma.ch\/themen\/alternativmethoden\/animal-welfare-serie\/folge-4\/","url":"https:\/\/animalwelfare.interpharma.ch\/themen\/alternativmethoden\/animal-welfare-serie\/folge-4\/","name":"Quatri\u00e8me \u00e9pisode - animalwelfare","isPartOf":{"@id":"https:\/\/animalwelfare.interpharma.ch\/#website"},"primaryImageOfPage":{"@id":"https:\/\/animalwelfare.interpharma.ch\/themen\/alternativmethoden\/animal-welfare-serie\/folge-4\/#primaryimage"},"image":{"@id":"https:\/\/animalwelfare.interpharma.ch\/themen\/alternativmethoden\/animal-welfare-serie\/folge-4\/#primaryimage"},"thumbnailUrl":"https:\/\/animalwelfare.interpharma.ch\/wp-content\/uploads\/sites\/5\/2025\/11\/20251110_iph_grafiken_animal_welfare_grafik-6_FR_cu02-1-1024x604.jpg","datePublished":"2026-03-06T16:34:59+00:00","dateModified":"2026-03-09T13:20:14+00:00","breadcrumb":{"@id":"https:\/\/animalwelfare.interpharma.ch\/themen\/alternativmethoden\/animal-welfare-serie\/folge-4\/#breadcrumb"},"inLanguage":"fr-FR","potentialAction":[{"@type":"ReadAction","target":["https:\/\/animalwelfare.interpharma.ch\/themen\/alternativmethoden\/animal-welfare-serie\/folge-4\/"]}]},{"@type":"ImageObject","inLanguage":"fr-FR","@id":"https:\/\/animalwelfare.interpharma.ch\/themen\/alternativmethoden\/animal-welfare-serie\/folge-4\/#primaryimage","url":"https:\/\/animalwelfare.interpharma.ch\/wp-content\/uploads\/sites\/5\/2025\/11\/20251110_iph_grafiken_animal_welfare_grafik-6_FR_cu02-1-1024x604.jpg","contentUrl":"https:\/\/animalwelfare.interpharma.ch\/wp-content\/uploads\/sites\/5\/2025\/11\/20251110_iph_grafiken_animal_welfare_grafik-6_FR_cu02-1-1024x604.jpg"},{"@type":"BreadcrumbList","@id":"https:\/\/animalwelfare.interpharma.ch\/themen\/alternativmethoden\/animal-welfare-serie\/folge-4\/#breadcrumb","itemListElement":[{"@type":"ListItem","position":1,"name":"Start","item":"https:\/\/animalwelfare.interpharma.ch\/fr\/"},{"@type":"ListItem","position":2,"name":"Contenus","item":"https:\/\/animalwelfare.interpharma.ch\/fr\/sujets\/"},{"@type":"ListItem","position":3,"name":"M\u00e9thodes de substitution","item":"https:\/\/animalwelfare.interpharma.ch\/fr\/sujets\/alternativmethoden\/"},{"@type":"ListItem","position":4,"name":"S\u00e9rie sur le bien-\u00eatre animal","item":"https:\/\/animalwelfare.interpharma.ch\/fr\/sujets\/alternativmethoden\/serie-sur-le-bien-etre-animal\/"},{"@type":"ListItem","position":5,"name":"Quatri\u00e8me \u00e9pisode"}]},{"@type":"WebSite","@id":"https:\/\/animalwelfare.interpharma.ch\/#website","url":"https:\/\/animalwelfare.interpharma.ch\/","name":"animalwelfare","description":"","potentialAction":[{"@type":"SearchAction","target":{"@type":"EntryPoint","urlTemplate":"https:\/\/animalwelfare.interpharma.ch\/?s={search_term_string}"},"query-input":{"@type":"PropertyValueSpecification","valueRequired":true,"valueName":"search_term_string"}}],"inLanguage":"fr-FR"}]}},"_links":{"self":[{"href":"https:\/\/animalwelfare.interpharma.ch\/fr\/wp-json\/wp\/v2\/pages\/466","targetHints":{"allow":["GET"]}}],"collection":[{"href":"https:\/\/animalwelfare.interpharma.ch\/fr\/wp-json\/wp\/v2\/pages"}],"about":[{"href":"https:\/\/animalwelfare.interpharma.ch\/fr\/wp-json\/wp\/v2\/types\/page"}],"author":[{"embeddable":true,"href":"https:\/\/animalwelfare.interpharma.ch\/fr\/wp-json\/wp\/v2\/users\/1"}],"replies":[{"embeddable":true,"href":"https:\/\/animalwelfare.interpharma.ch\/fr\/wp-json\/wp\/v2\/comments?post=466"}],"version-history":[{"count":2,"href":"https:\/\/animalwelfare.interpharma.ch\/fr\/wp-json\/wp\/v2\/pages\/466\/revisions"}],"predecessor-version":[{"id":2815,"href":"https:\/\/animalwelfare.interpharma.ch\/fr\/wp-json\/wp\/v2\/pages\/466\/revisions\/2815"}],"up":[{"embeddable":true,"href":"https:\/\/animalwelfare.interpharma.ch\/fr\/wp-json\/wp\/v2\/pages\/490"}],"wp:attachment":[{"href":"https:\/\/animalwelfare.interpharma.ch\/fr\/wp-json\/wp\/v2\/media?parent=466"}],"curies":[{"name":"wp","href":"https:\/\/api.w.org\/{rel}","templated":true}]}}