{"id":448,"date":"2026-03-06T17:34:58","date_gmt":"2026-03-06T16:34:58","guid":{"rendered":"https:\/\/animalwelfare.iph-multisite.berta-bewegt.ch\/?page_id=448"},"modified":"2026-03-09T16:26:46","modified_gmt":"2026-03-09T15:26:46","slug":"handling-champions","status":"publish","type":"page","link":"https:\/\/animalwelfare.interpharma.ch\/fr\/report-2025\/handling-champions\/","title":{"rendered":"Handling Champions"},"content":{"rendered":"\n<h2 class=\"wp-block-heading\">Handling Champions<\/h2>\n\n\n\n<p>Le concept de \u00abGentle Handling\u00bb (<em>manipulation en douceur<\/em>), \u00e9tabli depuis plusieurs ann\u00e9es dans l\u2019\u00e9levage, est d\u00e9sormais obligatoire pour l\u2019ensemble des processus n\u00e9cessitant la manipulation d\u2019animaux de laboratoire. Cela implique non seulement un entra\u00eenement intensif des animaux, mais aussi l\u2019\u00e9laboration conjointe de solutions aux d\u00e9fis pratiques, tels que les pr\u00e9l\u00e8vements d\u2019\u00e9chantillons r\u00e9alis\u00e9s \u00e0 intervalles rapproch\u00e9s ou la manipulation d\u2019animaux particuli\u00e8rement r\u00e9actifs.<\/p>\n\n\n\n<p>Afin de favoriser l\u2019\u00e9change d\u2019exp\u00e9riences et de d\u00e9velopper de bonnes pratiques, le groupe \u00abHandling Champions\u00bb a \u00e9t\u00e9 cr\u00e9\u00e9 au sein d\u2019une entreprise membre. Chaque groupe de travail y est repr\u00e9sent\u00e9 par une collaboratrice ou un collaborateur. Ces personnes font office de premier point de contact au sein de leurs \u00e9quipes en cas de questions, de doutes ou de propositions d\u2019am\u00e9lioration, et soutiennent la mise en \u0153uvre rigoureuse de l\u2019approche du \u00abGentle Handling\u00bb.<\/p>\n\n\n\n<p><strong>Nom du projet: <\/strong>Handling Champions<br><strong>Article de la charte: <\/strong>1, 2, 3<\/p>\n","protected":false},"excerpt":{"rendered":"<p>Handling Champions Le concept de \u00abGentle Handling\u00bb (manipulation en douceur), \u00e9tabli depuis plusieurs ann\u00e9es dans l\u2019\u00e9levage, est d\u00e9sormais obligatoire pour l\u2019ensemble des processus n\u00e9cessitant la manipulation d\u2019animaux de laboratoire. Cela implique non seulement un entra\u00eenement intensif des animaux, mais aussi l\u2019\u00e9laboration conjointe de solutions aux d\u00e9fis pratiques, tels que les pr\u00e9l\u00e8vements d\u2019\u00e9chantillons r\u00e9alis\u00e9s \u00e0 intervalles [&hellip;]<\/p>\n","protected":false},"author":1,"featured_media":0,"parent":460,"menu_order":2,"comment_status":"closed","ping_status":"closed","template":"page-templates\/unterthema.php","meta":{"_acf_changed":false,"inline_featured_image":false,"footnotes":""},"class_list":["post-448","page","type-page","status-publish","hentry"],"acf":[],"yoast_head":"<!-- This site is optimized with the Yoast SEO Premium plugin v27.2 (Yoast SEO v27.2) - https:\/\/yoast.com\/product\/yoast-seo-premium-wordpress\/ -->\n<title>Handling Champions - animalwelfare<\/title>\n<meta name=\"robots\" content=\"index, follow, max-snippet:-1, max-image-preview:large, max-video-preview:-1\" \/>\n<link rel=\"canonical\" href=\"https:\/\/animalwelfare.interpharma.ch\/fr\/report-2025\/handling-champions\/\" \/>\n<meta property=\"og:locale\" content=\"fr_FR\" \/>\n<meta property=\"og:type\" content=\"article\" \/>\n<meta property=\"og:title\" content=\"Handling Champions\" \/>\n<meta property=\"og:description\" content=\"Handling Champions Le concept de \u00abGentle Handling\u00bb (manipulation en douceur), \u00e9tabli depuis plusieurs ann\u00e9es dans l\u2019\u00e9levage, est d\u00e9sormais obligatoire pour l\u2019ensemble des processus n\u00e9cessitant la manipulation d\u2019animaux de laboratoire. Cela implique non seulement un entra\u00eenement intensif des animaux, mais aussi l\u2019\u00e9laboration conjointe de solutions aux d\u00e9fis pratiques, tels que les pr\u00e9l\u00e8vements d\u2019\u00e9chantillons r\u00e9alis\u00e9s \u00e0 intervalles [&hellip;]\" \/>\n<meta property=\"og:url\" content=\"https:\/\/animalwelfare.interpharma.ch\/fr\/report-2025\/handling-champions\/\" \/>\n<meta property=\"og:site_name\" content=\"animalwelfare\" \/>\n<meta property=\"article:modified_time\" content=\"2026-03-09T15:26:46+00:00\" \/>\n<meta name=\"twitter:card\" content=\"summary_large_image\" \/>\n<meta name=\"twitter:label1\" content=\"Dur\u00e9e de lecture estim\u00e9e\" \/>\n\t<meta name=\"twitter:data1\" content=\"1 minute\" \/>\n<script type=\"application\/ld+json\" class=\"yoast-schema-graph\">{\"@context\":\"https:\/\/schema.org\",\"@graph\":[{\"@type\":\"WebPage\",\"@id\":\"https:\/\/animalwelfare.interpharma.ch\/fr\/report-2025\/handling-champions\/\",\"url\":\"https:\/\/animalwelfare.interpharma.ch\/fr\/report-2025\/handling-champions\/\",\"name\":\"Handling Champions - animalwelfare\",\"isPartOf\":{\"@id\":\"https:\/\/animalwelfare.interpharma.ch\/#website\"},\"datePublished\":\"2026-03-06T16:34:58+00:00\",\"dateModified\":\"2026-03-09T15:26:46+00:00\",\"breadcrumb\":{\"@id\":\"https:\/\/animalwelfare.interpharma.ch\/fr\/report-2025\/handling-champions\/#breadcrumb\"},\"inLanguage\":\"fr-FR\",\"potentialAction\":[{\"@type\":\"ReadAction\",\"target\":[\"https:\/\/animalwelfare.interpharma.ch\/fr\/report-2025\/handling-champions\/\"]}]},{\"@type\":\"BreadcrumbList\",\"@id\":\"https:\/\/animalwelfare.interpharma.ch\/fr\/report-2025\/handling-champions\/#breadcrumb\",\"itemListElement\":[{\"@type\":\"ListItem\",\"position\":1,\"name\":\"Start\",\"item\":\"https:\/\/animalwelfare.interpharma.ch\/fr\/\"},{\"@type\":\"ListItem\",\"position\":2,\"name\":\"Report 2025\",\"item\":\"https:\/\/animalwelfare.interpharma.ch\/fr\/report-2025\/\"},{\"@type\":\"ListItem\",\"position\":3,\"name\":\"Handling Champions\"}]},{\"@type\":\"WebSite\",\"@id\":\"https:\/\/animalwelfare.interpharma.ch\/#website\",\"url\":\"https:\/\/animalwelfare.interpharma.ch\/\",\"name\":\"animalwelfare\",\"description\":\"\",\"potentialAction\":[{\"@type\":\"SearchAction\",\"target\":{\"@type\":\"EntryPoint\",\"urlTemplate\":\"https:\/\/animalwelfare.interpharma.ch\/?s={search_term_string}\"},\"query-input\":{\"@type\":\"PropertyValueSpecification\",\"valueRequired\":true,\"valueName\":\"search_term_string\"}}],\"inLanguage\":\"fr-FR\"}]}<\/script>\n<!-- \/ Yoast SEO Premium plugin. -->","yoast_head_json":{"title":"Handling Champions - animalwelfare","robots":{"index":"index","follow":"follow","max-snippet":"max-snippet:-1","max-image-preview":"max-image-preview:large","max-video-preview":"max-video-preview:-1"},"canonical":"https:\/\/animalwelfare.interpharma.ch\/fr\/report-2025\/handling-champions\/","og_locale":"fr_FR","og_type":"article","og_title":"Handling Champions","og_description":"Handling Champions Le concept de \u00abGentle Handling\u00bb (manipulation en douceur), \u00e9tabli depuis plusieurs ann\u00e9es dans l\u2019\u00e9levage, est d\u00e9sormais obligatoire pour l\u2019ensemble des processus n\u00e9cessitant la manipulation d\u2019animaux de laboratoire. Cela implique non seulement un entra\u00eenement intensif des animaux, mais aussi l\u2019\u00e9laboration conjointe de solutions aux d\u00e9fis pratiques, tels que les pr\u00e9l\u00e8vements d\u2019\u00e9chantillons r\u00e9alis\u00e9s \u00e0 intervalles [&hellip;]","og_url":"https:\/\/animalwelfare.interpharma.ch\/fr\/report-2025\/handling-champions\/","og_site_name":"animalwelfare","article_modified_time":"2026-03-09T15:26:46+00:00","twitter_card":"summary_large_image","twitter_misc":{"Dur\u00e9e de lecture estim\u00e9e":"1 minute"},"schema":{"@context":"https:\/\/schema.org","@graph":[{"@type":"WebPage","@id":"https:\/\/animalwelfare.interpharma.ch\/fr\/report-2025\/handling-champions\/","url":"https:\/\/animalwelfare.interpharma.ch\/fr\/report-2025\/handling-champions\/","name":"Handling Champions - animalwelfare","isPartOf":{"@id":"https:\/\/animalwelfare.interpharma.ch\/#website"},"datePublished":"2026-03-06T16:34:58+00:00","dateModified":"2026-03-09T15:26:46+00:00","breadcrumb":{"@id":"https:\/\/animalwelfare.interpharma.ch\/fr\/report-2025\/handling-champions\/#breadcrumb"},"inLanguage":"fr-FR","potentialAction":[{"@type":"ReadAction","target":["https:\/\/animalwelfare.interpharma.ch\/fr\/report-2025\/handling-champions\/"]}]},{"@type":"BreadcrumbList","@id":"https:\/\/animalwelfare.interpharma.ch\/fr\/report-2025\/handling-champions\/#breadcrumb","itemListElement":[{"@type":"ListItem","position":1,"name":"Start","item":"https:\/\/animalwelfare.interpharma.ch\/fr\/"},{"@type":"ListItem","position":2,"name":"Report 2025","item":"https:\/\/animalwelfare.interpharma.ch\/fr\/report-2025\/"},{"@type":"ListItem","position":3,"name":"Handling Champions"}]},{"@type":"WebSite","@id":"https:\/\/animalwelfare.interpharma.ch\/#website","url":"https:\/\/animalwelfare.interpharma.ch\/","name":"animalwelfare","description":"","potentialAction":[{"@type":"SearchAction","target":{"@type":"EntryPoint","urlTemplate":"https:\/\/animalwelfare.interpharma.ch\/?s={search_term_string}"},"query-input":{"@type":"PropertyValueSpecification","valueRequired":true,"valueName":"search_term_string"}}],"inLanguage":"fr-FR"}]}},"_links":{"self":[{"href":"https:\/\/animalwelfare.interpharma.ch\/fr\/wp-json\/wp\/v2\/pages\/448","targetHints":{"allow":["GET"]}}],"collection":[{"href":"https:\/\/animalwelfare.interpharma.ch\/fr\/wp-json\/wp\/v2\/pages"}],"about":[{"href":"https:\/\/animalwelfare.interpharma.ch\/fr\/wp-json\/wp\/v2\/types\/page"}],"author":[{"embeddable":true,"href":"https:\/\/animalwelfare.interpharma.ch\/fr\/wp-json\/wp\/v2\/users\/1"}],"replies":[{"embeddable":true,"href":"https:\/\/animalwelfare.interpharma.ch\/fr\/wp-json\/wp\/v2\/comments?post=448"}],"version-history":[{"count":2,"href":"https:\/\/animalwelfare.interpharma.ch\/fr\/wp-json\/wp\/v2\/pages\/448\/revisions"}],"predecessor-version":[{"id":2986,"href":"https:\/\/animalwelfare.interpharma.ch\/fr\/wp-json\/wp\/v2\/pages\/448\/revisions\/2986"}],"up":[{"embeddable":true,"href":"https:\/\/animalwelfare.interpharma.ch\/fr\/wp-json\/wp\/v2\/pages\/460"}],"wp:attachment":[{"href":"https:\/\/animalwelfare.interpharma.ch\/fr\/wp-json\/wp\/v2\/media?parent=448"}],"curies":[{"name":"wp","href":"https:\/\/api.w.org\/{rel}","templated":true}]}}