{"id":442,"date":"2026-03-06T17:34:58","date_gmt":"2026-03-06T16:34:58","guid":{"rendered":"https:\/\/animalwelfare.iph-multisite.berta-bewegt.ch\/?page_id=442"},"modified":"2026-03-09T16:27:04","modified_gmt":"2026-03-09T15:27:04","slug":"roche-global-3-awards","status":"publish","type":"page","link":"https:\/\/animalwelfare.interpharma.ch\/fr\/report-2025\/roche-global-3-awards\/","title":{"rendered":"Roche Global 3 Awards"},"content":{"rendered":"\n<h2 class=\"wp-block-heading\">Roche Global 3 Awards<\/h2>\n\n\n\n<p>Tous les deux ans, une entreprise membre r\u00e9compense des travaux scientifiques d\u2019excellence qui contribuent \u00e0 la r\u00e9duction de l\u2019exp\u00e9rimentation animale et \u00e0 l\u2019am\u00e9lioration du bien-\u00eatre des animaux en d\u00e9cernant les Roche Global 3R Awards. L\u2019\u00e9dition 2025 marquait la dixi\u00e8me remise de prix depuis son lancement en 2007 et soulignait l\u2019importance strat\u00e9gique \u00e0 long terme de la r\u00e8gle des 3R.<\/p>\n\n\n\n<p>Sont r\u00e9compens\u00e9s des projets qui illustrent de mani\u00e8re exemplaire la mise en \u0153uvre pratique de la r\u00e8gle des 3R: remplacement &#8211; r\u00e9duction &#8211; raffinement. Les travaux prim\u00e9s couvrent un large \u00e9ventail de domaines, allant du d\u00e9veloppement de mod\u00e8les d\u2019organo\u00efdes d\u2019origine humaine, permettant d\u2019\u00e9viter chaque ann\u00e9e l\u2019utilisation de centaines d\u2019animaux de laboratoire, en passant par des mesures d\u2019enrichissement cibl\u00e9es pour les primates, jusqu\u2019\u00e0 des syst\u00e8mes chirurgicaux robotis\u00e9s qui am\u00e9liorent la pr\u00e9cision et r\u00e9duisent l\u2019exposition des animaux.<\/p>\n\n\n\n<p>Un projet particuli\u00e8rement remarquable venant de Suisse est l\u2019excellent programme de formation interne dans le domaine de la chirurgie, de la m\u00e9thodologie et de la technique. Ce programme comble une lacune importante dans la formation initiale et continue en sciences des animaux de laboratoire, en renon\u00e7ant d\u00e9lib\u00e9r\u00e9ment \u00e0 l\u2019utilisation d\u2019animaux \u00e9lev\u00e9s sp\u00e9cifiquement \u00e0 des fins de formation. Au lieu de cela, les animaux exc\u00e9dentaires provenant de partenaires d\u2019\u00e9levage externes sont int\u00e9gr\u00e9s dans le programme de formation interne. Les collaboratrices et collaborateurs peuvent ainsi acqu\u00e9rir des proc\u00e9dures essentielles dans des conditions contr\u00f4l\u00e9es et dans le respect strict de la r\u00e8gle des 3R. Le programme renforce la \u00abCulture of Care\u00bb, permet d\u2019\u00e9conomiser des ressources tout en garantissant des standards de formation \u00e9lev\u00e9s.<\/p>\n\n\n\n<p><strong>Nom du projet:<\/strong> Global 3R Awards<br><strong>Article de la charte:<\/strong> 1, 2, 3, 6, 9<\/p>\n\n\n\n<p><\/p>\n","protected":false},"excerpt":{"rendered":"<p>Roche Global 3 Awards Tous les deux ans, une entreprise membre r\u00e9compense des travaux scientifiques d\u2019excellence qui contribuent \u00e0 la r\u00e9duction de l\u2019exp\u00e9rimentation animale et \u00e0 l\u2019am\u00e9lioration du bien-\u00eatre des animaux en d\u00e9cernant les Roche Global 3R Awards. L\u2019\u00e9dition 2025 marquait la dixi\u00e8me remise de prix depuis son lancement en 2007 et soulignait l\u2019importance strat\u00e9gique [&hellip;]<\/p>\n","protected":false},"author":1,"featured_media":0,"parent":460,"menu_order":3,"comment_status":"closed","ping_status":"closed","template":"page-templates\/unterthema.php","meta":{"_acf_changed":false,"inline_featured_image":false,"footnotes":""},"class_list":["post-442","page","type-page","status-publish","hentry"],"acf":[],"yoast_head":"<!-- This site is optimized with the Yoast SEO Premium plugin v27.2 (Yoast SEO v27.2) - https:\/\/yoast.com\/product\/yoast-seo-premium-wordpress\/ -->\n<title>Roche Global 3 Awards - animalwelfare<\/title>\n<meta name=\"robots\" content=\"index, follow, max-snippet:-1, max-image-preview:large, max-video-preview:-1\" \/>\n<link rel=\"canonical\" href=\"https:\/\/animalwelfare.interpharma.ch\/report-2025\/roche-global-3-awards\/\" \/>\n<meta property=\"og:locale\" content=\"fr_FR\" \/>\n<meta property=\"og:type\" content=\"article\" \/>\n<meta property=\"og:title\" content=\"Roche Global 3 Awards\" \/>\n<meta property=\"og:description\" content=\"Roche Global 3 Awards Tous les deux ans, une entreprise membre r\u00e9compense des travaux scientifiques d\u2019excellence qui contribuent \u00e0 la r\u00e9duction de l\u2019exp\u00e9rimentation animale et \u00e0 l\u2019am\u00e9lioration du bien-\u00eatre des animaux en d\u00e9cernant les Roche Global 3R Awards. L\u2019\u00e9dition 2025 marquait la dixi\u00e8me remise de prix depuis son lancement en 2007 et soulignait l\u2019importance strat\u00e9gique [&hellip;]\" \/>\n<meta property=\"og:url\" content=\"https:\/\/animalwelfare.interpharma.ch\/report-2025\/roche-global-3-awards\/\" \/>\n<meta property=\"og:site_name\" content=\"animalwelfare\" \/>\n<meta property=\"article:modified_time\" content=\"2026-03-09T15:27:04+00:00\" \/>\n<meta name=\"twitter:card\" content=\"summary_large_image\" \/>\n<meta name=\"twitter:label1\" content=\"Dur\u00e9e de lecture estim\u00e9e\" \/>\n\t<meta name=\"twitter:data1\" content=\"2 minutes\" \/>\n<script type=\"application\/ld+json\" class=\"yoast-schema-graph\">{\"@context\":\"https:\/\/schema.org\",\"@graph\":[{\"@type\":\"WebPage\",\"@id\":\"https:\/\/animalwelfare.interpharma.ch\/report-2025\/roche-global-3-awards\/\",\"url\":\"https:\/\/animalwelfare.interpharma.ch\/report-2025\/roche-global-3-awards\/\",\"name\":\"Roche Global 3 Awards - animalwelfare\",\"isPartOf\":{\"@id\":\"https:\/\/animalwelfare.interpharma.ch\/#website\"},\"datePublished\":\"2026-03-06T16:34:58+00:00\",\"dateModified\":\"2026-03-09T15:27:04+00:00\",\"breadcrumb\":{\"@id\":\"https:\/\/animalwelfare.interpharma.ch\/report-2025\/roche-global-3-awards\/#breadcrumb\"},\"inLanguage\":\"fr-FR\",\"potentialAction\":[{\"@type\":\"ReadAction\",\"target\":[\"https:\/\/animalwelfare.interpharma.ch\/report-2025\/roche-global-3-awards\/\"]}]},{\"@type\":\"BreadcrumbList\",\"@id\":\"https:\/\/animalwelfare.interpharma.ch\/report-2025\/roche-global-3-awards\/#breadcrumb\",\"itemListElement\":[{\"@type\":\"ListItem\",\"position\":1,\"name\":\"Start\",\"item\":\"https:\/\/animalwelfare.interpharma.ch\/fr\/\"},{\"@type\":\"ListItem\",\"position\":2,\"name\":\"Report 2025\",\"item\":\"https:\/\/animalwelfare.interpharma.ch\/fr\/report-2025\/\"},{\"@type\":\"ListItem\",\"position\":3,\"name\":\"Roche Global 3 Awards\"}]},{\"@type\":\"WebSite\",\"@id\":\"https:\/\/animalwelfare.interpharma.ch\/#website\",\"url\":\"https:\/\/animalwelfare.interpharma.ch\/\",\"name\":\"animalwelfare\",\"description\":\"\",\"potentialAction\":[{\"@type\":\"SearchAction\",\"target\":{\"@type\":\"EntryPoint\",\"urlTemplate\":\"https:\/\/animalwelfare.interpharma.ch\/?s={search_term_string}\"},\"query-input\":{\"@type\":\"PropertyValueSpecification\",\"valueRequired\":true,\"valueName\":\"search_term_string\"}}],\"inLanguage\":\"fr-FR\"}]}<\/script>\n<!-- \/ Yoast SEO Premium plugin. -->","yoast_head_json":{"title":"Roche Global 3 Awards - animalwelfare","robots":{"index":"index","follow":"follow","max-snippet":"max-snippet:-1","max-image-preview":"max-image-preview:large","max-video-preview":"max-video-preview:-1"},"canonical":"https:\/\/animalwelfare.interpharma.ch\/report-2025\/roche-global-3-awards\/","og_locale":"fr_FR","og_type":"article","og_title":"Roche Global 3 Awards","og_description":"Roche Global 3 Awards Tous les deux ans, une entreprise membre r\u00e9compense des travaux scientifiques d\u2019excellence qui contribuent \u00e0 la r\u00e9duction de l\u2019exp\u00e9rimentation animale et \u00e0 l\u2019am\u00e9lioration du bien-\u00eatre des animaux en d\u00e9cernant les Roche Global 3R Awards. L\u2019\u00e9dition 2025 marquait la dixi\u00e8me remise de prix depuis son lancement en 2007 et soulignait l\u2019importance strat\u00e9gique [&hellip;]","og_url":"https:\/\/animalwelfare.interpharma.ch\/report-2025\/roche-global-3-awards\/","og_site_name":"animalwelfare","article_modified_time":"2026-03-09T15:27:04+00:00","twitter_card":"summary_large_image","twitter_misc":{"Dur\u00e9e de lecture estim\u00e9e":"2 minutes"},"schema":{"@context":"https:\/\/schema.org","@graph":[{"@type":"WebPage","@id":"https:\/\/animalwelfare.interpharma.ch\/report-2025\/roche-global-3-awards\/","url":"https:\/\/animalwelfare.interpharma.ch\/report-2025\/roche-global-3-awards\/","name":"Roche Global 3 Awards - animalwelfare","isPartOf":{"@id":"https:\/\/animalwelfare.interpharma.ch\/#website"},"datePublished":"2026-03-06T16:34:58+00:00","dateModified":"2026-03-09T15:27:04+00:00","breadcrumb":{"@id":"https:\/\/animalwelfare.interpharma.ch\/report-2025\/roche-global-3-awards\/#breadcrumb"},"inLanguage":"fr-FR","potentialAction":[{"@type":"ReadAction","target":["https:\/\/animalwelfare.interpharma.ch\/report-2025\/roche-global-3-awards\/"]}]},{"@type":"BreadcrumbList","@id":"https:\/\/animalwelfare.interpharma.ch\/report-2025\/roche-global-3-awards\/#breadcrumb","itemListElement":[{"@type":"ListItem","position":1,"name":"Start","item":"https:\/\/animalwelfare.interpharma.ch\/fr\/"},{"@type":"ListItem","position":2,"name":"Report 2025","item":"https:\/\/animalwelfare.interpharma.ch\/fr\/report-2025\/"},{"@type":"ListItem","position":3,"name":"Roche Global 3 Awards"}]},{"@type":"WebSite","@id":"https:\/\/animalwelfare.interpharma.ch\/#website","url":"https:\/\/animalwelfare.interpharma.ch\/","name":"animalwelfare","description":"","potentialAction":[{"@type":"SearchAction","target":{"@type":"EntryPoint","urlTemplate":"https:\/\/animalwelfare.interpharma.ch\/?s={search_term_string}"},"query-input":{"@type":"PropertyValueSpecification","valueRequired":true,"valueName":"search_term_string"}}],"inLanguage":"fr-FR"}]}},"_links":{"self":[{"href":"https:\/\/animalwelfare.interpharma.ch\/fr\/wp-json\/wp\/v2\/pages\/442","targetHints":{"allow":["GET"]}}],"collection":[{"href":"https:\/\/animalwelfare.interpharma.ch\/fr\/wp-json\/wp\/v2\/pages"}],"about":[{"href":"https:\/\/animalwelfare.interpharma.ch\/fr\/wp-json\/wp\/v2\/types\/page"}],"author":[{"embeddable":true,"href":"https:\/\/animalwelfare.interpharma.ch\/fr\/wp-json\/wp\/v2\/users\/1"}],"replies":[{"embeddable":true,"href":"https:\/\/animalwelfare.interpharma.ch\/fr\/wp-json\/wp\/v2\/comments?post=442"}],"version-history":[{"count":2,"href":"https:\/\/animalwelfare.interpharma.ch\/fr\/wp-json\/wp\/v2\/pages\/442\/revisions"}],"predecessor-version":[{"id":2987,"href":"https:\/\/animalwelfare.interpharma.ch\/fr\/wp-json\/wp\/v2\/pages\/442\/revisions\/2987"}],"up":[{"embeddable":true,"href":"https:\/\/animalwelfare.interpharma.ch\/fr\/wp-json\/wp\/v2\/pages\/460"}],"wp:attachment":[{"href":"https:\/\/animalwelfare.interpharma.ch\/fr\/wp-json\/wp\/v2\/media?parent=442"}],"curies":[{"name":"wp","href":"https:\/\/api.w.org\/{rel}","templated":true}]}}