{"id":436,"date":"2026-03-06T17:34:58","date_gmt":"2026-03-06T16:34:58","guid":{"rendered":"https:\/\/animalwelfare.iph-multisite.berta-bewegt.ch\/?page_id=436"},"modified":"2026-03-09T16:27:20","modified_gmt":"2026-03-09T15:27:20","slug":"3r-forschung-refinement-studien","status":"publish","type":"page","link":"https:\/\/animalwelfare.interpharma.ch\/fr\/report-2025\/3r-forschung-refinement-studien\/","title":{"rendered":"Recherche 3R (\u00e9tudes de raffinement)"},"content":{"rendered":"\n<h2 class=\"wp-block-heading\">Recherche 3R (\u00e9tudes de raffinement)<\/h2>\n\n\n\n<p>Conform\u00e9ment \u00e0 l\u2019article 137d r\u00e9vis\u00e9 de l\u2019Ordonnance sur la protection des animaux (OPAn), qui autorise express\u00e9ment l\u2019utilisation cibl\u00e9e d\u2019animaux \u00e0 des fins de recherche 3R, des chercheuses et chercheurs en charge de la protection des animaux d\u2019une entreprise membre ont lanc\u00e9 un projet commun. L\u2019objectif est d\u2019identifier syst\u00e9matiquement des projets internes de raffinement, de les mettre en \u0153uvre et de les accompagner scientifiquement.<\/p>\n\n\n\n<p>L\u2019accent est mis sur l\u2019\u00e9tude et la validation fond\u00e9es sur des donn\u00e9es probantes de mesures de raffinement dans les domaines de l\u2019\u00e9levage, de l\u2019enrichissement et de la conduite des proc\u00e9dures exp\u00e9rimentales. Les r\u00e9ductions de la charge pesant sur les animaux ne doivent pas se baser sur des hypoth\u00e8ses, mais sur des donn\u00e9es scientifiques solides. Les connaissances ainsi acquises sont int\u00e9gr\u00e9es directement dans le d\u00e9veloppement pr\u00e9clinique.<\/p>\n\n\n\n<p>Par cette approche, une entreprise membre va d\u00e9lib\u00e9r\u00e9ment au-del\u00e0 des exigences l\u00e9gales minimales. L\u2019optimisation du bien-\u00eatre animal fond\u00e9e sur des donn\u00e9es r\u00e9duit le stress tout en am\u00e9liorant la qualit\u00e9 et la pertinence des \u00e9tudes, contribuant ainsi de mani\u00e8re indirecte mais essentielle au d\u00e9veloppement plus efficace de nouveaux m\u00e9dicaments pour les patients.<\/p>\n\n\n\n<p><strong>Nom du projet:<\/strong> Recherche 3R (\u00e9tudes de raffinement)<br><strong>Article de la charte:<\/strong> 1, 2, 5, 8<\/p>\n","protected":false},"excerpt":{"rendered":"<p>Recherche 3R (\u00e9tudes de raffinement) Conform\u00e9ment \u00e0 l\u2019article 137d r\u00e9vis\u00e9 de l\u2019Ordonnance sur la protection des animaux (OPAn), qui autorise express\u00e9ment l\u2019utilisation cibl\u00e9e d\u2019animaux \u00e0 des fins de recherche 3R, des chercheuses et chercheurs en charge de la protection des animaux d\u2019une entreprise membre ont lanc\u00e9 un projet commun. L\u2019objectif est d\u2019identifier syst\u00e9matiquement des projets [&hellip;]<\/p>\n","protected":false},"author":1,"featured_media":0,"parent":460,"menu_order":4,"comment_status":"closed","ping_status":"closed","template":"page-templates\/unterthema.php","meta":{"_acf_changed":false,"inline_featured_image":false,"footnotes":""},"class_list":["post-436","page","type-page","status-publish","hentry"],"acf":[],"yoast_head":"<!-- This site is optimized with the Yoast SEO Premium plugin v27.2 (Yoast SEO v27.2) - https:\/\/yoast.com\/product\/yoast-seo-premium-wordpress\/ -->\n<title>Recherche 3R (\u00e9tudes de raffinement) - animalwelfare<\/title>\n<meta name=\"robots\" content=\"index, follow, max-snippet:-1, max-image-preview:large, max-video-preview:-1\" \/>\n<link rel=\"canonical\" href=\"https:\/\/animalwelfare.interpharma.ch\/report-2025\/3r-forschung-refinement-studien\/\" \/>\n<meta property=\"og:locale\" content=\"fr_FR\" \/>\n<meta property=\"og:type\" content=\"article\" \/>\n<meta property=\"og:title\" content=\"Recherche 3R (\u00e9tudes de raffinement)\" \/>\n<meta property=\"og:description\" content=\"Recherche 3R (\u00e9tudes de raffinement) Conform\u00e9ment \u00e0 l\u2019article 137d r\u00e9vis\u00e9 de l\u2019Ordonnance sur la protection des animaux (OPAn), qui autorise express\u00e9ment l\u2019utilisation cibl\u00e9e d\u2019animaux \u00e0 des fins de recherche 3R, des chercheuses et chercheurs en charge de la protection des animaux d\u2019une entreprise membre ont lanc\u00e9 un projet commun. L\u2019objectif est d\u2019identifier syst\u00e9matiquement des projets [&hellip;]\" \/>\n<meta property=\"og:url\" content=\"https:\/\/animalwelfare.interpharma.ch\/report-2025\/3r-forschung-refinement-studien\/\" \/>\n<meta property=\"og:site_name\" content=\"animalwelfare\" \/>\n<meta property=\"article:modified_time\" content=\"2026-03-09T15:27:20+00:00\" \/>\n<meta name=\"twitter:card\" content=\"summary_large_image\" \/>\n<meta name=\"twitter:label1\" content=\"Dur\u00e9e de lecture estim\u00e9e\" \/>\n\t<meta name=\"twitter:data1\" content=\"2 minutes\" \/>\n<script type=\"application\/ld+json\" class=\"yoast-schema-graph\">{\"@context\":\"https:\/\/schema.org\",\"@graph\":[{\"@type\":\"WebPage\",\"@id\":\"https:\/\/animalwelfare.interpharma.ch\/report-2025\/3r-forschung-refinement-studien\/\",\"url\":\"https:\/\/animalwelfare.interpharma.ch\/report-2025\/3r-forschung-refinement-studien\/\",\"name\":\"Recherche 3R (\u00e9tudes de raffinement) - animalwelfare\",\"isPartOf\":{\"@id\":\"https:\/\/animalwelfare.interpharma.ch\/#website\"},\"datePublished\":\"2026-03-06T16:34:58+00:00\",\"dateModified\":\"2026-03-09T15:27:20+00:00\",\"breadcrumb\":{\"@id\":\"https:\/\/animalwelfare.interpharma.ch\/report-2025\/3r-forschung-refinement-studien\/#breadcrumb\"},\"inLanguage\":\"fr-FR\",\"potentialAction\":[{\"@type\":\"ReadAction\",\"target\":[\"https:\/\/animalwelfare.interpharma.ch\/report-2025\/3r-forschung-refinement-studien\/\"]}]},{\"@type\":\"BreadcrumbList\",\"@id\":\"https:\/\/animalwelfare.interpharma.ch\/report-2025\/3r-forschung-refinement-studien\/#breadcrumb\",\"itemListElement\":[{\"@type\":\"ListItem\",\"position\":1,\"name\":\"Start\",\"item\":\"https:\/\/animalwelfare.interpharma.ch\/fr\/\"},{\"@type\":\"ListItem\",\"position\":2,\"name\":\"Report 2025\",\"item\":\"https:\/\/animalwelfare.interpharma.ch\/fr\/report-2025\/\"},{\"@type\":\"ListItem\",\"position\":3,\"name\":\"Recherche 3R (\u00e9tudes de raffinement)\"}]},{\"@type\":\"WebSite\",\"@id\":\"https:\/\/animalwelfare.interpharma.ch\/#website\",\"url\":\"https:\/\/animalwelfare.interpharma.ch\/\",\"name\":\"animalwelfare\",\"description\":\"\",\"potentialAction\":[{\"@type\":\"SearchAction\",\"target\":{\"@type\":\"EntryPoint\",\"urlTemplate\":\"https:\/\/animalwelfare.interpharma.ch\/?s={search_term_string}\"},\"query-input\":{\"@type\":\"PropertyValueSpecification\",\"valueRequired\":true,\"valueName\":\"search_term_string\"}}],\"inLanguage\":\"fr-FR\"}]}<\/script>\n<!-- \/ Yoast SEO Premium plugin. -->","yoast_head_json":{"title":"Recherche 3R (\u00e9tudes de raffinement) - animalwelfare","robots":{"index":"index","follow":"follow","max-snippet":"max-snippet:-1","max-image-preview":"max-image-preview:large","max-video-preview":"max-video-preview:-1"},"canonical":"https:\/\/animalwelfare.interpharma.ch\/report-2025\/3r-forschung-refinement-studien\/","og_locale":"fr_FR","og_type":"article","og_title":"Recherche 3R (\u00e9tudes de raffinement)","og_description":"Recherche 3R (\u00e9tudes de raffinement) Conform\u00e9ment \u00e0 l\u2019article 137d r\u00e9vis\u00e9 de l\u2019Ordonnance sur la protection des animaux (OPAn), qui autorise express\u00e9ment l\u2019utilisation cibl\u00e9e d\u2019animaux \u00e0 des fins de recherche 3R, des chercheuses et chercheurs en charge de la protection des animaux d\u2019une entreprise membre ont lanc\u00e9 un projet commun. L\u2019objectif est d\u2019identifier syst\u00e9matiquement des projets [&hellip;]","og_url":"https:\/\/animalwelfare.interpharma.ch\/report-2025\/3r-forschung-refinement-studien\/","og_site_name":"animalwelfare","article_modified_time":"2026-03-09T15:27:20+00:00","twitter_card":"summary_large_image","twitter_misc":{"Dur\u00e9e de lecture estim\u00e9e":"2 minutes"},"schema":{"@context":"https:\/\/schema.org","@graph":[{"@type":"WebPage","@id":"https:\/\/animalwelfare.interpharma.ch\/report-2025\/3r-forschung-refinement-studien\/","url":"https:\/\/animalwelfare.interpharma.ch\/report-2025\/3r-forschung-refinement-studien\/","name":"Recherche 3R (\u00e9tudes de raffinement) - animalwelfare","isPartOf":{"@id":"https:\/\/animalwelfare.interpharma.ch\/#website"},"datePublished":"2026-03-06T16:34:58+00:00","dateModified":"2026-03-09T15:27:20+00:00","breadcrumb":{"@id":"https:\/\/animalwelfare.interpharma.ch\/report-2025\/3r-forschung-refinement-studien\/#breadcrumb"},"inLanguage":"fr-FR","potentialAction":[{"@type":"ReadAction","target":["https:\/\/animalwelfare.interpharma.ch\/report-2025\/3r-forschung-refinement-studien\/"]}]},{"@type":"BreadcrumbList","@id":"https:\/\/animalwelfare.interpharma.ch\/report-2025\/3r-forschung-refinement-studien\/#breadcrumb","itemListElement":[{"@type":"ListItem","position":1,"name":"Start","item":"https:\/\/animalwelfare.interpharma.ch\/fr\/"},{"@type":"ListItem","position":2,"name":"Report 2025","item":"https:\/\/animalwelfare.interpharma.ch\/fr\/report-2025\/"},{"@type":"ListItem","position":3,"name":"Recherche 3R (\u00e9tudes de raffinement)"}]},{"@type":"WebSite","@id":"https:\/\/animalwelfare.interpharma.ch\/#website","url":"https:\/\/animalwelfare.interpharma.ch\/","name":"animalwelfare","description":"","potentialAction":[{"@type":"SearchAction","target":{"@type":"EntryPoint","urlTemplate":"https:\/\/animalwelfare.interpharma.ch\/?s={search_term_string}"},"query-input":{"@type":"PropertyValueSpecification","valueRequired":true,"valueName":"search_term_string"}}],"inLanguage":"fr-FR"}]}},"_links":{"self":[{"href":"https:\/\/animalwelfare.interpharma.ch\/fr\/wp-json\/wp\/v2\/pages\/436","targetHints":{"allow":["GET"]}}],"collection":[{"href":"https:\/\/animalwelfare.interpharma.ch\/fr\/wp-json\/wp\/v2\/pages"}],"about":[{"href":"https:\/\/animalwelfare.interpharma.ch\/fr\/wp-json\/wp\/v2\/types\/page"}],"author":[{"embeddable":true,"href":"https:\/\/animalwelfare.interpharma.ch\/fr\/wp-json\/wp\/v2\/users\/1"}],"replies":[{"embeddable":true,"href":"https:\/\/animalwelfare.interpharma.ch\/fr\/wp-json\/wp\/v2\/comments?post=436"}],"version-history":[{"count":2,"href":"https:\/\/animalwelfare.interpharma.ch\/fr\/wp-json\/wp\/v2\/pages\/436\/revisions"}],"predecessor-version":[{"id":2988,"href":"https:\/\/animalwelfare.interpharma.ch\/fr\/wp-json\/wp\/v2\/pages\/436\/revisions\/2988"}],"up":[{"embeddable":true,"href":"https:\/\/animalwelfare.interpharma.ch\/fr\/wp-json\/wp\/v2\/pages\/460"}],"wp:attachment":[{"href":"https:\/\/animalwelfare.interpharma.ch\/fr\/wp-json\/wp\/v2\/media?parent=436"}],"curies":[{"name":"wp","href":"https:\/\/api.w.org\/{rel}","templated":true}]}}