{"id":424,"date":"2026-03-06T17:34:57","date_gmt":"2026-03-06T16:34:57","guid":{"rendered":"https:\/\/animalwelfare.iph-multisite.berta-bewegt.ch\/?page_id=424"},"modified":"2026-03-09T16:27:39","modified_gmt":"2026-03-09T15:27:39","slug":"prix-internes-visant-a-promouvoir-les-3r","status":"publish","type":"page","link":"https:\/\/animalwelfare.interpharma.ch\/fr\/report-2025\/prix-internes-visant-a-promouvoir-les-3r\/","title":{"rendered":"Prix internes visant \u00e0 promouvoir les 3R."},"content":{"rendered":"\n<h2 class=\"wp-block-heading\">Prix internes visant \u00e0 promouvoir les 3R.<\/h2>\n\n\n\n<p>Certaines soci\u00e9t\u00e9s membres d\u2019Interpharma d\u00e9cernent r\u00e9guli\u00e8rement des prix&nbsp;3R nationaux et internationaux. Les chercheuses et chercheurs des diff\u00e9rents d\u00e9partements ont la possibilit\u00e9 de pr\u00e9senter leurs activit\u00e9s et leurs d\u00e9veloppements et ont ainsi une source de motivation suppl\u00e9mentaire pour faire progresser les&nbsp;3R.<\/p>\n\n\n\n<p><strong>Nom du projet:<\/strong> Internal 3R Awards<strong><br>Articles de la charte:<\/strong> 1, 3, 9<\/p>\n","protected":false},"excerpt":{"rendered":"<p>Prix internes visant \u00e0 promouvoir les 3R. Certaines soci\u00e9t\u00e9s membres d\u2019Interpharma d\u00e9cernent r\u00e9guli\u00e8rement des prix&nbsp;3R nationaux et internationaux. Les chercheuses et chercheurs des diff\u00e9rents d\u00e9partements ont la possibilit\u00e9 de pr\u00e9senter leurs activit\u00e9s et leurs d\u00e9veloppements et ont ainsi une source de motivation suppl\u00e9mentaire pour faire progresser les&nbsp;3R. Nom du projet: Internal 3R AwardsArticles de la [&hellip;]<\/p>\n","protected":false},"author":1,"featured_media":0,"parent":460,"menu_order":5,"comment_status":"closed","ping_status":"closed","template":"page-templates\/unterthema.php","meta":{"_acf_changed":false,"inline_featured_image":false,"footnotes":""},"class_list":["post-424","page","type-page","status-publish","hentry"],"acf":[],"yoast_head":"<!-- This site is optimized with the Yoast SEO Premium plugin v27.2 (Yoast SEO v27.2) - https:\/\/yoast.com\/product\/yoast-seo-premium-wordpress\/ -->\n<title>Prix internes visant \u00e0 promouvoir les 3R. - animalwelfare<\/title>\n<meta name=\"robots\" content=\"index, follow, max-snippet:-1, max-image-preview:large, max-video-preview:-1\" \/>\n<link rel=\"canonical\" href=\"https:\/\/animalwelfare.interpharma.ch\/report-2025\/interne-auszeichnungen-zur-foerderung-der-3r\/\" \/>\n<meta property=\"og:locale\" content=\"fr_FR\" \/>\n<meta property=\"og:type\" content=\"article\" \/>\n<meta property=\"og:title\" content=\"Prix internes visant \u00e0 promouvoir les 3R.\" \/>\n<meta property=\"og:description\" content=\"Prix internes visant \u00e0 promouvoir les 3R. Certaines soci\u00e9t\u00e9s membres d\u2019Interpharma d\u00e9cernent r\u00e9guli\u00e8rement des prix&nbsp;3R nationaux et internationaux. Les chercheuses et chercheurs des diff\u00e9rents d\u00e9partements ont la possibilit\u00e9 de pr\u00e9senter leurs activit\u00e9s et leurs d\u00e9veloppements et ont ainsi une source de motivation suppl\u00e9mentaire pour faire progresser les&nbsp;3R. Nom du projet: Internal 3R AwardsArticles de la [&hellip;]\" \/>\n<meta property=\"og:url\" content=\"https:\/\/animalwelfare.interpharma.ch\/report-2025\/interne-auszeichnungen-zur-foerderung-der-3r\/\" \/>\n<meta property=\"og:site_name\" content=\"animalwelfare\" \/>\n<meta property=\"article:modified_time\" content=\"2026-03-09T15:27:39+00:00\" \/>\n<meta name=\"twitter:card\" content=\"summary_large_image\" \/>\n<meta name=\"twitter:label1\" content=\"Dur\u00e9e de lecture estim\u00e9e\" \/>\n\t<meta name=\"twitter:data1\" content=\"1 minute\" \/>\n<script type=\"application\/ld+json\" class=\"yoast-schema-graph\">{\"@context\":\"https:\/\/schema.org\",\"@graph\":[{\"@type\":\"WebPage\",\"@id\":\"https:\/\/animalwelfare.interpharma.ch\/report-2025\/interne-auszeichnungen-zur-foerderung-der-3r\/\",\"url\":\"https:\/\/animalwelfare.interpharma.ch\/report-2025\/interne-auszeichnungen-zur-foerderung-der-3r\/\",\"name\":\"Prix internes visant \u00e0 promouvoir les 3R. - animalwelfare\",\"isPartOf\":{\"@id\":\"https:\/\/animalwelfare.interpharma.ch\/#website\"},\"datePublished\":\"2026-03-06T16:34:57+00:00\",\"dateModified\":\"2026-03-09T15:27:39+00:00\",\"breadcrumb\":{\"@id\":\"https:\/\/animalwelfare.interpharma.ch\/report-2025\/interne-auszeichnungen-zur-foerderung-der-3r\/#breadcrumb\"},\"inLanguage\":\"fr-FR\",\"potentialAction\":[{\"@type\":\"ReadAction\",\"target\":[\"https:\/\/animalwelfare.interpharma.ch\/report-2025\/interne-auszeichnungen-zur-foerderung-der-3r\/\"]}]},{\"@type\":\"BreadcrumbList\",\"@id\":\"https:\/\/animalwelfare.interpharma.ch\/report-2025\/interne-auszeichnungen-zur-foerderung-der-3r\/#breadcrumb\",\"itemListElement\":[{\"@type\":\"ListItem\",\"position\":1,\"name\":\"Start\",\"item\":\"https:\/\/animalwelfare.interpharma.ch\/fr\/\"},{\"@type\":\"ListItem\",\"position\":2,\"name\":\"Report 2025\",\"item\":\"https:\/\/animalwelfare.interpharma.ch\/fr\/report-2025\/\"},{\"@type\":\"ListItem\",\"position\":3,\"name\":\"Prix internes visant \u00e0 promouvoir les 3R.\"}]},{\"@type\":\"WebSite\",\"@id\":\"https:\/\/animalwelfare.interpharma.ch\/#website\",\"url\":\"https:\/\/animalwelfare.interpharma.ch\/\",\"name\":\"animalwelfare\",\"description\":\"\",\"potentialAction\":[{\"@type\":\"SearchAction\",\"target\":{\"@type\":\"EntryPoint\",\"urlTemplate\":\"https:\/\/animalwelfare.interpharma.ch\/?s={search_term_string}\"},\"query-input\":{\"@type\":\"PropertyValueSpecification\",\"valueRequired\":true,\"valueName\":\"search_term_string\"}}],\"inLanguage\":\"fr-FR\"}]}<\/script>\n<!-- \/ Yoast SEO Premium plugin. -->","yoast_head_json":{"title":"Prix internes visant \u00e0 promouvoir les 3R. - animalwelfare","robots":{"index":"index","follow":"follow","max-snippet":"max-snippet:-1","max-image-preview":"max-image-preview:large","max-video-preview":"max-video-preview:-1"},"canonical":"https:\/\/animalwelfare.interpharma.ch\/report-2025\/interne-auszeichnungen-zur-foerderung-der-3r\/","og_locale":"fr_FR","og_type":"article","og_title":"Prix internes visant \u00e0 promouvoir les 3R.","og_description":"Prix internes visant \u00e0 promouvoir les 3R. Certaines soci\u00e9t\u00e9s membres d\u2019Interpharma d\u00e9cernent r\u00e9guli\u00e8rement des prix&nbsp;3R nationaux et internationaux. Les chercheuses et chercheurs des diff\u00e9rents d\u00e9partements ont la possibilit\u00e9 de pr\u00e9senter leurs activit\u00e9s et leurs d\u00e9veloppements et ont ainsi une source de motivation suppl\u00e9mentaire pour faire progresser les&nbsp;3R. Nom du projet: Internal 3R AwardsArticles de la [&hellip;]","og_url":"https:\/\/animalwelfare.interpharma.ch\/report-2025\/interne-auszeichnungen-zur-foerderung-der-3r\/","og_site_name":"animalwelfare","article_modified_time":"2026-03-09T15:27:39+00:00","twitter_card":"summary_large_image","twitter_misc":{"Dur\u00e9e de lecture estim\u00e9e":"1 minute"},"schema":{"@context":"https:\/\/schema.org","@graph":[{"@type":"WebPage","@id":"https:\/\/animalwelfare.interpharma.ch\/report-2025\/interne-auszeichnungen-zur-foerderung-der-3r\/","url":"https:\/\/animalwelfare.interpharma.ch\/report-2025\/interne-auszeichnungen-zur-foerderung-der-3r\/","name":"Prix internes visant \u00e0 promouvoir les 3R. - animalwelfare","isPartOf":{"@id":"https:\/\/animalwelfare.interpharma.ch\/#website"},"datePublished":"2026-03-06T16:34:57+00:00","dateModified":"2026-03-09T15:27:39+00:00","breadcrumb":{"@id":"https:\/\/animalwelfare.interpharma.ch\/report-2025\/interne-auszeichnungen-zur-foerderung-der-3r\/#breadcrumb"},"inLanguage":"fr-FR","potentialAction":[{"@type":"ReadAction","target":["https:\/\/animalwelfare.interpharma.ch\/report-2025\/interne-auszeichnungen-zur-foerderung-der-3r\/"]}]},{"@type":"BreadcrumbList","@id":"https:\/\/animalwelfare.interpharma.ch\/report-2025\/interne-auszeichnungen-zur-foerderung-der-3r\/#breadcrumb","itemListElement":[{"@type":"ListItem","position":1,"name":"Start","item":"https:\/\/animalwelfare.interpharma.ch\/fr\/"},{"@type":"ListItem","position":2,"name":"Report 2025","item":"https:\/\/animalwelfare.interpharma.ch\/fr\/report-2025\/"},{"@type":"ListItem","position":3,"name":"Prix internes visant \u00e0 promouvoir les 3R."}]},{"@type":"WebSite","@id":"https:\/\/animalwelfare.interpharma.ch\/#website","url":"https:\/\/animalwelfare.interpharma.ch\/","name":"animalwelfare","description":"","potentialAction":[{"@type":"SearchAction","target":{"@type":"EntryPoint","urlTemplate":"https:\/\/animalwelfare.interpharma.ch\/?s={search_term_string}"},"query-input":{"@type":"PropertyValueSpecification","valueRequired":true,"valueName":"search_term_string"}}],"inLanguage":"fr-FR"}]}},"_links":{"self":[{"href":"https:\/\/animalwelfare.interpharma.ch\/fr\/wp-json\/wp\/v2\/pages\/424","targetHints":{"allow":["GET"]}}],"collection":[{"href":"https:\/\/animalwelfare.interpharma.ch\/fr\/wp-json\/wp\/v2\/pages"}],"about":[{"href":"https:\/\/animalwelfare.interpharma.ch\/fr\/wp-json\/wp\/v2\/types\/page"}],"author":[{"embeddable":true,"href":"https:\/\/animalwelfare.interpharma.ch\/fr\/wp-json\/wp\/v2\/users\/1"}],"replies":[{"embeddable":true,"href":"https:\/\/animalwelfare.interpharma.ch\/fr\/wp-json\/wp\/v2\/comments?post=424"}],"version-history":[{"count":2,"href":"https:\/\/animalwelfare.interpharma.ch\/fr\/wp-json\/wp\/v2\/pages\/424\/revisions"}],"predecessor-version":[{"id":2989,"href":"https:\/\/animalwelfare.interpharma.ch\/fr\/wp-json\/wp\/v2\/pages\/424\/revisions\/2989"}],"up":[{"embeddable":true,"href":"https:\/\/animalwelfare.interpharma.ch\/fr\/wp-json\/wp\/v2\/pages\/460"}],"wp:attachment":[{"href":"https:\/\/animalwelfare.interpharma.ch\/fr\/wp-json\/wp\/v2\/media?parent=424"}],"curies":[{"name":"wp","href":"https:\/\/api.w.org\/{rel}","templated":true}]}}