{"id":418,"date":"2026-03-06T17:34:57","date_gmt":"2026-03-06T16:34:57","guid":{"rendered":"https:\/\/animalwelfare.iph-multisite.berta-bewegt.ch\/?page_id=418"},"modified":"2026-03-09T16:27:57","modified_gmt":"2026-03-09T15:27:57","slug":"remplacement-dune-etude-sur-le-cycle-de-vie-complet-des-poissons-par-une-analyse-du-poids-des-donnees-probantes-tenant-compte-des-preoccupations-reglementaires-concernant-limpact-env","status":"publish","type":"page","link":"https:\/\/animalwelfare.interpharma.ch\/fr\/report-2025\/remplacement-dune-etude-sur-le-cycle-de-vie-complet-des-poissons-par-une-analyse-du-poids-des-donnees-probantes-tenant-compte-des-preoccupations-reglementaires-concernant-limpact-env\/","title":{"rendered":"Remplacement d\u2019une \u00e9tude sur le cycle de vie complet des poissons par une analyse du poids des donn\u00e9es probantes tenant compte des pr\u00e9occupations r\u00e9glementaires concernant l\u2019impact environnemental"},"content":{"rendered":"\n<h2 class=\"wp-block-heading\">Remplacement d\u2019une \u00e9tude sur le cycle de vie complet des poissons par une analyse du poids des donn\u00e9es probantes tenant compte des pr\u00e9occupations r\u00e9glementaires concernant l\u2019impact environnemental<\/h2>\n\n\n\n<p>Les organismes de r\u00e9glementation peuvent demander des \u00e9tudes sur le cycle de vie complet des poissons afin de d\u00e9terminer si un compos\u00e9 pourrait avoir une toxicit\u00e9 sur la reproduction \u00e0 des concentrations pertinentes pour l\u2019environnement. Cette entreprise membre a plut\u00f4t effectu\u00e9 une revue syst\u00e9matique de la litt\u00e9rature, analys\u00e9 le m\u00e9canisme d\u2019action du compos\u00e9, examin\u00e9 les donn\u00e9es pr\u00e9cliniques et cliniques sur la toxicit\u00e9 sur la reproduction et compar\u00e9 les niveaux d\u2019exposition environnementale aux concentrations plasmatiques th\u00e9rapeutiques. Ces donn\u00e9es n\u2019ont d\u00e9montr\u00e9 aucun lien m\u00e9canique avec la toxicit\u00e9 sur la reproduction chez les poissons, ce qui a convaincu les organismes de r\u00e9glementation de renoncer \u00e0 l\u2019\u00e9tude sur le cycle de vie des poissons demand\u00e9e, sauvant ainsi plus de 600&nbsp;animaux.<\/p>\n\n\n\n<p><strong>Nom du projet:<\/strong> Replacement of Fish Full Life Cycle Study via Weight of Evidence<br><strong>Articles de la charte:<\/strong> 1, 8<\/p>\n","protected":false},"excerpt":{"rendered":"<p>Remplacement d\u2019une \u00e9tude sur le cycle de vie complet des poissons par une analyse du poids des donn\u00e9es probantes tenant compte des pr\u00e9occupations r\u00e9glementaires concernant l\u2019impact environnemental Les organismes de r\u00e9glementation peuvent demander des \u00e9tudes sur le cycle de vie complet des poissons afin de d\u00e9terminer si un compos\u00e9 pourrait avoir une toxicit\u00e9 sur la [&hellip;]<\/p>\n","protected":false},"author":1,"featured_media":0,"parent":460,"menu_order":6,"comment_status":"closed","ping_status":"closed","template":"page-templates\/unterthema.php","meta":{"_acf_changed":false,"inline_featured_image":false,"footnotes":""},"class_list":["post-418","page","type-page","status-publish","hentry"],"acf":[],"yoast_head":"<!-- This site is optimized with the Yoast SEO Premium plugin v27.2 (Yoast SEO v27.2) - https:\/\/yoast.com\/product\/yoast-seo-premium-wordpress\/ -->\n<title>Remplacement d\u2019une \u00e9tude sur le cycle de vie complet des poissons par une analyse du poids des donn\u00e9es probantes tenant compte des pr\u00e9occupations r\u00e9glementaires concernant l\u2019impact environnemental - animalwelfare<\/title>\n<meta name=\"robots\" content=\"index, follow, max-snippet:-1, max-image-preview:large, max-video-preview:-1\" \/>\n<link rel=\"canonical\" href=\"https:\/\/animalwelfare.interpharma.ch\/fr\/report-2025\/remplacement-dune-etude-sur-le-cycle-de-vie-complet-des-poissons-par-une-analyse-du-poids-des-donnees-probantes-tenant-compte-des-preoccupations-reglementaires-concernant-limpact-env\/\" \/>\n<meta property=\"og:locale\" content=\"fr_FR\" \/>\n<meta property=\"og:type\" content=\"article\" \/>\n<meta property=\"og:title\" content=\"Remplacement d\u2019une \u00e9tude sur le cycle de vie complet des poissons par une analyse du poids des donn\u00e9es probantes tenant compte des pr\u00e9occupations r\u00e9glementaires concernant l\u2019impact environnemental\" \/>\n<meta property=\"og:description\" content=\"Remplacement d\u2019une \u00e9tude sur le cycle de vie complet des poissons par une analyse du poids des donn\u00e9es probantes tenant compte des pr\u00e9occupations r\u00e9glementaires concernant l\u2019impact environnemental Les organismes de r\u00e9glementation peuvent demander des \u00e9tudes sur le cycle de vie complet des poissons afin de d\u00e9terminer si un compos\u00e9 pourrait avoir une toxicit\u00e9 sur la [&hellip;]\" \/>\n<meta property=\"og:url\" content=\"https:\/\/animalwelfare.interpharma.ch\/fr\/report-2025\/remplacement-dune-etude-sur-le-cycle-de-vie-complet-des-poissons-par-une-analyse-du-poids-des-donnees-probantes-tenant-compte-des-preoccupations-reglementaires-concernant-limpact-env\/\" \/>\n<meta property=\"og:site_name\" content=\"animalwelfare\" \/>\n<meta property=\"article:modified_time\" content=\"2026-03-09T15:27:57+00:00\" \/>\n<meta name=\"twitter:card\" content=\"summary_large_image\" \/>\n<meta name=\"twitter:label1\" content=\"Dur\u00e9e de lecture estim\u00e9e\" \/>\n\t<meta name=\"twitter:data1\" content=\"1 minute\" \/>\n<script type=\"application\/ld+json\" class=\"yoast-schema-graph\">{\"@context\":\"https:\/\/schema.org\",\"@graph\":[{\"@type\":\"WebPage\",\"@id\":\"https:\/\/animalwelfare.interpharma.ch\/fr\/report-2025\/remplacement-dune-etude-sur-le-cycle-de-vie-complet-des-poissons-par-une-analyse-du-poids-des-donnees-probantes-tenant-compte-des-preoccupations-reglementaires-concernant-limpact-env\/\",\"url\":\"https:\/\/animalwelfare.interpharma.ch\/fr\/report-2025\/remplacement-dune-etude-sur-le-cycle-de-vie-complet-des-poissons-par-une-analyse-du-poids-des-donnees-probantes-tenant-compte-des-preoccupations-reglementaires-concernant-limpact-env\/\",\"name\":\"Remplacement d\u2019une \u00e9tude sur le cycle de vie complet des poissons par une analyse du poids des donn\u00e9es probantes tenant compte des pr\u00e9occupations r\u00e9glementaires concernant l\u2019impact environnemental - animalwelfare\",\"isPartOf\":{\"@id\":\"https:\/\/animalwelfare.interpharma.ch\/#website\"},\"datePublished\":\"2026-03-06T16:34:57+00:00\",\"dateModified\":\"2026-03-09T15:27:57+00:00\",\"breadcrumb\":{\"@id\":\"https:\/\/animalwelfare.interpharma.ch\/fr\/report-2025\/remplacement-dune-etude-sur-le-cycle-de-vie-complet-des-poissons-par-une-analyse-du-poids-des-donnees-probantes-tenant-compte-des-preoccupations-reglementaires-concernant-limpact-env\/#breadcrumb\"},\"inLanguage\":\"fr-FR\",\"potentialAction\":[{\"@type\":\"ReadAction\",\"target\":[\"https:\/\/animalwelfare.interpharma.ch\/fr\/report-2025\/remplacement-dune-etude-sur-le-cycle-de-vie-complet-des-poissons-par-une-analyse-du-poids-des-donnees-probantes-tenant-compte-des-preoccupations-reglementaires-concernant-limpact-env\/\"]}]},{\"@type\":\"BreadcrumbList\",\"@id\":\"https:\/\/animalwelfare.interpharma.ch\/fr\/report-2025\/remplacement-dune-etude-sur-le-cycle-de-vie-complet-des-poissons-par-une-analyse-du-poids-des-donnees-probantes-tenant-compte-des-preoccupations-reglementaires-concernant-limpact-env\/#breadcrumb\",\"itemListElement\":[{\"@type\":\"ListItem\",\"position\":1,\"name\":\"Start\",\"item\":\"https:\/\/animalwelfare.interpharma.ch\/fr\/\"},{\"@type\":\"ListItem\",\"position\":2,\"name\":\"Report 2025\",\"item\":\"https:\/\/animalwelfare.interpharma.ch\/fr\/report-2025\/\"},{\"@type\":\"ListItem\",\"position\":3,\"name\":\"Remplacement d\u2019une \u00e9tude sur le cycle de vie complet des poissons par une analyse du poids des donn\u00e9es probantes tenant compte des pr\u00e9occupations r\u00e9glementaires concernant l\u2019impact environnemental\"}]},{\"@type\":\"WebSite\",\"@id\":\"https:\/\/animalwelfare.interpharma.ch\/#website\",\"url\":\"https:\/\/animalwelfare.interpharma.ch\/\",\"name\":\"animalwelfare\",\"description\":\"\",\"potentialAction\":[{\"@type\":\"SearchAction\",\"target\":{\"@type\":\"EntryPoint\",\"urlTemplate\":\"https:\/\/animalwelfare.interpharma.ch\/?s={search_term_string}\"},\"query-input\":{\"@type\":\"PropertyValueSpecification\",\"valueRequired\":true,\"valueName\":\"search_term_string\"}}],\"inLanguage\":\"fr-FR\"}]}<\/script>\n<!-- \/ Yoast SEO Premium plugin. -->","yoast_head_json":{"title":"Remplacement d\u2019une \u00e9tude sur le cycle de vie complet des poissons par une analyse du poids des donn\u00e9es probantes tenant compte des pr\u00e9occupations r\u00e9glementaires concernant l\u2019impact environnemental - animalwelfare","robots":{"index":"index","follow":"follow","max-snippet":"max-snippet:-1","max-image-preview":"max-image-preview:large","max-video-preview":"max-video-preview:-1"},"canonical":"https:\/\/animalwelfare.interpharma.ch\/fr\/report-2025\/remplacement-dune-etude-sur-le-cycle-de-vie-complet-des-poissons-par-une-analyse-du-poids-des-donnees-probantes-tenant-compte-des-preoccupations-reglementaires-concernant-limpact-env\/","og_locale":"fr_FR","og_type":"article","og_title":"Remplacement d\u2019une \u00e9tude sur le cycle de vie complet des poissons par une analyse du poids des donn\u00e9es probantes tenant compte des pr\u00e9occupations r\u00e9glementaires concernant l\u2019impact environnemental","og_description":"Remplacement d\u2019une \u00e9tude sur le cycle de vie complet des poissons par une analyse du poids des donn\u00e9es probantes tenant compte des pr\u00e9occupations r\u00e9glementaires concernant l\u2019impact environnemental Les organismes de r\u00e9glementation peuvent demander des \u00e9tudes sur le cycle de vie complet des poissons afin de d\u00e9terminer si un compos\u00e9 pourrait avoir une toxicit\u00e9 sur la [&hellip;]","og_url":"https:\/\/animalwelfare.interpharma.ch\/fr\/report-2025\/remplacement-dune-etude-sur-le-cycle-de-vie-complet-des-poissons-par-une-analyse-du-poids-des-donnees-probantes-tenant-compte-des-preoccupations-reglementaires-concernant-limpact-env\/","og_site_name":"animalwelfare","article_modified_time":"2026-03-09T15:27:57+00:00","twitter_card":"summary_large_image","twitter_misc":{"Dur\u00e9e de lecture estim\u00e9e":"1 minute"},"schema":{"@context":"https:\/\/schema.org","@graph":[{"@type":"WebPage","@id":"https:\/\/animalwelfare.interpharma.ch\/fr\/report-2025\/remplacement-dune-etude-sur-le-cycle-de-vie-complet-des-poissons-par-une-analyse-du-poids-des-donnees-probantes-tenant-compte-des-preoccupations-reglementaires-concernant-limpact-env\/","url":"https:\/\/animalwelfare.interpharma.ch\/fr\/report-2025\/remplacement-dune-etude-sur-le-cycle-de-vie-complet-des-poissons-par-une-analyse-du-poids-des-donnees-probantes-tenant-compte-des-preoccupations-reglementaires-concernant-limpact-env\/","name":"Remplacement d\u2019une \u00e9tude sur le cycle de vie complet des poissons par une analyse du poids des donn\u00e9es probantes tenant compte des pr\u00e9occupations r\u00e9glementaires concernant l\u2019impact environnemental - animalwelfare","isPartOf":{"@id":"https:\/\/animalwelfare.interpharma.ch\/#website"},"datePublished":"2026-03-06T16:34:57+00:00","dateModified":"2026-03-09T15:27:57+00:00","breadcrumb":{"@id":"https:\/\/animalwelfare.interpharma.ch\/fr\/report-2025\/remplacement-dune-etude-sur-le-cycle-de-vie-complet-des-poissons-par-une-analyse-du-poids-des-donnees-probantes-tenant-compte-des-preoccupations-reglementaires-concernant-limpact-env\/#breadcrumb"},"inLanguage":"fr-FR","potentialAction":[{"@type":"ReadAction","target":["https:\/\/animalwelfare.interpharma.ch\/fr\/report-2025\/remplacement-dune-etude-sur-le-cycle-de-vie-complet-des-poissons-par-une-analyse-du-poids-des-donnees-probantes-tenant-compte-des-preoccupations-reglementaires-concernant-limpact-env\/"]}]},{"@type":"BreadcrumbList","@id":"https:\/\/animalwelfare.interpharma.ch\/fr\/report-2025\/remplacement-dune-etude-sur-le-cycle-de-vie-complet-des-poissons-par-une-analyse-du-poids-des-donnees-probantes-tenant-compte-des-preoccupations-reglementaires-concernant-limpact-env\/#breadcrumb","itemListElement":[{"@type":"ListItem","position":1,"name":"Start","item":"https:\/\/animalwelfare.interpharma.ch\/fr\/"},{"@type":"ListItem","position":2,"name":"Report 2025","item":"https:\/\/animalwelfare.interpharma.ch\/fr\/report-2025\/"},{"@type":"ListItem","position":3,"name":"Remplacement d\u2019une \u00e9tude sur le cycle de vie complet des poissons par une analyse du poids des donn\u00e9es probantes tenant compte des pr\u00e9occupations r\u00e9glementaires concernant l\u2019impact environnemental"}]},{"@type":"WebSite","@id":"https:\/\/animalwelfare.interpharma.ch\/#website","url":"https:\/\/animalwelfare.interpharma.ch\/","name":"animalwelfare","description":"","potentialAction":[{"@type":"SearchAction","target":{"@type":"EntryPoint","urlTemplate":"https:\/\/animalwelfare.interpharma.ch\/?s={search_term_string}"},"query-input":{"@type":"PropertyValueSpecification","valueRequired":true,"valueName":"search_term_string"}}],"inLanguage":"fr-FR"}]}},"_links":{"self":[{"href":"https:\/\/animalwelfare.interpharma.ch\/fr\/wp-json\/wp\/v2\/pages\/418","targetHints":{"allow":["GET"]}}],"collection":[{"href":"https:\/\/animalwelfare.interpharma.ch\/fr\/wp-json\/wp\/v2\/pages"}],"about":[{"href":"https:\/\/animalwelfare.interpharma.ch\/fr\/wp-json\/wp\/v2\/types\/page"}],"author":[{"embeddable":true,"href":"https:\/\/animalwelfare.interpharma.ch\/fr\/wp-json\/wp\/v2\/users\/1"}],"replies":[{"embeddable":true,"href":"https:\/\/animalwelfare.interpharma.ch\/fr\/wp-json\/wp\/v2\/comments?post=418"}],"version-history":[{"count":2,"href":"https:\/\/animalwelfare.interpharma.ch\/fr\/wp-json\/wp\/v2\/pages\/418\/revisions"}],"predecessor-version":[{"id":2990,"href":"https:\/\/animalwelfare.interpharma.ch\/fr\/wp-json\/wp\/v2\/pages\/418\/revisions\/2990"}],"up":[{"embeddable":true,"href":"https:\/\/animalwelfare.interpharma.ch\/fr\/wp-json\/wp\/v2\/pages\/460"}],"wp:attachment":[{"href":"https:\/\/animalwelfare.interpharma.ch\/fr\/wp-json\/wp\/v2\/media?parent=418"}],"curies":[{"name":"wp","href":"https:\/\/api.w.org\/{rel}","templated":true}]}}