{"id":412,"date":"2026-03-06T17:34:57","date_gmt":"2026-03-06T16:34:57","guid":{"rendered":"https:\/\/animalwelfare.iph-multisite.berta-bewegt.ch\/?page_id=412"},"modified":"2026-03-09T16:28:14","modified_gmt":"2026-03-09T15:28:14","slug":"programme-innovation-dans-les-3r","status":"publish","type":"page","link":"https:\/\/animalwelfare.interpharma.ch\/fr\/report-2025\/programme-innovation-dans-les-3r\/","title":{"rendered":"Programme Innovation dans les\u00a03R"},"content":{"rendered":"\n<h2 class=\"wp-block-heading\">Programme Innovation dans les\u00a03R<\/h2>\n\n\n\n<p>En 2022, une entreprise membre a mis en place le programme \u00abInnovation dans les&nbsp;3R\u00bb (I3R) et a depuis lors financ\u00e9 15&nbsp;projets internes. Le but de ce programme est d\u2019inspirer et d\u2019aider les scientifiques de l\u2019entreprise membre \u00e0 r\u00e9fl\u00e9chir \u00e0 la fa\u00e7on dont ils m\u00e8nent leurs recherches en leur octroyant les ressources dont ils ont besoin pour innover et valider de nouvelles fa\u00e7ons de remplacer, r\u00e9duire et raffiner les \u00e9tudes sur les animaux. Le programme \u00abInnovation dans les&nbsp;3R\u00bb s\u00e9lectionne et appuie de fa\u00e7on prospective de nouveaux projets de recherche dans les&nbsp;3R qui, sans cela, ne seraient pas men\u00e9s. En 2025, cinq&nbsp;projets (trois&nbsp;projets de r\u00e9duction et deux&nbsp;projets de raffinement) ont \u00e9t\u00e9 s\u00e9lectionn\u00e9s. Les projets retenus \u00e9tudieront de nouvelles strat\u00e9gies embryonnaires pour r\u00e9duire la production animale pour des mod\u00e8les de souris g\u00e9n\u00e9tiquement modifi\u00e9es, d\u00e9velopperont et valideront un mod\u00e8le sph\u00e9ro\u00efde pour \u00e9tudier l\u2019h\u00e9patotoxicit\u00e9 dans une maladie tropicale, utiliseront des coupes tissulaires de pr\u00e9cision pour r\u00e9pondre \u00e0 davantage de questions avec moins d\u2019animaux, \u00e9valueront l\u2019impact de la lumi\u00e8re transitoire sur le bien-\u00eatre des souris et d\u00e9termineront enfin comment prot\u00e9ger les animaux de laboratoire contre l\u2019exposition \u00e0 une lumi\u00e8re vive.<\/p>\n\n\n\n<p><strong>Nom du projet:<\/strong> Innovation in 3Rs Program (I3Rs)<br><strong>Articles de la charte:<\/strong> 1, 3, 8<\/p>\n","protected":false},"excerpt":{"rendered":"<p>Programme Innovation dans les\u00a03R En 2022, une entreprise membre a mis en place le programme \u00abInnovation dans les&nbsp;3R\u00bb (I3R) et a depuis lors financ\u00e9 15&nbsp;projets internes. Le but de ce programme est d\u2019inspirer et d\u2019aider les scientifiques de l\u2019entreprise membre \u00e0 r\u00e9fl\u00e9chir \u00e0 la fa\u00e7on dont ils m\u00e8nent leurs recherches en leur octroyant les ressources [&hellip;]<\/p>\n","protected":false},"author":1,"featured_media":0,"parent":460,"menu_order":7,"comment_status":"closed","ping_status":"closed","template":"page-templates\/unterthema.php","meta":{"_acf_changed":false,"inline_featured_image":false,"footnotes":""},"class_list":["post-412","page","type-page","status-publish","hentry"],"acf":[],"yoast_head":"<!-- This site is optimized with the Yoast SEO Premium plugin v27.2 (Yoast SEO v27.2) - https:\/\/yoast.com\/product\/yoast-seo-premium-wordpress\/ -->\n<title>Programme Innovation dans les\u00a03R - animalwelfare<\/title>\n<meta name=\"robots\" content=\"index, follow, max-snippet:-1, max-image-preview:large, max-video-preview:-1\" \/>\n<link rel=\"canonical\" href=\"https:\/\/animalwelfare.interpharma.ch\/report-2025\/das-programm-innovation-in-3r\/\" \/>\n<meta property=\"og:locale\" content=\"fr_FR\" \/>\n<meta property=\"og:type\" content=\"article\" \/>\n<meta property=\"og:title\" content=\"Programme Innovation dans les\u00a03R\" \/>\n<meta property=\"og:description\" content=\"Programme Innovation dans les\u00a03R En 2022, une entreprise membre a mis en place le programme \u00abInnovation dans les&nbsp;3R\u00bb (I3R) et a depuis lors financ\u00e9 15&nbsp;projets internes. Le but de ce programme est d\u2019inspirer et d\u2019aider les scientifiques de l\u2019entreprise membre \u00e0 r\u00e9fl\u00e9chir \u00e0 la fa\u00e7on dont ils m\u00e8nent leurs recherches en leur octroyant les ressources [&hellip;]\" \/>\n<meta property=\"og:url\" content=\"https:\/\/animalwelfare.interpharma.ch\/report-2025\/das-programm-innovation-in-3r\/\" \/>\n<meta property=\"og:site_name\" content=\"animalwelfare\" \/>\n<meta property=\"article:modified_time\" content=\"2026-03-09T15:28:14+00:00\" \/>\n<meta name=\"twitter:card\" content=\"summary_large_image\" \/>\n<meta name=\"twitter:label1\" content=\"Dur\u00e9e de lecture estim\u00e9e\" \/>\n\t<meta name=\"twitter:data1\" content=\"2 minutes\" \/>\n<script type=\"application\/ld+json\" class=\"yoast-schema-graph\">{\"@context\":\"https:\/\/schema.org\",\"@graph\":[{\"@type\":\"WebPage\",\"@id\":\"https:\/\/animalwelfare.interpharma.ch\/report-2025\/das-programm-innovation-in-3r\/\",\"url\":\"https:\/\/animalwelfare.interpharma.ch\/report-2025\/das-programm-innovation-in-3r\/\",\"name\":\"Programme Innovation dans les\u00a03R - animalwelfare\",\"isPartOf\":{\"@id\":\"https:\/\/animalwelfare.interpharma.ch\/#website\"},\"datePublished\":\"2026-03-06T16:34:57+00:00\",\"dateModified\":\"2026-03-09T15:28:14+00:00\",\"breadcrumb\":{\"@id\":\"https:\/\/animalwelfare.interpharma.ch\/report-2025\/das-programm-innovation-in-3r\/#breadcrumb\"},\"inLanguage\":\"fr-FR\",\"potentialAction\":[{\"@type\":\"ReadAction\",\"target\":[\"https:\/\/animalwelfare.interpharma.ch\/report-2025\/das-programm-innovation-in-3r\/\"]}]},{\"@type\":\"BreadcrumbList\",\"@id\":\"https:\/\/animalwelfare.interpharma.ch\/report-2025\/das-programm-innovation-in-3r\/#breadcrumb\",\"itemListElement\":[{\"@type\":\"ListItem\",\"position\":1,\"name\":\"Start\",\"item\":\"https:\/\/animalwelfare.interpharma.ch\/fr\/\"},{\"@type\":\"ListItem\",\"position\":2,\"name\":\"Report 2025\",\"item\":\"https:\/\/animalwelfare.interpharma.ch\/fr\/report-2025\/\"},{\"@type\":\"ListItem\",\"position\":3,\"name\":\"Programme Innovation dans les\u00a03R\"}]},{\"@type\":\"WebSite\",\"@id\":\"https:\/\/animalwelfare.interpharma.ch\/#website\",\"url\":\"https:\/\/animalwelfare.interpharma.ch\/\",\"name\":\"animalwelfare\",\"description\":\"\",\"potentialAction\":[{\"@type\":\"SearchAction\",\"target\":{\"@type\":\"EntryPoint\",\"urlTemplate\":\"https:\/\/animalwelfare.interpharma.ch\/?s={search_term_string}\"},\"query-input\":{\"@type\":\"PropertyValueSpecification\",\"valueRequired\":true,\"valueName\":\"search_term_string\"}}],\"inLanguage\":\"fr-FR\"}]}<\/script>\n<!-- \/ Yoast SEO Premium plugin. -->","yoast_head_json":{"title":"Programme Innovation dans les\u00a03R - animalwelfare","robots":{"index":"index","follow":"follow","max-snippet":"max-snippet:-1","max-image-preview":"max-image-preview:large","max-video-preview":"max-video-preview:-1"},"canonical":"https:\/\/animalwelfare.interpharma.ch\/report-2025\/das-programm-innovation-in-3r\/","og_locale":"fr_FR","og_type":"article","og_title":"Programme Innovation dans les\u00a03R","og_description":"Programme Innovation dans les\u00a03R En 2022, une entreprise membre a mis en place le programme \u00abInnovation dans les&nbsp;3R\u00bb (I3R) et a depuis lors financ\u00e9 15&nbsp;projets internes. Le but de ce programme est d\u2019inspirer et d\u2019aider les scientifiques de l\u2019entreprise membre \u00e0 r\u00e9fl\u00e9chir \u00e0 la fa\u00e7on dont ils m\u00e8nent leurs recherches en leur octroyant les ressources [&hellip;]","og_url":"https:\/\/animalwelfare.interpharma.ch\/report-2025\/das-programm-innovation-in-3r\/","og_site_name":"animalwelfare","article_modified_time":"2026-03-09T15:28:14+00:00","twitter_card":"summary_large_image","twitter_misc":{"Dur\u00e9e de lecture estim\u00e9e":"2 minutes"},"schema":{"@context":"https:\/\/schema.org","@graph":[{"@type":"WebPage","@id":"https:\/\/animalwelfare.interpharma.ch\/report-2025\/das-programm-innovation-in-3r\/","url":"https:\/\/animalwelfare.interpharma.ch\/report-2025\/das-programm-innovation-in-3r\/","name":"Programme Innovation dans les\u00a03R - animalwelfare","isPartOf":{"@id":"https:\/\/animalwelfare.interpharma.ch\/#website"},"datePublished":"2026-03-06T16:34:57+00:00","dateModified":"2026-03-09T15:28:14+00:00","breadcrumb":{"@id":"https:\/\/animalwelfare.interpharma.ch\/report-2025\/das-programm-innovation-in-3r\/#breadcrumb"},"inLanguage":"fr-FR","potentialAction":[{"@type":"ReadAction","target":["https:\/\/animalwelfare.interpharma.ch\/report-2025\/das-programm-innovation-in-3r\/"]}]},{"@type":"BreadcrumbList","@id":"https:\/\/animalwelfare.interpharma.ch\/report-2025\/das-programm-innovation-in-3r\/#breadcrumb","itemListElement":[{"@type":"ListItem","position":1,"name":"Start","item":"https:\/\/animalwelfare.interpharma.ch\/fr\/"},{"@type":"ListItem","position":2,"name":"Report 2025","item":"https:\/\/animalwelfare.interpharma.ch\/fr\/report-2025\/"},{"@type":"ListItem","position":3,"name":"Programme Innovation dans les\u00a03R"}]},{"@type":"WebSite","@id":"https:\/\/animalwelfare.interpharma.ch\/#website","url":"https:\/\/animalwelfare.interpharma.ch\/","name":"animalwelfare","description":"","potentialAction":[{"@type":"SearchAction","target":{"@type":"EntryPoint","urlTemplate":"https:\/\/animalwelfare.interpharma.ch\/?s={search_term_string}"},"query-input":{"@type":"PropertyValueSpecification","valueRequired":true,"valueName":"search_term_string"}}],"inLanguage":"fr-FR"}]}},"_links":{"self":[{"href":"https:\/\/animalwelfare.interpharma.ch\/fr\/wp-json\/wp\/v2\/pages\/412","targetHints":{"allow":["GET"]}}],"collection":[{"href":"https:\/\/animalwelfare.interpharma.ch\/fr\/wp-json\/wp\/v2\/pages"}],"about":[{"href":"https:\/\/animalwelfare.interpharma.ch\/fr\/wp-json\/wp\/v2\/types\/page"}],"author":[{"embeddable":true,"href":"https:\/\/animalwelfare.interpharma.ch\/fr\/wp-json\/wp\/v2\/users\/1"}],"replies":[{"embeddable":true,"href":"https:\/\/animalwelfare.interpharma.ch\/fr\/wp-json\/wp\/v2\/comments?post=412"}],"version-history":[{"count":2,"href":"https:\/\/animalwelfare.interpharma.ch\/fr\/wp-json\/wp\/v2\/pages\/412\/revisions"}],"predecessor-version":[{"id":2991,"href":"https:\/\/animalwelfare.interpharma.ch\/fr\/wp-json\/wp\/v2\/pages\/412\/revisions\/2991"}],"up":[{"embeddable":true,"href":"https:\/\/animalwelfare.interpharma.ch\/fr\/wp-json\/wp\/v2\/pages\/460"}],"wp:attachment":[{"href":"https:\/\/animalwelfare.interpharma.ch\/fr\/wp-json\/wp\/v2\/media?parent=412"}],"curies":[{"name":"wp","href":"https:\/\/api.w.org\/{rel}","templated":true}]}}