{"id":406,"date":"2026-03-06T17:34:57","date_gmt":"2026-03-06T16:34:57","guid":{"rendered":"https:\/\/animalwelfare.iph-multisite.berta-bewegt.ch\/?page_id=406"},"modified":"2026-03-09T16:28:32","modified_gmt":"2026-03-09T15:28:32","slug":"mise-en-oeuvre-dun-4e-prix-r-pour-la-responsabilite","status":"publish","type":"page","link":"https:\/\/animalwelfare.interpharma.ch\/fr\/report-2025\/mise-en-oeuvre-dun-4e-prix-r-pour-la-responsabilite\/","title":{"rendered":"Mise en \u0153uvre d\u2019un 4e\u00a0prix\u00a0\u00abR\u00bb pour la \u00abResponsabilit\u00e9\u00bb"},"content":{"rendered":"\n<h2 class=\"wp-block-heading\">Mise en \u0153uvre d\u2019un 4e\u00a0prix\u00a0\u00abR\u00bb pour la \u00abResponsabilit\u00e9\u00bb<\/h2>\n\n\n\n<p>Afin de remercier les coll\u00e8gues qui ne sont pas directement impliqu\u00e9s dans le travail in vivo mais qui facilitent le bien-\u00eatre animal, une soci\u00e9t\u00e9 membre a lanc\u00e9 un 4<sup>e<\/sup>&nbsp;prix \u00abR\u00bb pour la cat\u00e9gorie \u00abResponsabilit\u00e9\u00bb en 2022. En 2024, le prix a \u00e9t\u00e9 d\u00e9cern\u00e9 \u00e0 un coll\u00e8gue qui a d\u00e9fendu la retraite des animaux de recherche et les ressources pour la r\u00e9silience empathique.<\/p>\n\n\n\n<p><strong>Nom du projet:<\/strong> 4th R Award \u2013 Responsibility<br><strong>Articles de la charte:<\/strong> 3, 9<\/p>\n","protected":false},"excerpt":{"rendered":"<p>Mise en \u0153uvre d\u2019un 4e\u00a0prix\u00a0\u00abR\u00bb pour la \u00abResponsabilit\u00e9\u00bb Afin de remercier les coll\u00e8gues qui ne sont pas directement impliqu\u00e9s dans le travail in vivo mais qui facilitent le bien-\u00eatre animal, une soci\u00e9t\u00e9 membre a lanc\u00e9 un 4e&nbsp;prix \u00abR\u00bb pour la cat\u00e9gorie \u00abResponsabilit\u00e9\u00bb en 2022. En 2024, le prix a \u00e9t\u00e9 d\u00e9cern\u00e9 \u00e0 un coll\u00e8gue qui [&hellip;]<\/p>\n","protected":false},"author":1,"featured_media":0,"parent":460,"menu_order":8,"comment_status":"closed","ping_status":"closed","template":"page-templates\/unterthema.php","meta":{"_acf_changed":false,"inline_featured_image":false,"footnotes":""},"class_list":["post-406","page","type-page","status-publish","hentry"],"acf":[],"yoast_head":"<!-- This site is optimized with the Yoast SEO Premium plugin v27.2 (Yoast SEO v27.2) - https:\/\/yoast.com\/product\/yoast-seo-premium-wordpress\/ -->\n<title>Mise en \u0153uvre d\u2019un 4e\u00a0prix\u00a0\u00abR\u00bb pour la \u00abResponsabilit\u00e9\u00bb - animalwelfare<\/title>\n<meta name=\"robots\" content=\"index, follow, max-snippet:-1, max-image-preview:large, max-video-preview:-1\" \/>\n<link rel=\"canonical\" href=\"https:\/\/animalwelfare.interpharma.ch\/report-2025\/verleihung-eines-preises-fuer-ein-4-r-fuer-responsibility\/\" \/>\n<meta property=\"og:locale\" content=\"fr_FR\" \/>\n<meta property=\"og:type\" content=\"article\" \/>\n<meta property=\"og:title\" content=\"Mise en \u0153uvre d\u2019un 4e\u00a0prix\u00a0\u00abR\u00bb pour la \u00abResponsabilit\u00e9\u00bb\" \/>\n<meta property=\"og:description\" content=\"Mise en \u0153uvre d\u2019un 4e\u00a0prix\u00a0\u00abR\u00bb pour la \u00abResponsabilit\u00e9\u00bb Afin de remercier les coll\u00e8gues qui ne sont pas directement impliqu\u00e9s dans le travail in vivo mais qui facilitent le bien-\u00eatre animal, une soci\u00e9t\u00e9 membre a lanc\u00e9 un 4e&nbsp;prix \u00abR\u00bb pour la cat\u00e9gorie \u00abResponsabilit\u00e9\u00bb en 2022. En 2024, le prix a \u00e9t\u00e9 d\u00e9cern\u00e9 \u00e0 un coll\u00e8gue qui [&hellip;]\" \/>\n<meta property=\"og:url\" content=\"https:\/\/animalwelfare.interpharma.ch\/report-2025\/verleihung-eines-preises-fuer-ein-4-r-fuer-responsibility\/\" \/>\n<meta property=\"og:site_name\" content=\"animalwelfare\" \/>\n<meta property=\"article:modified_time\" content=\"2026-03-09T15:28:32+00:00\" \/>\n<meta name=\"twitter:card\" content=\"summary_large_image\" \/>\n<meta name=\"twitter:label1\" content=\"Dur\u00e9e de lecture estim\u00e9e\" \/>\n\t<meta name=\"twitter:data1\" content=\"1 minute\" \/>\n<script type=\"application\/ld+json\" class=\"yoast-schema-graph\">{\"@context\":\"https:\/\/schema.org\",\"@graph\":[{\"@type\":\"WebPage\",\"@id\":\"https:\/\/animalwelfare.interpharma.ch\/report-2025\/verleihung-eines-preises-fuer-ein-4-r-fuer-responsibility\/\",\"url\":\"https:\/\/animalwelfare.interpharma.ch\/report-2025\/verleihung-eines-preises-fuer-ein-4-r-fuer-responsibility\/\",\"name\":\"Mise en \u0153uvre d\u2019un 4e\u00a0prix\u00a0\u00abR\u00bb pour la \u00abResponsabilit\u00e9\u00bb - animalwelfare\",\"isPartOf\":{\"@id\":\"https:\/\/animalwelfare.interpharma.ch\/#website\"},\"datePublished\":\"2026-03-06T16:34:57+00:00\",\"dateModified\":\"2026-03-09T15:28:32+00:00\",\"breadcrumb\":{\"@id\":\"https:\/\/animalwelfare.interpharma.ch\/report-2025\/verleihung-eines-preises-fuer-ein-4-r-fuer-responsibility\/#breadcrumb\"},\"inLanguage\":\"fr-FR\",\"potentialAction\":[{\"@type\":\"ReadAction\",\"target\":[\"https:\/\/animalwelfare.interpharma.ch\/report-2025\/verleihung-eines-preises-fuer-ein-4-r-fuer-responsibility\/\"]}]},{\"@type\":\"BreadcrumbList\",\"@id\":\"https:\/\/animalwelfare.interpharma.ch\/report-2025\/verleihung-eines-preises-fuer-ein-4-r-fuer-responsibility\/#breadcrumb\",\"itemListElement\":[{\"@type\":\"ListItem\",\"position\":1,\"name\":\"Start\",\"item\":\"https:\/\/animalwelfare.interpharma.ch\/fr\/\"},{\"@type\":\"ListItem\",\"position\":2,\"name\":\"Report 2025\",\"item\":\"https:\/\/animalwelfare.interpharma.ch\/fr\/report-2025\/\"},{\"@type\":\"ListItem\",\"position\":3,\"name\":\"Mise en \u0153uvre d\u2019un 4e\u00a0prix\u00a0\u00abR\u00bb pour la \u00abResponsabilit\u00e9\u00bb\"}]},{\"@type\":\"WebSite\",\"@id\":\"https:\/\/animalwelfare.interpharma.ch\/#website\",\"url\":\"https:\/\/animalwelfare.interpharma.ch\/\",\"name\":\"animalwelfare\",\"description\":\"\",\"potentialAction\":[{\"@type\":\"SearchAction\",\"target\":{\"@type\":\"EntryPoint\",\"urlTemplate\":\"https:\/\/animalwelfare.interpharma.ch\/?s={search_term_string}\"},\"query-input\":{\"@type\":\"PropertyValueSpecification\",\"valueRequired\":true,\"valueName\":\"search_term_string\"}}],\"inLanguage\":\"fr-FR\"}]}<\/script>\n<!-- \/ Yoast SEO Premium plugin. -->","yoast_head_json":{"title":"Mise en \u0153uvre d\u2019un 4e\u00a0prix\u00a0\u00abR\u00bb pour la \u00abResponsabilit\u00e9\u00bb - animalwelfare","robots":{"index":"index","follow":"follow","max-snippet":"max-snippet:-1","max-image-preview":"max-image-preview:large","max-video-preview":"max-video-preview:-1"},"canonical":"https:\/\/animalwelfare.interpharma.ch\/report-2025\/verleihung-eines-preises-fuer-ein-4-r-fuer-responsibility\/","og_locale":"fr_FR","og_type":"article","og_title":"Mise en \u0153uvre d\u2019un 4e\u00a0prix\u00a0\u00abR\u00bb pour la \u00abResponsabilit\u00e9\u00bb","og_description":"Mise en \u0153uvre d\u2019un 4e\u00a0prix\u00a0\u00abR\u00bb pour la \u00abResponsabilit\u00e9\u00bb Afin de remercier les coll\u00e8gues qui ne sont pas directement impliqu\u00e9s dans le travail in vivo mais qui facilitent le bien-\u00eatre animal, une soci\u00e9t\u00e9 membre a lanc\u00e9 un 4e&nbsp;prix \u00abR\u00bb pour la cat\u00e9gorie \u00abResponsabilit\u00e9\u00bb en 2022. En 2024, le prix a \u00e9t\u00e9 d\u00e9cern\u00e9 \u00e0 un coll\u00e8gue qui [&hellip;]","og_url":"https:\/\/animalwelfare.interpharma.ch\/report-2025\/verleihung-eines-preises-fuer-ein-4-r-fuer-responsibility\/","og_site_name":"animalwelfare","article_modified_time":"2026-03-09T15:28:32+00:00","twitter_card":"summary_large_image","twitter_misc":{"Dur\u00e9e de lecture estim\u00e9e":"1 minute"},"schema":{"@context":"https:\/\/schema.org","@graph":[{"@type":"WebPage","@id":"https:\/\/animalwelfare.interpharma.ch\/report-2025\/verleihung-eines-preises-fuer-ein-4-r-fuer-responsibility\/","url":"https:\/\/animalwelfare.interpharma.ch\/report-2025\/verleihung-eines-preises-fuer-ein-4-r-fuer-responsibility\/","name":"Mise en \u0153uvre d\u2019un 4e\u00a0prix\u00a0\u00abR\u00bb pour la \u00abResponsabilit\u00e9\u00bb - animalwelfare","isPartOf":{"@id":"https:\/\/animalwelfare.interpharma.ch\/#website"},"datePublished":"2026-03-06T16:34:57+00:00","dateModified":"2026-03-09T15:28:32+00:00","breadcrumb":{"@id":"https:\/\/animalwelfare.interpharma.ch\/report-2025\/verleihung-eines-preises-fuer-ein-4-r-fuer-responsibility\/#breadcrumb"},"inLanguage":"fr-FR","potentialAction":[{"@type":"ReadAction","target":["https:\/\/animalwelfare.interpharma.ch\/report-2025\/verleihung-eines-preises-fuer-ein-4-r-fuer-responsibility\/"]}]},{"@type":"BreadcrumbList","@id":"https:\/\/animalwelfare.interpharma.ch\/report-2025\/verleihung-eines-preises-fuer-ein-4-r-fuer-responsibility\/#breadcrumb","itemListElement":[{"@type":"ListItem","position":1,"name":"Start","item":"https:\/\/animalwelfare.interpharma.ch\/fr\/"},{"@type":"ListItem","position":2,"name":"Report 2025","item":"https:\/\/animalwelfare.interpharma.ch\/fr\/report-2025\/"},{"@type":"ListItem","position":3,"name":"Mise en \u0153uvre d\u2019un 4e\u00a0prix\u00a0\u00abR\u00bb pour la \u00abResponsabilit\u00e9\u00bb"}]},{"@type":"WebSite","@id":"https:\/\/animalwelfare.interpharma.ch\/#website","url":"https:\/\/animalwelfare.interpharma.ch\/","name":"animalwelfare","description":"","potentialAction":[{"@type":"SearchAction","target":{"@type":"EntryPoint","urlTemplate":"https:\/\/animalwelfare.interpharma.ch\/?s={search_term_string}"},"query-input":{"@type":"PropertyValueSpecification","valueRequired":true,"valueName":"search_term_string"}}],"inLanguage":"fr-FR"}]}},"_links":{"self":[{"href":"https:\/\/animalwelfare.interpharma.ch\/fr\/wp-json\/wp\/v2\/pages\/406","targetHints":{"allow":["GET"]}}],"collection":[{"href":"https:\/\/animalwelfare.interpharma.ch\/fr\/wp-json\/wp\/v2\/pages"}],"about":[{"href":"https:\/\/animalwelfare.interpharma.ch\/fr\/wp-json\/wp\/v2\/types\/page"}],"author":[{"embeddable":true,"href":"https:\/\/animalwelfare.interpharma.ch\/fr\/wp-json\/wp\/v2\/users\/1"}],"replies":[{"embeddable":true,"href":"https:\/\/animalwelfare.interpharma.ch\/fr\/wp-json\/wp\/v2\/comments?post=406"}],"version-history":[{"count":2,"href":"https:\/\/animalwelfare.interpharma.ch\/fr\/wp-json\/wp\/v2\/pages\/406\/revisions"}],"predecessor-version":[{"id":2992,"href":"https:\/\/animalwelfare.interpharma.ch\/fr\/wp-json\/wp\/v2\/pages\/406\/revisions\/2992"}],"up":[{"embeddable":true,"href":"https:\/\/animalwelfare.interpharma.ch\/fr\/wp-json\/wp\/v2\/pages\/460"}],"wp:attachment":[{"href":"https:\/\/animalwelfare.interpharma.ch\/fr\/wp-json\/wp\/v2\/media?parent=406"}],"curies":[{"name":"wp","href":"https:\/\/api.w.org\/{rel}","templated":true}]}}