{"id":394,"date":"2026-03-06T17:34:56","date_gmt":"2026-03-06T16:34:56","guid":{"rendered":"https:\/\/animalwelfare.iph-multisite.berta-bewegt.ch\/?page_id=394"},"modified":"2026-03-09T16:29:04","modified_gmt":"2026-03-09T15:29:04","slug":"activites-relatives-a-la-culture-de-la-prise-en-charge","status":"publish","type":"page","link":"https:\/\/animalwelfare.interpharma.ch\/fr\/report-2025\/activites-relatives-a-la-culture-de-la-prise-en-charge\/","title":{"rendered":"Activit\u00e9s relatives \u00e0 la culture de la prise en charge"},"content":{"rendered":"\n<h2 class=\"wp-block-heading\">Activit\u00e9s relatives \u00e0 la culture de la prise en charge<\/h2>\n\n\n\n<p>Une soci\u00e9t\u00e9 membre d\u2019Interpharma a lanc\u00e9 une s\u00e9rie de pr\u00e9sentations \u00e0 l\u2019intention du personnel charg\u00e9 des soins des animaux et du personnel int\u00e9ress\u00e9 dans le cadre de ses activit\u00e9s \u00abculture de la prise en charge\u00bb. Ces pr\u00e9sentations, r\u00e9alis\u00e9es par des chercheuses et chercheurs en termes simples, permettent de mieux comprendre les \u00e9tudes animales r\u00e9alis\u00e9es dans l\u2019entreprise. Une meilleure compr\u00e9hension des raisons pour lesquelles ces \u00e9tudes sont r\u00e9alis\u00e9es conduit \u00e0 une meilleure connaissance des ph\u00e9notypes des animaux et \u00e0 une meilleure prise en charge de ceux-ci.<\/p>\n\n\n\n<p><strong>Nom du projet:<\/strong> Culture of Care Presentation Series<br><strong>Articles de la charte:<\/strong> 2, 3, 9<\/p>\n\n\n\n<p>Une soci\u00e9t\u00e9 membre d\u2019Interpharma a cr\u00e9\u00e9 un comit\u00e9 officiel de \u00abculture de la prise en charge\u00bb sur l\u2019un de ses sites in vivo afin de favoriser un environnement propice tant aux animaux de laboratoire qu\u2019\u00e0 la communaut\u00e9 du personnel in vivo. L\u2019\u00e9quipe a \u00e9labor\u00e9 une enqu\u00eate, pr\u00e9sent\u00e9 ses conclusions lors de r\u00e9unions et de conf\u00e9rences de direction, et collabor\u00e9 avec des sp\u00e9cialistes en sciences du comportement pour orienter la programmation. Leur travail est pass\u00e9 d\u2019efforts locaux \u00e0 une port\u00e9e plus mondiale, avec des plans pour une mise en \u0153uvre plus large et une harmonisation avec d\u2019autres sites in vivo.<\/p>\n\n\n\n<p><strong>Nom du projet:<\/strong> Culture of Care Committee<br><strong>Articles de la charte:<\/strong> 2, 3, 5<\/p>\n","protected":false},"excerpt":{"rendered":"<p>Activit\u00e9s relatives \u00e0 la culture de la prise en charge Une soci\u00e9t\u00e9 membre d\u2019Interpharma a lanc\u00e9 une s\u00e9rie de pr\u00e9sentations \u00e0 l\u2019intention du personnel charg\u00e9 des soins des animaux et du personnel int\u00e9ress\u00e9 dans le cadre de ses activit\u00e9s \u00abculture de la prise en charge\u00bb. Ces pr\u00e9sentations, r\u00e9alis\u00e9es par des chercheuses et chercheurs en termes [&hellip;]<\/p>\n","protected":false},"author":1,"featured_media":0,"parent":460,"menu_order":10,"comment_status":"closed","ping_status":"closed","template":"page-templates\/unterthema.php","meta":{"_acf_changed":false,"inline_featured_image":false,"footnotes":""},"class_list":["post-394","page","type-page","status-publish","hentry"],"acf":[],"yoast_head":"<!-- This site is optimized with the Yoast SEO Premium plugin v27.2 (Yoast SEO v27.2) - https:\/\/yoast.com\/product\/yoast-seo-premium-wordpress\/ -->\n<title>Activit\u00e9s relatives \u00e0 la culture de la prise en charge - animalwelfare<\/title>\n<meta name=\"robots\" content=\"index, follow, max-snippet:-1, max-image-preview:large, max-video-preview:-1\" \/>\n<link rel=\"canonical\" href=\"https:\/\/animalwelfare.interpharma.ch\/report-2025\/culture-of-care-aktivitaeten\/\" \/>\n<meta property=\"og:locale\" content=\"fr_FR\" \/>\n<meta property=\"og:type\" content=\"article\" \/>\n<meta property=\"og:title\" content=\"Activit\u00e9s relatives \u00e0 la culture de la prise en charge\" \/>\n<meta property=\"og:description\" content=\"Activit\u00e9s relatives \u00e0 la culture de la prise en charge Une soci\u00e9t\u00e9 membre d\u2019Interpharma a lanc\u00e9 une s\u00e9rie de pr\u00e9sentations \u00e0 l\u2019intention du personnel charg\u00e9 des soins des animaux et du personnel int\u00e9ress\u00e9 dans le cadre de ses activit\u00e9s \u00abculture de la prise en charge\u00bb. Ces pr\u00e9sentations, r\u00e9alis\u00e9es par des chercheuses et chercheurs en termes [&hellip;]\" \/>\n<meta property=\"og:url\" content=\"https:\/\/animalwelfare.interpharma.ch\/report-2025\/culture-of-care-aktivitaeten\/\" \/>\n<meta property=\"og:site_name\" content=\"animalwelfare\" \/>\n<meta property=\"article:modified_time\" content=\"2026-03-09T15:29:04+00:00\" \/>\n<meta name=\"twitter:card\" content=\"summary_large_image\" \/>\n<meta name=\"twitter:label1\" content=\"Dur\u00e9e de lecture estim\u00e9e\" \/>\n\t<meta name=\"twitter:data1\" content=\"2 minutes\" \/>\n<script type=\"application\/ld+json\" class=\"yoast-schema-graph\">{\"@context\":\"https:\/\/schema.org\",\"@graph\":[{\"@type\":\"WebPage\",\"@id\":\"https:\/\/animalwelfare.interpharma.ch\/report-2025\/culture-of-care-aktivitaeten\/\",\"url\":\"https:\/\/animalwelfare.interpharma.ch\/report-2025\/culture-of-care-aktivitaeten\/\",\"name\":\"Activit\u00e9s relatives \u00e0 la culture de la prise en charge - animalwelfare\",\"isPartOf\":{\"@id\":\"https:\/\/animalwelfare.interpharma.ch\/#website\"},\"datePublished\":\"2026-03-06T16:34:56+00:00\",\"dateModified\":\"2026-03-09T15:29:04+00:00\",\"breadcrumb\":{\"@id\":\"https:\/\/animalwelfare.interpharma.ch\/report-2025\/culture-of-care-aktivitaeten\/#breadcrumb\"},\"inLanguage\":\"fr-FR\",\"potentialAction\":[{\"@type\":\"ReadAction\",\"target\":[\"https:\/\/animalwelfare.interpharma.ch\/report-2025\/culture-of-care-aktivitaeten\/\"]}]},{\"@type\":\"BreadcrumbList\",\"@id\":\"https:\/\/animalwelfare.interpharma.ch\/report-2025\/culture-of-care-aktivitaeten\/#breadcrumb\",\"itemListElement\":[{\"@type\":\"ListItem\",\"position\":1,\"name\":\"Start\",\"item\":\"https:\/\/animalwelfare.interpharma.ch\/fr\/\"},{\"@type\":\"ListItem\",\"position\":2,\"name\":\"Report 2025\",\"item\":\"https:\/\/animalwelfare.interpharma.ch\/fr\/report-2025\/\"},{\"@type\":\"ListItem\",\"position\":3,\"name\":\"Activit\u00e9s relatives \u00e0 la culture de la prise en charge\"}]},{\"@type\":\"WebSite\",\"@id\":\"https:\/\/animalwelfare.interpharma.ch\/#website\",\"url\":\"https:\/\/animalwelfare.interpharma.ch\/\",\"name\":\"animalwelfare\",\"description\":\"\",\"potentialAction\":[{\"@type\":\"SearchAction\",\"target\":{\"@type\":\"EntryPoint\",\"urlTemplate\":\"https:\/\/animalwelfare.interpharma.ch\/?s={search_term_string}\"},\"query-input\":{\"@type\":\"PropertyValueSpecification\",\"valueRequired\":true,\"valueName\":\"search_term_string\"}}],\"inLanguage\":\"fr-FR\"}]}<\/script>\n<!-- \/ Yoast SEO Premium plugin. -->","yoast_head_json":{"title":"Activit\u00e9s relatives \u00e0 la culture de la prise en charge - animalwelfare","robots":{"index":"index","follow":"follow","max-snippet":"max-snippet:-1","max-image-preview":"max-image-preview:large","max-video-preview":"max-video-preview:-1"},"canonical":"https:\/\/animalwelfare.interpharma.ch\/report-2025\/culture-of-care-aktivitaeten\/","og_locale":"fr_FR","og_type":"article","og_title":"Activit\u00e9s relatives \u00e0 la culture de la prise en charge","og_description":"Activit\u00e9s relatives \u00e0 la culture de la prise en charge Une soci\u00e9t\u00e9 membre d\u2019Interpharma a lanc\u00e9 une s\u00e9rie de pr\u00e9sentations \u00e0 l\u2019intention du personnel charg\u00e9 des soins des animaux et du personnel int\u00e9ress\u00e9 dans le cadre de ses activit\u00e9s \u00abculture de la prise en charge\u00bb. Ces pr\u00e9sentations, r\u00e9alis\u00e9es par des chercheuses et chercheurs en termes [&hellip;]","og_url":"https:\/\/animalwelfare.interpharma.ch\/report-2025\/culture-of-care-aktivitaeten\/","og_site_name":"animalwelfare","article_modified_time":"2026-03-09T15:29:04+00:00","twitter_card":"summary_large_image","twitter_misc":{"Dur\u00e9e de lecture estim\u00e9e":"2 minutes"},"schema":{"@context":"https:\/\/schema.org","@graph":[{"@type":"WebPage","@id":"https:\/\/animalwelfare.interpharma.ch\/report-2025\/culture-of-care-aktivitaeten\/","url":"https:\/\/animalwelfare.interpharma.ch\/report-2025\/culture-of-care-aktivitaeten\/","name":"Activit\u00e9s relatives \u00e0 la culture de la prise en charge - animalwelfare","isPartOf":{"@id":"https:\/\/animalwelfare.interpharma.ch\/#website"},"datePublished":"2026-03-06T16:34:56+00:00","dateModified":"2026-03-09T15:29:04+00:00","breadcrumb":{"@id":"https:\/\/animalwelfare.interpharma.ch\/report-2025\/culture-of-care-aktivitaeten\/#breadcrumb"},"inLanguage":"fr-FR","potentialAction":[{"@type":"ReadAction","target":["https:\/\/animalwelfare.interpharma.ch\/report-2025\/culture-of-care-aktivitaeten\/"]}]},{"@type":"BreadcrumbList","@id":"https:\/\/animalwelfare.interpharma.ch\/report-2025\/culture-of-care-aktivitaeten\/#breadcrumb","itemListElement":[{"@type":"ListItem","position":1,"name":"Start","item":"https:\/\/animalwelfare.interpharma.ch\/fr\/"},{"@type":"ListItem","position":2,"name":"Report 2025","item":"https:\/\/animalwelfare.interpharma.ch\/fr\/report-2025\/"},{"@type":"ListItem","position":3,"name":"Activit\u00e9s relatives \u00e0 la culture de la prise en charge"}]},{"@type":"WebSite","@id":"https:\/\/animalwelfare.interpharma.ch\/#website","url":"https:\/\/animalwelfare.interpharma.ch\/","name":"animalwelfare","description":"","potentialAction":[{"@type":"SearchAction","target":{"@type":"EntryPoint","urlTemplate":"https:\/\/animalwelfare.interpharma.ch\/?s={search_term_string}"},"query-input":{"@type":"PropertyValueSpecification","valueRequired":true,"valueName":"search_term_string"}}],"inLanguage":"fr-FR"}]}},"_links":{"self":[{"href":"https:\/\/animalwelfare.interpharma.ch\/fr\/wp-json\/wp\/v2\/pages\/394","targetHints":{"allow":["GET"]}}],"collection":[{"href":"https:\/\/animalwelfare.interpharma.ch\/fr\/wp-json\/wp\/v2\/pages"}],"about":[{"href":"https:\/\/animalwelfare.interpharma.ch\/fr\/wp-json\/wp\/v2\/types\/page"}],"author":[{"embeddable":true,"href":"https:\/\/animalwelfare.interpharma.ch\/fr\/wp-json\/wp\/v2\/users\/1"}],"replies":[{"embeddable":true,"href":"https:\/\/animalwelfare.interpharma.ch\/fr\/wp-json\/wp\/v2\/comments?post=394"}],"version-history":[{"count":2,"href":"https:\/\/animalwelfare.interpharma.ch\/fr\/wp-json\/wp\/v2\/pages\/394\/revisions"}],"predecessor-version":[{"id":2994,"href":"https:\/\/animalwelfare.interpharma.ch\/fr\/wp-json\/wp\/v2\/pages\/394\/revisions\/2994"}],"up":[{"embeddable":true,"href":"https:\/\/animalwelfare.interpharma.ch\/fr\/wp-json\/wp\/v2\/pages\/460"}],"wp:attachment":[{"href":"https:\/\/animalwelfare.interpharma.ch\/fr\/wp-json\/wp\/v2\/media?parent=394"}],"curies":[{"name":"wp","href":"https:\/\/api.w.org\/{rel}","templated":true}]}}