{"id":388,"date":"2026-03-06T17:34:56","date_gmt":"2026-03-06T16:34:56","guid":{"rendered":"https:\/\/animalwelfare.iph-multisite.berta-bewegt.ch\/?page_id=388"},"modified":"2026-03-09T16:29:21","modified_gmt":"2026-03-09T15:29:21","slug":"formation-interne","status":"publish","type":"page","link":"https:\/\/animalwelfare.interpharma.ch\/fr\/report-2025\/formation-interne\/","title":{"rendered":"Formation interne"},"content":{"rendered":"\n<h2 class=\"wp-block-heading\">Formation interne<\/h2>\n\n\n\n<p>Chaque ann\u00e9e, une entreprise membre de Suisse propose un \u00e9ventail de formations agr\u00e9\u00e9es par le gouvernement f\u00e9d\u00e9ral et une journ\u00e9e sp\u00e9ciale de formation continue, permettant aux membres du personnel travaillant avec des animaux dans la recherche de satisfaire aux exigences l\u00e9gales en mati\u00e8re de formation. Les th\u00e8mes abord\u00e9s lors de la journ\u00e9e de formation sont les suivants:<\/p>\n\n\n\n<ul class=\"wp-block-list\">\n<li>Informations sur les sujets d\u2019actualit\u00e9 relatifs au bien-\u00eatre animal;<\/li>\n\n\n\n<li>Mise \u00e0 jour sur les initiatives suisses en cours en mati\u00e8re de recherche animale;<\/li>\n\n\n\n<li>\u00c9tude des r\u00e9seaux neuronaux in silico;<\/li>\n\n\n\n<li>L\u2019animal derri\u00e8re les m\u00e9dicaments\/dispositifs m\u00e9dicaux de pointe et le paysage public\/la l\u00e9gislation actuelle en mati\u00e8re de recherche animale aux \u00c9tats-Unis;<\/li>\n\n\n\n<li>Retraite des primates non humains;<\/li>\n\n\n\n<li>Transformer le savoir en action: \u00e9valuation d\u2019un atelier de formation des scientifiques sur la fa\u00e7on d\u2019inclure correctement le sexe comme variable biologique;<\/li>\n\n\n\n<li>Administration de m\u00e9dicaments guid\u00e9s par micropipette comme alternative douce au gavage oral;<\/li>\n\n\n\n<li>G\u00f6ttingen Minipigs: 30&nbsp;ans au service du d\u00e9veloppement de m\u00e9dicaments pour att\u00e9nuer les risques li\u00e9s au d\u00e9veloppement clinique;<\/li>\n\n\n\n<li>Effets de l\u2019enrichissement environnemental sur le cancer, l\u2019immunit\u00e9 et le vieillissement;<\/li>\n\n\n\n<li>Application du micro-\u00e9chantillonnage \u00e0 la d\u00e9couverte de m\u00e9dicaments: soutenir la science et les 3R.<\/li>\n<\/ul>\n\n\n\n<p>Au cours de la journ\u00e9e de formation, des informations sur les changements, notamment les lois et les directives, sont \u00e9galement fournies. Cela permet de s\u2019assurer que le personnel est inform\u00e9 de l\u2019\u00e9tat actuel de la l\u00e9gislation ainsi que des pr\u00e9occupations de la Commission sur l\u2019exp\u00e9rimentation animale.<\/p>\n\n\n\n<p>En outre, une formation pratique est \u00e9galement propos\u00e9e dans cette entreprise membre par l\u2019interm\u00e9diaire du groupe Training Services. Une formation est dispens\u00e9e \u00e0 toutes les personnes rejoignant le personnel dans le domaine de la recherche animale afin de garantir l\u2019uniformit\u00e9 des normes. En outre, des \u00e9v\u00e9nements sp\u00e9ciaux et des formations avanc\u00e9es sont \u00e9galement propos\u00e9s aux employ\u00e9es et employ\u00e9s exp\u00e9riment\u00e9s. Ces cours de formation continue peuvent \u00eatre reconnus officiellement comme comptant dans les jours de formation continue requis.<\/p>\n\n\n\n<p><strong>Nom du projet:<\/strong> Internal Training and Continuing Education in Animal Research<br><strong>Articles de la charte:<\/strong> 1, 3, 8<\/p>\n","protected":false},"excerpt":{"rendered":"<p>Formation interne Chaque ann\u00e9e, une entreprise membre de Suisse propose un \u00e9ventail de formations agr\u00e9\u00e9es par le gouvernement f\u00e9d\u00e9ral et une journ\u00e9e sp\u00e9ciale de formation continue, permettant aux membres du personnel travaillant avec des animaux dans la recherche de satisfaire aux exigences l\u00e9gales en mati\u00e8re de formation. Les th\u00e8mes abord\u00e9s lors de la journ\u00e9e de [&hellip;]<\/p>\n","protected":false},"author":1,"featured_media":0,"parent":460,"menu_order":11,"comment_status":"closed","ping_status":"closed","template":"page-templates\/unterthema.php","meta":{"_acf_changed":false,"inline_featured_image":false,"footnotes":""},"class_list":["post-388","page","type-page","status-publish","hentry"],"acf":[],"yoast_head":"<!-- This site is optimized with the Yoast SEO Premium plugin v27.2 (Yoast SEO v27.2) - https:\/\/yoast.com\/product\/yoast-seo-premium-wordpress\/ -->\n<title>Formation interne - animalwelfare<\/title>\n<meta name=\"robots\" content=\"index, follow, max-snippet:-1, max-image-preview:large, max-video-preview:-1\" \/>\n<link rel=\"canonical\" href=\"https:\/\/animalwelfare.interpharma.ch\/report-2025\/interne-schulungen\/\" \/>\n<meta property=\"og:locale\" content=\"fr_FR\" \/>\n<meta property=\"og:type\" content=\"article\" \/>\n<meta property=\"og:title\" content=\"Formation interne\" \/>\n<meta property=\"og:description\" content=\"Formation interne Chaque ann\u00e9e, une entreprise membre de Suisse propose un \u00e9ventail de formations agr\u00e9\u00e9es par le gouvernement f\u00e9d\u00e9ral et une journ\u00e9e sp\u00e9ciale de formation continue, permettant aux membres du personnel travaillant avec des animaux dans la recherche de satisfaire aux exigences l\u00e9gales en mati\u00e8re de formation. Les th\u00e8mes abord\u00e9s lors de la journ\u00e9e de [&hellip;]\" \/>\n<meta property=\"og:url\" content=\"https:\/\/animalwelfare.interpharma.ch\/report-2025\/interne-schulungen\/\" \/>\n<meta property=\"og:site_name\" content=\"animalwelfare\" \/>\n<meta property=\"article:modified_time\" content=\"2026-03-09T15:29:21+00:00\" \/>\n<meta name=\"twitter:card\" content=\"summary_large_image\" \/>\n<meta name=\"twitter:label1\" content=\"Dur\u00e9e de lecture estim\u00e9e\" \/>\n\t<meta name=\"twitter:data1\" content=\"2 minutes\" \/>\n<script type=\"application\/ld+json\" class=\"yoast-schema-graph\">{\"@context\":\"https:\/\/schema.org\",\"@graph\":[{\"@type\":\"WebPage\",\"@id\":\"https:\/\/animalwelfare.interpharma.ch\/report-2025\/interne-schulungen\/\",\"url\":\"https:\/\/animalwelfare.interpharma.ch\/report-2025\/interne-schulungen\/\",\"name\":\"Formation interne - animalwelfare\",\"isPartOf\":{\"@id\":\"https:\/\/animalwelfare.interpharma.ch\/#website\"},\"datePublished\":\"2026-03-06T16:34:56+00:00\",\"dateModified\":\"2026-03-09T15:29:21+00:00\",\"breadcrumb\":{\"@id\":\"https:\/\/animalwelfare.interpharma.ch\/report-2025\/interne-schulungen\/#breadcrumb\"},\"inLanguage\":\"fr-FR\",\"potentialAction\":[{\"@type\":\"ReadAction\",\"target\":[\"https:\/\/animalwelfare.interpharma.ch\/report-2025\/interne-schulungen\/\"]}]},{\"@type\":\"BreadcrumbList\",\"@id\":\"https:\/\/animalwelfare.interpharma.ch\/report-2025\/interne-schulungen\/#breadcrumb\",\"itemListElement\":[{\"@type\":\"ListItem\",\"position\":1,\"name\":\"Start\",\"item\":\"https:\/\/animalwelfare.interpharma.ch\/fr\/\"},{\"@type\":\"ListItem\",\"position\":2,\"name\":\"Report 2025\",\"item\":\"https:\/\/animalwelfare.interpharma.ch\/fr\/report-2025\/\"},{\"@type\":\"ListItem\",\"position\":3,\"name\":\"Formation interne\"}]},{\"@type\":\"WebSite\",\"@id\":\"https:\/\/animalwelfare.interpharma.ch\/#website\",\"url\":\"https:\/\/animalwelfare.interpharma.ch\/\",\"name\":\"animalwelfare\",\"description\":\"\",\"potentialAction\":[{\"@type\":\"SearchAction\",\"target\":{\"@type\":\"EntryPoint\",\"urlTemplate\":\"https:\/\/animalwelfare.interpharma.ch\/?s={search_term_string}\"},\"query-input\":{\"@type\":\"PropertyValueSpecification\",\"valueRequired\":true,\"valueName\":\"search_term_string\"}}],\"inLanguage\":\"fr-FR\"}]}<\/script>\n<!-- \/ Yoast SEO Premium plugin. -->","yoast_head_json":{"title":"Formation interne - animalwelfare","robots":{"index":"index","follow":"follow","max-snippet":"max-snippet:-1","max-image-preview":"max-image-preview:large","max-video-preview":"max-video-preview:-1"},"canonical":"https:\/\/animalwelfare.interpharma.ch\/report-2025\/interne-schulungen\/","og_locale":"fr_FR","og_type":"article","og_title":"Formation interne","og_description":"Formation interne Chaque ann\u00e9e, une entreprise membre de Suisse propose un \u00e9ventail de formations agr\u00e9\u00e9es par le gouvernement f\u00e9d\u00e9ral et une journ\u00e9e sp\u00e9ciale de formation continue, permettant aux membres du personnel travaillant avec des animaux dans la recherche de satisfaire aux exigences l\u00e9gales en mati\u00e8re de formation. Les th\u00e8mes abord\u00e9s lors de la journ\u00e9e de [&hellip;]","og_url":"https:\/\/animalwelfare.interpharma.ch\/report-2025\/interne-schulungen\/","og_site_name":"animalwelfare","article_modified_time":"2026-03-09T15:29:21+00:00","twitter_card":"summary_large_image","twitter_misc":{"Dur\u00e9e de lecture estim\u00e9e":"2 minutes"},"schema":{"@context":"https:\/\/schema.org","@graph":[{"@type":"WebPage","@id":"https:\/\/animalwelfare.interpharma.ch\/report-2025\/interne-schulungen\/","url":"https:\/\/animalwelfare.interpharma.ch\/report-2025\/interne-schulungen\/","name":"Formation interne - animalwelfare","isPartOf":{"@id":"https:\/\/animalwelfare.interpharma.ch\/#website"},"datePublished":"2026-03-06T16:34:56+00:00","dateModified":"2026-03-09T15:29:21+00:00","breadcrumb":{"@id":"https:\/\/animalwelfare.interpharma.ch\/report-2025\/interne-schulungen\/#breadcrumb"},"inLanguage":"fr-FR","potentialAction":[{"@type":"ReadAction","target":["https:\/\/animalwelfare.interpharma.ch\/report-2025\/interne-schulungen\/"]}]},{"@type":"BreadcrumbList","@id":"https:\/\/animalwelfare.interpharma.ch\/report-2025\/interne-schulungen\/#breadcrumb","itemListElement":[{"@type":"ListItem","position":1,"name":"Start","item":"https:\/\/animalwelfare.interpharma.ch\/fr\/"},{"@type":"ListItem","position":2,"name":"Report 2025","item":"https:\/\/animalwelfare.interpharma.ch\/fr\/report-2025\/"},{"@type":"ListItem","position":3,"name":"Formation interne"}]},{"@type":"WebSite","@id":"https:\/\/animalwelfare.interpharma.ch\/#website","url":"https:\/\/animalwelfare.interpharma.ch\/","name":"animalwelfare","description":"","potentialAction":[{"@type":"SearchAction","target":{"@type":"EntryPoint","urlTemplate":"https:\/\/animalwelfare.interpharma.ch\/?s={search_term_string}"},"query-input":{"@type":"PropertyValueSpecification","valueRequired":true,"valueName":"search_term_string"}}],"inLanguage":"fr-FR"}]}},"_links":{"self":[{"href":"https:\/\/animalwelfare.interpharma.ch\/fr\/wp-json\/wp\/v2\/pages\/388","targetHints":{"allow":["GET"]}}],"collection":[{"href":"https:\/\/animalwelfare.interpharma.ch\/fr\/wp-json\/wp\/v2\/pages"}],"about":[{"href":"https:\/\/animalwelfare.interpharma.ch\/fr\/wp-json\/wp\/v2\/types\/page"}],"author":[{"embeddable":true,"href":"https:\/\/animalwelfare.interpharma.ch\/fr\/wp-json\/wp\/v2\/users\/1"}],"replies":[{"embeddable":true,"href":"https:\/\/animalwelfare.interpharma.ch\/fr\/wp-json\/wp\/v2\/comments?post=388"}],"version-history":[{"count":2,"href":"https:\/\/animalwelfare.interpharma.ch\/fr\/wp-json\/wp\/v2\/pages\/388\/revisions"}],"predecessor-version":[{"id":2995,"href":"https:\/\/animalwelfare.interpharma.ch\/fr\/wp-json\/wp\/v2\/pages\/388\/revisions\/2995"}],"up":[{"embeddable":true,"href":"https:\/\/animalwelfare.interpharma.ch\/fr\/wp-json\/wp\/v2\/pages\/460"}],"wp:attachment":[{"href":"https:\/\/animalwelfare.interpharma.ch\/fr\/wp-json\/wp\/v2\/media?parent=388"}],"curies":[{"name":"wp","href":"https:\/\/api.w.org\/{rel}","templated":true}]}}