{"id":1366,"date":"2026-03-06T17:35:47","date_gmt":"2026-03-06T16:35:47","guid":{"rendered":"https:\/\/animalwelfare.iph-multisite.berta-bewegt.ch\/?page_id=1366"},"modified":"2026-03-09T15:45:05","modified_gmt":"2026-03-09T14:45:05","slug":"3-linstitut-de-biologie-humaine-de-roche","status":"publish","type":"page","link":"https:\/\/animalwelfare.interpharma.ch\/fr\/sujets\/3r\/entretien-avecprofessor-dr-matthias-p-luetolf-organoides\/3-linstitut-de-biologie-humaine-de-roche\/","title":{"rendered":"3. L\u2019Institut de biologie humaine de Roche"},"content":{"rendered":"\n<h2 class=\"wp-block-heading\">3. L\u2019Institut de biologie humaine de Roche<\/h2>\n\n\n\n<p>L\u2019IHB (Institute of Human Biology) est \u00e9troitement reli\u00e9 \u00e0 la recherche universitaire et au domaine Pharma Research &amp; Early Development (pRED) de Roche dirig\u00e9 par <a href=\"https:\/\/www.roche.com\/de\/about\/leadership\/hans-clevers\" target=\"_blank\" rel=\"noreferrer noopener\">Hans Clevers<\/a>, et poursuit une approche globale pour faire avancer les syst\u00e8mes de mod\u00e8les humains, de la recherche fondamentale \u00e0 la recherche translationnelle en passant par la recherche appliqu\u00e9e, pour le d\u00e9veloppement de m\u00e9dicaments et avoir un r\u00e9el impact sur les patient-e-s. Aucun autre institut au monde n\u2019offre une telle int\u00e9gration de recherche universitaire et pharmaceutique.<\/p>\n\n\n\n<p>L\u2019Institut r\u00e9unit des \u00e9quipes multidisciplinaires qui couvrent des connaissances dans de nombreux domaines (physique, chimie, biologie, sciences de l\u2019ing\u00e9nieur, informatique, etc.). En s\u2019aidant de plateformes technologiques ultramodernes, ces \u00e9quipes contribuent \u00e0 la mise en \u0153uvre de projets interdisciplinaires. Les plateformes technologiques comprennent une plateforme de production d\u2019organo\u00efdes pour am\u00e9liorer et prototyper l\u2019extension des organo\u00efdes, une biobanque pour mettre en place des capacit\u00e9s en termes de biobanque de tissus et d\u2019organo\u00efdes avec une \u00e9quipe multidisciplinaire d\u2019experts en mati\u00e8re d\u2019organo\u00efdes, ainsi que des fonctions de microscopie et d\u2019imagerie de pointe avec une infrastructure ultramoderne. L\u2019IHB a son si\u00e8ge \u00e0 B\u00e2le, Suisse.<\/p>\n\n\n\n<p><a href=\"http:\/\/institutehumanbiology.com\" target=\"_blank\" rel=\"noreferrer noopener\">institutehumanbiology.com<\/a><\/p>\n","protected":false},"excerpt":{"rendered":"<p>3. L\u2019Institut de biologie humaine de Roche L\u2019IHB (Institute of Human Biology) est \u00e9troitement reli\u00e9 \u00e0 la recherche universitaire et au domaine Pharma Research &amp; Early Development (pRED) de Roche dirig\u00e9 par Hans Clevers, et poursuit une approche globale pour faire avancer les syst\u00e8mes de mod\u00e8les humains, de la recherche fondamentale \u00e0 la recherche translationnelle [&hellip;]<\/p>\n","protected":false},"author":1,"featured_media":0,"parent":1348,"menu_order":2,"comment_status":"closed","ping_status":"closed","template":"page-templates\/unterthema.php","meta":{"_acf_changed":false,"inline_featured_image":false,"footnotes":""},"class_list":["post-1366","page","type-page","status-publish","hentry"],"acf":[],"yoast_head":"<!-- This site is optimized with the Yoast SEO Premium plugin v27.2 (Yoast SEO v27.2) - https:\/\/yoast.com\/product\/yoast-seo-premium-wordpress\/ -->\n<title>3. L\u2019Institut de biologie humaine de Roche - animalwelfare<\/title>\n<meta name=\"robots\" content=\"index, follow, max-snippet:-1, max-image-preview:large, max-video-preview:-1\" \/>\n<link rel=\"canonical\" href=\"https:\/\/animalwelfare.interpharma.ch\/fr\/sujets\/3r\/entretien-avecprofessor-dr-matthias-p-luetolf-organoides\/3-linstitut-de-biologie-humaine-de-roche\/\" \/>\n<meta property=\"og:locale\" content=\"fr_FR\" \/>\n<meta property=\"og:type\" content=\"article\" \/>\n<meta property=\"og:title\" content=\"3. L\u2019Institut de biologie humaine de Roche\" \/>\n<meta property=\"og:description\" content=\"3. L\u2019Institut de biologie humaine de Roche L\u2019IHB (Institute of Human Biology) est \u00e9troitement reli\u00e9 \u00e0 la recherche universitaire et au domaine Pharma Research &amp; Early Development (pRED) de Roche dirig\u00e9 par Hans Clevers, et poursuit une approche globale pour faire avancer les syst\u00e8mes de mod\u00e8les humains, de la recherche fondamentale \u00e0 la recherche translationnelle [&hellip;]\" \/>\n<meta property=\"og:url\" content=\"https:\/\/animalwelfare.interpharma.ch\/fr\/sujets\/3r\/entretien-avecprofessor-dr-matthias-p-luetolf-organoides\/3-linstitut-de-biologie-humaine-de-roche\/\" \/>\n<meta property=\"og:site_name\" content=\"animalwelfare\" \/>\n<meta property=\"article:modified_time\" content=\"2026-03-09T14:45:05+00:00\" \/>\n<meta name=\"twitter:card\" content=\"summary_large_image\" \/>\n<meta name=\"twitter:label1\" content=\"Dur\u00e9e de lecture estim\u00e9e\" \/>\n\t<meta name=\"twitter:data1\" content=\"2 minutes\" \/>\n<script type=\"application\/ld+json\" class=\"yoast-schema-graph\">{\"@context\":\"https:\/\/schema.org\",\"@graph\":[{\"@type\":\"WebPage\",\"@id\":\"https:\/\/animalwelfare.interpharma.ch\/fr\/sujets\/3r\/entretien-avecprofessor-dr-matthias-p-luetolf-organoides\/3-linstitut-de-biologie-humaine-de-roche\/\",\"url\":\"https:\/\/animalwelfare.interpharma.ch\/fr\/sujets\/3r\/entretien-avecprofessor-dr-matthias-p-luetolf-organoides\/3-linstitut-de-biologie-humaine-de-roche\/\",\"name\":\"3. L\u2019Institut de biologie humaine de Roche - animalwelfare\",\"isPartOf\":{\"@id\":\"https:\/\/animalwelfare.interpharma.ch\/#website\"},\"datePublished\":\"2026-03-06T16:35:47+00:00\",\"dateModified\":\"2026-03-09T14:45:05+00:00\",\"breadcrumb\":{\"@id\":\"https:\/\/animalwelfare.interpharma.ch\/fr\/sujets\/3r\/entretien-avecprofessor-dr-matthias-p-luetolf-organoides\/3-linstitut-de-biologie-humaine-de-roche\/#breadcrumb\"},\"inLanguage\":\"fr-FR\",\"potentialAction\":[{\"@type\":\"ReadAction\",\"target\":[\"https:\/\/animalwelfare.interpharma.ch\/fr\/sujets\/3r\/entretien-avecprofessor-dr-matthias-p-luetolf-organoides\/3-linstitut-de-biologie-humaine-de-roche\/\"]}]},{\"@type\":\"BreadcrumbList\",\"@id\":\"https:\/\/animalwelfare.interpharma.ch\/fr\/sujets\/3r\/entretien-avecprofessor-dr-matthias-p-luetolf-organoides\/3-linstitut-de-biologie-humaine-de-roche\/#breadcrumb\",\"itemListElement\":[{\"@type\":\"ListItem\",\"position\":1,\"name\":\"Start\",\"item\":\"https:\/\/animalwelfare.interpharma.ch\/fr\/\"},{\"@type\":\"ListItem\",\"position\":2,\"name\":\"Contenus\",\"item\":\"https:\/\/animalwelfare.interpharma.ch\/fr\/sujets\/\"},{\"@type\":\"ListItem\",\"position\":3,\"name\":\"3R\",\"item\":\"https:\/\/animalwelfare.interpharma.ch\/fr\/sujets\/3r\/\"},{\"@type\":\"ListItem\",\"position\":4,\"name\":\"Entretien avec Professor Dr. Matthias P. L\u00fctolf : Organo\u00efdes\",\"item\":\"https:\/\/animalwelfare.interpharma.ch\/fr\/sujets\/3r\/entretien-avecprofessor-dr-matthias-p-luetolf-organoides\/\"},{\"@type\":\"ListItem\",\"position\":5,\"name\":\"3. L\u2019Institut de biologie humaine de Roche\"}]},{\"@type\":\"WebSite\",\"@id\":\"https:\/\/animalwelfare.interpharma.ch\/#website\",\"url\":\"https:\/\/animalwelfare.interpharma.ch\/\",\"name\":\"animalwelfare\",\"description\":\"\",\"potentialAction\":[{\"@type\":\"SearchAction\",\"target\":{\"@type\":\"EntryPoint\",\"urlTemplate\":\"https:\/\/animalwelfare.interpharma.ch\/?s={search_term_string}\"},\"query-input\":{\"@type\":\"PropertyValueSpecification\",\"valueRequired\":true,\"valueName\":\"search_term_string\"}}],\"inLanguage\":\"fr-FR\"}]}<\/script>\n<!-- \/ Yoast SEO Premium plugin. -->","yoast_head_json":{"title":"3. L\u2019Institut de biologie humaine de Roche - animalwelfare","robots":{"index":"index","follow":"follow","max-snippet":"max-snippet:-1","max-image-preview":"max-image-preview:large","max-video-preview":"max-video-preview:-1"},"canonical":"https:\/\/animalwelfare.interpharma.ch\/fr\/sujets\/3r\/entretien-avecprofessor-dr-matthias-p-luetolf-organoides\/3-linstitut-de-biologie-humaine-de-roche\/","og_locale":"fr_FR","og_type":"article","og_title":"3. L\u2019Institut de biologie humaine de Roche","og_description":"3. L\u2019Institut de biologie humaine de Roche L\u2019IHB (Institute of Human Biology) est \u00e9troitement reli\u00e9 \u00e0 la recherche universitaire et au domaine Pharma Research &amp; Early Development (pRED) de Roche dirig\u00e9 par Hans Clevers, et poursuit une approche globale pour faire avancer les syst\u00e8mes de mod\u00e8les humains, de la recherche fondamentale \u00e0 la recherche translationnelle [&hellip;]","og_url":"https:\/\/animalwelfare.interpharma.ch\/fr\/sujets\/3r\/entretien-avecprofessor-dr-matthias-p-luetolf-organoides\/3-linstitut-de-biologie-humaine-de-roche\/","og_site_name":"animalwelfare","article_modified_time":"2026-03-09T14:45:05+00:00","twitter_card":"summary_large_image","twitter_misc":{"Dur\u00e9e de lecture estim\u00e9e":"2 minutes"},"schema":{"@context":"https:\/\/schema.org","@graph":[{"@type":"WebPage","@id":"https:\/\/animalwelfare.interpharma.ch\/fr\/sujets\/3r\/entretien-avecprofessor-dr-matthias-p-luetolf-organoides\/3-linstitut-de-biologie-humaine-de-roche\/","url":"https:\/\/animalwelfare.interpharma.ch\/fr\/sujets\/3r\/entretien-avecprofessor-dr-matthias-p-luetolf-organoides\/3-linstitut-de-biologie-humaine-de-roche\/","name":"3. L\u2019Institut de biologie humaine de Roche - animalwelfare","isPartOf":{"@id":"https:\/\/animalwelfare.interpharma.ch\/#website"},"datePublished":"2026-03-06T16:35:47+00:00","dateModified":"2026-03-09T14:45:05+00:00","breadcrumb":{"@id":"https:\/\/animalwelfare.interpharma.ch\/fr\/sujets\/3r\/entretien-avecprofessor-dr-matthias-p-luetolf-organoides\/3-linstitut-de-biologie-humaine-de-roche\/#breadcrumb"},"inLanguage":"fr-FR","potentialAction":[{"@type":"ReadAction","target":["https:\/\/animalwelfare.interpharma.ch\/fr\/sujets\/3r\/entretien-avecprofessor-dr-matthias-p-luetolf-organoides\/3-linstitut-de-biologie-humaine-de-roche\/"]}]},{"@type":"BreadcrumbList","@id":"https:\/\/animalwelfare.interpharma.ch\/fr\/sujets\/3r\/entretien-avecprofessor-dr-matthias-p-luetolf-organoides\/3-linstitut-de-biologie-humaine-de-roche\/#breadcrumb","itemListElement":[{"@type":"ListItem","position":1,"name":"Start","item":"https:\/\/animalwelfare.interpharma.ch\/fr\/"},{"@type":"ListItem","position":2,"name":"Contenus","item":"https:\/\/animalwelfare.interpharma.ch\/fr\/sujets\/"},{"@type":"ListItem","position":3,"name":"3R","item":"https:\/\/animalwelfare.interpharma.ch\/fr\/sujets\/3r\/"},{"@type":"ListItem","position":4,"name":"Entretien avec Professor Dr. Matthias P. L\u00fctolf : Organo\u00efdes","item":"https:\/\/animalwelfare.interpharma.ch\/fr\/sujets\/3r\/entretien-avecprofessor-dr-matthias-p-luetolf-organoides\/"},{"@type":"ListItem","position":5,"name":"3. L\u2019Institut de biologie humaine de Roche"}]},{"@type":"WebSite","@id":"https:\/\/animalwelfare.interpharma.ch\/#website","url":"https:\/\/animalwelfare.interpharma.ch\/","name":"animalwelfare","description":"","potentialAction":[{"@type":"SearchAction","target":{"@type":"EntryPoint","urlTemplate":"https:\/\/animalwelfare.interpharma.ch\/?s={search_term_string}"},"query-input":{"@type":"PropertyValueSpecification","valueRequired":true,"valueName":"search_term_string"}}],"inLanguage":"fr-FR"}]}},"_links":{"self":[{"href":"https:\/\/animalwelfare.interpharma.ch\/fr\/wp-json\/wp\/v2\/pages\/1366","targetHints":{"allow":["GET"]}}],"collection":[{"href":"https:\/\/animalwelfare.interpharma.ch\/fr\/wp-json\/wp\/v2\/pages"}],"about":[{"href":"https:\/\/animalwelfare.interpharma.ch\/fr\/wp-json\/wp\/v2\/types\/page"}],"author":[{"embeddable":true,"href":"https:\/\/animalwelfare.interpharma.ch\/fr\/wp-json\/wp\/v2\/users\/1"}],"replies":[{"embeddable":true,"href":"https:\/\/animalwelfare.interpharma.ch\/fr\/wp-json\/wp\/v2\/comments?post=1366"}],"version-history":[{"count":2,"href":"https:\/\/animalwelfare.interpharma.ch\/fr\/wp-json\/wp\/v2\/pages\/1366\/revisions"}],"predecessor-version":[{"id":2925,"href":"https:\/\/animalwelfare.interpharma.ch\/fr\/wp-json\/wp\/v2\/pages\/1366\/revisions\/2925"}],"up":[{"embeddable":true,"href":"https:\/\/animalwelfare.interpharma.ch\/fr\/wp-json\/wp\/v2\/pages\/1348"}],"wp:attachment":[{"href":"https:\/\/animalwelfare.interpharma.ch\/fr\/wp-json\/wp\/v2\/media?parent=1366"}],"curies":[{"name":"wp","href":"https:\/\/api.w.org\/{rel}","templated":true}]}}