{"id":1360,"date":"2026-03-06T17:35:47","date_gmt":"2026-03-06T16:35:47","guid":{"rendered":"https:\/\/animalwelfare.iph-multisite.berta-bewegt.ch\/?page_id=1360"},"modified":"2026-03-09T15:44:40","modified_gmt":"2026-03-09T14:44:40","slug":"2-en-bref-pr-dr-matthias-p-luetolf","status":"publish","type":"page","link":"https:\/\/animalwelfare.interpharma.ch\/fr\/sujets\/3r\/entretien-avecprofessor-dr-matthias-p-luetolf-organoides\/2-en-bref-pr-dr-matthias-p-luetolf\/","title":{"rendered":"2. En bref: Pr Dr Matthias P. L\u00fctolf"},"content":{"rendered":"\n<h2 class=\"wp-block-heading\">2. En bref: Pr Dr Matthias P. L\u00fctolf<\/h2>\n\n\n\n<div class=\"wp-block-media-text is-stacked-on-mobile\" style=\"grid-template-columns:26% auto\"><figure class=\"wp-block-media-text__media\"><img decoding=\"async\" src=\"https:\/\/animalwelfare.interpharma.ch\/wp-content\/uploads\/sites\/5\/2024\/11\/LUTOLF_Matthias_2023_DSC_6748-edited-scaled.jpg\" alt=\"\" class=\"wp-image-10737 size-full\"\/><\/figure><div class=\"wp-block-media-text__content\">\n<p>Matthias P. L\u00fctolf est directeur fondateur et responsable de la division Translational Bioengineering \u00e0 l\u2019Institut de biologie humaine (IHB) de Roche et professeur de bioing\u00e9nierie \u00e0 l\u2019\u00c9cole polytechnique f\u00e9d\u00e9rale de Lausanne (EPFL). Ses travaux de recherche se concentrent sur l\u2019utilisation des strat\u00e9gies de bioing\u00e9nierie les plus modernes pour piloter le d\u00e9veloppement bas\u00e9 sur les cellules souches de mani\u00e8re \u00e0 fabriquer des organo\u00efdes d\u2019un nouveau genre, mieux reproductibles et physiologiquement plus pertinents pour la recherche fondamentale et les applications en vie r\u00e9elle dans la recherche et le d\u00e9veloppement de m\u00e9dicaments.<\/p>\n<\/div><\/div>\n","protected":false},"excerpt":{"rendered":"<p>2. En bref: Pr Dr Matthias P. L\u00fctolf Matthias P. L\u00fctolf est directeur fondateur et responsable de la division Translational Bioengineering \u00e0 l\u2019Institut de biologie humaine (IHB) de Roche et professeur de bioing\u00e9nierie \u00e0 l\u2019\u00c9cole polytechnique f\u00e9d\u00e9rale de Lausanne (EPFL). Ses travaux de recherche se concentrent sur l\u2019utilisation des strat\u00e9gies de bioing\u00e9nierie les plus modernes [&hellip;]<\/p>\n","protected":false},"author":1,"featured_media":0,"parent":1348,"menu_order":1,"comment_status":"closed","ping_status":"closed","template":"page-templates\/unterthema.php","meta":{"_acf_changed":false,"inline_featured_image":false,"footnotes":""},"class_list":["post-1360","page","type-page","status-publish","hentry"],"acf":[],"yoast_head":"<!-- This site is optimized with the Yoast SEO Premium plugin v27.2 (Yoast SEO v27.2) - https:\/\/yoast.com\/product\/yoast-seo-premium-wordpress\/ -->\n<title>2. En bref: Pr Dr Matthias P. L\u00fctolf - animalwelfare<\/title>\n<meta name=\"robots\" content=\"index, follow, max-snippet:-1, max-image-preview:large, max-video-preview:-1\" \/>\n<link rel=\"canonical\" href=\"https:\/\/animalwelfare.interpharma.ch\/fr\/sujets\/3r\/entretien-avecprofessor-dr-matthias-p-luetolf-organoides\/2-en-bref-pr-dr-matthias-p-luetolf\/\" \/>\n<meta property=\"og:locale\" content=\"fr_FR\" \/>\n<meta property=\"og:type\" content=\"article\" \/>\n<meta property=\"og:title\" content=\"2. En bref: Pr Dr Matthias P. L\u00fctolf\" \/>\n<meta property=\"og:description\" content=\"2. En bref: Pr Dr Matthias P. L\u00fctolf Matthias P. L\u00fctolf est directeur fondateur et responsable de la division Translational Bioengineering \u00e0 l\u2019Institut de biologie humaine (IHB) de Roche et professeur de bioing\u00e9nierie \u00e0 l\u2019\u00c9cole polytechnique f\u00e9d\u00e9rale de Lausanne (EPFL). Ses travaux de recherche se concentrent sur l\u2019utilisation des strat\u00e9gies de bioing\u00e9nierie les plus modernes [&hellip;]\" \/>\n<meta property=\"og:url\" content=\"https:\/\/animalwelfare.interpharma.ch\/fr\/sujets\/3r\/entretien-avecprofessor-dr-matthias-p-luetolf-organoides\/2-en-bref-pr-dr-matthias-p-luetolf\/\" \/>\n<meta property=\"og:site_name\" content=\"animalwelfare\" \/>\n<meta property=\"article:modified_time\" content=\"2026-03-09T14:44:40+00:00\" \/>\n<meta property=\"og:image\" content=\"https:\/\/animalwelfare.interpharma.ch\/wp-content\/uploads\/sites\/5\/2024\/11\/LUTOLF_Matthias_2023_DSC_6748-edited-scaled.jpg\" \/>\n<meta name=\"twitter:card\" content=\"summary_large_image\" \/>\n<meta name=\"twitter:label1\" content=\"Dur\u00e9e de lecture estim\u00e9e\" \/>\n\t<meta name=\"twitter:data1\" content=\"1 minute\" \/>\n<script type=\"application\/ld+json\" class=\"yoast-schema-graph\">{\"@context\":\"https:\/\/schema.org\",\"@graph\":[{\"@type\":\"WebPage\",\"@id\":\"https:\/\/animalwelfare.interpharma.ch\/fr\/sujets\/3r\/entretien-avecprofessor-dr-matthias-p-luetolf-organoides\/2-en-bref-pr-dr-matthias-p-luetolf\/\",\"url\":\"https:\/\/animalwelfare.interpharma.ch\/fr\/sujets\/3r\/entretien-avecprofessor-dr-matthias-p-luetolf-organoides\/2-en-bref-pr-dr-matthias-p-luetolf\/\",\"name\":\"2. En bref: Pr Dr Matthias P. L\u00fctolf - animalwelfare\",\"isPartOf\":{\"@id\":\"https:\/\/animalwelfare.interpharma.ch\/#website\"},\"primaryImageOfPage\":{\"@id\":\"https:\/\/animalwelfare.interpharma.ch\/fr\/sujets\/3r\/entretien-avecprofessor-dr-matthias-p-luetolf-organoides\/2-en-bref-pr-dr-matthias-p-luetolf\/#primaryimage\"},\"image\":{\"@id\":\"https:\/\/animalwelfare.interpharma.ch\/fr\/sujets\/3r\/entretien-avecprofessor-dr-matthias-p-luetolf-organoides\/2-en-bref-pr-dr-matthias-p-luetolf\/#primaryimage\"},\"thumbnailUrl\":\"https:\/\/animalwelfare.interpharma.ch\/wp-content\/uploads\/sites\/5\/2024\/11\/LUTOLF_Matthias_2023_DSC_6748-edited-scaled.jpg\",\"datePublished\":\"2026-03-06T16:35:47+00:00\",\"dateModified\":\"2026-03-09T14:44:40+00:00\",\"breadcrumb\":{\"@id\":\"https:\/\/animalwelfare.interpharma.ch\/fr\/sujets\/3r\/entretien-avecprofessor-dr-matthias-p-luetolf-organoides\/2-en-bref-pr-dr-matthias-p-luetolf\/#breadcrumb\"},\"inLanguage\":\"fr-FR\",\"potentialAction\":[{\"@type\":\"ReadAction\",\"target\":[\"https:\/\/animalwelfare.interpharma.ch\/fr\/sujets\/3r\/entretien-avecprofessor-dr-matthias-p-luetolf-organoides\/2-en-bref-pr-dr-matthias-p-luetolf\/\"]}]},{\"@type\":\"ImageObject\",\"inLanguage\":\"fr-FR\",\"@id\":\"https:\/\/animalwelfare.interpharma.ch\/fr\/sujets\/3r\/entretien-avecprofessor-dr-matthias-p-luetolf-organoides\/2-en-bref-pr-dr-matthias-p-luetolf\/#primaryimage\",\"url\":\"https:\/\/animalwelfare.interpharma.ch\/wp-content\/uploads\/sites\/5\/2024\/11\/LUTOLF_Matthias_2023_DSC_6748-edited-scaled.jpg\",\"contentUrl\":\"https:\/\/animalwelfare.interpharma.ch\/wp-content\/uploads\/sites\/5\/2024\/11\/LUTOLF_Matthias_2023_DSC_6748-edited-scaled.jpg\"},{\"@type\":\"BreadcrumbList\",\"@id\":\"https:\/\/animalwelfare.interpharma.ch\/fr\/sujets\/3r\/entretien-avecprofessor-dr-matthias-p-luetolf-organoides\/2-en-bref-pr-dr-matthias-p-luetolf\/#breadcrumb\",\"itemListElement\":[{\"@type\":\"ListItem\",\"position\":1,\"name\":\"Start\",\"item\":\"https:\/\/animalwelfare.interpharma.ch\/fr\/\"},{\"@type\":\"ListItem\",\"position\":2,\"name\":\"Contenus\",\"item\":\"https:\/\/animalwelfare.interpharma.ch\/fr\/sujets\/\"},{\"@type\":\"ListItem\",\"position\":3,\"name\":\"3R\",\"item\":\"https:\/\/animalwelfare.interpharma.ch\/fr\/sujets\/3r\/\"},{\"@type\":\"ListItem\",\"position\":4,\"name\":\"Entretien avec Professor Dr. Matthias P. L\u00fctolf : Organo\u00efdes\",\"item\":\"https:\/\/animalwelfare.interpharma.ch\/fr\/sujets\/3r\/entretien-avecprofessor-dr-matthias-p-luetolf-organoides\/\"},{\"@type\":\"ListItem\",\"position\":5,\"name\":\"2. En bref: Pr Dr Matthias P. L\u00fctolf\"}]},{\"@type\":\"WebSite\",\"@id\":\"https:\/\/animalwelfare.interpharma.ch\/#website\",\"url\":\"https:\/\/animalwelfare.interpharma.ch\/\",\"name\":\"animalwelfare\",\"description\":\"\",\"potentialAction\":[{\"@type\":\"SearchAction\",\"target\":{\"@type\":\"EntryPoint\",\"urlTemplate\":\"https:\/\/animalwelfare.interpharma.ch\/?s={search_term_string}\"},\"query-input\":{\"@type\":\"PropertyValueSpecification\",\"valueRequired\":true,\"valueName\":\"search_term_string\"}}],\"inLanguage\":\"fr-FR\"}]}<\/script>\n<!-- \/ Yoast SEO Premium plugin. -->","yoast_head_json":{"title":"2. En bref: Pr Dr Matthias P. L\u00fctolf - animalwelfare","robots":{"index":"index","follow":"follow","max-snippet":"max-snippet:-1","max-image-preview":"max-image-preview:large","max-video-preview":"max-video-preview:-1"},"canonical":"https:\/\/animalwelfare.interpharma.ch\/fr\/sujets\/3r\/entretien-avecprofessor-dr-matthias-p-luetolf-organoides\/2-en-bref-pr-dr-matthias-p-luetolf\/","og_locale":"fr_FR","og_type":"article","og_title":"2. En bref: Pr Dr Matthias P. L\u00fctolf","og_description":"2. En bref: Pr Dr Matthias P. L\u00fctolf Matthias P. L\u00fctolf est directeur fondateur et responsable de la division Translational Bioengineering \u00e0 l\u2019Institut de biologie humaine (IHB) de Roche et professeur de bioing\u00e9nierie \u00e0 l\u2019\u00c9cole polytechnique f\u00e9d\u00e9rale de Lausanne (EPFL). Ses travaux de recherche se concentrent sur l\u2019utilisation des strat\u00e9gies de bioing\u00e9nierie les plus modernes [&hellip;]","og_url":"https:\/\/animalwelfare.interpharma.ch\/fr\/sujets\/3r\/entretien-avecprofessor-dr-matthias-p-luetolf-organoides\/2-en-bref-pr-dr-matthias-p-luetolf\/","og_site_name":"animalwelfare","article_modified_time":"2026-03-09T14:44:40+00:00","og_image":[{"url":"https:\/\/animalwelfare.interpharma.ch\/wp-content\/uploads\/sites\/5\/2024\/11\/LUTOLF_Matthias_2023_DSC_6748-edited-scaled.jpg","type":"","width":"","height":""}],"twitter_card":"summary_large_image","twitter_misc":{"Dur\u00e9e de lecture estim\u00e9e":"1 minute"},"schema":{"@context":"https:\/\/schema.org","@graph":[{"@type":"WebPage","@id":"https:\/\/animalwelfare.interpharma.ch\/fr\/sujets\/3r\/entretien-avecprofessor-dr-matthias-p-luetolf-organoides\/2-en-bref-pr-dr-matthias-p-luetolf\/","url":"https:\/\/animalwelfare.interpharma.ch\/fr\/sujets\/3r\/entretien-avecprofessor-dr-matthias-p-luetolf-organoides\/2-en-bref-pr-dr-matthias-p-luetolf\/","name":"2. En bref: Pr Dr Matthias P. L\u00fctolf - animalwelfare","isPartOf":{"@id":"https:\/\/animalwelfare.interpharma.ch\/#website"},"primaryImageOfPage":{"@id":"https:\/\/animalwelfare.interpharma.ch\/fr\/sujets\/3r\/entretien-avecprofessor-dr-matthias-p-luetolf-organoides\/2-en-bref-pr-dr-matthias-p-luetolf\/#primaryimage"},"image":{"@id":"https:\/\/animalwelfare.interpharma.ch\/fr\/sujets\/3r\/entretien-avecprofessor-dr-matthias-p-luetolf-organoides\/2-en-bref-pr-dr-matthias-p-luetolf\/#primaryimage"},"thumbnailUrl":"https:\/\/animalwelfare.interpharma.ch\/wp-content\/uploads\/sites\/5\/2024\/11\/LUTOLF_Matthias_2023_DSC_6748-edited-scaled.jpg","datePublished":"2026-03-06T16:35:47+00:00","dateModified":"2026-03-09T14:44:40+00:00","breadcrumb":{"@id":"https:\/\/animalwelfare.interpharma.ch\/fr\/sujets\/3r\/entretien-avecprofessor-dr-matthias-p-luetolf-organoides\/2-en-bref-pr-dr-matthias-p-luetolf\/#breadcrumb"},"inLanguage":"fr-FR","potentialAction":[{"@type":"ReadAction","target":["https:\/\/animalwelfare.interpharma.ch\/fr\/sujets\/3r\/entretien-avecprofessor-dr-matthias-p-luetolf-organoides\/2-en-bref-pr-dr-matthias-p-luetolf\/"]}]},{"@type":"ImageObject","inLanguage":"fr-FR","@id":"https:\/\/animalwelfare.interpharma.ch\/fr\/sujets\/3r\/entretien-avecprofessor-dr-matthias-p-luetolf-organoides\/2-en-bref-pr-dr-matthias-p-luetolf\/#primaryimage","url":"https:\/\/animalwelfare.interpharma.ch\/wp-content\/uploads\/sites\/5\/2024\/11\/LUTOLF_Matthias_2023_DSC_6748-edited-scaled.jpg","contentUrl":"https:\/\/animalwelfare.interpharma.ch\/wp-content\/uploads\/sites\/5\/2024\/11\/LUTOLF_Matthias_2023_DSC_6748-edited-scaled.jpg"},{"@type":"BreadcrumbList","@id":"https:\/\/animalwelfare.interpharma.ch\/fr\/sujets\/3r\/entretien-avecprofessor-dr-matthias-p-luetolf-organoides\/2-en-bref-pr-dr-matthias-p-luetolf\/#breadcrumb","itemListElement":[{"@type":"ListItem","position":1,"name":"Start","item":"https:\/\/animalwelfare.interpharma.ch\/fr\/"},{"@type":"ListItem","position":2,"name":"Contenus","item":"https:\/\/animalwelfare.interpharma.ch\/fr\/sujets\/"},{"@type":"ListItem","position":3,"name":"3R","item":"https:\/\/animalwelfare.interpharma.ch\/fr\/sujets\/3r\/"},{"@type":"ListItem","position":4,"name":"Entretien avec Professor Dr. Matthias P. L\u00fctolf : Organo\u00efdes","item":"https:\/\/animalwelfare.interpharma.ch\/fr\/sujets\/3r\/entretien-avecprofessor-dr-matthias-p-luetolf-organoides\/"},{"@type":"ListItem","position":5,"name":"2. En bref: Pr Dr Matthias P. L\u00fctolf"}]},{"@type":"WebSite","@id":"https:\/\/animalwelfare.interpharma.ch\/#website","url":"https:\/\/animalwelfare.interpharma.ch\/","name":"animalwelfare","description":"","potentialAction":[{"@type":"SearchAction","target":{"@type":"EntryPoint","urlTemplate":"https:\/\/animalwelfare.interpharma.ch\/?s={search_term_string}"},"query-input":{"@type":"PropertyValueSpecification","valueRequired":true,"valueName":"search_term_string"}}],"inLanguage":"fr-FR"}]}},"_links":{"self":[{"href":"https:\/\/animalwelfare.interpharma.ch\/fr\/wp-json\/wp\/v2\/pages\/1360","targetHints":{"allow":["GET"]}}],"collection":[{"href":"https:\/\/animalwelfare.interpharma.ch\/fr\/wp-json\/wp\/v2\/pages"}],"about":[{"href":"https:\/\/animalwelfare.interpharma.ch\/fr\/wp-json\/wp\/v2\/types\/page"}],"author":[{"embeddable":true,"href":"https:\/\/animalwelfare.interpharma.ch\/fr\/wp-json\/wp\/v2\/users\/1"}],"replies":[{"embeddable":true,"href":"https:\/\/animalwelfare.interpharma.ch\/fr\/wp-json\/wp\/v2\/comments?post=1360"}],"version-history":[{"count":3,"href":"https:\/\/animalwelfare.interpharma.ch\/fr\/wp-json\/wp\/v2\/pages\/1360\/revisions"}],"predecessor-version":[{"id":2924,"href":"https:\/\/animalwelfare.interpharma.ch\/fr\/wp-json\/wp\/v2\/pages\/1360\/revisions\/2924"}],"up":[{"embeddable":true,"href":"https:\/\/animalwelfare.interpharma.ch\/fr\/wp-json\/wp\/v2\/pages\/1348"}],"wp:attachment":[{"href":"https:\/\/animalwelfare.interpharma.ch\/fr\/wp-json\/wp\/v2\/media?parent=1360"}],"curies":[{"name":"wp","href":"https:\/\/api.w.org\/{rel}","templated":true}]}}